{"id":530,"date":"2021-01-19T13:31:58","date_gmt":"2021-01-19T12:31:58","guid":{"rendered":"https:\/\/us.edu.pl\/idb\/?page_id=530"},"modified":"2022-03-23T13:37:26","modified_gmt":"2022-03-23T12:37:26","slug":"idb-konkurs-pn-swoboda-badan-rozstrzygniety","status":"publish","type":"page","link":"https:\/\/us.edu.pl\/idb\/idb-konkurs-pn-swoboda-badan-rozstrzygniety\/","title":{"rendered":"IDB | Konkurs pn. \u201eSwoboda bada\u0144\u201d rozstrzygni\u0119ty"},"content":{"rendered":"<p>[vc_row][vc_column][vc_empty_space]\r\n                <div class=\"text-modules\">\r\n                    <div class=\"container\">\r\n                        <h3 class=\"page-title text__title\">Konkurs pn. \u201eSwoboda bada\u0144\u201d rozstrzygni\u0119ty<\/h3>\r\n                        <div class=\"text-modules__content\"><\/div>\r\n                    <\/div>\r\n                <\/div>[\/vc_column][\/vc_row][vc_row][vc_column]\r\n                <div class=\"text-modules\">\r\n                    <div class=\"container\">\r\n                        \r\n                        <div class=\"text-modules__content\"><\/p>\n<p>125 naukowc\u00f3w otrzyma\u0142o dofinansowanie na dzia\u0142alno\u015b\u0107 badawcz\u0105 w pierwszej edycji konkursu pn. \u201eSwoboda bada\u0144\u201d w ramach Inicjatywy Doskona\u0142o\u015bci Badawczej. Decyzja rektora U\u015a zosta\u0142a podj\u0119ta w oparciu o ocen\u0119 z\u0142o\u017conych wniosk\u00f3w, kt\u00f3r\u0105 przeprowadzili cz\u0142onkowie Zespo\u0142u ds. ewaluacji oraz Rady Naukowej IDB. \u0141\u0105czna kwota dofinansowania wynios\u0142a 1 021 908 z\u0142.<\/p>\n<p>Dofinansowane zostan\u0105 takie dzia\u0142ania, jak: wyjazdy badawcze i konsultacyjne, kwerendy, badania terenowe, opracowanie dzie\u0142 muzycznych i artystycznych, a tak\u017ce zakup materia\u0142\u00f3w i odczynnik\u00f3w niezb\u0119dnych do prowadzenia bada\u0144 w\u0142asnych. Dofinansowaniem obj\u0119to r\u00f3wnie\u017c koszty t\u0142umacze\u0144 i korekt tekst\u00f3w przeznaczonych do publikacji w wysoko punktowanych czasopismach.<\/p>\n<p>Do konkursu zg\u0142osili si\u0119 naukowcy reprezentuj\u0105cy wszystkie dyscypliny naukowe realizowane w Uniwersytecie \u015al\u0105skim. Dofinansowane zosta\u0142y wnioski z 21 dyscyplin na kwot\u0119 od 1000 z\u0142 do 20 000 z\u0142, z czego prawie 14% dotyczy wsparcia nauk biologicznych, ponad 11% in\u017cynierii materia\u0142owej oraz blisko 10% \u2013 psychologii.<\/p>\n<p>W ramach dzia\u0142a\u0144 naukowo-badawczych 91% os\u00f3b zadeklarowa\u0142o opublikowanie wynik\u00f3w bada\u0144, natomiast 23% \u2013 nawi\u0105zanie mi\u0119dzynarodowej wsp\u00f3\u0142pracy naukowej. Co wi\u0119cej, 5 badaczy zobowi\u0105za\u0142o si\u0119 do z\u0142o\u017cenia wniosku w mi\u0119dzynarodowym konkursie grantowym ERC jako dodatkowy rezultat dzia\u0142ania.<\/p>\n<p>Na stronie Inicjatywy Doskona\u0142o\u015bci Badawczej publikowane b\u0119d\u0119 artyku\u0142y, wywiady i informacje na temat efekt\u00f3w dzia\u0142a\u0144 dofinansowanych w ramach tego konkursu.<\/p>\n<p>\n<\/div>\r\n                    <\/div>\r\n                <\/div><div class=\"container\"><div class=\"separator\" style=\"background-color: #EBEBEB\"><\/div><\/div>\r\n                <div class=\"text-modules\">\r\n                    <div class=\"container\">\r\n                        \r\n                        <div class=\"text-modules__content\"><\/p>\n<p style=\"text-align: center;\"><span style=\"color: #9b132a;\"><strong><a href=\"https:\/\/us.edu.pl\/wp-content\/uploads\/2021\/01\/IDB-Swoboda-badan-wyniki-19-01-2021-v-2.pdf\" class=\"mtli_attachment mtli_pdf\" class=\"mtli_attachment mtli_pdf\">Lista laureat\u00f3w konkursu pn. \u201eSwoboda bada\u0144\u201d<\/a><\/strong><\/span><\/p>\n<p>\n<\/div>\r\n                    <\/div>\r\n                <\/div><div class=\"container\"><div class=\"separator\" style=\"background-color: #EBEBEB\"><\/div><\/div>\r\n                <div class=\"text-modules\">\r\n                    <div class=\"container\">\r\n                        \r\n                        <div class=\"text-modules__content\"><\/p>\n<p><img loading=\"lazy\" class=\"alignnone wp-image-133064 size-full\" src=\"https:\/\/us.edu.pl\/wp-content\/uploads\/image\/idub\/IDB_1200x1200px-1.png\" alt=\"Grafika prezentuj\u0105ca wyniki konkursu &quot;Swoboda bada\u0144&quot;. Materia\u0142 dost\u0119pny do pobrania w formacie PDF.\" width=\"100%\" height=\"auto\" \/><\/p>\n<p><span style=\"color: #333333; font-size: small;\"><a href=\"https:\/\/us.edu.pl\/wp-content\/uploads\/2021\/01\/IDB_1200x1200px-1-1.pdf\" class=\"mtli_attachment mtli_pdf\" class=\"mtli_attachment mtli_pdf\">grafika do pobrania<\/a><\/span><\/p>\n<p>\n<\/div>\r\n                    <\/div>\r\n                <\/div><div class=\"container\"><div class=\"separator\" style=\"background-color: #EBEBEB\"><\/div><\/div>\r\n                <div class=\"text-modules\">\r\n                    <div class=\"container\">\r\n                        \r\n                        <div class=\"text-modules__content\"><\/p>\n<p><img loading=\"lazy\" class=\"alignnone wp-image-133083 size-full\" src=\"https:\/\/us.edu.pl\/wp-content\/uploads\/2021\/01\/IDB_1200x628px-2-1.png\" alt=\"Grafika prezentuj\u0105ca wyniki konkursu &quot;Swoboda bada\u0144&quot;. Materia\u0142 dost\u0119pny do pobrania w formacie PDF.\" width=\"100%\" height=\"auto\" \/><\/p>\n<p><span style=\"color: #333333; font-size: small;\"><a href=\"https:\/\/us.edu.pl\/wp-content\/uploads\/2021\/01\/IDB_1200x1200px-2-1.pdf\" class=\"mtli_attachment mtli_pdf\" class=\"mtli_attachment mtli_pdf\">grafika do pobrania<\/a><\/span><\/p>\n<p>\n<\/div>\r\n                    <\/div>\r\n                <\/div>[\/vc_column][\/vc_row]<\/p>","protected":false},"excerpt":{"rendered":"<p>[vc_row][vc_column][vc_empty_space][\/vc_column][\/vc_row][vc_row][vc_column][\/vc_column][\/vc_row] [&#8230;]<\/p>\n<p><a class=\"btn btn-secondary understrap-read-more-link\" href=\"https:\/\/us.edu.pl\/idb\/idb-konkurs-pn-swoboda-badan-rozstrzygniety\/\">Read More&#8230;<\/a><\/p>\n","protected":false},"author":139,"featured_media":429,"parent":0,"menu_order":0,"comment_status":"closed","ping_status":"closed","template":"","meta":{"_expiration-date-status":"saved","_expiration-date":0,"_expiration-date-type":"","_expiration-date-categories":[],"_expiration-date-options":[]},"acf":[],"_links":{"self":[{"href":"https:\/\/us.edu.pl\/idb\/wp-json\/wp\/v2\/pages\/530"}],"collection":[{"href":"https:\/\/us.edu.pl\/idb\/wp-json\/wp\/v2\/pages"}],"about":[{"href":"https:\/\/us.edu.pl\/idb\/wp-json\/wp\/v2\/types\/page"}],"author":[{"embeddable":true,"href":"https:\/\/us.edu.pl\/idb\/wp-json\/wp\/v2\/users\/139"}],"replies":[{"embeddable":true,"href":"https:\/\/us.edu.pl\/idb\/wp-json\/wp\/v2\/comments?post=530"}],"version-history":[{"count":2,"href":"https:\/\/us.edu.pl\/idb\/wp-json\/wp\/v2\/pages\/530\/revisions"}],"predecessor-version":[{"id":532,"href":"https:\/\/us.edu.pl\/idb\/wp-json\/wp\/v2\/pages\/530\/revisions\/532"}],"wp:featuredmedia":[{"embeddable":true,"href":"https:\/\/us.edu.pl\/idb\/wp-json\/wp\/v2\/media\/429"}],"wp:attachment":[{"href":"https:\/\/us.edu.pl\/idb\/wp-json\/wp\/v2\/media?parent=530"}],"curies":[{"name":"wp","href":"https:\/\/api.w.org\/{rel}","templated":true}]}}