{"id":545,"date":"2020-10-16T14:34:06","date_gmt":"2020-10-16T12:34:06","guid":{"rendered":"https:\/\/us.edu.pl\/idb\/?page_id=545"},"modified":"2023-08-18T13:30:10","modified_gmt":"2023-08-18T11:30:10","slug":"geneza-programu","status":"publish","type":"page","link":"https:\/\/us.edu.pl\/idb\/geneza-programu\/","title":{"rendered":"geneza programu"},"content":{"rendered":"<p>[vc_row el_class=&#8221;container&#8221;][vc_column][vc_empty_space]\r\n                <div class=\"text-modules\">\r\n                    <div class=\"container\">\r\n                        <h3 class=\"page-title text__title\">Program \u201eInicjatywa doskona\u0142o\u015bci \u2013 uczelnia badawcza\u201d<\/h3>\r\n                        <div class=\"text-modules__content\"><\/div>\r\n                    <\/div>\r\n                <\/div>[\/vc_column][\/vc_row][vc_row el_class=&#8221;container&#8221;][vc_column width=&#8221;2\/3&#8243;]\r\n                <div class=\"text-modules\">\r\n                    <div class=\"container\">\r\n                        \r\n                        <div class=\"text-modules__content\"><p>Uniwersytet \u015al\u0105ski w Katowicach by\u0142 jedn\u0105 z dwudziestu polskich uczelni, kt\u00f3re zosta\u0142y zakwalifikowane do presti\u017cowego konkursu w ramach programu \u201eInicjatywa doskona\u0142o\u015bci \u2013 uczelnia badawcza\u201d (IDUB) realizowanego przez Ministerstwo Nauki i Szkolnictwa Wy\u017cszego (obecnie Ministerstwo Edukacji i Nauki).<\/p>\n<p>Dzi\u0119ki uzyskanej pozycji nasza <em>Alma Mater<\/em> w latach 2020\u20132025 otrzymywa\u0107 b\u0119dzie w ramach tego programu dodatkowe wsparcie finansowe w postaci zwi\u0119kszenia subwencji o 2% w stosunku do roku 2019. Stwarza to szans\u0119 podj\u0119cia r\u00f3\u017cnorodnych dzia\u0142a\u0144 prowadz\u0105cych do systematycznego rozwoju i podnoszenia kompetencji kadry U\u015a, a co najwa\u017cniejsze \u2013 do umacniania pozycji uniwersytetu jako uczelni badawczej.<\/p>\n<p>Podwy\u017cszona subwencja zostanie przeznaczona na realizacj\u0119 <strong>Inicjatywy Doskona\u0142o\u015bci Badawczej<\/strong>, kt\u00f3rej g\u0142\u00f3wnym celem b\u0119dzie wielop\u0142aszczyznowe wsparcie dla wsp\u00f3lnoty akademickiej, a w konsekwencji: rozw\u00f3j zawodowy pracownik\u00f3w, podniesienie poziomu bada\u0144 naukowych oraz zwi\u0119kszenie rozpoznawalno\u015bci uczelni na arenie mi\u0119dzynarodowej. Dzia\u0142ania podejmowane i realizowane w ramach IDB s\u0105 sp\u00f3jne ze Strategi\u0105 rozwoju Uniwersytetu \u015al\u0105skiego w Katowicach na lata 2020\u20132025.<\/p>\n<\/div>\r\n                    <\/div>\r\n                <\/div>[\/vc_column][vc_column width=&#8221;1\/3&#8243;]\r\n                <div class=\"text-modules\">\r\n                    <div class=\"container\">\r\n                        \r\n                        <div class=\"text-modules__content\"><\/p>\n<p><img loading=\"lazy\" class=\"wp-image-127208 size-full\" src=\"https:\/\/us.edu.pl\/wp-content\/uploads\/image\/idub\/ec378078-9234-4d65-bf96-d043d3860956.jpg\" alt=\"Logo programu Inicjatywa doskona\u0142o\u015bci \u2013 uczelnia badawcza\" width=\"100%\" height=\"auto\" \/><\/p>\n<p>\n<\/div>\r\n                    <\/div>\r\n                <\/div>[\/vc_column][\/vc_row][vc_row el_class=&#8221;container&#8221;][vc_column]\r\n                <div class=\"tiles-section\" style=\"background: \">\r\n                    <div class=\"container\">\r\n                        <h3 class=\"page-title\"><\/h3>\r\n                        <div class=\"tiles tiles-4\">\r\n                            <a href=\"https:\/\/www.gov.pl\/web\/edukacja-i-nauka\/program-inicjatywa-doskonalosci--uczelnia-badawcza\" class=\"tile tile_ justify-content-center\" style=\"background-color: #002E5A; font-weight: ; color: #ffffff;  \">\r\n                                \r\n                                   \r\n                               \r\n                                <div class=\"tile__name\">program \u201eInicjatywa doskona\u0142o\u015bci \u2013 uczelnia badawcza\u201d<\/div>\r\n                            <\/a>\r\n                            <a href=\"https:\/\/www.gov.pl\/web\/edukacja-i-nauka\/bohaterowie-konkursu-idub-czyli-najlepsze-uczelnie-w-kraju\" class=\"tile tile_ justify-content-center\" style=\"background-color: #002E5A; font-weight: ; color: #ffffff;  \">\r\n                                \r\n                                   \r\n                               \r\n                                <div class=\"tile__name\">wyniki konkursu w ramach programu \u201eInicjatywa doskona\u0142o\u015bci \u2013 uczelnia badawcza\"<\/div>\r\n                            <\/a>\r\n                            <a href=\"https:\/\/www.prospectus.us.edu.pl\" class=\"tile tile_ justify-content-center\" style=\"background-color: #002E5A; font-weight: ; color: #ffffff;  \">\r\n                                \r\n                                   \r\n                               \r\n                                <div class=\"tile__name\">projekt \u201eProspectUS \u2013 koncepcja umacniania pozycji badawczej Uniwersytetu \u015al\u0105skiego w Katowicach\u201d<\/div>\r\n                            <\/a>\r\n                            <a href=\"https:\/\/www.us.edu.pl\/us-2-0\" class=\"tile tile_ justify-content-center\" style=\"background-color: #002E5A; font-weight: ; color: #ffffff;  \">\r\n                                \r\n                                   \r\n                               \r\n                                <div class=\"tile__name\"> U\u015a 2.0 \u2013 strona po\u015bwi\u0119cona zmianom wprowadzanym na Uniwersytecie \u015al\u0105skim w Katowicach<\/div>\r\n                            <\/a><\/div>\r\n                    <\/div>\r\n                <\/div>[\/vc_column][\/vc_row]<\/p>","protected":false},"excerpt":{"rendered":"<p>[vc_row el_class=&#8221;container&#8221;][vc_column][vc_empty_space][\/vc_column][\/vc_row][vc_row el_class=&#8221;container&#8221;][vc_column width=&#8221;2\/3&#8243;][\/vc_column][vc_column width=&#8221;1\/3&#8243;][\/vc_column][\/vc_row][vc_row el_class=&#8221;container&#8221;][vc_column][\/vc_column][\/vc_row] [&#8230;]<\/p>\n<p><a class=\"btn btn-secondary understrap-read-more-link\" href=\"https:\/\/us.edu.pl\/idb\/geneza-programu\/\">Read More&#8230;<\/a><\/p>\n","protected":false},"author":139,"featured_media":0,"parent":0,"menu_order":0,"comment_status":"closed","ping_status":"closed","template":"","meta":{"_expiration-date-status":"saved","_expiration-date":0,"_expiration-date-type":"","_expiration-date-categories":[],"_expiration-date-options":[]},"acf":[],"_links":{"self":[{"href":"https:\/\/us.edu.pl\/idb\/wp-json\/wp\/v2\/pages\/545"}],"collection":[{"href":"https:\/\/us.edu.pl\/idb\/wp-json\/wp\/v2\/pages"}],"about":[{"href":"https:\/\/us.edu.pl\/idb\/wp-json\/wp\/v2\/types\/page"}],"author":[{"embeddable":true,"href":"https:\/\/us.edu.pl\/idb\/wp-json\/wp\/v2\/users\/139"}],"replies":[{"embeddable":true,"href":"https:\/\/us.edu.pl\/idb\/wp-json\/wp\/v2\/comments?post=545"}],"version-history":[{"count":5,"href":"https:\/\/us.edu.pl\/idb\/wp-json\/wp\/v2\/pages\/545\/revisions"}],"predecessor-version":[{"id":2922,"href":"https:\/\/us.edu.pl\/idb\/wp-json\/wp\/v2\/pages\/545\/revisions\/2922"}],"wp:attachment":[{"href":"https:\/\/us.edu.pl\/idb\/wp-json\/wp\/v2\/media?parent=545"}],"curies":[{"name":"wp","href":"https:\/\/api.w.org\/{rel}","templated":true}]}}