{"id":550,"date":"2020-10-13T15:17:20","date_gmt":"2020-10-13T13:17:20","guid":{"rendered":"https:\/\/us.edu.pl\/idb\/?page_id=550"},"modified":"2022-03-23T15:23:52","modified_gmt":"2022-03-23T14:23:52","slug":"o-idb","status":"publish","type":"page","link":"https:\/\/us.edu.pl\/idb\/o-idb\/","title":{"rendered":"o idb"},"content":{"rendered":"<p>[vc_row el_class=&#8221;container&#8221;][vc_column][vc_empty_space]\r\n                <div class=\"text-modules\">\r\n                    <div class=\"container\">\r\n                        <h3 class=\"page-title text__title\">Inicjatywa Doskona\u0142o\u015bci Badawczej (IDB)<\/h3>\r\n                        <div class=\"text-modules__content\"><\/div>\r\n                    <\/div>\r\n                <\/div>[\/vc_column][\/vc_row][vc_row el_class=&#8221;container&#8221;][vc_column]\r\n                <div class=\"text-modules\">\r\n                    <div class=\"container\">\r\n                        \r\n                        <div class=\"text-modules__content\"><\/p>\n<p>Co oznacza dla nas obecno\u015b\u0107 w gronie dwudziestu polskich uczelni zakwalifikowanych do ministerialnego konkursu \u201eInicjatywa doskona\u0142o\u015bci \u2013 uczelnia badawcza\u201d (IDUB)? Przede wszystkim dodatkowe wsparcie finansowe, dzi\u0119ki kt\u00f3remu podejmujemy szereg dzia\u0142a\u0144 prowadz\u0105cych do systematycznego rozwoju oraz podnoszenia kompetencji student\u00f3w, doktorant\u00f3w i kadry Uniwersytetu \u015al\u0105skiego w Katowicach.<\/p>\n<p>\u015arodki finansowe w kwocie 6 196 200 z\u0142 chcemy przeznaczy\u0107 w ca\u0142o\u015bci na wzmocnienie swojej pozycji jako uczelni badawczej. Skorzysta na tym ca\u0142a wsp\u00f3lnota akademicka. Jej cz\u0142onkowie b\u0119d\u0105 mogli rozwija\u0107 si\u0119 zawodowo i prowadzi\u0107 badania naukowe na najwy\u017cszym poziomie, co ma si\u0119 przyczyni\u0107 do zwi\u0119kszenia rozpoznawalno\u015bci naszej uczelni na arenie mi\u0119dzynarodowej.<\/p>\n<p>Dzia\u0142ania realizowane w ramach Inicjatywy s\u0105 integrowane z innymi projektami realizowanymi w Uniwersytecie, aby w konsekwencji zapewni\u0107 efekt synergii i uzyska\u0107 mierzalne efekty. Inicjatywa Doskona\u0142o\u015bci Badawczej w po\u0142\u0105czeniu z programem projako\u015bciowym skierowanym do naukowc\u00f3w, zintegrowanym programem rozwoju kadry w ramach projekt\u00f3w POWER oraz innymi inicjatywami motywuj\u0105 spo\u0142eczno\u015b\u0107 uniwersyteck\u0105 do nieustannego rozwoju oraz prowadz\u0105 do zwi\u0119kszenia efektywno\u015bci administrowania \u015brodkami finansowymi oraz zarz\u0105dzania Uniwersytetem.<\/p>\n<p>\n<\/div>\r\n                    <\/div>\r\n                <\/div>[vc_empty_space height=&#8221;8px&#8221; css=&#8221;.vc_custom_1602583001428{background-color: #9b132a !important;}&#8221;][vc_empty_space]\r\n                <div class=\"text-modules\">\r\n                    <div class=\"container\">\r\n                        \r\n                        <div class=\"text-modules__content\"><\/p>\n<h3 style=\"font-size: 120%; font-family: PT Sans Narrow; color: #002e5a;\"><strong>Nowoczesna \u2013 widzialna \u2013 uczelnia badawcza<\/strong><\/h3>\n<p>Chcemy doceni\u0107 ambitnych badaczy, kt\u00f3rzy dbaj\u0105 o najwy\u017csz\u0105 jako\u015b\u0107 naukow\u0105 swojego dorobku. Planujemy finansowanie inicjatyw przyczyniaj\u0105cych si\u0119 do ich rozwoju zawodowego i podnoszenia jako\u015bci prowadzonych przez nich bada\u0144. IDB to tak\u017ce znacz\u0105ce wsparcie dla m\u0142odych naukowc\u00f3w i student\u00f3w, kt\u00f3rzy mog\u0105 dzi\u015b aktywniej dzia\u0142a\u0107 w obszarach o najwi\u0119kszym potencjale.<\/p>\n<p>Uniwersytet nowoczesny to uniwersytet \u201ewidzialny\u201d. Finansowanie prze\u0142omowych bada\u0144 i znacz\u0105cych odkry\u0107 naukowych ma wzmocni\u0107 pozycj\u0119 U\u015a nie tylko na tle polskich, lecz r\u00f3wnie\u017c europejskich, a nawet \u015bwiatowych uczelni.<\/p>\n<p>\n<\/div>\r\n                    <\/div>\r\n                <\/div>\r\n                <div class=\"text-modules\">\r\n                    <div class=\"container\">\r\n                        \r\n                        <div class=\"text-modules__content\"><\/p>\n<h3 style=\"font-size: 120%; font-family: PT Sans Narrow; color: #002e5a;\"><strong>Priorytetowe Obszary Badawcze (POB-y)<\/strong><\/h3>\n<p>W ramach Inicjatywy Doskona\u0142o\u015bci Badawczej b\u0119dziemy rozwija\u0107 pi\u0119\u0107 Priorytetowych Obszar\u00f3w Badawczych. Ka\u017cdy z POB-\u00f3w powi\u0105zany jest z najwa\u017cniejszymi wyzwaniami stoj\u0105cymi obecnie przed nasz\u0105 cywilizacj\u0105. Inicjatywa ma zach\u0119ca\u0107 naukowc\u00f3w \u2013 zw\u0142aszcza tych m\u0142odych \u2013 do prowadzenia interdyscyplinarnych bada\u0144 we wsp\u00f3\u0142pracy ze znakomitymi mi\u0119dzynarodowymi o\u015brodkami o du\u017cej renomie.<\/p>\n<p>\n<\/div>\r\n                    <\/div>\r\n                <\/div>[vc_row_inner][vc_column_inner el_class=&#8221;red&#8221; width=&#8221;1\/4&#8243;]\r\n                <div class=\"text-modules\">\r\n                    <div class=\"container\">\r\n                        \r\n                        <div class=\"text-modules__content\"><\/p>\n<h1 class=\"kostka\"><span style=\"color: #ffffff;\"><strong>POB1<\/strong><\/span><\/h1>\n<p>\n<\/div>\r\n                    <\/div>\r\n                <\/div>[\/vc_column_inner][vc_column_inner width=&#8221;3\/4&#8243;]\r\n                <div class=\"text-modules\">\r\n                    <div class=\"container\">\r\n                        \r\n                        <div class=\"text-modules__content\"><\/p>\n<p style=\"text-align: left; font-size: 120%; font-family: PT Sans Narrow;\">Harmonijny rozw\u00f3j cz\u0142owieka \u2013 troska o ochron\u0119 zdrowia i jako\u015b\u0107 \u017cycia<\/p>\n<p>\n<\/div>\r\n                    <\/div>\r\n                <\/div>[\/vc_column_inner][\/vc_row_inner][vc_row_inner][vc_column_inner el_class=&#8221;red&#8221; width=&#8221;1\/4&#8243;]\r\n                <div class=\"text-modules\">\r\n                    <div class=\"container\">\r\n                        \r\n                        <div class=\"text-modules__content\"><\/p>\n<h1 class=\"kostka\"><span style=\"color: #ffffff;\"><strong>POB2<\/strong><\/span><\/h1>\n<p>\n<\/div>\r\n                    <\/div>\r\n                <\/div>[\/vc_column_inner][vc_column_inner width=&#8221;3\/4&#8243;]\r\n                <div class=\"text-modules\">\r\n                    <div class=\"container\">\r\n                        \r\n                        <div class=\"text-modules__content\"><\/p>\n<p style=\"font-size: 120%; font-family: PT Sans Narrow;\">Nowoczesne materia\u0142y i technologie oraz ich spo\u0142eczno-kulturowe implikacje<\/p>\n<p>\n<\/div>\r\n                    <\/div>\r\n                <\/div>[\/vc_column_inner][\/vc_row_inner][vc_row_inner][vc_column_inner el_class=&#8221;red&#8221; width=&#8221;1\/4&#8243;]\r\n                <div class=\"text-modules\">\r\n                    <div class=\"container\">\r\n                        \r\n                        <div class=\"text-modules__content\"><\/p>\n<h1 class=\"kostka\"><span style=\"color: #ffffff;\"><strong>POB3<\/strong><\/span><\/h1>\n<p>\n<\/div>\r\n                    <\/div>\r\n                <\/div>[\/vc_column_inner][vc_column_inner width=&#8221;3\/4&#8243;]\r\n                <div class=\"text-modules\">\r\n                    <div class=\"container\">\r\n                        \r\n                        <div class=\"text-modules__content\"><\/p>\n<p style=\"font-size: 120%; font-family: PT Sans Narrow;\">Zmiany \u015brodowiska i klimatu wraz z towarzysz\u0105cymi im wyzwaniami spo\u0142ecznymi<\/p>\n<p>\n<\/div>\r\n                    <\/div>\r\n                <\/div>[\/vc_column_inner][\/vc_row_inner][vc_row_inner][vc_column_inner el_class=&#8221;red&#8221; width=&#8221;1\/4&#8243;]\r\n                <div class=\"text-modules\">\r\n                    <div class=\"container\">\r\n                        \r\n                        <div class=\"text-modules__content\"><\/p>\n<h1 class=\"kostka\"><span style=\"color: #ffffff;\"><strong>POB4<\/strong><\/span><\/h1>\n<p>\n<\/div>\r\n                    <\/div>\r\n                <\/div>[\/vc_column_inner][vc_column_inner width=&#8221;3\/4&#8243;]\r\n                <div class=\"text-modules\">\r\n                    <div class=\"container\">\r\n                        \r\n                        <div class=\"text-modules__content\"><\/p>\n<p style=\"font-size: 120%; font-family: PT Sans Narrow;\">Humanistyka dla przysz\u0142o\u015bci \u2013 interdyscyplinarne badania kultury i cywilizacji<\/p>\n<p>\n<\/div>\r\n                    <\/div>\r\n                <\/div>[\/vc_column_inner][\/vc_row_inner][vc_row_inner][vc_column_inner el_class=&#8221;red&#8221; width=&#8221;1\/4&#8243;]\r\n                <div class=\"text-modules\">\r\n                    <div class=\"container\">\r\n                        \r\n                        <div class=\"text-modules__content\"><\/p>\n<h1 class=\"kostka\"><span style=\"color: #ffffff;\"><strong>POB5<\/strong><\/span><\/h1>\n<p>\n<\/div>\r\n                    <\/div>\r\n                <\/div>[\/vc_column_inner][vc_column_inner width=&#8221;3\/4&#8243;]\r\n                <div class=\"text-modules\">\r\n                    <div class=\"container\">\r\n                        \r\n                        <div class=\"text-modules__content\"><\/p>\n<p style=\"font-size: 120%; font-family: PT Sans Narrow;\">Badanie fundamentalnych w\u0142a\u015bciwo\u015bci natury<\/p>\n<p>\n<\/div>\r\n                    <\/div>\r\n                <\/div>[\/vc_column_inner][\/vc_row_inner][vc_empty_space][\/vc_column][\/vc_row]<\/p>","protected":false},"excerpt":{"rendered":"<p>[vc_row el_class=&#8221;container&#8221;][vc_column][vc_empty_space][\/vc_column][\/vc_row][vc_row el_class=&#8221;container&#8221;][vc_column][vc_empty_space height=&#8221;8px&#8221; css=&#8221;.vc_custom_1602583001428{background-color: #9b132a !important;}&#8221;][vc_empty_space][vc_row_inner][vc_column_inner el_class=&#8221;red&#8221; width=&#8221;1\/4&#8243;][\/vc_column_inner][vc_column_inner width=&#8221;3\/4&#8243;][\/vc_column_inner][\/vc_row_inner][vc_row_inner][vc_column_inner el_class=&#8221;red&#8221; width=&#8221;1\/4&#8243;][\/vc_column_inner][vc_column_inner width=&#8221;3\/4&#8243;][\/vc_column_inner][\/vc_row_inner][vc_row_inner][vc_column_inner el_class=&#8221;red&#8221; width=&#8221;1\/4&#8243;][\/vc_column_inner][vc_column_inner width=&#8221;3\/4&#8243;][\/vc_column_inner][\/vc_row_inner][vc_row_inner][vc_column_inner el_class=&#8221;red&#8221; width=&#8221;1\/4&#8243;][\/vc_column_inner][vc_column_inner width=&#8221;3\/4&#8243;][\/vc_column_inner][\/vc_row_inner][vc_row_inner][vc_column_inner el_class=&#8221;red&#8221; width=&#8221;1\/4&#8243;][\/vc_column_inner][vc_column_inner width=&#8221;3\/4&#8243;][\/vc_column_inner][\/vc_row_inner][vc_empty_space][\/vc_column][\/vc_row] [&#8230;]<\/p>\n<p><a class=\"btn btn-secondary understrap-read-more-link\" href=\"https:\/\/us.edu.pl\/idb\/o-idb\/\">Read More&#8230;<\/a><\/p>\n","protected":false},"author":139,"featured_media":0,"parent":0,"menu_order":0,"comment_status":"closed","ping_status":"closed","template":"","meta":{"_expiration-date-status":"saved","_expiration-date":0,"_expiration-date-type":"","_expiration-date-categories":[],"_expiration-date-options":[]},"acf":[],"_links":{"self":[{"href":"https:\/\/us.edu.pl\/idb\/wp-json\/wp\/v2\/pages\/550"}],"collection":[{"href":"https:\/\/us.edu.pl\/idb\/wp-json\/wp\/v2\/pages"}],"about":[{"href":"https:\/\/us.edu.pl\/idb\/wp-json\/wp\/v2\/types\/page"}],"author":[{"embeddable":true,"href":"https:\/\/us.edu.pl\/idb\/wp-json\/wp\/v2\/users\/139"}],"replies":[{"embeddable":true,"href":"https:\/\/us.edu.pl\/idb\/wp-json\/wp\/v2\/comments?post=550"}],"version-history":[{"count":2,"href":"https:\/\/us.edu.pl\/idb\/wp-json\/wp\/v2\/pages\/550\/revisions"}],"predecessor-version":[{"id":552,"href":"https:\/\/us.edu.pl\/idb\/wp-json\/wp\/v2\/pages\/550\/revisions\/552"}],"wp:attachment":[{"href":"https:\/\/us.edu.pl\/idb\/wp-json\/wp\/v2\/media?parent=550"}],"curies":[{"name":"wp","href":"https:\/\/api.w.org\/{rel}","templated":true}]}}