{"id":553,"date":"2020-10-16T15:46:10","date_gmt":"2020-10-16T13:46:10","guid":{"rendered":"https:\/\/us.edu.pl\/idb\/?page_id=553"},"modified":"2022-03-23T15:48:41","modified_gmt":"2022-03-23T14:48:41","slug":"cele-idb","status":"publish","type":"page","link":"https:\/\/us.edu.pl\/idb\/cele-idb\/","title":{"rendered":"cele idb"},"content":{"rendered":"<p>[vc_row el_class=&#8221;container&#8221;][vc_column][vc_empty_space]\r\n                <div class=\"text-modules\">\r\n                    <div class=\"container\">\r\n                        <h3 class=\"page-title text__title\">Cele IDB<\/h3>\r\n                        <div class=\"text-modules__content\"><\/div>\r\n                    <\/div>\r\n                <\/div>[\/vc_column][\/vc_row][vc_row el_class=&#8221;container&#8221;][vc_column width=&#8221;1\/2&#8243;]\r\n                <div class=\"text-modules\">\r\n                    <div class=\"container\">\r\n                        \r\n                        <div class=\"text-modules__content\"><\/p>\n<p>Chcemy kszta\u0142towa\u0107 przysz\u0142o\u015b\u0107 naszej uczelni w taki spos\u00f3b, aby ju\u017c wkr\u00f3tce dor\u00f3wna\u0142a najlepszym uniwersytetom krajowym i bardzo dobrym uniwersytetom europejskim. B\u0119dziemy d\u0105\u017cy\u0107 do tego celu wsp\u00f3lnie poprzez wzrost jako\u015bci bada\u0144 naukowych i kszta\u0142cenia. Zgodzili\u015bmy si\u0119 tak\u017ce na przekszta\u0142canie \u015bl\u0105skiej <em>Alma Mater<\/em> w uczelni\u0119 badawcz\u0105, a szczeg\u00f3\u0142owe dzia\u0142ania zosta\u0142y zapisane m.in. w Strategii rozwoju Uniwersytetu \u015al\u0105skiego w Katowicach na lata 2020\u20132025.<\/p>\n<p>Uruchamiamy Inicjatyw\u0119 Doskona\u0142o\u015bci Badawczej \u2013 otwieramy tym samym \u015bcie\u017cki finansowania mi\u0119dzy innymi: bada\u0144 naukowych, publikacji, szkole\u0144 i kurs\u00f3w, oprogramowania, wyjazd\u00f3w, sta\u017cy i zakupu kluczowej infrastruktury naukowo-dydaktyczno-badawczej. Przygotowali\u015bmy tak\u017ce specjaln\u0105 ofert\u0119 dla student\u00f3w i doktorant\u00f3w.<\/p>\n<p>\n<\/div>\r\n                    <\/div>\r\n                <\/div>[\/vc_column][vc_column width=&#8221;1\/2&#8243;]\r\n                <div class=\"text-modules\">\r\n                    <div class=\"container\">\r\n                        \r\n                        <div class=\"text-modules__content\"><\/p>\n<p><img loading=\"lazy\" class=\"alignnone wp-image-126966 size-full\" src=\"https:\/\/us.edu.pl\/wp-content\/uploads\/image\/idub\/rotor.jpg\" alt=\"Rektorat Uniwersytetu \u015al\u0105skiego wiosn\u0105, wok\u00f3\u0142 pi\u0119knie kwitn\u0105ce drzewa z r\u00f3\u017cowymi kwiatami\" width=\"90%\" height=\"auto\" \/><\/p>\n<p>\n<\/div>\r\n                    <\/div>\r\n                <\/div>[\/vc_column][\/vc_row][vc_row el_class=&#8221;container&#8221;][vc_column]\r\n                <div class=\"text-modules\">\r\n                    <div class=\"container\">\r\n                        \r\n                        <div class=\"text-modules__content\"><\/p>\n<h3 style=\"font-size: 120%; font-family: PT Sans Narrow; color: #002e5a;\"><strong>Cele Inicjatywy Doskona\u0142o\u015bci Badawczej s\u0105 nast\u0119puj\u0105ce:<\/strong><\/h3>\n<p>\n<\/div>\r\n                    <\/div>\r\n                <\/div>[\/vc_column][\/vc_row][vc_row el_class=&#8221;container&#8221;][vc_column][vc_empty_space height=&#8221;8px&#8221; css=&#8221;.vc_custom_1602695807943{margin-bottom: 0px !important;background-color: #9b132a !important;}&#8221;][\/vc_column][\/vc_row][vc_row el_class=&#8221;container&#8221; css=&#8221;.vc_custom_1602695278404{padding-top: 10px !important;}&#8221;][vc_column css=&#8221;.vc_custom_1602695401882{padding-bottom: 20px !important;background-color: #ebebeb !important;}&#8221;][vc_text_separator title=&#8221;&#8221; i_icon_fontawesome=&#8221;fa fa-flask&#8221; i_color=&#8221;custom&#8221; add_icon=&#8221;true&#8221; i_custom_color=&#8221;#002e5a&#8221;][vc_column_text css=&#8221;.vc_custom_1602695596192{padding-right: 40px !important;padding-bottom: 20px !important;padding-left: 40px !important;}&#8221;]<\/p>\n<p style=\"text-align: center;\">podnoszenie jako\u015bci bada\u0144 naukowych realizowanych w Uniwersytecie \u015al\u0105skim w Katowicach,<br \/>\nwzmocnienie wsp\u00f3\u0142pracy badawczej z o\u015brodkami naukowymi o wysokiej renomie w skali mi\u0119dzynarodowej,<br \/>\nw tym z uczelniami zrzeszonymi w sieci \u201eTransform4Europe \u2013 T4E\u201d, z rozpoznawalnymi naukowcami,<br \/>\na tak\u017ce zwi\u0119kszenie wp\u0142ywu dzia\u0142alno\u015bci naukowej uczelni na rozw\u00f3j \u015bwiatowej nauki<\/p>\n<p>[\/vc_column_text][\/vc_column][\/vc_row][vc_row][vc_column][vc_empty_space][\/vc_column][\/vc_row][vc_row el_class=&#8221;container&#8221;][vc_column css=&#8221;.vc_custom_1602696280799{margin-bottom: 0px !important;}&#8221;][vc_empty_space height=&#8221;8px&#8221; css=&#8221;.vc_custom_1602696141824{margin-bottom: 0px !important;background-color: #9b132a !important;}&#8221;][\/vc_column][\/vc_row][vc_row el_class=&#8221;container&#8221; css=&#8221;.vc_custom_1602696461688{padding-top: 10px !important;}&#8221;][vc_column css=&#8221;.vc_custom_1602696309519{padding-bottom: 20px !important;background-color: #ebebeb !important;}&#8221;][vc_text_separator title=&#8221;&#8221; i_icon_fontawesome=&#8221;fa fa-user&#8221; i_color=&#8221;custom&#8221; add_icon=&#8221;true&#8221; i_custom_color=&#8221;#002e5a&#8221;][vc_column_text css=&#8221;.vc_custom_1602696337747{padding-right: 40px !important;padding-bottom: 20px !important;padding-left: 40px !important;}&#8221;]<\/p>\n<p style=\"text-align: center;\">stworzenie warunk\u00f3w do rozwoju zawodowego pracownik\u00f3w Uniwersytetu \u015al\u0105skiego w Katowicach,<br \/>\nwspieranie uczonych na wszystkich etapach ich naukowego rozwoju,<br \/>\nw szczeg\u00f3lno\u015bci budowanie i podnoszenie kompetencji badawczych<br \/>\noraz dydaktycznych kadry naukowej, w tym m\u0142odych naukowc\u00f3w,<br \/>\nrozwijanie potencja\u0142u naukowc\u00f3w do dokonywania znacz\u0105cych odkry\u0107 naukowych,<br \/>\ntworzenia zespo\u0142\u00f3w badawczych i kierowania nimi<\/p>\n<p>[\/vc_column_text][\/vc_column][\/vc_row][vc_row el_class=&#8221;container&#8221; css=&#8221;.vc_custom_1602696461688{padding-top: 10px !important;}&#8221;][vc_column][vc_empty_space][\/vc_column][\/vc_row][vc_row el_class=&#8221;container&#8221;][vc_column css=&#8221;.vc_custom_1602696280799{margin-bottom: 0px !important;}&#8221;][vc_empty_space height=&#8221;8px&#8221; css=&#8221;.vc_custom_1602696141824{margin-bottom: 0px !important;background-color: #9b132a !important;}&#8221;][\/vc_column][\/vc_row][vc_row el_class=&#8221;container&#8221; css=&#8221;.vc_custom_1602696461688{padding-top: 10px !important;}&#8221;][vc_column css=&#8221;.vc_custom_1602696309519{padding-bottom: 20px !important;background-color: #ebebeb !important;}&#8221;][vc_text_separator title=&#8221;&#8221; i_icon_fontawesome=&#8221;fa fa-address-card-o&#8221; i_color=&#8221;custom&#8221; add_icon=&#8221;true&#8221; i_custom_color=&#8221;#002e5a&#8221;][vc_column_text css=&#8221;.vc_custom_1602696851432{padding-right: 40px !important;padding-bottom: 20px !important;padding-left: 40px !important;}&#8221;]<\/p>\n<p style=\"text-align: center;\">zarz\u0105dzanie talentami poprzez aktywne w\u0142\u0105czanie student\u00f3w i doktorant\u00f3w w proces naukowo-badawczy,<br \/>\nich udzia\u0142 w projektach badawczych i innych inicjatywach,<br \/>\ns\u0142u\u017c\u0105cych rozwojowi naukowemu, budowaniu dorobku naukowego<br \/>\noraz upowszechnianiu i komercjalizacji wiedzy,<br \/>\na w konsekwencji podniesieniu jako\u015bci ich kszta\u0142cenia<\/p>\n<p>[\/vc_column_text][\/vc_column][\/vc_row][vc_row][vc_column][vc_empty_space][\/vc_column][\/vc_row][vc_row el_class=&#8221;container&#8221;][vc_column css=&#8221;.vc_custom_1602696280799{margin-bottom: 0px !important;}&#8221;][vc_empty_space height=&#8221;8px&#8221; css=&#8221;.vc_custom_1602696141824{margin-bottom: 0px !important;background-color: #9b132a !important;}&#8221;][\/vc_column][\/vc_row][vc_row el_class=&#8221;container&#8221; css=&#8221;.vc_custom_1602696461688{padding-top: 10px !important;}&#8221;][vc_column css=&#8221;.vc_custom_1602696309519{padding-bottom: 20px !important;background-color: #ebebeb !important;}&#8221;][vc_text_separator title=&#8221;&#8221; i_icon_fontawesome=&#8221;fa fa-globe&#8221; i_color=&#8221;custom&#8221; add_icon=&#8221;true&#8221; i_custom_color=&#8221;#002e5a&#8221;][vc_column_text css=&#8221;.vc_custom_1602697033849{padding-right: 40px !important;padding-bottom: 20px !important;padding-left: 40px !important;}&#8221;]<\/p>\n<p style=\"text-align: center;\">wzmocnienie widzialno\u015bci i pozycji Uniwersytetu \u015al\u0105skiego w Katowicach w regionie, Europie i na \u015bwiecie,<br \/>\nprzy wsparciu pracownik\u00f3w prowadz\u0105cych wszechstronne dzia\u0142ania popularyzatorskie<br \/>\ni przeprowadzaj\u0105cych interdyscyplinarne analizy<\/p>\n<p>[\/vc_column_text][\/vc_column][\/vc_row][vc_row][vc_column][vc_empty_space][\/vc_column][\/vc_row][vc_row el_class=&#8221;container&#8221;][vc_column css=&#8221;.vc_custom_1602696280799{margin-bottom: 0px !important;}&#8221;][vc_empty_space height=&#8221;8px&#8221; css=&#8221;.vc_custom_1602696141824{margin-bottom: 0px !important;background-color: #9b132a !important;}&#8221;][\/vc_column][\/vc_row][vc_row el_class=&#8221;container&#8221; css=&#8221;.vc_custom_1602696461688{padding-top: 10px !important;}&#8221;][vc_column css=&#8221;.vc_custom_1602696309519{padding-bottom: 20px !important;background-color: #ebebeb !important;}&#8221;][vc_text_separator title=&#8221;&#8221; i_icon_fontawesome=&#8221;fa fa-home&#8221; i_color=&#8221;custom&#8221; add_icon=&#8221;true&#8221; i_custom_color=&#8221;#002e5a&#8221;][vc_column_text css=&#8221;.vc_custom_1602697119776{padding-right: 40px !important;padding-bottom: 20px !important;padding-left: 40px !important;}&#8221;]<\/p>\n<p style=\"text-align: center;\">finansowanie kluczowej infrastruktury badawczo-dydaktyczno-artystycznej,<br \/>\numo\u017cliwiaj\u0105cej prowadzenie intensywnej dzia\u0142alno\u015bci naukowo-badawczej,<br \/>\nw szczeg\u00f3lno\u015bci w Priorytetowych Obszarach Badawczych<\/p>\n<p>[\/vc_column_text][\/vc_column][\/vc_row]<\/p>","protected":false},"excerpt":{"rendered":"<p>[vc_row el_class=&#8221;container&#8221;][vc_column][vc_empty_space][\/vc_column][\/vc_row][vc_row el_class=&#8221;container&#8221;][vc_column width=&#8221;1\/2&#8243;][\/vc_column][vc_column width=&#8221;1\/2&#8243;][\/vc_column][\/vc_row][vc_row el_class=&#8221;container&#8221;][vc_column][\/vc_column][\/vc_row][vc_row el_class=&#8221;container&#8221;][vc_column][vc_empty_space height=&#8221;8px&#8221; css=&#8221;.vc_custom_1602695807943{margin-bottom: 0px !important;background-color: #9b132a !important;}&#8221;][\/vc_column][\/vc_row][vc_row el_class=&#8221;container&#8221; css=&#8221;.vc_custom_1602695278404{padding-top: 10px !important;}&#8221;][vc_column css=&#8221;.vc_custom_1602695401882{padding-bottom: 20px !important;background-color: #ebebeb !important;}&#8221;][vc_text_separator title=&#8221;&#8221; i_icon_fontawesome=&#8221;fa fa-flask&#8221; i_color=&#8221;custom&#8221; add_icon=&#8221;true&#8221; i_custom_color=&#8221;#002e5a&#8221;][vc_column_text css=&#8221;.vc_custom_1602695596192{padding-right: 40px !important;padding-bottom: 20px !important;padding-left: 40px !important;}&#8221;] podnoszenie jako\u015bci bada\u0144 naukowych realizowanych w Uniwersytecie \u015al\u0105skim w Katowicach, wzmocnienie wsp\u00f3\u0142pracy badawczej z o\u015brodkami naukowymi o wysokiej renomie w [&#8230;]<\/p>\n<p><a class=\"btn btn-secondary understrap-read-more-link\" href=\"https:\/\/us.edu.pl\/idb\/cele-idb\/\">Read More&#8230;<\/a><\/p>\n","protected":false},"author":139,"featured_media":0,"parent":0,"menu_order":0,"comment_status":"closed","ping_status":"closed","template":"","meta":{"_expiration-date-status":"saved","_expiration-date":0,"_expiration-date-type":"","_expiration-date-categories":[],"_expiration-date-options":[]},"acf":[],"_links":{"self":[{"href":"https:\/\/us.edu.pl\/idb\/wp-json\/wp\/v2\/pages\/553"}],"collection":[{"href":"https:\/\/us.edu.pl\/idb\/wp-json\/wp\/v2\/pages"}],"about":[{"href":"https:\/\/us.edu.pl\/idb\/wp-json\/wp\/v2\/types\/page"}],"author":[{"embeddable":true,"href":"https:\/\/us.edu.pl\/idb\/wp-json\/wp\/v2\/users\/139"}],"replies":[{"embeddable":true,"href":"https:\/\/us.edu.pl\/idb\/wp-json\/wp\/v2\/comments?post=553"}],"version-history":[{"count":2,"href":"https:\/\/us.edu.pl\/idb\/wp-json\/wp\/v2\/pages\/553\/revisions"}],"predecessor-version":[{"id":555,"href":"https:\/\/us.edu.pl\/idb\/wp-json\/wp\/v2\/pages\/553\/revisions\/555"}],"wp:attachment":[{"href":"https:\/\/us.edu.pl\/idb\/wp-json\/wp\/v2\/media?parent=553"}],"curies":[{"name":"wp","href":"https:\/\/api.w.org\/{rel}","templated":true}]}}