{"id":556,"date":"2020-10-16T15:51:01","date_gmt":"2020-10-16T13:51:01","guid":{"rendered":"https:\/\/us.edu.pl\/idb\/?page_id=556"},"modified":"2025-02-04T12:54:55","modified_gmt":"2025-02-04T11:54:55","slug":"rada-naukowa","status":"publish","type":"page","link":"https:\/\/us.edu.pl\/idb\/rada-naukowa\/","title":{"rendered":"rada naukowa"},"content":{"rendered":"<p>[vc_row][vc_column][vc_empty_space]\r\n                <div class=\"text-modules\">\r\n                    <div class=\"container\">\r\n                        <h3 class=\"page-title text__title\">Rada naukowa<\/h3>\r\n                        <div class=\"text-modules__content\"><\/div>\r\n                    <\/div>\r\n                <\/div>[\/vc_column][\/vc_row][vc_row][vc_column][vc_empty_space height=&#8221;64px&#8221;][\/vc_column][\/vc_row][vc_row el_class=&#8221;container foto&#8221;][vc_column width=&#8221;1\/4&#8243;]\r\n                <div class=\"text-modules\">\r\n                    <div class=\"container\">\r\n                        \r\n                        <div class=\"text-modules__content\"><\/p>\n<p><img loading=\"lazy\" class=\"alignnone size-medium wp-image-128307\" src=\"https:\/\/us.edu.pl\/wp-content\/uploads\/image\/idub\/1Leszek-Marynowski_DSC_5380_4-5-1-600x600.jpg\" alt=\"Leszek Marynowski\" width=\"100%\" height=\"auto\" \/><\/p>\n<p>\n<\/div>\r\n                    <\/div>\r\n                <\/div>[\/vc_column][vc_column width=&#8221;2\/4&#8243;]\r\n                <div class=\"text-modules\">\r\n                    <div class=\"container\">\r\n                        \r\n                        <div class=\"text-modules__content\"><\/p>\n<p><span style=\"font-size: 12pt;\"><span style=\"font-size: 16pt;\">prof. dr hab. LESZEK MARYNOWSKI<\/span><\/span><\/p>\n<p><small><span style=\"letter-spacing: 2mm; color: #333333; font-size: 9pt;\">PRZEWODNICZ\u0104CY RADY NAUKOWEJ<\/span><\/small><\/p>\n<hr \/>\n<p><strong><small><span style=\"color: #333333; font-size: 9pt;\">DZIEKAN WYDZIA\u0141U NAUK PRZYRODNICZYCH<\/span><\/small><\/strong><\/p>\n<p>\n<\/div>\r\n                    <\/div>\r\n                <\/div>[\/vc_column][vc_column width=&#8221;1\/4&#8243;][\/vc_column][\/vc_row][vc_row][vc_column][vc_empty_space][\/vc_column][\/vc_row][vc_row el_class=&#8221;container foto&#8221;][vc_column width=&#8221;1\/4&#8243;]\r\n                <div class=\"text-modules\">\r\n                    <div class=\"container\">\r\n                        \r\n                        <div class=\"text-modules__content\"><\/p>\n<p><img loading=\"lazy\" class=\"alignnone size-medium wp-image-128310\" src=\"https:\/\/us.edu.pl\/wp-content\/uploads\/image\/idub\/1prof-Leszek-Drong-600x600.jpg\" alt=\"Leszek Drong\" width=\"100%\" height=\"auto\" \/><\/p>\n<p>\n<\/div>\r\n                    <\/div>\r\n                <\/div>[\/vc_column][vc_column width=&#8221;2\/4&#8243;]\r\n                <div class=\"text-modules\">\r\n                    <div class=\"container\">\r\n                        \r\n                        <div class=\"text-modules__content\"><\/p>\n<p><span style=\"font-size: 12pt;\"><span style=\"font-size: 16pt;\">prof. dr hab. LESZEK DRONG<\/span><\/span><\/p>\n<p><small><span style=\"letter-spacing: 2mm; color: #333333; font-size: 9pt;\">PRODZIEKAN DS. BADA\u0143 NAUKOWYCH<\/span><\/small><\/p>\n<hr \/>\n<p><strong><small><span style=\"color: #333333; font-size: 9pt;\">WYDZIA\u0141 HUMANISTYCZNY<\/span><\/small><\/strong><\/p>\n<p>\n<\/div>\r\n                    <\/div>\r\n                <\/div>[\/vc_column][vc_column width=&#8221;1\/4&#8243;][\/vc_column][\/vc_row][vc_row][vc_column][vc_empty_space][\/vc_column][\/vc_row][vc_row el_class=&#8221;container foto&#8221;][vc_column width=&#8221;1\/4&#8243;]\r\n                <div class=\"text-modules\">\r\n                    <div class=\"container\">\r\n                        \r\n                        <div class=\"text-modules__content\"><p><img loading=\"lazy\" class=\"alignnone size-medium wp-image-128306\" src=\"https:\/\/us.edu.pl\/wp-content\/uploads\/image\/idub\/1Jerzy-\u0141ukaszewicz-1-600x600.jpg\" alt=\"Jerzy Lukaszewicz\" width=\"100%\" height=\"auto\" \/><\/p>\n<\/div>\r\n                    <\/div>\r\n                <\/div>[\/vc_column][vc_column width=&#8221;2\/4&#8243;]\r\n                <div class=\"text-modules\">\r\n                    <div class=\"container\">\r\n                        \r\n                        <div class=\"text-modules__content\"><\/p>\n<p><span style=\"font-size: 12pt;\"><span style=\"font-size: 16pt;\">prof. dr hab. JERZY \u0141UKASZEWICZ<\/span><\/span><\/p>\n<p><small><span style=\"letter-spacing: 2mm; color: #333333; font-size: 9pt;\">PRODZIEKAN DS. NAUKI i TW\u00d3RCZO\u015aCI ARTYSTYCZNEJ<\/span><\/small><\/p>\n<hr \/>\n<p><strong><small><span style=\"color: #333333; font-size: 9pt;\">SZKO\u0141A FILMOWA IM. KRZYSZTOFA KIE\u015aLOWSKIEGO<\/span><\/small><\/strong><\/p>\n<p>\n<\/div>\r\n                    <\/div>\r\n                <\/div>[\/vc_column][vc_column width=&#8221;1\/4&#8243;][\/vc_column][\/vc_row][vc_row][vc_column][vc_empty_space][\/vc_column][\/vc_row][vc_row el_class=&#8221;container foto&#8221;][vc_column width=&#8221;1\/4&#8243;]\r\n                <div class=\"text-modules\">\r\n                    <div class=\"container\">\r\n                        \r\n                        <div class=\"text-modules__content\"><p><img loading=\"lazy\" class=\"alignnone size-medium wp-image-128308\" src=\"https:\/\/us.edu.pl\/wp-content\/uploads\/image\/idub\/1Piotr-Pinior_DSC_1079-1-600x600.jpg\" alt=\"Piotr Pinior\" width=\"100%\" height=\"auto\" \/><\/p>\n<\/div>\r\n                    <\/div>\r\n                <\/div>[\/vc_column][vc_column width=&#8221;2\/4&#8243;]\r\n                <div class=\"text-modules\">\r\n                    <div class=\"container\">\r\n                        \r\n                        <div class=\"text-modules__content\"><p><span style=\"font-size: 12pt;\"><span style=\"font-size: 16pt;\">prof. dr hab. PIOTR PINIOR<\/span><\/span><\/p>\n<p><small><span style=\"letter-spacing: 2mm; color: #333333; font-size: 9pt;\">PRODZIEKAN DS. BADA\u0143 NAUKOWYCH<\/span><\/small><\/p>\n<hr \/>\n<p><strong><small><span style=\"color: #333333; font-size: 9pt;\">WYDZIA\u0141 PRAWA I ADMINISTRACJI<\/span><\/small><\/strong><\/p>\n<\/div>\r\n                    <\/div>\r\n                <\/div>[\/vc_column][vc_column width=&#8221;1\/4&#8243;][\/vc_column][\/vc_row][vc_row][vc_column][vc_empty_space][\/vc_column][\/vc_row][vc_row el_class=&#8221;container foto&#8221;][vc_column width=&#8221;1\/4&#8243;]\r\n                <div class=\"text-modules\">\r\n                    <div class=\"container\">\r\n                        \r\n                        <div class=\"text-modules__content\"><p><img loading=\"lazy\" class=\"alignnone size-medium wp-image-3729\" src=\"http:\/\/us.edu.pl\/idb\/wp-content\/uploads\/sites\/72\/2025\/02\/anonymous_man-600x600.jpg\" alt=\"posta\u0107 m\u0119\u017cczyzny\" width=\"100%\" height=\"auto\" srcset=\"https:\/\/us.edu.pl\/idb\/wp-content\/uploads\/sites\/72\/2025\/02\/anonymous_man-600x600.jpg 600w, https:\/\/us.edu.pl\/idb\/wp-content\/uploads\/sites\/72\/2025\/02\/anonymous_man-150x150.jpg 150w, https:\/\/us.edu.pl\/idb\/wp-content\/uploads\/sites\/72\/2025\/02\/anonymous_man-768x768.jpg 768w, https:\/\/us.edu.pl\/idb\/wp-content\/uploads\/sites\/72\/2025\/02\/anonymous_man-575x575.jpg 575w, https:\/\/us.edu.pl\/idb\/wp-content\/uploads\/sites\/72\/2025\/02\/anonymous_man.jpg 900w\" sizes=\"(max-width: 600px) 100vw, 600px\" \/><\/p>\n<\/div>\r\n                    <\/div>\r\n                <\/div>[\/vc_column][vc_column width=&#8221;2\/4&#8243;]\r\n                <div class=\"text-modules\">\r\n                    <div class=\"container\">\r\n                        \r\n                        <div class=\"text-modules__content\"><p><span style=\"font-size: 12pt;\"><span style=\"font-size: 16pt;\">ks. prof. dr hab. LESZEK SZEWCZYK<\/span><\/span><\/p>\n<p><small><span style=\"letter-spacing: 2mm; color: #333333; font-size: 9pt;\">PRODZIEKAN DS. BADA\u0143 NAUKOWYCH<\/span><\/small><\/p>\n<hr \/>\n<p><strong><small><span style=\"color: #333333; font-size: 9pt;\">WYDZIA\u0141 TEOLOGICZNY<\/span><\/small><\/strong><\/p>\n<\/div>\r\n                    <\/div>\r\n                <\/div>[\/vc_column][vc_column width=&#8221;1\/4&#8243;][\/vc_column][\/vc_row][vc_row el_class=&#8221;container&#8221;][vc_column][vc_empty_space][\/vc_column][\/vc_row][vc_row el_class=&#8221;container foto&#8221;][vc_column width=&#8221;1\/4&#8243;]\r\n                <div class=\"text-modules\">\r\n                    <div class=\"container\">\r\n                        \r\n                        <div class=\"text-modules__content\"><p><img loading=\"lazy\" class=\"alignnone size-medium wp-image-128309\" src=\"https:\/\/us.edu.pl\/wp-content\/uploads\/image\/idub\/1Piotr-\u015awi\u0105tek_DSC_2631-1-600x600.jpg\" alt=\"Piotr Swiatek\" width=\"100%\" height=\"auto\" \/><\/p>\n<\/div>\r\n                    <\/div>\r\n                <\/div>[\/vc_column][vc_column width=&#8221;2\/4&#8243;]\r\n                <div class=\"text-modules\">\r\n                    <div class=\"container\">\r\n                        \r\n                        <div class=\"text-modules__content\"><\/p>\n<p><span style=\"font-size: 12pt;\"><span style=\"font-size: 16pt;\">prof. dr hab. PIOTR \u015aWI\u0104TEK<\/span><\/span><\/p>\n<p><small><span style=\"letter-spacing: 2mm; color: #333333; font-size: 9pt;\">PRODZIEKAN DS. BADA\u0143 NAUKOWYCH<\/span><\/small><\/p>\n<hr \/>\n<p><strong><small><span style=\"color: #333333; font-size: 9pt;\">WYDZIA\u0141 NAUK PRZYRODNICZYCH<\/span><\/small><\/strong><\/p>\n<p>\n<\/div>\r\n                    <\/div>\r\n                <\/div>[\/vc_column][vc_column width=&#8221;1\/4&#8243;][\/vc_column][\/vc_row][vc_row][vc_column][vc_empty_space][\/vc_column][\/vc_row][vc_row el_class=&#8221;container foto&#8221;][vc_column width=&#8221;1\/4&#8243;]\r\n                <div class=\"text-modules\">\r\n                    <div class=\"container\">\r\n                        \r\n                        <div class=\"text-modules__content\"><p><img loading=\"lazy\" class=\"alignnone size-medium wp-image-128304\" src=\"https:\/\/us.edu.pl\/wp-content\/uploads\/image\/idub\/1Alina-\u015awie\u015bciak_DSC_4667_4-5-1-600x600.jpg\" alt=\"Alina Swiesciak-Fast\" width=\"100%\" height=\"auto\" \/><\/p>\n<\/div>\r\n                    <\/div>\r\n                <\/div>[\/vc_column][vc_column width=&#8221;2\/4&#8243;]\r\n                <div class=\"text-modules\">\r\n                    <div class=\"container\">\r\n                        \r\n                        <div class=\"text-modules__content\"><\/p>\n<p><span style=\"font-size: 12pt;\"><span style=\"font-size: 16pt;\">prof. dr hab. ALINA \u015aWIE\u015aCIAK-FAST<\/span><\/span><\/p>\n<p><small><span style=\"letter-spacing: 2mm; color: #333333; font-size: 9pt;\">DZIEKAN<\/span><\/small><\/p>\n<hr \/>\n<p><strong><small><span style=\"color: #333333; font-size: 9pt;\">SZKO\u0141A DOKTORSKA W UNIWERSYTECIE \u015aL\u0104SKIM W KATOWICACH<\/span><\/small><\/strong><\/p>\n<p>\n<\/div>\r\n                    <\/div>\r\n                <\/div>[\/vc_column][vc_column width=&#8221;1\/4&#8243;][\/vc_column][\/vc_row][vc_row el_class=&#8221;container&#8221;][vc_column][vc_empty_space][\/vc_column][\/vc_row][vc_row el_class=&#8221;container foto&#8221;][vc_column width=&#8221;1\/4&#8243;]\r\n                <div class=\"text-modules\">\r\n                    <div class=\"container\">\r\n                        \r\n                        <div class=\"text-modules__content\"><p><img loading=\"lazy\" class=\"alignnone size-medium wp-image-3733\" src=\"http:\/\/us.edu.pl\/idb\/wp-content\/uploads\/sites\/72\/fotografie\/Miroslaw-Chorazewski_DSC_4605-600x600.jpg\" alt=\"prof. dr hab. Miros\u0142aw Chor\u0105\u017cewski\" width=\"100%\" height=\"auto\" srcset=\"https:\/\/us.edu.pl\/idb\/wp-content\/uploads\/sites\/72\/fotografie\/Miroslaw-Chorazewski_DSC_4605-600x600.jpg 600w, https:\/\/us.edu.pl\/idb\/wp-content\/uploads\/sites\/72\/fotografie\/Miroslaw-Chorazewski_DSC_4605-1024x1024.jpg 1024w, https:\/\/us.edu.pl\/idb\/wp-content\/uploads\/sites\/72\/fotografie\/Miroslaw-Chorazewski_DSC_4605-150x150.jpg 150w, https:\/\/us.edu.pl\/idb\/wp-content\/uploads\/sites\/72\/fotografie\/Miroslaw-Chorazewski_DSC_4605-768x768.jpg 768w, https:\/\/us.edu.pl\/idb\/wp-content\/uploads\/sites\/72\/fotografie\/Miroslaw-Chorazewski_DSC_4605-1536x1536.jpg 1536w, https:\/\/us.edu.pl\/idb\/wp-content\/uploads\/sites\/72\/fotografie\/Miroslaw-Chorazewski_DSC_4605-575x575.jpg 575w, https:\/\/us.edu.pl\/idb\/wp-content\/uploads\/sites\/72\/fotografie\/Miroslaw-Chorazewski_DSC_4605.jpg 2000w\" sizes=\"(max-width: 600px) 100vw, 600px\" \/><\/p>\n<\/div>\r\n                    <\/div>\r\n                <\/div>[\/vc_column][vc_column width=&#8221;2\/4&#8243;]\r\n                <div class=\"text-modules\">\r\n                    <div class=\"container\">\r\n                        \r\n                        <div class=\"text-modules__content\"><p><span style=\"font-size: 12pt;\"><span style=\"font-size: 16pt;\">prof. dr hab. MIROS\u0141AW CHOR\u0104\u017bEWSKI<\/span><\/span><\/p>\n<p><small><span style=\"letter-spacing: 2mm; color: #333333; font-size: 9pt;\">PRODZIEKAN DS. NAUKI I WSP\u00d3\u0141PRACY Z ZAGRANIC\u0104<\/span><\/small><\/p>\n<hr \/>\n<p><strong><small><span style=\"color: #333333; font-size: 9pt;\">WYDZIA\u0141 NAUK \u015aCIS\u0141YCH I TECHNICZNYCH<\/span><\/small><\/strong><\/p>\n<\/div>\r\n                    <\/div>\r\n                <\/div>[\/vc_column][vc_column width=&#8221;1\/4&#8243;][\/vc_column][\/vc_row][vc_row][vc_column][vc_empty_space][\/vc_column][\/vc_row][vc_row el_class=&#8221;container foto&#8221;][vc_column width=&#8221;1\/4&#8243;]\r\n                <div class=\"text-modules\">\r\n                    <div class=\"container\">\r\n                        \r\n                        <div class=\"text-modules__content\"><p><img loading=\"lazy\" class=\"alignnone size-medium wp-image-2728\" src=\"http:\/\/us.edu.pl\/idb\/wp-content\/uploads\/sites\/72\/fotografie\/MSZ.jpg\" alt=\"dr hab. Magdalena Szyndler, prof. U\u015a\" width=\"100%\" height=\"auto\" srcset=\"https:\/\/us.edu.pl\/idb\/wp-content\/uploads\/sites\/72\/fotografie\/MSZ.jpg 640w, https:\/\/us.edu.pl\/idb\/wp-content\/uploads\/sites\/72\/fotografie\/MSZ-600x600.jpg 600w, https:\/\/us.edu.pl\/idb\/wp-content\/uploads\/sites\/72\/fotografie\/MSZ-150x150.jpg 150w, https:\/\/us.edu.pl\/idb\/wp-content\/uploads\/sites\/72\/fotografie\/MSZ-575x575.jpg 575w\" sizes=\"(max-width: 640px) 100vw, 640px\" \/><\/p>\n<\/div>\r\n                    <\/div>\r\n                <\/div>[\/vc_column][vc_column width=&#8221;2\/4&#8243;]\r\n                <div class=\"text-modules\">\r\n                    <div class=\"container\">\r\n                        \r\n                        <div class=\"text-modules__content\"><p><span style=\"font-size: 12pt;\"><span style=\"font-size: 16pt;\">dr hab. MAGDALENA SZYNDLER, prof. U\u015a<\/span><\/span><\/p>\n<p><small><span style=\"letter-spacing: 2mm; color: #333333; font-size: 9pt;\">PRODZIEKAN DS. NAUKI I TW\u00d3RCZO\u015aCI ARTYSTYCZNEJ<\/span><\/small><\/p>\n<hr \/>\n<p><strong><small><span style=\"color: #333333; font-size: 9pt;\">WYDZIA\u0141 SZTUKI I NAUK O EDUKACJI<\/span><\/small><\/strong><\/p>\n<\/div>\r\n                    <\/div>\r\n                <\/div>[\/vc_column][vc_column width=&#8221;1\/4&#8243;][\/vc_column][\/vc_row][vc_row el_class=&#8221;container&#8221;][vc_column][vc_empty_space][\/vc_column][\/vc_row][vc_row el_class=&#8221;container foto&#8221;][vc_column width=&#8221;1\/4&#8243;]\r\n                <div class=\"text-modules\">\r\n                    <div class=\"container\">\r\n                        \r\n                        <div class=\"text-modules__content\"><p><img loading=\"lazy\" class=\"alignnone size-medium wp-image-3729\" src=\"http:\/\/us.edu.pl\/idb\/wp-content\/uploads\/sites\/72\/2025\/02\/anonymous_man-600x600.jpg\" alt=\"posta\u0107 m\u0119\u017cczyzny\" width=\"100%\" height=\"auto\" srcset=\"https:\/\/us.edu.pl\/idb\/wp-content\/uploads\/sites\/72\/2025\/02\/anonymous_man-600x600.jpg 600w, https:\/\/us.edu.pl\/idb\/wp-content\/uploads\/sites\/72\/2025\/02\/anonymous_man-150x150.jpg 150w, https:\/\/us.edu.pl\/idb\/wp-content\/uploads\/sites\/72\/2025\/02\/anonymous_man-768x768.jpg 768w, https:\/\/us.edu.pl\/idb\/wp-content\/uploads\/sites\/72\/2025\/02\/anonymous_man-575x575.jpg 575w, https:\/\/us.edu.pl\/idb\/wp-content\/uploads\/sites\/72\/2025\/02\/anonymous_man.jpg 900w\" sizes=\"(max-width: 600px) 100vw, 600px\" \/><\/p>\n<\/div>\r\n                    <\/div>\r\n                <\/div>[\/vc_column][vc_column width=&#8221;2\/4&#8243;]\r\n                <div class=\"text-modules\">\r\n                    <div class=\"container\">\r\n                        \r\n                        <div class=\"text-modules__content\"><p><span style=\"font-size: 12pt;\"><span style=\"font-size: 16pt;\">dr \u0141UKASZ JACH, prof. U\u015a<\/span><\/span><\/p>\n<p><small><span style=\"letter-spacing: 2mm; color: #333333; font-size: 9pt;\">PRODZIEKAN DS. BADA\u0143 NAUKOWYCH I PROMOCJI<\/span><\/small><\/p>\n<hr \/>\n<p><strong><small><span style=\"color: #333333; font-size: 9pt;\">WYDZIA\u0141 NAUK SPO\u0141ECZNYCH<\/span><\/small><\/strong><\/p>\n<\/div>\r\n                    <\/div>\r\n                <\/div>[\/vc_column][vc_column width=&#8221;1\/4&#8243;][\/vc_column][\/vc_row][vc_row el_class=&#8221;container&#8221;][vc_column][vc_empty_space][\/vc_column][\/vc_row][vc_row el_class=&#8221;container foto&#8221;][vc_column width=&#8221;1\/4&#8243;]\r\n                <div class=\"text-modules\">\r\n                    <div class=\"container\">\r\n                        \r\n                        <div class=\"text-modules__content\"><p><img loading=\"lazy\" class=\"alignnone size-medium wp-image-3729\" src=\"http:\/\/us.edu.pl\/idb\/wp-content\/uploads\/sites\/72\/2025\/02\/anonymous_man-600x600.jpg\" alt=\"posta\u0107 m\u0119\u017cczyzny\" width=\"100%\" height=\"auto\" srcset=\"https:\/\/us.edu.pl\/idb\/wp-content\/uploads\/sites\/72\/2025\/02\/anonymous_man-600x600.jpg 600w, https:\/\/us.edu.pl\/idb\/wp-content\/uploads\/sites\/72\/2025\/02\/anonymous_man-150x150.jpg 150w, https:\/\/us.edu.pl\/idb\/wp-content\/uploads\/sites\/72\/2025\/02\/anonymous_man-768x768.jpg 768w, https:\/\/us.edu.pl\/idb\/wp-content\/uploads\/sites\/72\/2025\/02\/anonymous_man-575x575.jpg 575w, https:\/\/us.edu.pl\/idb\/wp-content\/uploads\/sites\/72\/2025\/02\/anonymous_man.jpg 900w\" sizes=\"(max-width: 600px) 100vw, 600px\" \/><\/p>\n<\/div>\r\n                    <\/div>\r\n                <\/div>[\/vc_column][vc_column width=&#8221;2\/4&#8243;]\r\n                <div class=\"text-modules\">\r\n                    <div class=\"container\">\r\n                        \r\n                        <div class=\"text-modules__content\"><p><span style=\"font-size: 12pt;\"><span style=\"font-size: 16pt;\">dr MICHA\u0141 CIEP\u0141Y<\/span><\/span><\/p>\n<p><small><span style=\"letter-spacing: 2mm; color: #333333; font-size: 9pt;\">DZIEKAN<\/span><\/small><\/p>\n<hr \/>\n<p><strong><small><span style=\"color: #333333; font-size: 9pt;\">MI\u0118DZYNARODOWA \u015aRODOWISKOWA SZKO\u0141A DOKTORSKA PRZY CENTRUM STUDI\u00d3W POLARNYCH W UNIWERSYTECIE \u015aL\u0104SKIM W KATOWICACH<\/span><\/small><\/strong><\/p>\n<\/div>\r\n                    <\/div>\r\n                <\/div>[\/vc_column][vc_column width=&#8221;1\/4&#8243;][\/vc_column][\/vc_row][vc_row el_class=&#8221;container&#8221;][vc_column][vc_empty_space][\/vc_column][\/vc_row]<\/p>","protected":false},"excerpt":{"rendered":"<p>[vc_row][vc_column][vc_empty_space][\/vc_column][\/vc_row][vc_row][vc_column][vc_empty_space height=&#8221;64px&#8221;][\/vc_column][\/vc_row][vc_row el_class=&#8221;container foto&#8221;][vc_column width=&#8221;1\/4&#8243;][\/vc_column][vc_column width=&#8221;2\/4&#8243;][\/vc_column][vc_column width=&#8221;1\/4&#8243;][\/vc_column][\/vc_row][vc_row][vc_column][vc_empty_space][\/vc_column][\/vc_row][vc_row el_class=&#8221;container foto&#8221;][vc_column width=&#8221;1\/4&#8243;][\/vc_column][vc_column width=&#8221;2\/4&#8243;][\/vc_column][vc_column width=&#8221;1\/4&#8243;][\/vc_column][\/vc_row][vc_row][vc_column][vc_empty_space][\/vc_column][\/vc_row][vc_row el_class=&#8221;container foto&#8221;][vc_column width=&#8221;1\/4&#8243;][\/vc_column][vc_column width=&#8221;2\/4&#8243;][\/vc_column][vc_column width=&#8221;1\/4&#8243;][\/vc_column][\/vc_row][vc_row][vc_column][vc_empty_space][\/vc_column][\/vc_row][vc_row el_class=&#8221;container foto&#8221;][vc_column width=&#8221;1\/4&#8243;][\/vc_column][vc_column width=&#8221;2\/4&#8243;][\/vc_column][vc_column width=&#8221;1\/4&#8243;][\/vc_column][\/vc_row][vc_row][vc_column][vc_empty_space][\/vc_column][\/vc_row][vc_row el_class=&#8221;container foto&#8221;][vc_column width=&#8221;1\/4&#8243;][\/vc_column][vc_column width=&#8221;2\/4&#8243;][\/vc_column][vc_column width=&#8221;1\/4&#8243;][\/vc_column][\/vc_row][vc_row el_class=&#8221;container&#8221;][vc_column][vc_empty_space][\/vc_column][\/vc_row][vc_row el_class=&#8221;container foto&#8221;][vc_column width=&#8221;1\/4&#8243;][\/vc_column][vc_column width=&#8221;2\/4&#8243;][\/vc_column][vc_column width=&#8221;1\/4&#8243;][\/vc_column][\/vc_row][vc_row][vc_column][vc_empty_space][\/vc_column][\/vc_row][vc_row el_class=&#8221;container foto&#8221;][vc_column width=&#8221;1\/4&#8243;][\/vc_column][vc_column width=&#8221;2\/4&#8243;][\/vc_column][vc_column width=&#8221;1\/4&#8243;][\/vc_column][\/vc_row][vc_row el_class=&#8221;container&#8221;][vc_column][vc_empty_space][\/vc_column][\/vc_row][vc_row el_class=&#8221;container foto&#8221;][vc_column width=&#8221;1\/4&#8243;][\/vc_column][vc_column width=&#8221;2\/4&#8243;][\/vc_column][vc_column width=&#8221;1\/4&#8243;][\/vc_column][\/vc_row][vc_row][vc_column][vc_empty_space][\/vc_column][\/vc_row][vc_row el_class=&#8221;container foto&#8221;][vc_column width=&#8221;1\/4&#8243;][\/vc_column][vc_column width=&#8221;2\/4&#8243;][\/vc_column][vc_column width=&#8221;1\/4&#8243;][\/vc_column][\/vc_row][vc_row el_class=&#8221;container&#8221;][vc_column][vc_empty_space][\/vc_column][\/vc_row][vc_row el_class=&#8221;container foto&#8221;][vc_column width=&#8221;1\/4&#8243;][\/vc_column][vc_column width=&#8221;2\/4&#8243;][\/vc_column][vc_column width=&#8221;1\/4&#8243;][\/vc_column][\/vc_row][vc_row [&#8230;]<\/p>\n<p><a class=\"btn btn-secondary understrap-read-more-link\" href=\"https:\/\/us.edu.pl\/idb\/rada-naukowa\/\">Read More&#8230;<\/a><\/p>\n","protected":false},"author":139,"featured_media":0,"parent":0,"menu_order":0,"comment_status":"closed","ping_status":"closed","template":"","meta":{"_expiration-date-status":"saved","_expiration-date":0,"_expiration-date-type":"","_expiration-date-categories":[],"_expiration-date-options":[]},"acf":[],"_links":{"self":[{"href":"https:\/\/us.edu.pl\/idb\/wp-json\/wp\/v2\/pages\/556"}],"collection":[{"href":"https:\/\/us.edu.pl\/idb\/wp-json\/wp\/v2\/pages"}],"about":[{"href":"https:\/\/us.edu.pl\/idb\/wp-json\/wp\/v2\/types\/page"}],"author":[{"embeddable":true,"href":"https:\/\/us.edu.pl\/idb\/wp-json\/wp\/v2\/users\/139"}],"replies":[{"embeddable":true,"href":"https:\/\/us.edu.pl\/idb\/wp-json\/wp\/v2\/comments?post=556"}],"version-history":[{"count":8,"href":"https:\/\/us.edu.pl\/idb\/wp-json\/wp\/v2\/pages\/556\/revisions"}],"predecessor-version":[{"id":3749,"href":"https:\/\/us.edu.pl\/idb\/wp-json\/wp\/v2\/pages\/556\/revisions\/3749"}],"wp:attachment":[{"href":"https:\/\/us.edu.pl\/idb\/wp-json\/wp\/v2\/media?parent=556"}],"curies":[{"name":"wp","href":"https:\/\/api.w.org\/{rel}","templated":true}]}}