{"id":609,"date":"2022-04-15T10:27:53","date_gmt":"2022-04-15T08:27:53","guid":{"rendered":"https:\/\/us.edu.pl\/idb\/?page_id=609"},"modified":"2022-06-15T13:51:50","modified_gmt":"2022-06-15T11:51:50","slug":"horyzonty","status":"publish","type":"page","link":"https:\/\/us.edu.pl\/idb\/horyzonty\/","title":{"rendered":"Horyzonty"},"content":{"rendered":"<p><\/p>\n<p>[vc_row el_class=&#8221;container&#8221;][vc_column]\r\n                <div class=\"text-modules\">\r\n                    <div class=\"container\">\r\n                        <h3 class=\"page-title text__title\">Cykl \u201eHoryzonty\u201d | Projekty naukowe<\/h3>\r\n                        <div class=\"text-modules__content\"><\/div>\r\n                    <\/div>\r\n                <\/div>[\/vc_column][\/vc_row][vc_row content_placement=&#8221;middle&#8221; el_class=&#8221;container&#8221;][vc_column][vc_column_text el_class=&#8221;content-mobile&#8221;]<img loading=\"lazy\" class=\"alignnone size-full wp-image-673\" src=\"http:\/\/us.edu.pl\/idb\/wp-content\/uploads\/sites\/72\/fotografie\/horyzonty\/green-horizon-1.png\" alt=\"grafika\" width=\"8%\" height=\"auto\" \/> <img loading=\"lazy\" class=\"alignnone size-full wp-image-674\" src=\"http:\/\/us.edu.pl\/idb\/wp-content\/uploads\/sites\/72\/fotografie\/horyzonty\/covid-horizon-1.png\" alt=\"grafika\" width=\"8%\" height=\"auto\" \/>[\/vc_column_text][vc_column_text el_class=&#8221;content-desktop&#8221;]<img loading=\"lazy\" class=\"alignnone size-full wp-image-673\" src=\"http:\/\/us.edu.pl\/idb\/wp-content\/uploads\/sites\/72\/fotografie\/horyzonty\/green-horizon-1.png\" alt=\"grafika\" width=\"4%\" height=\"auto\" \/> <img loading=\"lazy\" class=\"alignnone size-full wp-image-674\" src=\"http:\/\/us.edu.pl\/idb\/wp-content\/uploads\/sites\/72\/fotografie\/horyzonty\/covid-horizon-1.png\" alt=\"grafika\" width=\"4%\" height=\"auto\" \/>[\/vc_column_text][vc_row_inner content_placement=&#8221;middle&#8221;][vc_column_inner width=&#8221;2\/3&#8243;]\r\n                <div class=\"text-modules\">\r\n                    <div class=\"container\">\r\n                        \r\n                        <div class=\"text-modules__content\"><p>W cyklu \u201eHoryzonty\u201d prezentujemy projekty naukowe finansowane w ramach konkurs\u00f3w IDB pn. \u201eZielony Horyzont\u201d oraz \u201eHoryzont Postcovidowy\u201d.<\/p>\n<p>Adresatami tych dw\u00f3ch inicjatyw by\u0142y interdyscyplinarne zespo\u0142y badawcze podejmuj\u0105ce problematyk\u0119 ekologii i ochrony klimatu oraz funkcjonowania i rozwoju cywilizacyjnego spo\u0142ecze\u0144stwa mierz\u0105cego si\u0119 z pandemi\u0105 koronawirusa. Dofinansowanie otrzyma\u0142o \u0142\u0105cznie dziesi\u0119\u0107 projekt\u00f3w, liderzy zespo\u0142\u00f3w reprezentuj\u0105 nauki: przyrodnicze, \u015bcis\u0142e, humanistyczne, teologiczne, prawne i spo\u0142eczne. Naukowcy otrzymali \u0142\u0105cznie wsparcie w wysoko\u015bci ponad 1,1 mln z\u0142.<\/p>\n<p>Wi\u0119cej o konkursach mo\u017cna przeczyta\u0107 na stronie: <a href=\"https:\/\/us.edu.pl\/idb-konkursy-zielony-horyzont-i-horyzont-postcovidowy-rozstrzygniete\/\">www.us.edu.pl\/idb<\/a>.<\/p>\n<\/div>\r\n                    <\/div>\r\n                <\/div>[\/vc_column_inner][vc_column_inner width=&#8221;1\/3&#8243;]\r\n                <div class=\"text-modules\">\r\n                    <div class=\"container\">\r\n                        \r\n                        <div class=\"text-modules__content\"><p><img loading=\"lazy\" class=\"alignnone wp-image-756 size-full content-desktop\" src=\"http:\/\/us.edu.pl\/idb\/wp-content\/uploads\/sites\/72\/fotografie\/horyzonty\/slider_1095x575px-ang-1.png\" alt=\"Grafika: zielony horyzont, horyzont postcovidowy\" width=\"90%\" height=\"auto\" srcset=\"https:\/\/us.edu.pl\/idb\/wp-content\/uploads\/sites\/72\/fotografie\/horyzonty\/slider_1095x575px-ang-1.png 1095w, https:\/\/us.edu.pl\/idb\/wp-content\/uploads\/sites\/72\/fotografie\/horyzonty\/slider_1095x575px-ang-1-600x315.png 600w, https:\/\/us.edu.pl\/idb\/wp-content\/uploads\/sites\/72\/fotografie\/horyzonty\/slider_1095x575px-ang-1-768x403.png 768w, https:\/\/us.edu.pl\/idb\/wp-content\/uploads\/sites\/72\/fotografie\/horyzonty\/slider_1095x575px-ang-1-575x302.png 575w\" sizes=\"(max-width: 1095px) 100vw, 1095px\" \/><\/p>\n<\/div>\r\n                    <\/div>\r\n                <\/div>[\/vc_column_inner][\/vc_row_inner][\/vc_column][\/vc_row][vc_row el_class=&#8221;container&#8221;][vc_column]<div class=\"container\"><div class=\"separator\" style=\"background-color: #002E5A\"><\/div><\/div>[\/vc_column][\/vc_row][vc_row el_class=&#8221;container&#8221;][vc_column]\r\n                <div class=\"text-modules\">\r\n                    <div class=\"container\">\r\n                        \r\n                        <div class=\"text-modules__content\"><\/p>\n<h4>Laureaci i laureatki konkursu pn. \u201eZielony Horyzont\u201d<\/h4>\n<p>\n<\/div>\r\n                    <\/div>\r\n                <\/div>[\/vc_column][\/vc_row][vc_row][vc_column]\r\n\r\n            <div class=\"blocks\" style=\"text-align: \">\r\n               <div class=\"container\">\r\n                  \r\n                  <div class=\"row m-0 blocks_3\">\r\n                  \r\n                     <a href=\"https:\/\/us.edu.pl\/idb\/horyzonty\/emhumen\/\" class=\"thumbnail blocks__item\" style=\"background-image: url(https:\/\/us.edu.pl\/idb\/wp-content\/uploads\/sites\/72\/fotografie\/horyzonty\/IMG_20210711_122402254.jpg)\">\r\n                        <span>wi\u0119cej<\/span>\r\n                        <div class=\"blocks__bottom\">\r\n                        <div class=\"blocks__title\">Wp\u0142yw d\u0142ugotrwa\u0142ej emisji zanieczyszcze\u0144 \u2013 \u015brodowiskowe, zdrowotne i spo\u0142eczno-kulturowe skutki hutnictwa metali nie\u017celaznych<\/div>\r\n                        <div class=\"blocks__subtitle\">lider projektu: dr hab. Robert Krzysztofik, prof. U\u015a<\/div>\r\n                        <\/div>\r\n                     <\/a>\r\n                  \r\n                     <a href=\"https:\/\/us.edu.pl\/idb\/horyzonty\/lifeindust\/\" class=\"thumbnail blocks__item\" style=\"background-image: url(https:\/\/us.edu.pl\/idb\/wp-content\/uploads\/sites\/72\/fotografie\/horyzonty\/denys-nevozhai-7nrsVjvALnA-unsplash.jpg)\">\r\n                        <span>wi\u0119cej<\/span>\r\n                        <div class=\"blocks__bottom\">\r\n                        <div class=\"blocks__title\">\u017bycie przy autostradzie \u2013 skutki nara\u017cenia ro\u015blino\u017cernych bezkr\u0119gowc\u00f3w na py\u0142 z opon<\/div>\r\n                        <div class=\"blocks__subtitle\">liderka projektu: dr hab. Agnieszka Babczy\u0144ska, prof. U\u015a<\/div>\r\n                        <\/div>\r\n                     <\/a>\r\n                  \r\n                     <a href=\"https:\/\/us.edu.pl\/idb\/horyzonty\/new-energy\/\" class=\"thumbnail blocks__item\" style=\"background-image: url(https:\/\/us.edu.pl\/idb\/wp-content\/uploads\/sites\/72\/fotografie\/horyzonty\/andreas-gucklhorn-Ilpf2eUPpUE-unsplash.jpg)\">\r\n                        <span>wi\u0119cej<\/span>\r\n                        <div class=\"blocks__bottom\">\r\n                        <div class=\"blocks__title\">Odpadowy wermikulit jako macierz nowego systemu magazynowania energii<\/div>\r\n                        <div class=\"blocks__subtitle\">lider projektu: prof. dr hab. in\u017c. Jaros\u0142aw Pola\u0144ski<\/div>\r\n                        <\/div>\r\n                     <\/a>\r\n                  \r\n                     <a href=\"https:\/\/us.edu.pl\/idb\/horyzonty\/micod\/\" class=\"thumbnail blocks__item\" style=\"background-image: url(https:\/\/us.edu.pl\/idb\/wp-content\/uploads\/sites\/72\/fotografie\/horyzonty\/IMG_20211015_112329-1.jpg)\">\r\n                        <span>wi\u0119cej<\/span>\r\n                        <div class=\"blocks__bottom\">\r\n                        <div class=\"blocks__title\">Struktura i potencja\u0142 biotechnologiczny mikrobiomu p\u0142on\u0105cych ha\u0142d pog\u00f3rniczych<\/div>\r\n                        <div class=\"blocks__subtitle\">lider projektu: dr Piotr Siupka<\/div>\r\n                        <\/div>\r\n                     <\/a>\r\n                  \r\n                     <a href=\"https:\/\/us.edu.pl\/idb\/horyzonty\/chlorophytovol\/\" class=\"thumbnail blocks__item\" style=\"background-image: url(https:\/\/us.edu.pl\/idb\/wp-content\/uploads\/sites\/72\/fotografie\/horyzonty\/nuno-marques-0GbrjL3vZF4-unsplash.jpg)\">\r\n                        <span>wi\u0119cej<\/span>\r\n                        <div class=\"blocks__bottom\">\r\n                        <div class=\"blocks__title\">Barwnikowe ogniwa fotowoltaiczne bazuj\u0105ce na nowych naturalnych barwnikach organicznych oraz nowatorskiej metodzie rozpylania ultrad\u017awi\u0119kowego<\/div>\r\n                        <div class=\"blocks__subtitle\">lider projektu: dr in\u017c. Marcin Libera<\/div>\r\n                        <\/div>\r\n                     <\/a><\/div>     \r\n               <\/div>\r\n            <\/div>[\/vc_column][\/vc_row][vc_row][vc_column]<div class=\"container\"><div class=\"separator\" style=\"background-color: #EBEBEB\"><\/div><\/div>[\/vc_column][\/vc_row][vc_row el_class=&#8221;container&#8221;][vc_column]\r\n                <div class=\"text-modules\">\r\n                    <div class=\"container\">\r\n                        \r\n                        <div class=\"text-modules__content\"><\/p>\n<h4>Laureaci i laureatki konkursu pn. \u201eHoryzont Postcovidowy\u201d<\/h4>\n<p>\n<\/div>\r\n                    <\/div>\r\n                <\/div>[\/vc_column][\/vc_row][vc_row][vc_column]\r\n\r\n            <div class=\"blocks\" style=\"text-align: \">\r\n               <div class=\"container\">\r\n                  \r\n                  <div class=\"row m-0 blocks_3\">\r\n                  \r\n                     <a href=\"https:\/\/us.edu.pl\/idb\/horyzonty\/covid-hl\/\" class=\"thumbnail blocks__item\" style=\"background-image: url(https:\/\/us.edu.pl\/idb\/wp-content\/uploads\/sites\/72\/fotografie\/horyzonty\/marco-fileccia-HE7_hMkqn9A-unsplash.jpg)\">\r\n                        <span>wi\u0119cej<\/span>\r\n                        <div class=\"blocks__bottom\">\r\n                        <div class=\"blocks__title\">Alfabetyzm zdrowotny dyrektor\u00f3w\/wicedyrektor\u00f3w szk\u00f3\u0142 w czasie pandemii COVID-19<\/div>\r\n                        <div class=\"blocks__subtitle\">liderka projektu: dr Karina Leksy<\/div>\r\n                        <\/div>\r\n                     <\/a>\r\n                  \r\n                     <a href=\"https:\/\/us.edu.pl\/idb\/horyzonty\/pocobongo\/\" class=\"thumbnail blocks__item\" style=\"background-image: url(https:\/\/us.edu.pl\/idb\/wp-content\/uploads\/sites\/72\/fotografie\/horyzonty\/prototyp.jpg)\">\r\n                        <span>wi\u0119cej<\/span>\r\n                        <div class=\"blocks__bottom\">\r\n                        <div class=\"blocks__title\">Postcovidowa rehabilitacja w oparciu o metodologie serious games<\/div>\r\n                        <div class=\"blocks__subtitle\">lider projektu: dr Tomasz Kopczy\u0144ski<\/div>\r\n                        <\/div>\r\n                     <\/a>\r\n                  \r\n                     <a href=\"https:\/\/us.edu.pl\/idb\/horyzonty\/prisoninpandemic\/\" class=\"thumbnail blocks__item\" style=\"background-image: url(https:\/\/us.edu.pl\/idb\/wp-content\/uploads\/sites\/72\/fotografie\/horyzonty\/christian-lue-2pCaSQfOIkU-unsplash.jpg)\">\r\n                        <span>wi\u0119cej<\/span>\r\n                        <div class=\"blocks__bottom\">\r\n                        <div class=\"blocks__title\">Odbywanie kary pozbawienia wolno\u015bci w warunkach pandemii \u2013 problemy i wyzwania<\/div>\r\n                        <div class=\"blocks__subtitle\">liderka projektu: dr Anna Jaworska-Wieloch<\/div>\r\n                        <\/div>\r\n                     <\/a>\r\n                  \r\n                     <a href=\"https:\/\/us.edu.pl\/idb\/horyzonty\/pcpp\/\" class=\"thumbnail blocks__item\" style=\"background-image: url(https:\/\/us.edu.pl\/idb\/wp-content\/uploads\/sites\/72\/fotografie\/horyzonty\/noah-ZsyoDh_zek4-unsplash.jpg)\">\r\n                        <span>wi\u0119cej<\/span>\r\n                        <div class=\"blocks__bottom\">\r\n                        <div class=\"blocks__title\">Przewarto\u015bciowania czas\u00f3w (po)pandemii. O ingerencji pandemii w ludzki \u015bwiat warto\u015bci i warto\u015bciowa\u0144<\/div>\r\n                        <div class=\"blocks__subtitle\">lider projektu: dr hab. Marek Rembierz, prof. U\u015a<\/div>\r\n                        <\/div>\r\n                     <\/a><\/div>     \r\n               <\/div>\r\n            <\/div>[\/vc_column][\/vc_row]<\/p>\n<p><\/p>","protected":false},"excerpt":{"rendered":"<p>[vc_row el_class=&#8221;container&#8221;][vc_column][\/vc_column][\/vc_row][vc_row content_placement=&#8221;middle&#8221; el_class=&#8221;container&#8221;][vc_column][vc_column_text el_class=&#8221;content-mobile&#8221;] [\/vc_column_text][vc_column_text el_class=&#8221;content-desktop&#8221;] [\/vc_column_text][vc_row_inner content_placement=&#8221;middle&#8221;][vc_column_inner width=&#8221;2\/3&#8243;][\/vc_column_inner][vc_column_inner width=&#8221;1\/3&#8243;][\/vc_column_inner][\/vc_row_inner][\/vc_column][\/vc_row][vc_row el_class=&#8221;container&#8221;][vc_column][\/vc_column][\/vc_row][vc_row el_class=&#8221;container&#8221;][vc_column][\/vc_column][\/vc_row][vc_row][vc_column][\/vc_column][\/vc_row][vc_row][vc_column][\/vc_column][\/vc_row][vc_row el_class=&#8221;container&#8221;][vc_column][\/vc_column][\/vc_row][vc_row][vc_column][\/vc_column][\/vc_row] [&#8230;]<\/p>\n<p><a class=\"btn btn-secondary understrap-read-more-link\" href=\"https:\/\/us.edu.pl\/idb\/horyzonty\/\">Read More&#8230;<\/a><\/p>\n","protected":false},"author":139,"featured_media":464,"parent":0,"menu_order":0,"comment_status":"closed","ping_status":"closed","template":"","meta":{"_expiration-date-status":"","_expiration-date":0,"_expiration-date-type":"","_expiration-date-categories":[],"_expiration-date-options":[]},"acf":[],"_links":{"self":[{"href":"https:\/\/us.edu.pl\/idb\/wp-json\/wp\/v2\/pages\/609"}],"collection":[{"href":"https:\/\/us.edu.pl\/idb\/wp-json\/wp\/v2\/pages"}],"about":[{"href":"https:\/\/us.edu.pl\/idb\/wp-json\/wp\/v2\/types\/page"}],"author":[{"embeddable":true,"href":"https:\/\/us.edu.pl\/idb\/wp-json\/wp\/v2\/users\/139"}],"replies":[{"embeddable":true,"href":"https:\/\/us.edu.pl\/idb\/wp-json\/wp\/v2\/comments?post=609"}],"version-history":[{"count":11,"href":"https:\/\/us.edu.pl\/idb\/wp-json\/wp\/v2\/pages\/609\/revisions"}],"predecessor-version":[{"id":1972,"href":"https:\/\/us.edu.pl\/idb\/wp-json\/wp\/v2\/pages\/609\/revisions\/1972"}],"wp:featuredmedia":[{"embeddable":true,"href":"https:\/\/us.edu.pl\/idb\/wp-json\/wp\/v2\/media\/464"}],"wp:attachment":[{"href":"https:\/\/us.edu.pl\/idb\/wp-json\/wp\/v2\/media?parent=609"}],"curies":[{"name":"wp","href":"https:\/\/api.w.org\/{rel}","templated":true}]}}