{"id":624,"date":"2022-04-15T10:42:19","date_gmt":"2022-04-15T08:42:19","guid":{"rendered":"https:\/\/us.edu.pl\/idb\/?page_id=624"},"modified":"2022-06-30T14:20:18","modified_gmt":"2022-06-30T12:20:18","slug":"lifeindust","status":"publish","type":"page","link":"https:\/\/us.edu.pl\/idb\/horyzonty\/lifeindust\/","title":{"rendered":"\u017bycie przy autostradzie \u2013 skutki nara\u017cenia ro\u015blino\u017cernych bezkr\u0119gowc\u00f3w na py\u0142 z opon"},"content":{"rendered":"<p>[vc_row][vc_column][vc_empty_space][\/vc_column][\/vc_row][vc_row][vc_column width=&#8221;1\/6&#8243;][\/vc_column][vc_column width=&#8221;4\/6&#8243;][vc_row_inner][vc_column_inner width=&#8221;1\/2&#8243;][vc_column_text]<\/p>\n<p style=\"color: white; background-color: black; display: inline-block; widthr: 30%; padding: 8px;\">LifeInDust<\/p>\n<p>[\/vc_column_text][\/vc_column_inner][vc_column_inner width=&#8221;1\/2&#8243;][\/vc_column_inner][\/vc_row_inner][vc_column_text el_class=&#8221;font-black&#8221;]<\/p>\n<p style=\"text-align: left;\"><em><span style=\"font-size: 160%; font-family: 'PT Serif';\">\u017bycie przy autostradzie \u2013 skutki nara\u017cenia ro\u015blino\u017cernych bezkr\u0119gowc\u00f3w na py\u0142 z opon<\/span><\/em><\/p>\n<p>[\/vc_column_text][vc_empty_space height=&#8221;18px&#8221;][\/vc_column][vc_column width=&#8221;1\/6&#8243;][\/vc_column][\/vc_row][vc_row][vc_column width=&#8221;1\/6&#8243;][\/vc_column][vc_column width=&#8221;4\/6&#8243;][vc_row_inner][vc_column_inner][vc_column_text el_class=&#8221;foto&#8221; css=&#8221;.vc_custom_1650348413097{margin-top: 0px !important;margin-bottom: 0px !important;border-top-width: 0px !important;border-bottom-width: 0px !important;padding-top: 0px !important;padding-bottom: 0px !important;}&#8221;]<img loading=\"lazy\" class=\"alignnone wp-image-673 size-full\" src=\"http:\/\/us.edu.pl\/idb\/wp-content\/uploads\/sites\/72\/fotografie\/horyzonty\/green-horizon-1.png\" alt=\"grafika\" width=\"8%\" height=\"auto\" \/>[\/vc_column_text][\/vc_column_inner][\/vc_row_inner][vc_column_text css=&#8221;.vc_custom_1650353775316{margin-top: 0px !important;border-top-width: 0px !important;padding-top: 15px !important;}&#8221;]<\/p>\n<p style=\"font-size: 140%; color: #000000; font-family: 'PT Sans';\">Sprawdzimy, czy fauna bezkr\u0119gowc\u00f3w wykorzystuj\u0105cych do \u017cycia ro\u015blinno\u015b\u0107 przy drogach szybkiego ruchu zmienia si\u0119 w zale\u017cno\u015bci od odleg\u0142o\u015bci od pasa ruchu. Zbadamy te\u017c, jakie inne zanieczyszczenia towarzysz\u0105 cz\u0105stkom py\u0142u z opon oraz czy cz\u0105stki, zar\u00f3wno te niezanieczyszczone dodatkowo, jak i te z towarzysz\u0105cymi zanieczyszczeniami, zjedzone przez testowane bezkr\u0119gowce, powoduj\u0105 zmiany w ich procesach \u017cyciowych.<\/p>\n<p style=\"font-size: small; color: #000000; font-family: 'PT Sans';\"><em>s\u0142owa kluczowe: fizykochemia py\u0142u, gatunki modelowe, gleba, li\u015bcie, owady<\/em><\/p>\n<hr \/>\n<p>[\/vc_column_text][vc_column_text css=&#8221;.vc_custom_1652792967099{margin-top: 0px !important;border-top-width: 0px !important;padding-top: 0px !important;}&#8221;]<\/p>\n<p style=\"font-size: 140%; color: #000000; font-family: 'PT Sans';\">Wed\u0142ug szacunk\u00f3w przeci\u0119tny samoch\u00f3d emituje dziennie 5,8 mg py\u0142u z opon na 1 przejechany kilometr. Przy \u015bredniej liczbie 50 tys. samochod\u00f3w codziennie poruszaj\u0105cych si\u0119 po jednej z polskich autostrad A4 daje to 290 g py\u0142u\/km. Taka ilo\u015b\u0107 tworzy presj\u0119 \u015brodowiskow\u0105 w postaci zanieczyszczenia trafiaj\u0105cego do r\u00f3\u017cnych organizm\u00f3w \u017cyj\u0105cych przy tej drodze szybkiego ruchu. Py\u0142 przedostaje si\u0119 do gleby czy w\u00f3d gruntowych, utrzymuje si\u0119 te\u017c na ro\u015blinach. Jest wi\u0119c albo wdychany, albo spo\u017cywany przez te organizmy. Co wi\u0119cej, po\u015brednie oddzia\u0142ywanie py\u0142u polega na zdolno\u015bci do poch\u0142aniania lub adsorpcji innego rodzaju zanieczyszcze\u0144, takich jak metale pochodz\u0105ce ze \u015bcierania klock\u00f3w hamulcowych.<\/p>\n<p style=\"font-size: 140%; color: #000000; font-family: 'PT Sans';\">Celem projektu jest analiza skutk\u00f3w tego typu emisji dla ekosystem\u00f3w glebowych i wodnych. Nie do\u015b\u0107 dok\u0142adnie s\u0105 r\u00f3wnie\u017c zbadane interakcje mikrocz\u0105stek powsta\u0142ych w wyniku \u015bcierania opon z innymi typami zanieczyszcze\u0144. Cz\u0142onkowie zespo\u0142u projektowego zrealizuj\u0105 go na dw\u00f3ch uzupe\u0142niaj\u0105cych si\u0119 p\u0142aszczyznach: w badaniach terenowych, pobieraj\u0105c pr\u00f3by gleby, ro\u015blin i bezkr\u0119gowc\u00f3w oraz podczas test\u00f3w laboratoryjnych, w kt\u00f3rych w kontrolowanych warunkach analizowa\u0107 b\u0119d\u0105 skutki nara\u017cenia organizm\u00f3w modelowych na r\u00f3\u017cne rodzaje py\u0142u.<\/p>\n<p style=\"font-size: 140%; color: #000000; font-family: 'PT Sans';\">Badania prowadzi\u0107 b\u0119dziemy w dw\u00f3ch lokalizacjach: zurbanizowanym, bezle\u015bnym terenie przy skrzy\u017cowaniu trasy 86 z ulicami Wiejsk\u0105 (Czelad\u017a) i J\u00f3zefa Pi\u0142sudskiego (B\u0119dzin), w pobli\u017cu centrum handlowego (<a href=\"https:\/\/www.google.com\/maps\/place\/50\u00b018'50.5&quot;N+19\u00b006'32.2&quot;E\/@50.3140214,19.1067563,17z\/\">50.314018, 19.108945<\/a>) oraz w terenie zalesionym przy tej samej trasie przy skrzy\u017cowaniu z ulic\u0105 Katowick\u0105 w Tychach (<a href=\"https:\/\/www.google.com\/maps\/place\/50\u00b009'55.6&quot;N+19\u00b000'57.3&quot;E\/@50.1654364,19.0137283,17z\/\">50.165433, 19.015917<\/a>).<\/p>\n<p>[\/vc_column_text]<div class=\"container\"><div class=\"separator\" style=\"background-color: #000000\"><\/div><\/div>[\/vc_column][vc_column width=&#8221;1\/6&#8243;][\/vc_column][\/vc_row][vc_row el_class=&#8221;font-black content-mobile&#8221;][vc_column width=&#8221;1\/6&#8243;][\/vc_column][vc_column width=&#8221;5\/6&#8243;][vc_row_inner][vc_column_inner width=&#8221;1\/2&#8243;][vc_column_text css=&#8221;.vc_custom_1650352295489{margin-top: 0px !important;margin-bottom: 0px !important;border-top-width: 0px !important;border-bottom-width: 0px !important;padding-top: 0px !important;padding-right: 10px !important;padding-bottom: 0px !important;padding-left: 20px !important;}&#8221;]<small><span style=\"letter-spacing: 0.2mm; color: #333333; font-size: 100%;\">LIDERKA PROJEKTU<\/span><\/small>[\/vc_column_text][\/vc_column_inner][vc_column_inner width=&#8221;1\/2&#8243;][\/vc_column_inner][\/vc_row_inner][vc_column_text css=&#8221;.vc_custom_1650352357943{padding-left: 20px !important;}&#8221;]<span style=\"font-size: 100%; font-family: 'PT Sans'; color: black;\">dr hab. <\/span><span style=\"font-size: 160%; font-family: 'PT Sans';\">AGNIESZKA BABCZY\u0143SKA, <\/span><span style=\"font-size: 100%; font-family: 'PT Sans';\">prof. U\u015a<\/span>[\/vc_column_text][vc_row_inner content_placement=&#8221;middle&#8221;][vc_column_inner width=&#8221;1\/3&#8243;][vc_column_text el_class=&#8221;foto&#8221;]<\/p>\n<p style=\"text-align: center;\"><img loading=\"lazy\" class=\"alignnone wp-image-146008 size-full\" src=\"http:\/\/us.edu.pl\/idb\/wp-content\/uploads\/sites\/72\/fotografie\/horyzonty\/AgnieszkaBabczynska-1.jpg\" alt=\"prof. Agnieszka Babczy\u0144ska\" width=\"100%\" height=\"auto\" \/><\/p>\n<p>[\/vc_column_text][vc_column_text css=&#8221;.vc_custom_1650351394168{margin-top: 0px !important;border-top-width: 0px !important;padding-top: 0px !important;}&#8221;]<\/p>\n<p style=\"text-align: center;\"><span style=\"color: #808080; font-size: small;\"><em>fot. Ma\u0142gorzata Dymowska<\/em><\/span><\/p>\n<p>[\/vc_column_text][\/vc_column_inner][vc_column_inner width=&#8221;2\/3&#8243;][vc_column_text css=&#8221;.vc_custom_1650352388446{margin-left: 25px !important;border-left-width: 1px !important;padding-left: 15px !important;border-left-color: #000000 !important;border-left-style: solid !important;}&#8221;]<\/p>\n<p style=\"font-size: small;\"><strong>dr hab. Agnieszka Babczy\u0144ska, prof. U\u015a<\/strong><br \/>\nInstytut Biologii, Biotechnologii i Ochrony \u015arodowiska<br \/>\nWydzia\u0142 Nauk Przyrodniczych<br \/>\ne-mail: <a href=\"mailto:agnieszka.babczynska@us.edu.pl\">agnieszka.babczynska@us.edu.pl<\/a><br \/>\ntel.: +48 32 359 12 35<\/p>\n<p>[\/vc_column_text][\/vc_column_inner][\/vc_row_inner][vc_tta_accordion style=&#8221;flat&#8221; shape=&#8221;round&#8221; color=&#8221;black&#8221; spacing=&#8221;5&#8243; c_icon=&#8221;triangle&#8221; active_section=&#8221;0&#8243; no_fill=&#8221;true&#8221; collapsible_all=&#8221;true&#8221;][vc_tta_section title=&#8221;cz\u0142onkowie zespo\u0142u&#8221; tab_id=&#8221;lifeindust&#8221;][vc_column_text el_class=&#8221;font-black&#8221;]<\/p>\n<ul>\n<li style=\"font-size: small;\">dr Monika Tarnawska, Uniwersytet \u015al\u0105ski w Katowicach<\/li>\n<li style=\"font-size: small;\">dr hab. Jolanta Bro\u017cek, prof. U\u015a, Uniwersytet \u015al\u0105ski w Katowicach<\/li>\n<li style=\"font-size: small;\">prof. dr hab. Maria Augustyniak, Uniwersytet \u015al\u0105ski w Katowicach<\/li>\n<li style=\"font-size: small;\">dr Bartosz \u0141ozowski, Uniwersytet \u015al\u0105ski w Katowicach<\/li>\n<li style=\"font-size: small;\">dr Marta Sawadro, Uniwersytet \u015al\u0105ski w Katowicach<\/li>\n<li style=\"font-size: small;\">mgr Agnieszka Czerwonka, Uniwersytet \u015al\u0105ski w Katowicach<\/li>\n<li style=\"font-size: small;\">dr Magdalena Kowalewska-Groszkowska, Muzeum i Instytut Zoologii Polskiej Akademii Nauk w Warszawie<\/li>\n<li style=\"font-size: small;\">dr J\u016brat\u0117 \u017daltauskait\u0117, Vytautas Magnus University, Kaunas, Lithuania<\/li>\n<li style=\"font-size: small;\">dr Gintar\u0117 Sujetovien\u0117, Vytautas Magnus University, Kaunas, Lithuania<\/li>\n<li style=\"font-size: small;\">prof. Monia Renzi, University of Trieste, Italy<\/li>\n<li style=\"font-size: small;\">prof. Piero G. Giulianini University of Trieste, Italy<\/li>\n<li style=\"font-size: small;\">dr Anita Giglio, University of Calabria, Italy<\/li>\n<li style=\"font-size: small;\">dr Jean-Luc Jaffrezo, University of Grenoble Alpes, Grenoble, France<\/li>\n<li style=\"font-size: small;\">dr Ga\u00eblle Uzu, University of Grenoble Alpes,Grenoble, France<\/li>\n<\/ul>\n<p>[\/vc_column_text][\/vc_tta_section][\/vc_tta_accordion][\/vc_column][\/vc_row][vc_row][vc_column width=&#8221;1\/6&#8243;][\/vc_column][vc_column width=&#8221;5\/6&#8243; css=&#8221;.vc_custom_1650357928922{background-color: #f2f2f2 !important;}&#8221;]\r\n                <div class=\"text-modules\">\r\n                    <div class=\"container\">\r\n                        \r\n                        <div class=\"text-modules__content\"><\/p>\n<h4 style=\"padding-left: 15px;\">Wi\u0119cej o projekcie<\/h4>\n<p>\n<\/div>\r\n                    <\/div>\r\n                <\/div>[vc_row_inner content_placement=&#8221;top&#8221;][vc_column_inner width=&#8221;1\/2&#8243;][vc_column_text css=&#8221;.vc_custom_1650359630649{margin-bottom: 0px !important;border-bottom-width: 0px !important;padding-right: 10px !important;padding-bottom: 10px !important;padding-left: 15px !important;}&#8221;]<img loading=\"lazy\" class=\"alignnone wp-image-738 size-full\" src=\"http:\/\/us.edu.pl\/idb\/wp-content\/uploads\/sites\/72\/fotografie\/horyzonty\/guma-10-min0006.jpg\" alt=\"zdj\u0119cie gumy spod mikroskopu\" width=\"100%\" height=\"auto\" srcset=\"https:\/\/us.edu.pl\/idb\/wp-content\/uploads\/sites\/72\/fotografie\/horyzonty\/guma-10-min0006.jpg 753w, https:\/\/us.edu.pl\/idb\/wp-content\/uploads\/sites\/72\/fotografie\/horyzonty\/guma-10-min0006-565x600.jpg 565w, https:\/\/us.edu.pl\/idb\/wp-content\/uploads\/sites\/72\/fotografie\/horyzonty\/guma-10-min0006-541x575.jpg 541w\" sizes=\"(max-width: 753px) 100vw, 753px\" \/>[\/vc_column_text][vc_column_text css=&#8221;.vc_custom_1650359642053{margin-top: 0px !important;border-top-width: 0px !important;padding-top: 0px !important;padding-right: 20px !important;padding-left: 20px !important;}&#8221;]<\/p>\n<p style=\"text-align: center;\"><span style=\"color: #808080; font-size: small;\"><span style=\"color: #000000;\">Cz\u0105stki py\u0142u z opon uzyskane w laboratorium, obserwowane <\/span><span style=\"color: #000000;\">w mikroskopie skaningowym Phenom XL<\/span><em><br \/>\nfot. Jolanta Bro\u017cek<\/em><\/span><\/p>\n<p>[\/vc_column_text][\/vc_column_inner][vc_column_inner width=&#8221;1\/2&#8243;][vc_column_text css=&#8221;.vc_custom_1650459698606{padding-right: 15px !important;padding-left: 15px !important;}&#8221;]<span style=\"color: #333333; font-size: small;\">artyku\u0142 popularnonaukowy<\/span><\/p>\n<h4><strong>Autostrada z perspektywy m\u0105cznika, d\u017cd\u017cownicy i rozwielitki<\/strong><\/h4>\n<p><span style=\"color: #333333; font-size: small;\">\u201eGazeta Uniwersytecka U\u015a\u201d nr 7 (297)\/2022<\/span><\/p>\n<p style=\"font-size: 140%; color: #000000; font-family: 'PT Sans';\">Na ca\u0142ym \u015bwiecie ch\u0119tnie korzysta si\u0119 z autostrad. Znacznie u\u0142atwiaj\u0105 nam podr\u00f3\u017cowanie, zmniejszaj\u0105 zu\u017cycie paliwa, s\u0105 bezpieczniejsze. Jak jednak taka infrastruktura wp\u0142ywa na jako\u015b\u0107 \u017cycia zwierz\u0105t? \u2013 To \u015bwiat przewr\u00f3cony do g\u00f3ry nogami, kt\u00f3rego ucz\u0105 si\u0119 od nowa \u2013 m\u00f3wi dr hab. Agnieszka Babczy\u0144ska, prof. U\u015a, laureatka konkursu IDB pn. \u201eZielony Horyzont\u201d. Biolo\u017cka wraz z mi\u0119dzynarodowym zespo\u0142em bada skutki nara\u017cenia ro\u015blino\u017cernych bezkr\u0119gowc\u00f3w na py\u0142 z opon&#8230;<\/p>\n<p style=\"font-size: 140%; color: #000000; font-family: 'PT Sans'; padding-right: 15px; text-align: right;\"><a href=\"https:\/\/us.edu.pl\/autostrada-z-perspektywy-macznika-dzdzownicy-i-rozwielitki\/\"><em>przeczytaj artyku\u0142<\/em><\/a><\/p>\n<p>[\/vc_column_text][\/vc_column_inner][\/vc_row_inner][\/vc_column][\/vc_row][vc_row][vc_column width=&#8221;1\/6&#8243;][\/vc_column][vc_column width=&#8221;4\/6&#8243;]\r\n                <div class=\"text-modules\">\r\n                    <div class=\"container\">\r\n                        \r\n                        <div class=\"text-modules__content\"><\/p>\n<h4>Aktualno\u015bci<\/h4>\n<p>\n<\/div>\r\n                    <\/div>\r\n                <\/div>[vc_row_inner][vc_column_inner][vc_column_text]<\/p>\n<p><span style=\"color: #333333; font-size: small;\"><em>19.04.2022<\/em><\/span><\/p>\n<p style=\"font-size: 140%; color: #000000; font-family: 'PT Sans';\">Ocenili\u015bmy ilo\u015bciowo py\u0142 w badanych lokalizacjach w przeliczeniu na powierzchni\u0119 oraz such\u0105 mas\u0119 li\u015bci. To pozwoli nam odwzorowa\u0107 warunki terenowe w laboratorium. Ponadto zebrane pr\u00f3bki gleby i\u00a0li\u015bci przes\u0142ane zosta\u0142y do partner\u00f3w na Litwie, gdzie zostan\u0105 u\u017cyte jako pokarm i\/lub \u015brodowisko \u017cycia dla gatunk\u00f3w modelowych: d\u017cd\u017cownic i rozwielitek w warunkach laboratoryjnych oraz we Francji, gdzie poddane zostan\u0105 analizom tych z w\u0142a\u015bciwo\u015bci py\u0142\u00f3w, kt\u00f3re mog\u0105 odpowiada\u0107 za ich prooksydacyjny (jedna z przyczyn toksyczno\u015bci) charakter. W laboratoriach Uniwersytetu \u015al\u0105skiego w Katowicach pozyskujemy py\u0142 referencyjny ze \u015bcieranych opon, pozbawiony domieszek innych zanieczyszcze\u0144 zwi\u0105zanych z ruchem drogowym. Lada chwila poddamy jego dzia\u0142aniu owady modelowe: osobniki m\u0105cznika m\u0142ynarka.<\/p>\n<p>[\/vc_column_text][\/vc_column_inner][\/vc_row_inner][\/vc_column][vc_column width=&#8221;1\/6&#8243;][\/vc_column][\/vc_row]<\/p>","protected":false},"excerpt":{"rendered":"<p>[vc_row][vc_column][vc_empty_space][\/vc_column][\/vc_row][vc_row][vc_column width=&#8221;1\/6&#8243;][\/vc_column][vc_column width=&#8221;4\/6&#8243;][vc_row_inner][vc_column_inner width=&#8221;1\/2&#8243;][vc_column_text] LifeInDust [\/vc_column_text][\/vc_column_inner][vc_column_inner width=&#8221;1\/2&#8243;][\/vc_column_inner][\/vc_row_inner][vc_column_text el_class=&#8221;font-black&#8221;] \u017bycie przy autostradzie \u2013 skutki nara\u017cenia ro\u015blino\u017cernych bezkr\u0119gowc\u00f3w na py\u0142 z opon [\/vc_column_text][vc_empty_space height=&#8221;18px&#8221;][\/vc_column][vc_column width=&#8221;1\/6&#8243;][\/vc_column][\/vc_row][vc_row][vc_column width=&#8221;1\/6&#8243;][\/vc_column][vc_column width=&#8221;4\/6&#8243;][vc_row_inner][vc_column_inner][vc_column_text el_class=&#8221;foto&#8221; css=&#8221;.vc_custom_1650348413097{margin-top: 0px !important;margin-bottom: 0px !important;border-top-width: 0px !important;border-bottom-width: 0px !important;padding-top: 0px !important;padding-bottom: 0px !important;}&#8221;][\/vc_column_text][\/vc_column_inner][\/vc_row_inner][vc_column_text css=&#8221;.vc_custom_1650353775316{margin-top: 0px !important;border-top-width: 0px !important;padding-top: 15px !important;}&#8221;] Sprawdzimy, czy fauna bezkr\u0119gowc\u00f3w wykorzystuj\u0105cych do \u017cycia ro\u015blinno\u015b\u0107 przy [&#8230;]<\/p>\n<p><a class=\"btn btn-secondary understrap-read-more-link\" href=\"https:\/\/us.edu.pl\/idb\/horyzonty\/lifeindust\/\">Read More&#8230;<\/a><\/p>\n","protected":false},"author":139,"featured_media":0,"parent":609,"menu_order":0,"comment_status":"closed","ping_status":"closed","template":"page-templates\/page-with-sidebar.php","meta":{"_expiration-date-status":"","_expiration-date":0,"_expiration-date-type":"","_expiration-date-categories":[],"_expiration-date-options":[]},"acf":[],"_links":{"self":[{"href":"https:\/\/us.edu.pl\/idb\/wp-json\/wp\/v2\/pages\/624"}],"collection":[{"href":"https:\/\/us.edu.pl\/idb\/wp-json\/wp\/v2\/pages"}],"about":[{"href":"https:\/\/us.edu.pl\/idb\/wp-json\/wp\/v2\/types\/page"}],"author":[{"embeddable":true,"href":"https:\/\/us.edu.pl\/idb\/wp-json\/wp\/v2\/users\/139"}],"replies":[{"embeddable":true,"href":"https:\/\/us.edu.pl\/idb\/wp-json\/wp\/v2\/comments?post=624"}],"version-history":[{"count":11,"href":"https:\/\/us.edu.pl\/idb\/wp-json\/wp\/v2\/pages\/624\/revisions"}],"predecessor-version":[{"id":2074,"href":"https:\/\/us.edu.pl\/idb\/wp-json\/wp\/v2\/pages\/624\/revisions\/2074"}],"up":[{"embeddable":true,"href":"https:\/\/us.edu.pl\/idb\/wp-json\/wp\/v2\/pages\/609"}],"wp:attachment":[{"href":"https:\/\/us.edu.pl\/idb\/wp-json\/wp\/v2\/media?parent=624"}],"curies":[{"name":"wp","href":"https:\/\/api.w.org\/{rel}","templated":true}]}}