{"id":1600,"date":"2020-10-23T10:17:54","date_gmt":"2020-10-23T08:17:54","guid":{"rendered":"https:\/\/us.edu.pl\/instytut\/ibbios\/?page_id=1600"},"modified":"2026-03-23T10:12:08","modified_gmt":"2026-03-23T09:12:08","slug":"obrony-doktorskie","status":"publish","type":"page","link":"https:\/\/us.edu.pl\/instytut\/ibbios\/awanse-naukowe\/obrony-doktorskie\/","title":{"rendered":"Obrony doktorskie"},"content":{"rendered":"<p>[vc_row][vc_column]\r\n\r\n            <div class=\"blocks\" style=\"text-align: \">\r\n               <div class=\"container\">\r\n                  <div class=\"page-title\">Nadchodz\u0105ce obrony doktorskie<\/div>\r\n                  <div class=\"row m-0 blocks_3\">\r\n                  \r\n                     <a href=\"https:\/\/us.edu.pl\/instytut\/ibbios\/event\/publiczna-obrona-rozprawy-doktorskiej-mgr-joanna-skrzydel\/\" class=\"thumbnail blocks__item\" style=\"background-image: url(https:\/\/us.edu.pl\/instytut\/ibbios\/wp-content\/uploads\/sites\/36\/obrony\/sebastian-latorre-p-wRiV5Pg_0-unsplash-scaled-e1677831791450-1024x769.jpg)\">\r\n                        <span>wi\u0119cej<\/span>\r\n                        <div class=\"blocks__bottom\">\r\n                        <div class=\"blocks__title\">Mgr Joanna Skrzyde\u0142<\/div>\r\n                        <div class=\"blocks__subtitle\">\u201eDynamics of composition and structure of Arabidopsis thaliana cell walls in sepal epidermis\u201d<\/div>\r\n                        <\/div>\r\n                     <\/a>\r\n                  \r\n                     <a href=\"https:\/\/us.edu.pl\/instytut\/ibbios\/event\/publiczna-obrona-rozprawy-doktorskiej-mgr-anna-pompka\/\" class=\"thumbnail blocks__item\" style=\"background-image: url(https:\/\/us.edu.pl\/instytut\/ibbios\/wp-content\/uploads\/sites\/36\/obrony\/sebastian-latorre-p-wRiV5Pg_0-unsplash-scaled-e1677831791450-1024x769.jpg)\">\r\n                        <span>wi\u0119cej<\/span>\r\n                        <div class=\"blocks__bottom\">\r\n                        <div class=\"blocks__title\">Mgr Anna Pompka<\/div>\r\n                        <div class=\"blocks__subtitle\">\u201eSprawno\u015b\u0107 detoksykacyjna biedronek owe\u0142nicy lucernianki, Subcoccinella vigintiquatuorpunctata L., \u017ceruj\u0105cych na ro\u015blinach \u017cywicielskich o zr\u00f3\u017cnicowanej zawarto\u015bci kadmu i cynku oraz flawonoid\u00f3w.\u201d<\/div>\r\n                        <\/div>\r\n                     <\/a><\/div>     \r\n               <\/div>\r\n            <\/div><div class=\"container\"><div class=\"separator\" style=\"background-color: #002E5A\"><\/div><\/div>\r\n                <div class=\"text-modules\">\r\n                    <div class=\"container\">\r\n                        <h3 class=\"page-title text__title\">Zako\u0144czone przewody i post\u0119powania<\/h3>\r\n                        <div class=\"text-modules__content\"><\/div>\r\n                    <\/div>\r\n                <\/div>\r\n\t\t\t\t<div class='container'>\r\n\t\t\t\t\t<div class='list-links list-links_'>\r\n\t\t\t\t\t\t  <h2 class='section-title'>2026<\/h2>\r\n\t\t\t\t\t\t  <ul>\r\n\t\t\t\t\t\t\t\t<li><a href='https:\/\/us.edu.pl\/instytut\/ibbios\/event\/publiczna-obrona-rozprawy-doktorskiej-mgr-magdalena-korek\/'><p>Mgr Magdalena Korek - \u201ePoznanie szlak\u00f3w transdukcji sygna\u0142u strigolakton\u00f3w u j\u0119czmienia.\u201d<\/p><\/a><\/li><\/ul>\r\n\t\t\t\t\t<\/div>\r\n\t\t\t\t<\/div>   \r\n\t\t\t\t\t\r\n\t\t\t\t<div class='container'>\r\n\t\t\t\t\t<div class='list-links list-links_'>\r\n\t\t\t\t\t\t  <h2 class='section-title'>2025<\/h2>\r\n\t\t\t\t\t\t  <ul>\r\n\t\t\t\t\t\t\t\t<li><a href='https:\/\/us.edu.pl\/instytut\/ibbios\/event\/publiczna-obrona-rozprawy-doktorskiej-mgr-dana-trunova\/'><p>Mgr Dana Trunova - \u201eRepetitive DNA sequences and the evolution of the Brachypodium genus\u201d<\/p><\/a><\/li>\r\n\t\t\t\t\t\t\t\t<li><a href='https:\/\/us.edu.pl\/instytut\/ibbios\/event\/publiczna-obrona-rozprawy-doktorskiej-mgr-reyhaneh-seyed-alian\/'><p>Mgr Reyhaneh Seyed Alian - \u201eWp\u0142yw tlenku grafenu, nanocz\u0105stek srebra oraz kompozytu tlenku grafenu i nanocz\u0105stek srebra na funkcje pokarmowe Acheta domesticus\u201d<\/p><\/a><\/li>\r\n\t\t\t\t\t\t\t\t<li><a href='https:\/\/us.edu.pl\/instytut\/ibbios\/event\/publiczna-obrona-rozprawy-doktorskiej-mgr-ewa-sybilska\/'><p>Mgr Ewa Sybilska - \u201eMolekularne mechanizmy sygnalizacji kwasu abscysynowego (ABA) podczas kie\u0142kowania ziarniak\u00f3w j\u0119czmienia zwyczajnego (Hordeum vulgare L.) ze szczeg\u00f3lnym uwzgl\u0119dnieniem roli j\u0105drowego kompleksu wi\u0105\u017c\u0105cego czapeczk\u0119 mRNA (CBC)\u201d<\/p><\/a><\/li>\r\n\t\t\t\t\t\t\t\t<li><a href='https:\/\/us.edu.pl\/instytut\/ibbios\/event\/publiczna-obrona-rozprawy-doktorskiej-mgr-renee-perez-perez\/'><p>Mgr Rene\u00e9 P\u00e9rez P\u00e9rez - \"Protoplast-based approaches in Fagopyrum esculentum Moench. and Fagopyrum tataricum (L.) Gaertn: insights into growth regulation, regeneration efficiency and hybrid cell wall dynamics\"<\/p><\/a><\/li>\r\n\t\t\t\t\t\t\t\t<li><a href='https:\/\/us.edu.pl\/instytut\/ibbios\/event\/publiczna-obrona-rozprawy-doktorskiej-mgr-inz-magdalena-zaranek\/'><p>Mgr in\u017c. Magdalena Zaranek - \"Badania nad prze\u0142amaniem latencji podzia\u0142owej, rozwojem kolonii kom\u00f3rkowych oraz regeneracj\u0105 ro\u015blin w kulturach protoplast\u00f3w Fagopyrum esculentum Moench. oraz Fagopyrum tataricum (L.) Gaertn.\"<\/p><\/a><\/li>\r\n\t\t\t\t\t\t\t\t<li><a href='https:\/\/us.edu.pl\/instytut\/ibbios\/event\/publiczna-obrona-rozprawy-doktorskiej-mgr-alicja-tomasiak\/'><p>Mgr Alicja Tomasiak - \u201eKompleksowa analiza epigenetyczna proces\u00f3w reprogramowania kom\u00f3rkowego w tkankach hodowanych in vitro oraz in vivo - badania por\u00f3wnawcze gatunk\u00f3w Fagopyrum\u201d<\/p><\/a><\/li><\/ul>\r\n\t\t\t\t\t<\/div>\r\n\t\t\t\t<\/div>   \r\n\t\t\t\t\t\r\n\t\t\t\t<div class='container'>\r\n\t\t\t\t\t<div class='list-links list-links_'>\r\n\t\t\t\t\t\t  <h2 class='section-title'>2024<\/h2>\r\n\t\t\t\t\t\t  <ul>\r\n\t\t\t\t\t\t\t\t<li><a href='https:\/\/us.edu.pl\/instytut\/ibbios\/event\/publiczna-obrona-rozprawy-doktorskiej-mgr-monika-olszewska\/'><p>Mgr Monika Olszewska - \u201eAnaliza wzrostu \u0142agiewek py\u0142kowych Hyacinthus orientalis L., segment\u00f3w koleoptyli oraz ca\u0142ych siewek kukurydzy Zea mays L., za pomoc\u0105 technik p\u00f3\u0142przewodnikowego obwodu fotowoltaicznego lub funkcjona\u0142u wzrostu\u201d<\/p><\/a><\/li>\r\n\t\t\t\t\t\t\t\t<li><a href='https:\/\/us.edu.pl\/instytut\/ibbios\/event\/publiczna-obrona-rozprawy-doktorskiej-mgr-katarzyna-gajek\/'><p>Mgr Katarzyna Gajek - \u201eAnaliza funkcjonalna gen\u00f3w potencjalnie zwi\u0105zanych z rozwojem w\u0142o\u015bnik\u00f3w u j\u0119czmienia (Hordeum vulgare L.)\u201d<\/p><\/a><\/li>\r\n\t\t\t\t\t\t\t\t<li><a href='https:\/\/us.edu.pl\/instytut\/ibbios\/event\/publiczna-obrona-rozprawy-doktorskiej-mgr-lukasz-gajda\/'><p>Mgr \u0141ukasz Gajda - \u201ePozycja troficzna wazonkowca bia\u0142ego (Enchytraeus albidus) w kontek\u015bcie bada\u0144 molekularnych\u201d<\/p><\/a><\/li>\r\n\t\t\t\t\t\t\t\t<li><a href='https:\/\/us.edu.pl\/instytut\/ibbios\/event\/publiczna-obrona-rozprawy-doktorskiej-mgr-justyna-czaja\/'><p>Mgr Justyna Czaja - \u201eKszta\u0142towanie si\u0119 strefy ekotonowej zbiorowisk le\u015bnych w zale\u017cno\u015bci od zr\u00f3\u017cnicowanego otoczenia\"<\/p><\/a><\/li>\r\n\t\t\t\t\t\t\t\t<li><a href='https:\/\/us.edu.pl\/instytut\/ibbios\/event\/publiczna-obrona-rozprawy-doktorskiej-mgr-lukasz-radosz\/'><p>Mgr \u0141ukasz Radosz - \u201eR\u00f3\u017cnorodno\u015b\u0107 taksonomiczna i funkcjonalna, jako czynniki determinuj\u0105ce respiracj\u0119 pod\u0142o\u017ca w p\u0142atach spontanicznej ro\u015blinno\u015bci na zwa\u0142ach ska\u0142y p\u0142onnej\"<\/p><\/a><\/li>\r\n\t\t\t\t\t\t\t\t<li><a href='https:\/\/us.edu.pl\/instytut\/ibbios\/event\/publiczna-obrona-rozprawy-doktorskiej-mgr-kinga-surmiak-stalmach\/'><p>Mgr Kinga Surmiak-Stalmach - \u201eOcena parametr\u00f3w kom\u00f3rkowych wybranych narz\u0105d\u00f3w oraz fizykochemicznych w\u0142a\u015bciwo\u015bci prz\u0119dzy \u0142ownej samic paj\u0105ka Steatoda grossa (Theridiidae) w aspekcie kr\u00f3tko- i d\u0142ugoterminowej ekspozycji na nanocz\u0105stki srebra\"<\/p><\/a><\/li>\r\n\t\t\t\t\t\t\t\t<li><a href='https:\/\/us.edu.pl\/instytut\/ibbios\/event\/publiczna-obrona-rozprawy-doktorskiej-mgr-serhii-mykhailyk\/'><p>Mgr Serhii Mykhailyk - \u201eEvolution of 35S rRNA gene loci in selected genotypes of allotetraploid model grass Brachypodium hybridum\"<\/p><\/a><\/li><\/ul>\r\n\t\t\t\t\t<\/div>\r\n\t\t\t\t<\/div>   \r\n\t\t\t\t\t\r\n\t\t\t\t<div class='container'>\r\n\t\t\t\t\t<div class='list-links list-links_'>\r\n\t\t\t\t\t\t  <h2 class='section-title'>2023<\/h2>\r\n\t\t\t\t\t\t  <ul>\r\n\t\t\t\t\t\t\t\t<li><a href='https:\/\/us.edu.pl\/instytut\/ibbios\/event\/publiczne-obrony-rozpraw-doktorskich-mgr-nikolina-skowronska\/'><p>Mgr Nikolina Skowro\u0144ska - \u201eFormation of vascular pattern in Arabidopsis leaf primordia\"<\/p><\/a><\/li>\r\n\t\t\t\t\t\t\t\t<li><a href='https:\/\/us.edu.pl\/instytut\/ibbios\/event\/publiczne-obrony-rozpraw-doktorskich-mgr-bartosz-baran\/'><p>Mgr Bartosz Baran - \u201ePercepcja geometrycznych cech \u015brodowiska w zachowaniach nawigacyjnych owad\u00f3w na przyk\u0142adzie \u015bwierszcza domowego (Acheta domesticus)\"<\/p><\/a><\/li>\r\n\t\t\t\t\t\t\t\t<li><a href='https:\/\/us.edu.pl\/instytut\/ibbios\/event\/publiczna-obrona-rozprawy-doktorskiej-mgr-zaneta-gieron\/'><p>Mgr \u017baneta Giero\u0144 - \u201eTolerancja i akumulacja metali ci\u0119\u017ckich u Arabidopsis arenosa \u2013 badania terenowe i laboratoryjne nad mechanizmami hyperakumulacji\"<\/p><\/a><\/li>\r\n\t\t\t\t\t\t\t\t<li><a href='https:\/\/us.edu.pl\/instytut\/ibbios\/event\/publiczne-obrony-rozpraw-doktorskich-mgr-daria-chlebek\/'><p>Mgr Daria Chlebek - \u201eIdentyfikacja i uwarunkowania genetyczne antagonistycznych oddzia\u0142ywa\u0144 endofitycznych szczep\u00f3w Pseudomonas fluorescens BRZ63 i Serratia quinivorans KP32 z fitopatogenami grzybowymi\"<\/p><\/a><\/li>\r\n\t\t\t\t\t\t\t\t<li><a href='https:\/\/us.edu.pl\/instytut\/ibbios\/event\/publiczne-obrony-rozpraw-doktorskich-mgr-anna-ostrozka\/'><p>Mgr Anna Ostr\u00f3\u017cka - \u201eAnaliza zmian w strukturze i ultrastrukturze kom\u00f3rek nab\u0142onka jelita \u015brodkowego s\u0142odkowodnej krewetki, Neocaridina davidi (Crustacea, Malacostraca) wywo\u0142anych obecno\u015bci\u0105 niklu w \u015brodowisku \u017cycia\"<\/p><\/a><\/li>\r\n\t\t\t\t\t\t\t\t<li><a href='https:\/\/us.edu.pl\/instytut\/ibbios\/event\/publiczne-obrony-rozpraw-doktorskich-mgr-sebastian-kus\/'><p>Mgr Sebastian Ku\u015b - \u201eOpracowanie oraz implementacja systemu wczesnego ostrzegania o zagro\u017ceniach \u015brodowiskowych dedykowanego u\u017cytkownikom oraz administratorom publicznych o\u015brodk\u00f3w rekreacyjno-sportowych\"<\/p><\/a><\/li>\r\n\t\t\t\t\t\t\t\t<li><a href='https:\/\/us.edu.pl\/instytut\/ibbios\/event\/publiczna-obrona-rozprawy-doktorskiej-mgr-joanna-srobka\/'><p>Mgr Joanna \u015ar\u00f3bka - \u201eBadania morfometryczne system\u00f3w korzeniowych wybranych ro\u015blin u\u017cytkowych rosn\u0105cych w o\u015brodkach charakteryzuj\u0105cych si\u0119 r\u00f3\u017cnymi w\u0142a\u015bciwo\u015bciami fizycznymi\"<\/p><\/a><\/li>\r\n\t\t\t\t\t\t\t\t<li><a href='https:\/\/us.edu.pl\/instytut\/ibbios\/event\/publiczna-obrona-rozprawy-doktorskiej-mgr-natalia-kaszyca-taszakowska\/'><p>Mgr Natalia Kaszyca-Taszakowska - \u201ePrzystosowania strukturalne mszyc do mutualistycznej relacji z mr\u00f3wkami\"<\/p><\/a><\/li>\r\n\t\t\t\t\t\t\t\t<li><a href='https:\/\/us.edu.pl\/instytut\/ibbios\/event\/publiczna-obrona-rozprawy-doktorskiej-mgr-kamil-janelt\/'><p>Mgr Kamil Janelt - \u201eWieloaspektowa analiza encystacji niesporczaka Thulinius ruffoi (Tardigrada, Isohypsibioidea: Doryphoribiidae)\u201d<\/p><\/a><\/li>\r\n\t\t\t\t\t\t\t\t<li><a href='https:\/\/us.edu.pl\/instytut\/ibbios\/event\/publiczna-obrona-rozprawy-doktorskiej-mgr-oliwia-metryka\/'><p>Mgr Oliwia Metryka - \u201eIndukcja stresu oksydacyjnego w kom\u00f3rkach bakterii przez wybrane nanocz\u0105stki metaliczne oraz jego zwi\u0105zek z aktywno\u015bci\u0105 przeciwdrobnoustrojow\u0105\u201d<\/p><\/a><\/li>\r\n\t\t\t\t\t\t\t\t<li><a href='https:\/\/us.edu.pl\/instytut\/ibbios\/event\/publiczna-obrona-rozprawy-doktorskiej-mgr-paulina-zieleznik-rusinowska\/'><p>Mgr Paulina Ziele\u017anik-Rusinowska - \u201eWp\u0142yw nawo\u017cenia i inokulacji mykoryzowej na wybrane parametry fizjologiczne u czterech gatunk\u00f3w ro\u015blin spontanicznie zasiedlaj\u0105cych zwa\u0142y ska\u0142y p\u0142onnej\u201d<\/p><\/a><\/li>\r\n\t\t\t\t\t\t\t\t<li><a href='https:\/\/us.edu.pl\/instytut\/ibbios\/event\/publiczne-obrony-rozpraw-doktorskich-mgr-agnieszka-czerwonka\/'><p>Mgr Agnieszka Czerwonka - \u201ePoziom marker\u00f3w odporno\u015bci nieswoistej u zarodk\u00f3w wybranych gatunk\u00f3w paj\u0105k\u00f3w\u201d<\/p><\/a><\/li>\r\n\t\t\t\t\t\t\t\t<li><a href='https:\/\/us.edu.pl\/instytut\/ibbios\/event\/publiczna-obrona-rozprawy-doktorskiej-mgr-mariusz-wierzgon\/'><p>Mgr Mariusz Wierzgo\u0144 - \u201eUwarunkowania wyst\u0119powania mszak\u00f3w epifitycznych w centralnej cz\u0119\u015bci konurbacji katowickiej\u201d<\/p><\/a><\/li>\r\n\t\t\t\t\t\t\t\t<li><a href='https:\/\/us.edu.pl\/instytut\/ibbios\/event\/publiczna-obrona-rozprawy-doktorskiej-mgr-kamila-wisniewska\/'><p>Mgr Kamila Wi\u015bniewska - \u201ePotencja\u0142 immunologiczny hemolimfy paj\u0105ka Steatoda grossa (Theridiidae) w warunkach d\u0142ugotrwa\u0142ej ekspozycji na wybrane metale podawane drog\u0105 pokarmow\u0105\u201d<\/p><\/a><\/li>\r\n\t\t\t\t\t\t\t\t<li><a href='https:\/\/us.edu.pl\/instytut\/ibbios\/event\/publiczna-obrona-rozprawy-doktorskiej-mgr-adrianna-halama\/'><p>Mgr Adrianna Halama - \u201eBadania zale\u017cno\u015bci metylacji DNA oraz uszkodze\u0144 i naprawy DNA w kom\u00f3rkach Brachypodium distachyon\"<\/p><\/a><\/li>\r\n\t\t\t\t\t\t\t\t<li><a href='https:\/\/us.edu.pl\/instytut\/ibbios\/2023\/02\/23\/rozprawa-doktorska-mgr-dariusz-kozik\/'><p>Mgr Dariusz Kozik - \u201eEkologiczne uwarunkowania odnowienia drzewostanu w zbiorowiskach \u0142\u0119gowych g\u0142\u00f3wnych rzek Karpat Zachodnich, jako podstawa racjonalnych zalece\u0144 ochronnych\u201d<\/p><\/a><\/li>\r\n\t\t\t\t\t\t\t\t<li><a href='https:\/\/us.edu.pl\/instytut\/ibbios\/2022\/12\/27\/rozprawa-doktorska-mgr-florentyna-blaszczyk\/'><p>Mgr Florentyna B\u0142aszczyk - \u201eZmiany w strukturze i ultrastrukturze kom\u00f3rek jelita \u015brodkowego i cia\u0142a t\u0142uszczowego dwuparca Telodeinopus Aoutii (Myriapoda, Diplopoda) pod wp\u0142ywem diety wzbogaconej w gluten\u201d<\/p><\/a><\/li><\/ul>\r\n\t\t\t\t\t<\/div>\r\n\t\t\t\t<\/div>   \r\n\t\t\t\t\t\r\n\t\t\t\t<div class='container'>\r\n\t\t\t\t\t<div class='list-links list-links_'>\r\n\t\t\t\t\t\t  <h2 class='section-title'>2022<\/h2>\r\n\t\t\t\t\t\t  <ul>\r\n\t\t\t\t\t\t\t\t<li><a href='https:\/\/us.edu.pl\/instytut\/ibbios\/2022\/11\/14\/rozprawa-doktorska-mgr-mariusz-simka\/'><p>Mgr Mariusz Simka - \u201eWp\u0142yw ochrony czynnej na stan zachowania siedlisk przyrodniczych polan g\u00f3rskich w Beskidach\u201d<\/p><\/a><\/li>\r\n\t\t\t\t\t\t\t\t<li><a href='https:\/\/us.edu.pl\/instytut\/ibbios\/2022\/10\/28\/rozprawa-doktorska-mgr-joanna-jaskowiak\/'><p>Mgr Joanna Ja\u015bkowiak - \u201eAnaliza wybranych cytologicznych efekt\u00f3w dzia\u0142ania glinu u Hordeum vulgare\u201d<\/p><\/a><\/li>\r\n\t\t\t\t\t\t\t\t<li><a href='https:\/\/us.edu.pl\/instytut\/ibbios\/2022\/10\/10\/rozprawa-doktorska-mgr-joanna-moronczyk\/'><p>Mgr Joanna Moro\u0144czyk - \u201eRola acetylacji histon\u00f3w w epigenetycznej regulacji somatycznej embriogenezy u Arabidopsis thaliana\u201d<\/p><\/a><\/li>\r\n\t\t\t\t\t\t\t\t<li><a href='https:\/\/us.edu.pl\/instytut\/ibbios\/2022\/09\/26\/rozprawa-doktorska-mgr-lukasz-nicewicz\/'><p>Mgr \u0141ukasz Nicewicz - \u201eOcena nara\u017cenia na stres \u015brodowiskowy spokrewnionych rodzin pszczelich Apis mellifera hodowanych w warunkach miejskich i wiejskich\u201d<\/p><\/a><\/li>\r\n\t\t\t\t\t\t\t\t<li><a href='https:\/\/us.edu.pl\/instytut\/ibbios\/2022\/09\/07\/rozprawa-doktorska-mgr-magdalena-senderowicz\/'><p>Mgr Magdalena Senderowicz - \u201eStruktura i ewolucja kariotypu w rodzaju Crepis\u201d<\/p><\/a><\/li>\r\n\t\t\t\t\t\t\t\t<li><a href='https:\/\/us.edu.pl\/instytut\/ibbios\/2022\/09\/07\/rozprawy-doktorskiej-mgr-klaudia-cebulska\/'><p>Mgr Klaudia Cebulska - \u201eRola \u015br\u00f3dl\u0105dowej drogi wodnej Odra-Kana\u0142 Gliwicki w dyspersji obcych w faunie Polski gatunk\u00f3w makrobezkr\u0119gowc\u00f3w bentosowych w zlewni rzeki K\u0142odnicy\u201d<\/p><\/a><\/li>\r\n\t\t\t\t\t\t\t\t<li><a href='https:\/\/us.edu.pl\/instytut\/ibbios\/2022\/07\/15\/rozprawy-doktorskie-mgr-aleksandra-skalska\/'><p>Mgr Aleksandra Skalska - \u201ePor\u00f3wnawcza analiza molekularna Brachypodium distachyon  w celu poznania mechanizm\u00f3w adaptacji do warunk\u00f3w \u015brodowiska\u201d<\/p><\/a><\/li>\r\n\t\t\t\t\t\t\t\t<li><a href='https:\/\/us.edu.pl\/instytut\/ibbios\/2022\/05\/18\/rozprawy-doktorskie-mgr-barbara-flasz'><p>Mgr Barbara Flasz - \u201eOddzia\u0142ywanie tlenku grafenu i\/lub kwasu askorbinowego na potencja\u0142 reprodukcyjny oraz ekspresj\u0119 witellogenin u Acheta domesticus z linii selekcjonowanych w kierunku r\u00f3\u017cnej d\u0142ugo\u015bci \u017cycia\u201d<\/p><\/a><\/li>\r\n\t\t\t\t\t\t\t\t<li><a href='https:\/\/us.edu.pl\/instytut\/ibbios\/2022\/05\/18\/rozprawy-doktorskie-mgr-kamila-godel-jedrychowska\/'><p>Mgr Kamila Godel-J\u0119drychowska -  \u201eRola plazmodesm w regulacji r\u00f3\u017cnicowania kom\u00f3rek na przyk\u0142adzie Arabidopsis\u201d<\/p><\/a><\/li>\r\n\t\t\t\t\t\t\t\t<li><a href='https:\/\/us.edu.pl\/instytut\/ibbios\/2022\/05\/11\/rozprawy-doktorskie-mgr-agnieszka-nowinska\/'><p>Mgr Agnieszka Nowi\u0144ska -  \u201eMorfologia i ewolucyjne modyfikacje czu\u0142kowych sensilli u pluskwiak\u00f3w wodnych (Insecta: Heteroptera: Nepomorpha)\u201d<\/p><\/a><\/li>\r\n\t\t\t\t\t\t\t\t<li><a href='https:\/\/us.edu.pl\/instytut\/ibbios\/2022\/03\/15\/rozprawy-doktorskie-mgr-lukasz-strzeleczek\/'><p>Mgr \u0141ukasz Strzeleczek - \u201eZr\u00f3\u017cnicowanie flory ro\u015blin naczyniowych dawnych wyrobisk po wydobyciu rud kruszcowych jako lokalnych centr\u00f3w r\u00f3\u017cnorodno\u015bci florystycznej na tle uwarunkowa\u0144 siedliskowych\u201d<\/p><\/a><\/li>\r\n\t\t\t\t\t\t\t\t<li><a href='https:\/\/us.edu.pl\/instytut\/ibbios\/2022\/01\/26\/rozprawy-doktorskie-mgr-magdalena-zarzycka\/'><p>Mgr Magdalena Zarzycka - \u201eSzata ro\u015blinna grodzisk wojew\u00f3dztwa \u015bl\u0105skiego jako efekt uwarunkowa\u0144 historycznych i aktualnego u\u017cytkowania\u201d<\/p><\/a><\/li>\r\n\t\t\t\t\t\t\t\t<li><a href='https:\/\/us.edu.pl\/instytut\/ibbios\/2022\/01\/26\/rozprawy-doktorskie-mgr-anna-collin\/'><p>Mgr Anna Collin - \u201eAnaliza roli genu HvAB15 w odpowiedzi na stres suszy u j\u0119czmienia (Hordeum vulgare L.)\u201d<\/p><\/a><\/li><\/ul>\r\n\t\t\t\t\t<\/div>\r\n\t\t\t\t<\/div>   \r\n\t\t\t\t\t\r\n\t\t\t\t<div class='container'>\r\n\t\t\t\t\t<div class='list-links list-links_'>\r\n\t\t\t\t\t\t  <h2 class='section-title'>2021<\/h2>\r\n\t\t\t\t\t\t  <ul>\r\n\t\t\t\t\t\t\t\t<li><a href='https:\/\/us.edu.pl\/instytut\/ibbios\/2021\/11\/04\/rozprawy-doktorskie-mgr-mateusz-hermyt\/'><p>Mgr Mateusz Hermyt - \u201eBudowa i rozw\u00f3j z\u0119ba jajowego gad\u00f3w \u0142uskono\u015bnych\u201d<\/p><\/a><\/li>\r\n\t\t\t\t\t\t\t\t<li><a href='https:\/\/us.edu.pl\/instytut\/ibbios\/2021\/10\/04\/rozprawy-doktorskie-mgr-artur-pinski\/'><p>Mgr Artur Pi\u0144ski - \u201eAnaliza udzia\u0142u bia\u0142ek \u015bciany kom\u00f3rkowej w odpowiedzi na stres temperaturowy u modelowego gatunku trawy Brachypodium distachyon\u201d<\/p><\/a><\/li>\r\n\t\t\t\t\t\t\t\t<li><a href='https:\/\/us.edu.pl\/instytut\/ibbios\/2021\/09\/28\/rozprawy-doktorskie-mgr-michal-szopinski\/'><p>Mgr Micha\u0142 Szopi\u0144ski - \u201eCharacterization of Arabidopsis species from metalliferous and non-metalliferous sites in Southern Poland\u201d<\/p><\/a><\/li>\r\n\t\t\t\t\t\t\t\t<li><a href='https:\/\/us.edu.pl\/instytut\/ibbios\/2021\/03\/30\/rozprawy-doktorskie-mgr-agnieszka-sowa\/'><p>Mgr Agnieszka Sowa - \u201eZgrupowania makrobezkr\u0119gowc\u00f3w bentosowych w zbiornikach antropogenicznych o r\u00f3\u017cnym stopniu zasolenia w\u00f3d w G\u00f3rno\u015bl\u0105skim Zag\u0142\u0119biu W\u0119glowym\u201d<\/p><\/a><\/li>\r\n\t\t\t\t\t\t\t\t<li><a href='https:\/\/us.edu.pl\/instytut\/ibbios\/2021\/03\/30\/rozprawy-doktorskie-mgr-natalia-jarosz\/'><p>Mgr Natalia Jarosz -  \u201eOrganizacja i funkcjonowanie m\u0119skich zespo\u0142\u00f3w kom\u00f3rek p\u0142ciowych podczas spermatogenezy pijawek lekarskich z rodzaju Hirudo (Annelida, Clitellata)\u201d<\/p><\/a><\/li>\r\n\t\t\t\t\t\t\t\t<li><a href='https:\/\/us.edu.pl\/instytut\/ibbios\/2021\/03\/10\/rozprawy-doktorskie-mgr-pawel-kaczmarek\/'><p>Mgr Pawe\u0142 Kaczmarek - \u201eRozw\u00f3j zarodkowy narz\u0105du lemieszowo-nosowego i struktur towarzysz\u0105cych u r\u00f3\u017cnych gatunk\u00f3w gad\u00f3w \u0142uskono\u015bnych (Squamata)\u201d<\/p><\/a><\/li>\r\n\t\t\t\t\t\t\t\t<li><a href='https:\/\/us.edu.pl\/instytut\/ibbios\/2021\/02\/11\/rozprawy-doktorskie-mgr-lidii-sonakowskiej-czajki\/'><p>Mgr Lidia Sonakowska-Czajka - \u201eStruktura i ultrastruktura nab\u0142onka jelita \u015brodkowego doros\u0142ych i larwalnych osobnik\u00f3w s\u0142odkowodnej krewetki Neocaridina heteropoda (Crustacea, Malacostraca)   z uwzgl\u0119dnieniem proces\u00f3w regeneracji i degeneracji\u201d<\/p><\/a><\/li>\r\n\t\t\t\t\t\t\t\t<li><a href='https:\/\/us.edu.pl\/instytut\/ibbios\/2020\/12\/01\/rozprawy-doktorskie-mgr-karolina-hus\/'><p>Mgr Karolina Hus - \u201eWykorzystanie systemu ukierunkowanej mutagenezy CRISPR\/Cas9 w edycji i badaniach genom\u00f3w Brachypodium distachyon i B. hybridum\"<\/p><\/a><\/li>\r\n\t\t\t\t\t\t\t\t<li><a href='https:\/\/us.edu.pl\/instytut\/ibbios\/2020\/11\/18\/rozprawy-doktorskie-mgr-waldemar-zyla\/'><p>Mgr Waldemar \u017by\u0142a - \u201eKopu\u0142kowate (Vespidae: Eumeninae) Polski\u201d<\/p><\/a><\/li>\r\n\t\t\t\t\t\t\t\t<li><a href='https:\/\/us.edu.pl\/instytut\/ibbios\/2020\/11\/02\/rozprawy-dokrotskie-mgr-monika-malicka-promotor-prof-dr-hab-zofia-piotrowska-seget-bioroznorodnosc-grzybow-mikoryzy-arbuskularnej-i-ich-wplyw-na-wzrost-roslin-w-srodowisku-zanieczyszc\/'><p>Mgr Monika Malicka -  \u201eBior\u00f3\u017cnorodno\u015b\u0107 grzyb\u00f3w mikoryzy arbuskularnej i ich wp\u0142yw na wzrost ro\u015blin w \u015brodowisku zanieczyszczonym toksycznymi zwi\u0105zkami organicznymi\u201d<\/p><\/a><\/li>\r\n\t\t\t\t\t\t\t\t<li><a href='https:\/\/us.edu.pl\/instytut\/ibbios\/2020\/11\/02\/2035\/'><p>Mgr Jacek Borgulat -  \u201eZr\u00f3\u017cnicowanie zawarto\u015bci metali ci\u0119\u017ckich i wielopier\u015bcieniowych w\u0119glowodor\u00f3w aromatycznych (WWA) w ig\u0142ach Picea abies oraz Abies alba w Beskidzie \u015al\u0105skim i \u017bywieckim\u201d<\/p><\/a><\/li>\r\n\t\t\t\t\t\t\t\t<li><a href='https:\/\/us.edu.pl\/instytut\/ibbios\/komunikaty\/rozprawy-doktorskie-mgr-michala-krzyzowskiego-promotor-dr-hab-agnieszka-babczynska-prof-us-oddzialywanie-krotkolancuchowych-kwasow-organicznych-i-wybranych-olejkow-eterycznych-na-para\/'><p>Mgr Micha\u0142 Krzy\u017cowski - \u201eOddzia\u0142ywanie kr\u00f3tko\u0142a\u0144cuchowych kwas\u00f3w organicznych i wybranych olejk\u00f3w eterycznych na parametry rozwojowe i behawior str\u0105kowca czteroplamego Callosobruchus maculatus (F.)\u201d<\/p><\/a><\/li>\r\n\t\t\t\t\t\t\t\t<li><a href='https:\/\/us.edu.pl\/instytut\/ibbios\/komunikaty\/rozprawy-doktorskie-mgr-sandra-natonik-bialon-promotor-prof-dr-hab-dorota-kwiatkowska-us-ultrastruktura-sciany-komorek-epidermy-luski-cebuli-allium-cepa-oraz-jej-odksztalcenia-towarzy\/'><p>Mgr Sandra Natonik-Bia\u0142o\u0144 - \u201eUltrastruktura \u015bciany kom\u00f3rek epidermy \u0142uski cebuli Allium cepa oraz jej odkszta\u0142cenia towarzysz\u0105ce plazmolizie i deplazmolizie\u201d<\/p><\/a><\/li>\r\n\t\t\t\t\t\t\t\t<li><a href='https:\/\/us.edu.pl\/instytut\/ibbios\/komunikaty\/rozprawy-doktorskie-mgr-malgorzaty-grzyb-promotor-prof-dr-hab-anna-mikula-cytomorfologiczne-i-fizjologiczne-przemiany-lezace-u-podstaw-nabywania-embriogenicznej-kompetencji-prz\/'><p>Mgr Ma\u0142gorzata Grzyb - \u201eCytomorfologiczne i fizjologiczne przemiany le\u017c\u0105ce u podstaw nabywania embriogenicznej kompetencji przez eksplantaty paproci drzewiastej Cyathea delgadii Sternb.\u201d<\/p><\/a><\/li>\r\n\t\t\t\t\t\t\t\t<li><a href='https:\/\/us.edu.pl\/instytut\/ibbios\/komunikaty\/rozprawy-doktorskie-mgr-anna-dzionek-promotor-dr-hab-urszula-guzik-prof-us-wplyw-immobilizacji-komorek-bakteryjnych-na-biodegradacje-naproksenu\/'><p>Mgr Anna Dzionek - \u201eWp\u0142yw immobilizacji kom\u00f3rek bakteryjnych na biodegradacj\u0119 naproksenu\u201d<\/p><\/a><\/li><\/ul>\r\n\t\t\t\t\t<\/div>\r\n\t\t\t\t<\/div>   \r\n\t\t\t\t\t[\/vc_column][vc_column][\/vc_column][\/vc_row][vc_column][\/vc_column][vc_column][\/vc_column][vc_column][\/vc_column]<\/p>","protected":false},"excerpt":{"rendered":"<p>[vc_row][vc_column][\/vc_column][vc_column][\/vc_column][\/vc_row][vc_column][\/vc_column][vc_column][\/vc_column][vc_column][\/vc_column] [&#8230;]<\/p>\n<p><a class=\"btn btn-secondary understrap-read-more-link\" href=\"https:\/\/us.edu.pl\/instytut\/ibbios\/awanse-naukowe\/obrony-doktorskie\/\">Read More&#8230;<\/a><\/p>\n","protected":false},"author":2283,"featured_media":0,"parent":6173,"menu_order":0,"comment_status":"closed","ping_status":"closed","template":"","meta":{"_expiration-date-status":"","_expiration-date":0,"_expiration-date-type":"","_expiration-date-categories":[],"_expiration-date-options":[]},"acf":[],"_links":{"self":[{"href":"https:\/\/us.edu.pl\/instytut\/ibbios\/wp-json\/wp\/v2\/pages\/1600"}],"collection":[{"href":"https:\/\/us.edu.pl\/instytut\/ibbios\/wp-json\/wp\/v2\/pages"}],"about":[{"href":"https:\/\/us.edu.pl\/instytut\/ibbios\/wp-json\/wp\/v2\/types\/page"}],"author":[{"embeddable":true,"href":"https:\/\/us.edu.pl\/instytut\/ibbios\/wp-json\/wp\/v2\/users\/2283"}],"replies":[{"embeddable":true,"href":"https:\/\/us.edu.pl\/instytut\/ibbios\/wp-json\/wp\/v2\/comments?post=1600"}],"version-history":[{"count":11,"href":"https:\/\/us.edu.pl\/instytut\/ibbios\/wp-json\/wp\/v2\/pages\/1600\/revisions"}],"predecessor-version":[{"id":10281,"href":"https:\/\/us.edu.pl\/instytut\/ibbios\/wp-json\/wp\/v2\/pages\/1600\/revisions\/10281"}],"up":[{"embeddable":true,"href":"https:\/\/us.edu.pl\/instytut\/ibbios\/wp-json\/wp\/v2\/pages\/6173"}],"wp:attachment":[{"href":"https:\/\/us.edu.pl\/instytut\/ibbios\/wp-json\/wp\/v2\/media?parent=1600"}],"curies":[{"name":"wp","href":"https:\/\/api.w.org\/{rel}","templated":true}]}}