{"id":1677,"date":"2020-10-26T08:55:54","date_gmt":"2020-10-26T07:55:54","guid":{"rendered":"https:\/\/us.edu.pl\/instytut\/ibbios\/?page_id=1677"},"modified":"2023-03-29T11:13:34","modified_gmt":"2023-03-29T09:13:34","slug":"ewaluacja-2021","status":"publish","type":"page","link":"https:\/\/us.edu.pl\/instytut\/ibbios\/nauka\/ewaluacja-2021\/","title":{"rendered":"Ewaluacja 2017-2021"},"content":{"rendered":"<p>[vc_row][vc_column]\n            <div data-autotime=\"4\" class=\"slider reverse color_white bg_\" >\n                  <div class=\"slide slide_css\">\n                     <div class=\"slide__content_container container\">\n                        <div class=\"slide__content\">\n                           <a href=\"https:\/\/www.gov.pl\/attachment\/dcff560c-d321-4e39-b30d-6cb572c871c7\" class=\"slide__link\">\n                              <div class=\"slide__title\">Aktualny wykaz czasopism punktowanych<\/div>\n                              <div class=\"slide__text\">Scalony wykaz czasopism naukowych i recenzowanych materia\u0142\u00f3w z konferencji mi\u0119dzynarodowych z dnia 21 grudnia 2021 r. <\/div>\n                           <\/a>\n                        <\/div>\n                     <\/div>\n                     <a href=\"https:\/\/www.gov.pl\/attachment\/dcff560c-d321-4e39-b30d-6cb572c871c7\" class=\"slide__img thumbnail\"\n                           style=\"background-image: url('https:\/\/us.edu.pl\/instytut\/ibbios\/wp-content\/uploads\/sites\/36\/Nieprzypisane\/11901112237.jpg')\">\n                           <span class=\"d-none\">Aktualny wykaz czasopism punktowanych Scalony wykaz czasopism naukowych i recenzowanych materia\u0142\u00f3w z konferencji mi\u0119dzynarodowych z dnia 21 grudnia 2021 r. <\/span>\n                     <\/a>\n                  <\/div>\n                  <div class=\"slide slide_css\">\n                     <div class=\"slide__content_container container\">\n                        <div class=\"slide__content\">\n                           <a href=\"https:\/\/www.gov.pl\/attachment\/1feb29b3-5278-4366-86e9-f7dfa2b1b474\" class=\"slide__link\">\n                              <div class=\"slide__title\">Aktualny wykaz wydawnictw punktowanych<\/div>\n                              <div class=\"slide__text\">Komunikat Ministra Edukacji i Nauki z dnia 22 lipca 2021 r. w sprawie wykazu wydawnictw publikuj\u0105cych recenzowane monografie naukowe.<\/div>\n                           <\/a>\n                        <\/div>\n                     <\/div>\n                     <a href=\"https:\/\/www.gov.pl\/attachment\/1feb29b3-5278-4366-86e9-f7dfa2b1b474\" class=\"slide__img thumbnail\"\n                           style=\"background-image: url('https:\/\/us.edu.pl\/instytut\/ibbios\/wp-content\/uploads\/sites\/36\/Nieprzypisane\/11901109109.jpg')\">\n                           <span class=\"d-none\">Aktualny wykaz wydawnictw punktowanych Komunikat Ministra Edukacji i Nauki z dnia 22 lipca 2021 r. w sprawie wykazu wydawnictw publikuj\u0105cych recenzowane monografie naukowe.<\/span>\n                     <\/a>\n                  <\/div>\n                  <div class=\"slide slide_css\">\n                     <div class=\"slide__content_container container\">\n                        <div class=\"slide__content\">\n                           <a href=\"https:\/\/us.edu.pl\/instytut\/ibbios\/2020\/11\/02\/jak-wybrac-dobre-czasopismo-do-publikacji\/\" class=\"slide__link\">\n                              <div class=\"slide__title\">Jak wybra\u0107 czasopismo naukowe?<\/div>\n                              <div class=\"slide__text\">Wypr\u00f3buj narz\u0119dzia kt\u00f3re pomog\u0105 wybra\u0107 najlepsze czasopismo dla Twojej publikacji. <\/div>\n                           <\/a>\n                        <\/div>\n                     <\/div>\n                     <a href=\"https:\/\/us.edu.pl\/instytut\/ibbios\/2020\/11\/02\/jak-wybrac-dobre-czasopismo-do-publikacji\/\" class=\"slide__img thumbnail\"\n                           style=\"background-image: url('https:\/\/us.edu.pl\/instytut\/ibbios\/wp-content\/uploads\/sites\/36\/2020\/11\/pexels-andrea-piacquadio-3769697-1100x575.jpg')\">\n                           <span class=\"d-none\">Jak wybra\u0107 czasopismo naukowe? Wypr\u00f3buj narz\u0119dzia kt\u00f3re pomog\u0105 wybra\u0107 najlepsze czasopismo dla Twojej publikacji. <\/span>\n                     <\/a>\n                  <\/div>\n                  <div class=\"slide slide_css\">\n                     <div class=\"slide__content_container container\">\n                        <div class=\"slide__content\">\n                           <a href=\"https:\/\/teams.microsoft.com\/l\/team\/19%3aed338da2aae3433291720919703c94a4%40thread.tacv2\/conversations?groupId=c71fa292-9334-4a0e-84cf-49acd0cd35c0&tenantId=50c76291-0c80-4444-a2fb-4f8ab168c311\" class=\"slide__link\">\n                              <div class=\"slide__title\">Biuro Ewaluacji i Obs\u0142ugi Instytut\u00f3w na platformie Microsoft Teams<\/div>\n                              <div class=\"slide__text\">BEiOI jest tak\u017ce dost\u0119pne dla Pa\u0144stwa na platformie Microsoft Teams od Poniedzia\u0142ku do Pi\u0105tku w godzinach 07:00 - 15:00. Nazwa zespo\u0142u: WNP_Biuro_Ewaluacji_Jagiello\u0144ska28 Zapraszamy !!!<\/div>\n                           <\/a>\n                        <\/div>\n                     <\/div>\n                     <a href=\"https:\/\/teams.microsoft.com\/l\/team\/19%3aed338da2aae3433291720919703c94a4%40thread.tacv2\/conversations?groupId=c71fa292-9334-4a0e-84cf-49acd0cd35c0&tenantId=50c76291-0c80-4444-a2fb-4f8ab168c311\" class=\"slide__img thumbnail\"\n                           style=\"background-image: url('https:\/\/us.edu.pl\/instytut\/ibbios\/wp-content\/uploads\/sites\/36\/Nieprzypisane\/MicrosoftTeams-960x628-1-1200x675-1100x575.png')\">\n                           <span class=\"d-none\">Biuro Ewaluacji i Obs\u0142ugi Instytut\u00f3w na platformie Microsoft Teams BEiOI jest tak\u017ce dost\u0119pne dla Pa\u0144stwa na platformie Microsoft Teams od Poniedzia\u0142ku do Pi\u0105tku w godzinach 07:00 - 15:00. Nazwa zespo\u0142u: WNP_Biuro_Ewaluacji_Jagiello\u0144ska28 Zapraszamy !!!<\/span>\n                     <\/a>\n                  <\/div>\n                  <div class=\"slide slide_css\">\n                     <div class=\"slide__content_container container\">\n                        <div class=\"slide__content\">\n                           <a href=\"https:\/\/www.ncbi.nlm.nih.gov\/pmc\/articles\/PMC3635859\/\" class=\"slide__link\">\n                              <div class=\"slide__title\">An Introduction to Social Media for Scientists<\/div>\n                              <div class=\"slide__text\">Online social media tools can be some of the most rewarding and informative resources for scientists\u2014IF you know how to use them. read more...<\/div>\n                           <\/a>\n                        <\/div>\n                     <\/div>\n                     <a href=\"https:\/\/www.ncbi.nlm.nih.gov\/pmc\/articles\/PMC3635859\/\" class=\"slide__img thumbnail\"\n                           style=\"background-image: url('https:\/\/us.edu.pl\/instytut\/ibbios\/wp-content\/uploads\/sites\/36\/2020\/10\/CzeDDuTXUAEA3lE-1.jpg')\">\n                           <span class=\"d-none\">An Introduction to Social Media for Scientists Online social media tools can be some of the most rewarding and informative resources for scientists\u2014IF you know how to use them. read more...<\/span>\n                     <\/a>\n                  <\/div>\n                <div class=\"slider__controls\">\n                    <div class=\"slider__dots\"><\/div>\n                    <div class=\"slider__actions\">\n                        <a href=\"#\" class=\"arrow\" data-direction=\"prev\" title=\"poprzedni slajd\">\n                            <em class=\"ci ci-arrow-left\"><\/em>\n                            <span class=\"d-none\">control<\/span>\n                        <\/a>\n            \n                        <a href=\"#\" class=\"start-pause\" data-action=\"stop\" title=\"wstrzymaj poruszanie si\u0119 slajd\u00f3w\">\n                            <em class=\"ci ci-pause\"><\/em>\n                            <span class=\"d-none\">control<\/span>\n                        <\/a>\n            \n                       \n                        <a href=\"#\" class=\"arrow\" data-direction=\"next\"  title=\"Kolejny slajd\" >\n                            <em class=\"ci ci-arrow-right\"><\/em>\n                            <span class=\"d-none\">control<\/span>\n                        <\/a>\n                    <\/div>\n                <\/div>\n            <\/div><div class=\"container\"><div class=\"separator\" style=\"background-color: #002E5A\"><\/div><\/div>[\/vc_column][\/vc_row][vc_row][vc_column]\r\n\r\n            <div class=\"blocks\" style=\"text-align: \">\r\n               <div class=\"container\">\r\n                  <div class=\"page-title\">Ewaluacja 2017-2021<\/div>\r\n                  <div class=\"row m-0 blocks_4\">\r\n                  \r\n                     <a href=\"https:\/\/us.edu.pl\/instytut\/ibbios\/ewaluacja-2021\/przydatne-linki-w-dzialalnosci-naukowej\/\" class=\"thumbnail blocks__item\" style=\"background-image: url(https:\/\/us.edu.pl\/instytut\/ibbios\/wp-content\/uploads\/sites\/36\/2020\/05\/photo-1556761175-b413da4baf72.jpeg)\">\r\n                        <span>wi\u0119cej<\/span>\r\n                        <div class=\"blocks__bottom\">\r\n                        <div class=\"blocks__title\">Dzia\u0142alno\u015b\u0107 naukowa<\/div>\r\n                        <div class=\"blocks__subtitle\">przydatne linki<\/div>\r\n                        <\/div>\r\n                     <\/a>\r\n                  \r\n                     <a href=\"https:\/\/us.edu.pl\/instytut\/ibbios\/ewaluacja-2021\/pomoc\/\" class=\"thumbnail blocks__item\" style=\"background-image: url(https:\/\/us.edu.pl\/instytut\/ibbios\/wp-content\/uploads\/sites\/36\/2020\/05\/photo-1531379410502-63bfe8cdaf6f-683x1024.jpeg)\">\r\n                        <span>wi\u0119cej<\/span>\r\n                        <div class=\"blocks__bottom\">\r\n                        <div class=\"blocks__title\">Pomoc <\/div>\r\n                        <div class=\"blocks__subtitle\">poradniki i instrukcje<\/div>\r\n                        <\/div>\r\n                     <\/a>\r\n                  \r\n                     <a href=\"https:\/\/us.edu.pl\/instytut\/ibbios\/ewaluacja-2021\/do-pobrania\/akty-prawne-w-sprawie-ewaluacji-jakosci-dzialalnosci-naukowej\/\" class=\"thumbnail blocks__item\" style=\"background-image: url(https:\/\/us.edu.pl\/instytut\/ibbios\/wp-content\/uploads\/sites\/36\/Nieprzypisane\/1381101031.jpg)\">\r\n                        <span>wi\u0119cej<\/span>\r\n                        <div class=\"blocks__bottom\">\r\n                        <div class=\"blocks__title\">Akty prawne<\/div>\r\n                        <div class=\"blocks__subtitle\">dotycz\u0105ce ewaluacji <\/div>\r\n                        <\/div>\r\n                     <\/a><\/div>     \r\n               <\/div>\r\n            <\/div>[\/vc_column][\/vc_row][vc_row][vc_column][\/vc_column][\/vc_row]<\/p>","protected":false},"excerpt":{"rendered":"<p>[vc_row][vc_column][\/vc_column][\/vc_row][vc_row][vc_column][\/vc_column][\/vc_row][vc_row][vc_column][\/vc_column][\/vc_row] [&#8230;]<\/p>\n<p><a class=\"btn btn-secondary understrap-read-more-link\" href=\"https:\/\/us.edu.pl\/instytut\/ibbios\/nauka\/ewaluacja-2021\/\">Read More&#8230;<\/a><\/p>\n","protected":false},"author":2283,"featured_media":0,"parent":6146,"menu_order":0,"comment_status":"closed","ping_status":"closed","template":"","meta":{"_expiration-date-status":"","_expiration-date":0,"_expiration-date-type":"","_expiration-date-categories":[],"_expiration-date-options":[]},"acf":[],"_links":{"self":[{"href":"https:\/\/us.edu.pl\/instytut\/ibbios\/wp-json\/wp\/v2\/pages\/1677"}],"collection":[{"href":"https:\/\/us.edu.pl\/instytut\/ibbios\/wp-json\/wp\/v2\/pages"}],"about":[{"href":"https:\/\/us.edu.pl\/instytut\/ibbios\/wp-json\/wp\/v2\/types\/page"}],"author":[{"embeddable":true,"href":"https:\/\/us.edu.pl\/instytut\/ibbios\/wp-json\/wp\/v2\/users\/2283"}],"replies":[{"embeddable":true,"href":"https:\/\/us.edu.pl\/instytut\/ibbios\/wp-json\/wp\/v2\/comments?post=1677"}],"version-history":[{"count":10,"href":"https:\/\/us.edu.pl\/instytut\/ibbios\/wp-json\/wp\/v2\/pages\/1677\/revisions"}],"predecessor-version":[{"id":6180,"href":"https:\/\/us.edu.pl\/instytut\/ibbios\/wp-json\/wp\/v2\/pages\/1677\/revisions\/6180"}],"up":[{"embeddable":true,"href":"https:\/\/us.edu.pl\/instytut\/ibbios\/wp-json\/wp\/v2\/pages\/6146"}],"wp:attachment":[{"href":"https:\/\/us.edu.pl\/instytut\/ibbios\/wp-json\/wp\/v2\/media?parent=1677"}],"curies":[{"name":"wp","href":"https:\/\/api.w.org\/{rel}","templated":true}]}}