{"id":1712,"date":"2020-10-26T10:47:59","date_gmt":"2020-10-26T09:47:59","guid":{"rendered":"https:\/\/us.edu.pl\/instytut\/ibbios\/?page_id=1712"},"modified":"2023-03-28T11:39:57","modified_gmt":"2023-03-28T09:39:57","slug":"ibbios-w-mediach-spolecznosciowych","status":"publish","type":"page","link":"https:\/\/us.edu.pl\/instytut\/ibbios\/ibbios-w-mediach-spolecznosciowych\/","title":{"rendered":"IBBiO\u015a w mediach spo\u0142eczno\u015bciowych"},"content":{"rendered":"<p>[vc_row][vc_column]\r\n                <div class=\"text-modules\">\r\n                    <div class=\"container\">\r\n                        <h3 class=\"page-title text__title\">Instytut Biologii, Biotechnologii i Ochrony \u015arodowiska w mediach spo\u0142eczno\u015bciowych<\/h3>\r\n                        <div class=\"text-modules__content\"><\/div>\r\n                    <\/div>\r\n                <\/div>[\/vc_column][\/vc_row][vc_row][vc_column]\r\n\r\n            <div class=\"blocks\" style=\"text-align: \">\r\n               <div class=\"container\">\r\n                  <div class=\"page-title\">Facebook<\/div>\r\n                  <div class=\"row m-0 blocks_4\">\r\n                  \r\n                     <a href=\"https:\/\/www.facebook.com\/WydzialNaukPrzyrodniczychUS\" class=\"thumbnail blocks__item\" style=\"background-image: url(https:\/\/us.edu.pl\/instytut\/ibbios\/wp-content\/uploads\/sites\/36\/2020\/10\/Zrzut-ekranu-2020-10-28-o-07.22.00-1024x725.png)\">\r\n                        <span>wi\u0119cej<\/span>\r\n                        <div class=\"blocks__bottom\">\r\n                        <div class=\"blocks__title\">Wydzia\u0142 Nauk Przyrodniczych <\/div>\r\n                        <div class=\"blocks__subtitle\">Uniwersytet \u015alaski <\/div>\r\n                        <\/div>\r\n                     <\/a>\r\n                  \r\n                     <a href=\"https:\/\/www.facebook.com\/ZCBMR.IBBOS.WNP.US\" class=\"thumbnail blocks__item\" style=\"background-image: url(https:\/\/us.edu.pl\/instytut\/ibbios\/wp-content\/uploads\/sites\/36\/Nieprzypisane\/Zrzut-ekranu-2020-10-26-o-10.46.14-1024x810.png)\">\r\n                        <span>wi\u0119cej<\/span>\r\n                        <div class=\"blocks__bottom\">\r\n                        <div class=\"blocks__title\">Zesp\u00f3\u0142 Cytogenetyki i Biologii Molekularnej Ro\u015blin<\/div>\r\n                        <div class=\"blocks__subtitle\">IBBiO\u015a<\/div>\r\n                        <\/div>\r\n                     <\/a>\r\n                  \r\n                     <a href=\"https:\/\/www.facebook.com\/Zespo\u0142y-Genetyki-Ro\u015blin-WNP-IBBiO\u015a-569793783221684\" class=\"thumbnail blocks__item\" style=\"background-image: url(https:\/\/us.edu.pl\/instytut\/ibbios\/wp-content\/uploads\/sites\/36\/2020\/10\/Zrzut-ekranu-2020-10-26-o-10.55.26-1024x726.png)\">\r\n                        <span>wi\u0119cej<\/span>\r\n                        <div class=\"blocks__bottom\">\r\n                        <div class=\"blocks__title\">Zesp\u00f3\u0142y Genetyki Ro\u015blin <\/div>\r\n                        <div class=\"blocks__subtitle\">IBBiO\u015a<\/div>\r\n                        <\/div>\r\n                     <\/a>\r\n                  \r\n                     <a href=\"https:\/\/www.facebook.com\/zhez.us\" class=\"thumbnail blocks__item\" style=\"background-image: url(https:\/\/us.edu.pl\/instytut\/ibbios\/wp-content\/uploads\/sites\/36\/2020\/05\/Zrzut-ekranu-2020-10-26-o-11.09.11-1024x738.png)\">\r\n                        <span>wi\u0119cej<\/span>\r\n                        <div class=\"blocks__bottom\">\r\n                        <div class=\"blocks__title\">Zesp\u00f3\u0142 Histologii i Embriologii Zwierz\u0105t<\/div>\r\n                        <div class=\"blocks__subtitle\">IBBiO\u015a<\/div>\r\n                        <\/div>\r\n                     <\/a>\r\n                  \r\n                     <a href=\"https:\/\/www.facebook.com\/zeko.wnp.us\/\" class=\"thumbnail blocks__item\" style=\"background-image: url(https:\/\/us.edu.pl\/instytut\/ibbios\/wp-content\/uploads\/sites\/36\/2020\/05\/Zrzut-ekranu-2020-10-26-o-12.37.18-1024x737.png)\">\r\n                        <span>wi\u0119cej<\/span>\r\n                        <div class=\"blocks__bottom\">\r\n                        <div class=\"blocks__title\">Zesp\u00f3\u0142 Ekologii<\/div>\r\n                        <div class=\"blocks__subtitle\">IBBiO\u015a<\/div>\r\n                        <\/div>\r\n                     <\/a>\r\n                  \r\n                     <a href=\"https:\/\/www.facebook.com\/zhimw\/\" class=\"thumbnail blocks__item\" style=\"background-image: url(https:\/\/us.edu.pl\/instytut\/ibbios\/wp-content\/uploads\/sites\/36\/2020\/05\/Zrzut-ekranu-2020-10-26-o-12.37.26-1024x735.png)\">\r\n                        <span>wi\u0119cej<\/span>\r\n                        <div class=\"blocks__bottom\">\r\n                        <div class=\"blocks__title\">Zesp\u00f3\u0142 Hydrobiologii i Monitoringu W\u00f3d<\/div>\r\n                        <div class=\"blocks__subtitle\">IBBiO\u015a<\/div>\r\n                        <\/div>\r\n                     <\/a>\r\n                  \r\n                     <a href=\"https:\/\/www.facebook.com\/usmikrobiologia\/\" class=\"thumbnail blocks__item\" style=\"background-image: url(https:\/\/us.edu.pl\/instytut\/ibbios\/wp-content\/uploads\/sites\/36\/Nieprzypisane\/Zrzut-ekranu-2020-10-28-o-10.56.52-1024x735.png)\">\r\n                        <span>wi\u0119cej<\/span>\r\n                        <div class=\"blocks__bottom\">\r\n                        <div class=\"blocks__title\">Zespo\u0142y Mikrobiologii <\/div>\r\n                        <div class=\"blocks__subtitle\">IBBiO\u015a<\/div>\r\n                        <\/div>\r\n                     <\/a>\r\n                  \r\n                     <a href=\"https:\/\/www.facebook.com\/Zesp%C3%B3%C5%82-Hydrobiologii-U%C5%9A-100420898571390\" class=\"thumbnail blocks__item\" style=\"background-image: url(https:\/\/us.edu.pl\/instytut\/ibbios\/wp-content\/uploads\/sites\/36\/2020\/05\/Obraz1-1.jpg)\">\r\n                        <span>wi\u0119cej<\/span>\r\n                        <div class=\"blocks__bottom\">\r\n                        <div class=\"blocks__title\">Zesp\u00f3\u0142 Hydrobiologii <\/div>\r\n                        <div class=\"blocks__subtitle\">IBBiO\u015a<\/div>\r\n                        <\/div>\r\n                     <\/a><\/div>     \r\n               <\/div>\r\n            <\/div>\r\n\r\n            <div class=\"blocks\" style=\"text-align: \">\r\n               <div class=\"container\">\r\n                  <div class=\"page-title\">YouTube<\/div>\r\n                  <div class=\"row m-0 blocks_4\">\r\n                  \r\n                     <a href=\"https:\/\/www.youtube.com\/channel\/UCLmUBTC5uxMSzPxU23dUO0Q\/playlists\" class=\"thumbnail blocks__item\" style=\"background-image: url(https:\/\/us.edu.pl\/instytut\/ibbios\/wp-content\/uploads\/sites\/36\/Nieprzypisane\/Zrzut-ekranu-2020-10-26-o-12.56.14-1024x573.png)\">\r\n                        <span>wi\u0119cej<\/span>\r\n                        <div class=\"blocks__bottom\">\r\n                        <div class=\"blocks__title\">Wydzia\u0142 Nauk Przyrodniczych<\/div>\r\n                        <div class=\"blocks__subtitle\">Uniwersytet \u015al\u0105ski <\/div>\r\n                        <\/div>\r\n                     <\/a>\r\n                  \r\n                     <a href=\"https:\/\/www.youtube.com\/channel\/UCYuaCqxddhP0sV4AqQWc86Q\" class=\"thumbnail blocks__item\" style=\"background-image: url(https:\/\/us.edu.pl\/instytut\/ibbios\/wp-content\/uploads\/sites\/36\/2020\/05\/microvlogus-1024x521.jpg)\">\r\n                        <span>wi\u0119cej<\/span>\r\n                        <div class=\"blocks__bottom\">\r\n                        <div class=\"blocks__title\">MicroVlogU\u015a<\/div>\r\n                        <div class=\"blocks__subtitle\">Instytut Biologii, Biotechnologii i Ochrony \u015arodowiska<\/div>\r\n                        <\/div>\r\n                     <\/a><\/div>     \r\n               <\/div>\r\n            <\/div>[\/vc_column][\/vc_row]<\/p>","protected":false},"excerpt":{"rendered":"<p>[vc_row][vc_column][\/vc_column][\/vc_row][vc_row][vc_column][\/vc_column][\/vc_row] [&#8230;]<\/p>\n<p><a class=\"btn btn-secondary understrap-read-more-link\" href=\"https:\/\/us.edu.pl\/instytut\/ibbios\/ibbios-w-mediach-spolecznosciowych\/\">Read More&#8230;<\/a><\/p>\n","protected":false},"author":2283,"featured_media":0,"parent":0,"menu_order":0,"comment_status":"closed","ping_status":"closed","template":"","meta":{"_expiration-date-status":"","_expiration-date":0,"_expiration-date-type":"","_expiration-date-categories":[],"_expiration-date-options":[]},"acf":[],"_links":{"self":[{"href":"https:\/\/us.edu.pl\/instytut\/ibbios\/wp-json\/wp\/v2\/pages\/1712"}],"collection":[{"href":"https:\/\/us.edu.pl\/instytut\/ibbios\/wp-json\/wp\/v2\/pages"}],"about":[{"href":"https:\/\/us.edu.pl\/instytut\/ibbios\/wp-json\/wp\/v2\/types\/page"}],"author":[{"embeddable":true,"href":"https:\/\/us.edu.pl\/instytut\/ibbios\/wp-json\/wp\/v2\/users\/2283"}],"replies":[{"embeddable":true,"href":"https:\/\/us.edu.pl\/instytut\/ibbios\/wp-json\/wp\/v2\/comments?post=1712"}],"version-history":[{"count":10,"href":"https:\/\/us.edu.pl\/instytut\/ibbios\/wp-json\/wp\/v2\/pages\/1712\/revisions"}],"predecessor-version":[{"id":5973,"href":"https:\/\/us.edu.pl\/instytut\/ibbios\/wp-json\/wp\/v2\/pages\/1712\/revisions\/5973"}],"wp:attachment":[{"href":"https:\/\/us.edu.pl\/instytut\/ibbios\/wp-json\/wp\/v2\/media?parent=1712"}],"curies":[{"name":"wp","href":"https:\/\/api.w.org\/{rel}","templated":true}]}}