{"id":1904,"date":"2020-10-28T11:55:17","date_gmt":"2020-10-28T10:55:17","guid":{"rendered":"https:\/\/us.edu.pl\/instytut\/ibbios\/?page_id=1904"},"modified":"2021-04-21T13:21:49","modified_gmt":"2021-04-21T11:21:49","slug":"przewodniki-broszury-i-przydatne-linki","status":"publish","type":"page","link":"https:\/\/us.edu.pl\/instytut\/ibbios\/nauka\/ewaluacja-2021\/ewaluacja\/przewodniki-broszury-i-przydatne-linki\/","title":{"rendered":"Przewodniki, broszury i przydatne linki"},"content":{"rendered":"<p>[vc_row][vc_column]\r\n                <div class=\"text-modules\">\r\n                    <div class=\"container\">\r\n                        <h3 class=\"page-title text__title\">Przewodniki, broszury i przydatne linki<\/h3>\r\n                        <div class=\"text-modules__content\"><p><span style=\"font-size: 14pt\"><strong><a href=\"https:\/\/us.edu.pl\/instytut\/ibbios\/wp-content\/uploads\/sites\/36\/Nieprzypisane\/ewaluacja-jakosci-dzialalnosci-naukowej-przewodnik20190305-2.pdf\" class=\"mtli_attachment mtli_pdf\" data-mtli=\"mtli_filesize2,65MB\" class=\"mtli_attachment mtli_pdf\" data-mtli=\"mtli_filesize2,65MB\">Ewaluacja jako\u015bci dzia\u0142alno\u015bci naukowej \u2013 przewodnik<\/a><\/strong><\/span><\/p>\n<p><span style=\"font-size: 14pt\"><strong><a href=\"https:\/\/konstytucjadlanauki.gov.pl\/pobierz-ustawe\">Konstytucja dla nauki\u00a0<\/a><\/strong><\/span><\/p>\n<p><span style=\"font-size: 14pt\"><strong><a href=\"https:\/\/listymnisw.pl\/index.php\">Wykazy czasopism naukowych i\u00a0wydawnictw MNiSW<\/a><\/strong><\/span><\/p>\n<p><a href=\"https:\/\/www.gov.pl\/web\/edukacja-i-nauka\/zmiana-i-sprostowanie-komunikatu-ministra-edukacji-i-nauki-z-dnia-9-lutego-2021-r-w-sprawie-wykazu-czasopism-naukowych-i-recenzowanych-materialow-z-konferencji-miedzynarodowych\"><strong><span style=\"font-size: 14pt\">Nowy, rozszerzony wykaz czasopism naukowych i recenzowanych materia\u0142\u00f3w z konferencji mi\u0119dzynarodowych<\/span><\/strong><\/a><\/p>\n<p><a href=\"https:\/\/us.edu.pl\/instytut\/ibbios\/2020\/11\/02\/jak-wybrac-dobre-czasopismo-do-publikacji\/\"><strong><span style=\"font-size: 14pt\">Jak wybra\u0107 czasopismo naukowe ?<\/span><\/strong><\/a><\/p>\n<p class=\"header-one\"><strong><a href=\"https:\/\/jcr.clarivate.com\/JCRLandingPageAction.action\"><span style=\"font-size: 14pt\">Journal Citation Reports<\/span><\/a><\/strong><\/p>\n<p>\n<style type=\"text\/css\">a[data-mtli~=\"mtli_filesize2,65MB\"]:after {content:\" (2,65 MB)\"}<\/style><\/div>\r\n                    <\/div>\r\n                <\/div>[\/vc_column][\/vc_row]<\/p>\n<style type=\"text\/css\">a[data-mtli~=\"mtli_filesize2,65MB\"]:after {content:\" (2,65 MB)\"}<\/style>","protected":false},"excerpt":{"rendered":"<p>[vc_row][vc_column][\/vc_column][\/vc_row] [&#8230;]<\/p>\n<p><a class=\"btn btn-secondary understrap-read-more-link\" href=\"https:\/\/us.edu.pl\/instytut\/ibbios\/nauka\/ewaluacja-2021\/ewaluacja\/przewodniki-broszury-i-przydatne-linki\/\">Read More&#8230;<\/a><\/p>\n","protected":false},"author":2283,"featured_media":0,"parent":1708,"menu_order":0,"comment_status":"closed","ping_status":"closed","template":"","meta":{"_expiration-date-status":"saved","_expiration-date":0,"_expiration-date-type":"","_expiration-date-categories":[],"_expiration-date-options":[]},"acf":[],"_links":{"self":[{"href":"https:\/\/us.edu.pl\/instytut\/ibbios\/wp-json\/wp\/v2\/pages\/1904"}],"collection":[{"href":"https:\/\/us.edu.pl\/instytut\/ibbios\/wp-json\/wp\/v2\/pages"}],"about":[{"href":"https:\/\/us.edu.pl\/instytut\/ibbios\/wp-json\/wp\/v2\/types\/page"}],"author":[{"embeddable":true,"href":"https:\/\/us.edu.pl\/instytut\/ibbios\/wp-json\/wp\/v2\/users\/2283"}],"replies":[{"embeddable":true,"href":"https:\/\/us.edu.pl\/instytut\/ibbios\/wp-json\/wp\/v2\/comments?post=1904"}],"version-history":[{"count":13,"href":"https:\/\/us.edu.pl\/instytut\/ibbios\/wp-json\/wp\/v2\/pages\/1904\/revisions"}],"predecessor-version":[{"id":2125,"href":"https:\/\/us.edu.pl\/instytut\/ibbios\/wp-json\/wp\/v2\/pages\/1904\/revisions\/2125"}],"up":[{"embeddable":true,"href":"https:\/\/us.edu.pl\/instytut\/ibbios\/wp-json\/wp\/v2\/pages\/1708"}],"wp:attachment":[{"href":"https:\/\/us.edu.pl\/instytut\/ibbios\/wp-json\/wp\/v2\/media?parent=1904"}],"curies":[{"name":"wp","href":"https:\/\/api.w.org\/{rel}","templated":true}]}}