{"id":1906,"date":"2020-10-28T11:56:51","date_gmt":"2020-10-28T10:56:51","guid":{"rendered":"https:\/\/us.edu.pl\/instytut\/ibbios\/?page_id=1906"},"modified":"2022-01-14T08:38:31","modified_gmt":"2022-01-14T07:38:31","slug":"akty-prawne-w-sprawie-ewaluacji-jakosci-dzialalnosci-naukowej-1","status":"publish","type":"page","link":"https:\/\/us.edu.pl\/instytut\/ibbios\/nauka\/ewaluacja-2021\/ewaluacja\/akty-prawne-w-sprawie-ewaluacji-jakosci-dzialalnosci-naukowej-1\/","title":{"rendered":"Akty prawne w sprawie ewaluacji jako\u015bci dzia\u0142alno\u015bci naukowej"},"content":{"rendered":"<p>[vc_row][vc_column]\r\n                <div class=\"text-modules\">\r\n                    <div class=\"container\">\r\n                        <h3 class=\"page-title text__title\">Akty prawne - Ministerstwo Nauki i Szkolnictwa Wy\u017cszego<\/h3>\r\n                        <div class=\"text-modules__content\"><p><span style=\"font-size: 18pt;\"><strong>Ustawy<\/strong><\/span><\/p>\n<p><a href=\"http:\/\/www.aps.edu.pl\/media\/2392437\/kdn.pdf\" class=\"mtli_attachment mtli_pdf\" data-mtli=\"mtli_filesize1,40MB\" class=\"mtli_attachment mtli_pdf\" data-mtli=\"mtli_filesize1,40MB\"><strong><span style=\"font-size: 12pt;\">Ustawa z dnia 20 lipca 2018r. &#8211; Prawo o szkolnictwie wy\u017cszym i nauce<\/span><\/strong><\/a><\/p>\n<p>&nbsp;<\/p>\n<p><span style=\"font-size: 14pt;\"><strong><span style=\"font-size: 18pt;\">Rozporz\u0105dzenia<\/span>\u00a0<\/strong><\/span><\/p>\n<p><a href=\"http:\/\/www.aps.edu.pl\/media\/2392734\/d2020000135201.pdf\" class=\"mtli_attachment mtli_pdf\" data-mtli=\"mtli_filesize377,65kB\" class=\"mtli_attachment mtli_pdf\" data-mtli=\"mtli_filesize377,65kB\"><strong><span style=\"font-size: 12pt;\">Rozporz\u0105dzenie Ministra Nauki i Szkolnictwa Wy\u017cszego z dnia 31 lipca 2020r. zmieniaj\u0105ce rozporz\u0105dzenie w sprawie ewaluacji jako\u015bci dzia\u0142alno\u015bci naukowej<\/span><\/strong><\/a><\/p>\n<p><a href=\"http:\/\/isap.sejm.gov.pl\/isap.nsf\/download.xsp\/WDU20190000496\/O\/D20190496.pdf\" class=\"mtli_attachment mtli_pdf\" class=\"mtli_attachment mtli_pdf\"><strong><span style=\"font-size: 12pt;\">Rozporz\u0105dzenie Ministra Nauki i Szkolnictwa Wy\u017cszego z dnia 6 marca 2019r. w <\/span><\/strong><strong><span style=\"font-size: 12pt;\">sprawie<\/span><\/strong><strong><span style=\"font-size: 12pt;\">\u00a0danych przetwarzanych w Zintegrowanym Systemie Informacji o Szkolnictwie Wy\u017cszym i Nauce POL-on<\/span><\/strong><\/a><\/p>\n<p><strong><span style=\"font-size: 12pt;\"><a href=\"http:\/\/isap.sejm.gov.pl\/isap.nsf\/download.xsp\/WDU20190000392\/O\/D20190392.pdf\" class=\"mtli_attachment mtli_pdf\" data-mtli=\"mtli_filesize276,85kB\" class=\"mtli_attachment mtli_pdf\" data-mtli=\"mtli_filesize276,85kB\">Rozporz\u0105dzenie Ministra Nauki i Szkolnictwa Wy\u017cszego z dnia 22 lutego 2019r. w sprawie ewaluacji jako\u015bci dzia\u0142alno\u015bci naukowej<\/a>\u00a0<\/span><\/strong><\/p>\n<p><a href=\"http:\/\/isap.sejm.gov.pl\/isap.nsf\/download.xsp\/WDU20180001818\/O\/D20181818.pdf\" class=\"mtli_attachment mtli_pdf\" class=\"mtli_attachment mtli_pdf\"><strong><span style=\"font-size: 12pt;\">Rozporz\u0105dzenie Ministra Nauki i Szkolnictwa Wy\u017cszego z dnia 20 wrze\u015bnia 2018r. w sprawie dziedzin nauki i dyscyplin naukowych oraz dyscyplin artystycznych<\/span><\/strong><\/a><\/p>\n<p>&nbsp;<\/p>\n<p><span style=\"font-size: 18pt;\"><strong>Komunikaty<\/strong><\/span><\/p>\n<p><a href=\"https:\/\/us.edu.pl\/instytut\/ibbios\/wp-content\/uploads\/sites\/36\/2020\/05\/20210722_komunikat_z_dnia_22072021_r.pdf\" class=\"mtli_attachment mtli_pdf\" data-mtli=\"mtli_filesize781,64kB\" class=\"mtli_attachment mtli_pdf\" data-mtli=\"mtli_filesize781,64kB\"><strong><span style=\"font-size: 12pt;\">Komunikat Ministra Edukacji i Nauki z dnia 22 lipca 2021r. w sprawie wykazu wydawnictw publikuj\u0105cych recenzowane monografie naukowe<\/span><\/strong><\/a><\/p>\n<p><a href=\"https:\/\/us.edu.pl\/instytut\/ibbios\/wp-content\/uploads\/sites\/36\/2020\/05\/KOMUNIKAT_w_sprawie_wykazu_czasopism_naukowych_i_materia\u0142\u00f3w_z_konferencji_mi\u0119dzynarodowych.pdf\" class=\"mtli_attachment mtli_pdf\" data-mtli=\"mtli_filesize363,71kB\" class=\"mtli_attachment mtli_pdf\" data-mtli=\"mtli_filesize363,71kB\"><strong><span style=\"font-size: 12pt;\">Komunikat Ministra Nauki i Szkolnictwa Wy\u017cszego z dnia 29 wrze\u015bnia 2020r. w sprawie, rozszerzonego wykazu czasopism naukowych i recenzowanych materia\u0142\u00f3w z konferencji mi\u0119dzynarodowych<\/span><\/strong><\/a><\/p>\n<p><a href=\"http:\/\/www.aps.edu.pl\/media\/2393107\/20200930_komunikat_w_spr_wykazu_wydawnictw_monografii_naukowych.pdf\" class=\"mtli_attachment mtli_pdf\" data-mtli=\"mtli_filesize710,62kB\" class=\"mtli_attachment mtli_pdf\" data-mtli=\"mtli_filesize710,62kB\"><strong><span style=\"font-size: 12pt;\">Komunikat Ministra Nauki i Szkolnictwa Wy\u017cszego z dnia 29 wrze\u015bnia 2020r. w sprawie wykazu wydawnictw publikuj\u0105cych recenzowane monografie naukowe<\/span><\/strong><\/a><\/p>\n<p><a href=\"http:\/\/www.aps.edu.pl\/media\/2392443\/20191220_komunikat_-_wykaz_czasopism_naukowych-1.pdf\" class=\"mtli_attachment mtli_pdf\" data-mtli=\"mtli_filesize333,46kB\" class=\"mtli_attachment mtli_pdf\" data-mtli=\"mtli_filesize333,46kB\"><strong><span style=\"font-size: 12pt;\">Komunikat Ministra Nauki i Szkolnictwa Wy\u017cszego z dnia 18 grudnia 2019r. w sprawie wykazu czasopism naukowych i recenzowanych materia\u0142\u00f3w z konferencji mi\u0119dzynarodowych<\/span><\/strong><\/a><\/p>\n<p><a href=\"http:\/\/www.aps.edu.pl\/media\/2392444\/20191220_za\u0142\u0105cznik_do_komunikatu_-_wykaz_czasopism_i_konferencji_-_18_12_2019_na_stron\u0119_int-1.pdf\" class=\"mtli_attachment mtli_pdf\" class=\"mtli_attachment mtli_pdf\"><strong><span style=\"font-size: 12pt;\">Za\u0142\u0105cznik do komunikatu z dnia 18 grudnia 2019r. &#8211; wykaz czasopism naukowych i recenzowanych materia\u0142\u00f3w z konferencji mi\u0119dzynarodowych z przypisan\u0105 liczb\u0105 punkt\u00f3w<\/span><\/strong><\/a><\/p>\n<style type=\"text\/css\">a[data-mtli~=\"mtli_filesize1,40MB\"]:after {content:\" (1,40 MB)\"}a[data-mtli~=\"mtli_filesize377,65kB\"]:after {content:\" (377,65 kB)\"}a[data-mtli~=\"mtli_filesize276,85kB\"]:after {content:\" (276,85 kB)\"}a[data-mtli~=\"mtli_filesize781,64kB\"]:after {content:\" (781,64 kB)\"}a[data-mtli~=\"mtli_filesize363,71kB\"]:after {content:\" (363,71 kB)\"}a[data-mtli~=\"mtli_filesize710,62kB\"]:after {content:\" (710,62 kB)\"}a[data-mtli~=\"mtli_filesize333,46kB\"]:after {content:\" (333,46 kB)\"}<\/style><\/div>\r\n                    <\/div>\r\n                <\/div>[\/vc_column][\/vc_row][vc_row][vc_column]\r\n                <div class=\"text-modules\">\r\n                    <div class=\"container\">\r\n                        <h3 class=\"page-title text__title\">Zarz\u0105dzenia Jego Magnificencji Rektora Uniwersytetu \u015al\u0105skiego<\/h3>\r\n                        <div class=\"text-modules__content\"><p><span style=\"font-size: 12pt;\"><strong><a href=\"http:\/\/bip.us.edu.pl\/zarzadzenie-nr-1682020\">Zarz\u0105dzenie Rektora U\u015a nr 168\/2020 z dnia 01-10-2020 Rektora U\u015a zmieniaj\u0105ce zarz\u0105dzenie w sprawie sk\u0142adania przez pracownik\u00f3w Uniwersytetu \u015al\u0105skiego w\u00a0Katowicach o\u015bwiadcze\u0144 o dziedzinie i\u00a0dyscyplinie, o\u015bwiadcze\u0144 upowa\u017cniaj\u0105cych pracodawc\u0119 do zaliczenie ich do liczby pracownik\u00f3w prowadz\u0105cych dzia\u0142alno\u015b\u0107 naukow\u0105 w danej dyscyplinie oraz o\u015bwiadcze\u0144 upowa\u017cniaj\u0105cych Uniwersytet \u015al\u0105ski w Katowicach do wykazania osi\u0105gni\u0119\u0107 pracownika, dla cel\u00f3w ewaluacji jako\u015bci dzia\u0142alno\u015bci naukowej.<\/a><\/strong><\/span><\/p>\n<p><span style=\"font-size: 12pt;\"><a href=\"http:\/\/bip.us.edu.pl\/zarzadzenie-nr-432020\"><strong>Zarz\u0105dzenie Rektora U\u015a nr 43\/2020 z dnia 06-04-2020 w sprawie sk\u0142adania przez pracownik\u00f3w Uniwersytetu \u015al\u0105skiego w Katowicach o\u015bwiadcze\u0144 o dziedzinie i dyscyplinie, o\u015bwiadcze\u0144 upowa\u017cniaj\u0105cych pracodawc\u0119 do zaliczenie ich do liczby pracownik\u00f3w prowadz\u0105cych dzia\u0142alno\u015b\u0107 naukow\u0105 w danej dyscyplinie oraz o\u015bwiadcze\u0144 upowa\u017cniaj\u0105cych Uniwersytet \u015al\u0105ski w Katowicach do wykazania osi\u0105gni\u0119\u0107 pracownika, dla cel\u00f3w ewaluacji jako\u015bci dzia\u0142alno\u015bci naukowej.<\/strong><\/a><\/span><\/p>\n<p><strong><span style=\"font-size: 12pt;\"><a href=\"http:\/\/bip.us.edu.pl\/zarzadzenie-nr-632015\">Zarz\u0105dzenie Rektora U\u015a nr 63\/2015 z dnia 17-04-2015 w sprawie dokumentowania i upowszechniania dorobku naukowego pracownik\u00f3w Uniwersytetu \u015al\u0105skiego w Katowicach.<\/a><\/span><\/strong><\/p>\n<\/div>\r\n                    <\/div>\r\n                <\/div>[\/vc_column][\/vc_row]<\/p>\n<style type=\"text\/css\">a[data-mtli~=\"mtli_filesize1,40MB\"]:after {content:\" (1,40 MB)\"}a[data-mtli~=\"mtli_filesize377,65kB\"]:after {content:\" (377,65 kB)\"}a[data-mtli~=\"mtli_filesize276,85kB\"]:after {content:\" (276,85 kB)\"}a[data-mtli~=\"mtli_filesize781,64kB\"]:after {content:\" (781,64 kB)\"}a[data-mtli~=\"mtli_filesize363,71kB\"]:after {content:\" (363,71 kB)\"}a[data-mtli~=\"mtli_filesize710,62kB\"]:after {content:\" (710,62 kB)\"}a[data-mtli~=\"mtli_filesize333,46kB\"]:after {content:\" (333,46 kB)\"}<\/style>","protected":false},"excerpt":{"rendered":"<p>[vc_row][vc_column][\/vc_column][\/vc_row][vc_row][vc_column][\/vc_column][\/vc_row] [&#8230;]<\/p>\n<p><a class=\"btn btn-secondary understrap-read-more-link\" href=\"https:\/\/us.edu.pl\/instytut\/ibbios\/nauka\/ewaluacja-2021\/ewaluacja\/akty-prawne-w-sprawie-ewaluacji-jakosci-dzialalnosci-naukowej-1\/\">Read More&#8230;<\/a><\/p>\n","protected":false},"author":2283,"featured_media":0,"parent":1708,"menu_order":0,"comment_status":"closed","ping_status":"closed","template":"","meta":{"_expiration-date-status":"saved","_expiration-date":0,"_expiration-date-type":"","_expiration-date-categories":[],"_expiration-date-options":[]},"acf":[],"_links":{"self":[{"href":"https:\/\/us.edu.pl\/instytut\/ibbios\/wp-json\/wp\/v2\/pages\/1906"}],"collection":[{"href":"https:\/\/us.edu.pl\/instytut\/ibbios\/wp-json\/wp\/v2\/pages"}],"about":[{"href":"https:\/\/us.edu.pl\/instytut\/ibbios\/wp-json\/wp\/v2\/types\/page"}],"author":[{"embeddable":true,"href":"https:\/\/us.edu.pl\/instytut\/ibbios\/wp-json\/wp\/v2\/users\/2283"}],"replies":[{"embeddable":true,"href":"https:\/\/us.edu.pl\/instytut\/ibbios\/wp-json\/wp\/v2\/comments?post=1906"}],"version-history":[{"count":27,"href":"https:\/\/us.edu.pl\/instytut\/ibbios\/wp-json\/wp\/v2\/pages\/1906\/revisions"}],"predecessor-version":[{"id":3289,"href":"https:\/\/us.edu.pl\/instytut\/ibbios\/wp-json\/wp\/v2\/pages\/1906\/revisions\/3289"}],"up":[{"embeddable":true,"href":"https:\/\/us.edu.pl\/instytut\/ibbios\/wp-json\/wp\/v2\/pages\/1708"}],"wp:attachment":[{"href":"https:\/\/us.edu.pl\/instytut\/ibbios\/wp-json\/wp\/v2\/media?parent=1906"}],"curies":[{"name":"wp","href":"https:\/\/api.w.org\/{rel}","templated":true}]}}