{"id":2377,"date":"2020-11-30T08:52:14","date_gmt":"2020-11-30T07:52:14","guid":{"rendered":"https:\/\/us.edu.pl\/instytut\/ibbios\/?page_id=2377"},"modified":"2020-11-30T10:08:58","modified_gmt":"2020-11-30T09:08:58","slug":"profil-badawczy-zgigfr","status":"publish","type":"page","link":"https:\/\/us.edu.pl\/instytut\/ibbios\/zgigfr\/profil-badawczy-zgigfr\/","title":{"rendered":"profil badawczy ZGIGFR"},"content":{"rendered":"<p>[vc_row][vc_column]\r\n                <div class=\"text-modules\">\r\n                    <div class=\"container\">\r\n                        \r\n                        <div class=\"text-modules__content\"><\/p>\n<div>\n<p><span style=\"font-size: 14pt\"><b><span lang=\"PL\">Identyfikacja, badanie funkcji i mechanizm\u00f3w regulacji gen\u00f3w zwi\u0105zanych z wybranymi procesami rozwojowymi i odpowiedzi\u0105 na stresy \u015brodowiskowe u ro\u015blin<\/span><\/b><\/span><\/p>\n<p><span lang=\"PL\" style=\"font-size: 14pt\">Obiektem bada\u0144 jest gatunek uprawny \u2013 j\u0119czmie\u0144 (<i>Hordeum vulgare<\/i>) oraz gatunek modelowy \u2013 <i>Arabidopsis thaliana<\/i>. G\u0142\u00f3wny materia\u0142 badawczy stanowi wyprowadzona we wcze\u015bniejszych badaniach populacja TILLING j\u0119czmienia, a tak\u017ce mutanty Arabidopsis i linie CRISPR\/Cas obu gatunk\u00f3w. Badania prowadzone s\u0105 z wykorzystaniem narz\u0119dzi genomiki translacyjnej i transkryptomiki, ze szczeg\u00f3lnym uwzgl\u0119dnieniem analiz opartych o sekwencjonowanie wysokoprzepustowe (NGS), a tak\u017ce technik transformacji genetycznej i edytowania gen\u00f3w.<\/span><\/p>\n<p><span style=\"font-size: 14pt\"><u><span lang=\"PL\">Szczeg\u00f3\u0142owa problematyka badawcza zespo\u0142u obejmuje nast\u0119puj\u0105ce zagadnienia <\/span><\/u><\/span><\/p>\n<ul>\n<li><span lang=\"PL\" style=\"font-size: 14pt\">poszukiwanie gen\u00f3w kontroluj\u0105cych mechanizmy tolerancji na stres suszy i inne stresy abiotyczne zwi\u0105zane ze zmianami klimatu (wysoka temperatura, zalewanie, zasolenie) u j\u0119czmienia<\/span><\/li>\n<li><span lang=\"PL\" style=\"font-size: 14pt\">wyja\u015bnienie funkcji wybranych regulator\u00f3w sygnalizacji ABA a tak\u017ce metabolizmu brassinosteroid\u00f3w, strigolakton\u00f3w i jasmonian\u00f3w w odpowiedzi na stresy \u015brodowiskowe <\/span><\/li>\n<li><span lang=\"PL\" style=\"font-size: 14pt\">analiza funkcjonalna gen\u00f3w zwi\u0105zanych z metabolizmem brassinosteroid\u00f3w i strigolakton\u00f3w w aspekcie ich roli w procesach wzrostu i rozwoju ro\u015blin<\/span><\/li>\n<li><span lang=\"PL\" style=\"font-size: 14pt\">identyfikacja i analiza funkcji gen\u00f3w zwi\u0105zanych z odpowiedzi\u0105 na uszkodzenia DNA na drodze DDR (DNA damage response), w tym zmiany wywo\u0142ane stresami \u015brodowiskowymi <\/span><\/li>\n<li><span lang=\"PL\" style=\"font-size: 14pt\">badania molekularnych podstaw rozwoju w\u0142o\u015bnik\u00f3w u j\u0119czmienia<\/span><\/li>\n<li><span lang=\"PL\" style=\"font-size: 14pt\">badania genetycznych i epigenetycznych mechanizm\u00f3w kontroluj\u0105cych procesy regeneracji ro\u015blin w kulturze <i>in vitro, <\/i>ze szczeg\u00f3lnym uwzgl\u0119dnieniem procesu embriogenezy mikrospor u j\u0119czmienia <\/span><\/li>\n<\/ul>\n<p><span lang=\"PL\" style=\"font-size: 14pt\">Przedstawiona tematyka badawcza jest zgodna z Priorytetowymi Obszarami Badawczymi wskazanymi w Strategii Rozwoju U\u015a (POB3, POB5) oraz z najwa\u017cniejszymi obszarami badawczymi w dyscyplinie nauki biologiczne, wskazanymi w Strategii Rozwoju Instytutu Biologii, Biotechnologii i Ochrony \u015arodowiska U\u015a na lata 2020-2025 (obszary badawcze dyscypliny 1, 2, 3).<\/span><\/p>\n<\/div>\n<p>\n<\/div>\r\n                    <\/div>\r\n                <\/div>[\/vc_column][\/vc_row]<\/p>","protected":false},"excerpt":{"rendered":"<p>[vc_row][vc_column][\/vc_column][\/vc_row] [&#8230;]<\/p>\n<p><a class=\"btn btn-secondary understrap-read-more-link\" href=\"https:\/\/us.edu.pl\/instytut\/ibbios\/zgigfr\/profil-badawczy-zgigfr\/\">Read More&#8230;<\/a><\/p>\n","protected":false},"author":2283,"featured_media":0,"parent":2359,"menu_order":0,"comment_status":"closed","ping_status":"closed","template":"","meta":{"_expiration-date-status":"saved","_expiration-date":0,"_expiration-date-type":"","_expiration-date-categories":[],"_expiration-date-options":[]},"acf":[],"_links":{"self":[{"href":"https:\/\/us.edu.pl\/instytut\/ibbios\/wp-json\/wp\/v2\/pages\/2377"}],"collection":[{"href":"https:\/\/us.edu.pl\/instytut\/ibbios\/wp-json\/wp\/v2\/pages"}],"about":[{"href":"https:\/\/us.edu.pl\/instytut\/ibbios\/wp-json\/wp\/v2\/types\/page"}],"author":[{"embeddable":true,"href":"https:\/\/us.edu.pl\/instytut\/ibbios\/wp-json\/wp\/v2\/users\/2283"}],"replies":[{"embeddable":true,"href":"https:\/\/us.edu.pl\/instytut\/ibbios\/wp-json\/wp\/v2\/comments?post=2377"}],"version-history":[{"count":2,"href":"https:\/\/us.edu.pl\/instytut\/ibbios\/wp-json\/wp\/v2\/pages\/2377\/revisions"}],"predecessor-version":[{"id":2379,"href":"https:\/\/us.edu.pl\/instytut\/ibbios\/wp-json\/wp\/v2\/pages\/2377\/revisions\/2379"}],"up":[{"embeddable":true,"href":"https:\/\/us.edu.pl\/instytut\/ibbios\/wp-json\/wp\/v2\/pages\/2359"}],"wp:attachment":[{"href":"https:\/\/us.edu.pl\/instytut\/ibbios\/wp-json\/wp\/v2\/media?parent=2377"}],"curies":[{"name":"wp","href":"https:\/\/api.w.org\/{rel}","templated":true}]}}