{"id":2383,"date":"2020-11-30T10:05:59","date_gmt":"2020-11-30T09:05:59","guid":{"rendered":"https:\/\/us.edu.pl\/instytut\/ibbios\/?page_id=2383"},"modified":"2022-04-01T09:16:20","modified_gmt":"2022-04-01T07:16:20","slug":"zespol-zgigfr","status":"publish","type":"page","link":"https:\/\/us.edu.pl\/instytut\/ibbios\/zgigfr\/zespol-zgigfr\/","title":{"rendered":"Zesp\u00f3\u0142 Genetyki i Genomiki Funkcjonalnej Ro\u015blin"},"content":{"rendered":"<p>[vc_row][vc_column]\r\n                <div class=\"text-modules\">\r\n                    <div class=\"container\">\r\n                        \r\n                        <div class=\"text-modules__content\"><\/p>\n<p style=\"text-align: center;\"><span style=\"font-size: 14pt;\"><strong>Dr hab. Agata Daszkowska-Golec, prof. U\u015a <\/strong>\u2013 lider zespo\u0142u<\/span><\/p>\n<p style=\"text-align: center;\"><img class=\"size-medium wp-image-4380 aligncenter\" src=\"https:\/\/us.edu.pl\/instytut\/ibbios\/wp-content\/uploads\/sites\/36\/Nieprzypisane\/Daszkowska-Golec-Agata-240x300.jpg\" alt=\"\" width=\"240\" height=\"300\" srcset=\"https:\/\/us.edu.pl\/instytut\/ibbios\/wp-content\/uploads\/sites\/36\/Nieprzypisane\/Daszkowska-Golec-Agata-240x300.jpg 240w, https:\/\/us.edu.pl\/instytut\/ibbios\/wp-content\/uploads\/sites\/36\/Nieprzypisane\/Daszkowska-Golec-Agata-460x575.jpg 460w, https:\/\/us.edu.pl\/instytut\/ibbios\/wp-content\/uploads\/sites\/36\/Nieprzypisane\/Daszkowska-Golec-Agata.jpg 640w\" sizes=\"(max-width: 240px) 100vw, 240px\" \/><\/p>\n<p style=\"text-align: center;\"><span style=\"font-size: 14pt;\"><strong>Cz\u0142onkowie<\/strong>:<\/span><\/p>\n<p style=\"text-align: center;\"><span style=\"font-size: 14pt;\">Dr Monika Gajecka\u00a0<\/span><\/p>\n<p style=\"text-align: center;\"><span style=\"font-size: 14pt;\">\u00a0Mgr Katarzyna Gajek<\/span><\/p>\n<p style=\"text-align: center;\"><span style=\"font-size: 14pt;\">\u00a0Dr hab. Damian Gruszka, prof. U\u015a\u00a0<\/span><\/p>\n<p style=\"text-align: center;\"><span style=\"font-size: 14pt;\">\u00a0Dr hab. Agnieszka Janiak, prof. U\u015a\u00a0<\/span><\/p>\n<p style=\"text-align: center;\"><span style=\"font-size: 14pt;\">\u00a0Dr Marzena Kurowska<\/span><\/p>\n<p style=\"text-align: center;\"><span style=\"font-size: 14pt;\">\u00a0Dr Marek Marzec, prof. U\u015a<\/span><\/p>\n<p style=\"text-align: center;\"><span style=\"font-size: 14pt;\">\u00a0Prof. dr hab. Iwona Szarejko<\/span><\/p>\n<p style=\"text-align: center;\"><span style=\"font-size: 14pt;\">\u00a0Dr Miriam Szurman-Zubrzycka<\/span><\/p>\n<p style=\"text-align: center;\"><span style=\"font-size: 14pt;\">\u00a0Dr Justyna Guzy-Wr\u00f3belska\u00a0<\/span><\/p>\n<p style=\"text-align: center;\"><span style=\"font-size: 14pt;\">\u00a0Dr Beata Chmielewska\u00a0<\/span><\/p>\n<p style=\"text-align: center;\"><span style=\"font-size: 14pt;\">\u00a0Dr Anna Collin\u00a0<\/span><\/p>\n<p style=\"text-align: center;\"><span style=\"font-size: 14pt;\">\u00a0Mgr Ewa Sybilska<\/span><\/p>\n<p style=\"text-align: center;\"><span style=\"font-size: 14pt;\">\u00a0Mgr Gra\u017cyna Skawi\u0144ska-Zydro\u0144\u00a0<\/span><\/p>\n<p style=\"text-align: center;\"><span style=\"font-size: 14pt;\">\u00a0Justyna Zbieszczyk<\/span><\/p>\n<p style=\"text-align: center;\"><span style=\"font-size: 14pt;\">\u00a0Mgr Sunny Ahmar<\/span><\/p>\n<p style=\"text-align: center;\"><span style=\"font-size: 14pt;\">\u00a0Mgr Magdalena Korek<\/span><\/p>\n<p style=\"text-align: center;\"><span style=\"font-size: 14pt;\">\u00a0Paulina J\u0119drzejek<\/span><\/p>\n<p style=\"text-align: center;\"><span style=\"font-size: 14pt;\">\u00a0Dr Pirko Jalakas<\/span><\/p>\n<p>\u00a0<\/p>\n<\/div>\r\n                    <\/div>\r\n                <\/div>[\/vc_column][\/vc_row]<\/p>","protected":false},"excerpt":{"rendered":"<p>[vc_row][vc_column][\/vc_column][\/vc_row] [&#8230;]<\/p>\n<p><a class=\"btn btn-secondary understrap-read-more-link\" href=\"https:\/\/us.edu.pl\/instytut\/ibbios\/zgigfr\/zespol-zgigfr\/\">Read More&#8230;<\/a><\/p>\n","protected":false},"author":2283,"featured_media":0,"parent":2359,"menu_order":0,"comment_status":"closed","ping_status":"closed","template":"","meta":{"_expiration-date-status":"saved","_expiration-date":0,"_expiration-date-type":"","_expiration-date-categories":[],"_expiration-date-options":[]},"acf":[],"_links":{"self":[{"href":"https:\/\/us.edu.pl\/instytut\/ibbios\/wp-json\/wp\/v2\/pages\/2383"}],"collection":[{"href":"https:\/\/us.edu.pl\/instytut\/ibbios\/wp-json\/wp\/v2\/pages"}],"about":[{"href":"https:\/\/us.edu.pl\/instytut\/ibbios\/wp-json\/wp\/v2\/types\/page"}],"author":[{"embeddable":true,"href":"https:\/\/us.edu.pl\/instytut\/ibbios\/wp-json\/wp\/v2\/users\/2283"}],"replies":[{"embeddable":true,"href":"https:\/\/us.edu.pl\/instytut\/ibbios\/wp-json\/wp\/v2\/comments?post=2383"}],"version-history":[{"count":6,"href":"https:\/\/us.edu.pl\/instytut\/ibbios\/wp-json\/wp\/v2\/pages\/2383\/revisions"}],"predecessor-version":[{"id":4382,"href":"https:\/\/us.edu.pl\/instytut\/ibbios\/wp-json\/wp\/v2\/pages\/2383\/revisions\/4382"}],"up":[{"embeddable":true,"href":"https:\/\/us.edu.pl\/instytut\/ibbios\/wp-json\/wp\/v2\/pages\/2359"}],"wp:attachment":[{"href":"https:\/\/us.edu.pl\/instytut\/ibbios\/wp-json\/wp\/v2\/media?parent=2383"}],"curies":[{"name":"wp","href":"https:\/\/api.w.org\/{rel}","templated":true}]}}