{"id":2685,"date":"2021-01-25T12:34:34","date_gmt":"2021-01-25T11:34:34","guid":{"rendered":"https:\/\/us.edu.pl\/instytut\/ibbios\/?page_id=2685"},"modified":"2021-01-25T12:45:10","modified_gmt":"2021-01-25T11:45:10","slug":"wgrywanie-publikacji-z-bibliografii-do-orcid-2","status":"publish","type":"page","link":"https:\/\/us.edu.pl\/instytut\/ibbios\/wgrywanie-publikacji-z-bibliografii-do-orcid-2\/","title":{"rendered":"Wgrywanie publikacji z bibliografii do Orcid"},"content":{"rendered":"<p>[vc_row][vc_column]\r\n                <div class=\"text-modules\">\r\n                    <div class=\"container\">\r\n                        \r\n                        <div class=\"text-modules__content\"><p><strong><span style=\"font-size: 14pt\">Aby zasili\u0107 swoje konto ORCID publikacjami, kt\u00f3re s\u0105 w CINIBA w Bibliografii Dorobku Pracownik\u00f3w U\u015a prosz\u0119 wys\u0142a\u0107 mail na adres <a href=\"mailto:bibliogr@ciniba.edu.pl\">bibliogr@ciniba.edu.pl<\/a> z pro\u015bb\u0105 o przes\u0142anie pliku z publikacjami. Dostan\u0105 Pa\u0144stwo plik (.bib) wraz z instrukcj\u0105 jak to zrobi\u0107 i po kilku chwilach ca\u0142y dorobek, kt\u00f3ry jest w BDPU\u015a b\u0119dzie w bazie ORCID.<\/span><\/strong><\/p>\n<p><span style=\"font-size: 14pt\">W razie pyta\u0144 prosz\u0119 o kontakt: <strong>maciej.bisaga@us.edu.pl<\/strong><\/span><\/p>\n<p><span style=\"font-size: 14pt\"><strong><a href=\"https:\/\/us.edu.pl\/instytut\/ibbios\/wp-content\/uploads\/sites\/36\/Nieprzypisane\/Wgrywanie-publikacji-z-Bibliografii-do-ORCID.pdf\" class=\"mtli_attachment mtli_pdf\" data-mtli=\"mtli_filesize613,33kB\" class=\"mtli_attachment mtli_pdf\" data-mtli=\"mtli_filesize613,33kB\">Wgrywanie_publikacji_z_Bibliografii_do_ORCID.pdf<\/a><\/strong><\/span><\/p>\n<style type=\"text\/css\">a[data-mtli~=\"mtli_filesize613,33kB\"]:after {content:\" (613,33 kB)\"}<\/style><\/div>\r\n                    <\/div>\r\n                <\/div>[\/vc_column][\/vc_row]<\/p>\n<style type=\"text\/css\">a[data-mtli~=\"mtli_filesize613,33kB\"]:after {content:\" (613,33 kB)\"}<\/style>","protected":false},"excerpt":{"rendered":"<p>[vc_row][vc_column][\/vc_column][\/vc_row] [&#8230;]<\/p>\n<p><a class=\"btn btn-secondary understrap-read-more-link\" href=\"https:\/\/us.edu.pl\/instytut\/ibbios\/wgrywanie-publikacji-z-bibliografii-do-orcid-2\/\">Read More&#8230;<\/a><\/p>\n","protected":false},"author":2283,"featured_media":0,"parent":0,"menu_order":0,"comment_status":"closed","ping_status":"closed","template":"","meta":{"_expiration-date-status":"saved","_expiration-date":0,"_expiration-date-type":"","_expiration-date-categories":[],"_expiration-date-options":[]},"acf":[],"_links":{"self":[{"href":"https:\/\/us.edu.pl\/instytut\/ibbios\/wp-json\/wp\/v2\/pages\/2685"}],"collection":[{"href":"https:\/\/us.edu.pl\/instytut\/ibbios\/wp-json\/wp\/v2\/pages"}],"about":[{"href":"https:\/\/us.edu.pl\/instytut\/ibbios\/wp-json\/wp\/v2\/types\/page"}],"author":[{"embeddable":true,"href":"https:\/\/us.edu.pl\/instytut\/ibbios\/wp-json\/wp\/v2\/users\/2283"}],"replies":[{"embeddable":true,"href":"https:\/\/us.edu.pl\/instytut\/ibbios\/wp-json\/wp\/v2\/comments?post=2685"}],"version-history":[{"count":3,"href":"https:\/\/us.edu.pl\/instytut\/ibbios\/wp-json\/wp\/v2\/pages\/2685\/revisions"}],"predecessor-version":[{"id":2689,"href":"https:\/\/us.edu.pl\/instytut\/ibbios\/wp-json\/wp\/v2\/pages\/2685\/revisions\/2689"}],"wp:attachment":[{"href":"https:\/\/us.edu.pl\/instytut\/ibbios\/wp-json\/wp\/v2\/media?parent=2685"}],"curies":[{"name":"wp","href":"https:\/\/api.w.org\/{rel}","templated":true}]}}