{"id":273,"date":"2020-05-11T11:49:27","date_gmt":"2020-05-11T09:49:27","guid":{"rendered":"http:\/\/us.edu.pl\/instytut\/ibbios\/?page_id=273"},"modified":"2025-02-24T08:29:25","modified_gmt":"2025-02-24T07:29:25","slug":"kontakt","status":"publish","type":"page","link":"https:\/\/us.edu.pl\/instytut\/ibbios\/kontakt\/","title":{"rendered":"Kontakt"},"content":{"rendered":"<p>[vc_row][vc_column]\r\n                <div class=\"text-modules\">\r\n                    <div class=\"container\">\r\n                        <h3 class=\"page-title text__title\">Kontakt<\/h3>\r\n                        <div class=\"text-modules__content\"><\/div>\r\n                    <\/div>\r\n                <\/div>[vc_column_text][\/vc_column_text][\/vc_column][\/vc_row][vc_row][vc_column width=&#8221;1\/2&#8243;]\r\n                <div class=\"text-modules\">\r\n                    <div class=\"container\">\r\n                        \r\n                        <div class=\"text-modules__content\"><p><iframe loading=\"lazy\" style=\"border: 0;\" src=\"https:\/\/www.google.com\/maps\/embed?pb=!1m18!1m12!1m3!1d2551.0122279238826!2d19.021414715875057!3d50.254355909355844!2m3!1f0!2f0!3f0!3m2!1i1024!2i768!4f13.1!3m3!1m2!1s0x4716ce496bfd7e79%3A0xce0fd2d274e8443f!2sWydzia%C5%82%20Nauk%20Przyrodniczych%20-%20Instytut%20Biologii%2C%20Biotechnologii%20i%20Ochrony%20%C5%9Arodowiska%20Uniwersytetu%20%C5%9Al%C4%85skiego!5e0!3m2!1spl!2spl!4v1645431200896!5m2!1spl!2spl\" width=\"800\" height=\"600\" allowfullscreen=\"allowfullscreen\"><\/iframe><\/p>\n<\/div>\r\n                    <\/div>\r\n                <\/div>[\/vc_column][vc_column width=&#8221;1\/2&#8243;][vc_column_text]<\/p>\n<p style=\"text-align: center;\"><span style=\"font-family: verdana, geneva, sans-serif;\"><span style=\"font-size: 18pt;\"><strong>Instytut Biologii, Biotechnologii i Ochrony<\/strong><\/span><span style=\"font-size: 18pt;\"><strong> \u015arodowiska<\/strong><\/span><u><br \/>\n<\/u><\/span><\/p>\n<p style=\"text-align: center;\"><span style=\"font-size: 18pt; font-family: verdana, geneva, sans-serif;\">ul. Jagiello\u0144ska 28, 40-032 Katowice<br \/>\n<\/span><\/p>\n<hr \/>\n<p style=\"text-align: center;\"><span style=\"text-decoration: underline; font-family: verdana, geneva, sans-serif; font-size: 14pt;\"><strong><a href=\"https:\/\/us.edu.pl\/wydzial\/wnp\/student\/dziekanat\/\">Dziekanat<\/a><\/strong><\/span><\/p>\n<p style=\"text-align: center;\"><span style=\"font-size: 12pt; font-family: verdana, geneva, sans-serif;\">nr tel.: (032) 20 09 565 \/ obs\u0142uga student\u00f3w<\/span><\/p>\n<p style=\"text-align: center;\"><span style=\"font-size: 12pt; font-family: verdana, geneva, sans-serif;\">nr tel.: (032) 20 09 556 \/ obs\u0142uga USOS, pracownik\u00f3w, protoko\u0142\u00f3w<\/span><\/p>\n<p>&nbsp;<\/p>\n<hr \/>\n<p style=\"text-align: center;\"><span style=\"font-family: verdana, geneva, sans-serif; font-size: 14pt;\"><a href=\"https:\/\/us.edu.pl\/instytut\/ibbios\/biuro-ewaluacji\/\"><b><u>Biuro Ewaluacji i Obs\u0142ugi Instytut\u00f3w<\/u><\/b><\/a><\/span><\/p>\n<p style=\"text-align: center;\"><span style=\"font-size: 12pt; font-family: verdana, geneva, sans-serif;\">nr tel.: (032) 20 09 361 \/ Biuro Ewaluacji i Obs\u0142ugi Instytut\u00f3w<\/span><\/p>\n<p style=\"text-align: center;\"><span style=\"font-size: 12pt; font-family: verdana, geneva, sans-serif;\">nr tel.: (032) 20 09 592 \/\u00a0<\/span><span style=\"font-family: verdana, geneva, sans-serif; font-size: 12pt;\">mgr Dorota Siwi\u0144ska,\u00a0<\/span><span style=\"font-size: 12pt; font-family: verdana, geneva, sans-serif;\">kierownik BEOI<\/span><\/p>\n<p>[\/vc_column_text][\/vc_column][\/vc_row][vc_row][vc_column]\r\n                <div class=\"text-modules\">\r\n                    <div class=\"container\">\r\n                        \r\n                        <div class=\"text-modules__content\"><\/p>\n<hr \/>\n<table class=\" aligncenter\" style=\"height: 18px; width: 100%; border-collapse: collapse; border-style: none;\">\n<tbody>\n<tr style=\"height: 18px;\">\n<td style=\"width: 50%; height: 18px;\">\n<p style=\"text-align: center;\"><span style=\"font-family: verdana, geneva, sans-serif; font-size: 12pt;\"><strong><span style=\"text-decoration: underline;\"><span style=\"font-size: 14pt;\">Administrator serwisu www:<\/span><\/span><u><br \/>\n<\/u><\/strong>mgr Ewelina Malinowska<br \/>\n<a href=\"mailto:ewelina.malinowska@us.edu.pl\">ewelina.malinowska@us.edu.pl<\/a><\/span><\/p>\n<\/td>\n<td style=\"width: 50%; height: 18px;\">\n<p style=\"text-align: center;\"><span style=\"font-family: verdana, geneva, sans-serif; font-size: 12pt;\"><strong><span style=\"text-decoration: underline; font-size: 14pt;\">Administrator sieci wydzia\u0142owej:<\/span><u><br \/>\n<\/u><\/strong>dr Jacek Pietrakowski (IBBiO\u015a)<br \/>\n<a href=\"mailto:jacek.pietrakowski@us.edu.pl\">jacek.pietrakowski@us.edu.pl<\/a><\/span><\/p>\n<\/td>\n<\/tr>\n<\/tbody>\n<\/table>\n<p>\n<\/div>\r\n                    <\/div>\r\n                <\/div>[\/vc_column][\/vc_row][vc_row][vc_column][\/vc_column][\/vc_row]<\/p>","protected":false},"excerpt":{"rendered":"<p>[vc_row][vc_column][vc_column_text][\/vc_column_text][\/vc_column][\/vc_row][vc_row][vc_column width=&#8221;1\/2&#8243;][\/vc_column][vc_column width=&#8221;1\/2&#8243;][vc_column_text] Instytut Biologii, Biotechnologii i Ochrony \u015arodowiska ul. Jagiello\u0144ska 28, 40-032 Katowice Dziekanat nr tel.: (032) 20 09 565 \/ obs\u0142uga student\u00f3w nr tel.: (032) 20 09 556 \/ obs\u0142uga USOS, pracownik\u00f3w, protoko\u0142\u00f3w &nbsp; Biuro Ewaluacji i Obs\u0142ugi Instytut\u00f3w nr tel.: (032) 20 09 361 \/ Biuro Ewaluacji i Obs\u0142ugi Instytut\u00f3w nr tel.: [&#8230;]<\/p>\n<p><a class=\"btn btn-secondary understrap-read-more-link\" href=\"https:\/\/us.edu.pl\/instytut\/ibbios\/kontakt\/\">Read More&#8230;<\/a><\/p>\n","protected":false},"author":114,"featured_media":0,"parent":0,"menu_order":0,"comment_status":"closed","ping_status":"closed","template":"page-templates\/page-with-sidebar.php","meta":{"_expiration-date-status":"","_expiration-date":0,"_expiration-date-type":"","_expiration-date-categories":[],"_expiration-date-options":[]},"acf":[],"_links":{"self":[{"href":"https:\/\/us.edu.pl\/instytut\/ibbios\/wp-json\/wp\/v2\/pages\/273"}],"collection":[{"href":"https:\/\/us.edu.pl\/instytut\/ibbios\/wp-json\/wp\/v2\/pages"}],"about":[{"href":"https:\/\/us.edu.pl\/instytut\/ibbios\/wp-json\/wp\/v2\/types\/page"}],"author":[{"embeddable":true,"href":"https:\/\/us.edu.pl\/instytut\/ibbios\/wp-json\/wp\/v2\/users\/114"}],"replies":[{"embeddable":true,"href":"https:\/\/us.edu.pl\/instytut\/ibbios\/wp-json\/wp\/v2\/comments?post=273"}],"version-history":[{"count":10,"href":"https:\/\/us.edu.pl\/instytut\/ibbios\/wp-json\/wp\/v2\/pages\/273\/revisions"}],"predecessor-version":[{"id":8560,"href":"https:\/\/us.edu.pl\/instytut\/ibbios\/wp-json\/wp\/v2\/pages\/273\/revisions\/8560"}],"wp:attachment":[{"href":"https:\/\/us.edu.pl\/instytut\/ibbios\/wp-json\/wp\/v2\/media?parent=273"}],"curies":[{"name":"wp","href":"https:\/\/api.w.org\/{rel}","templated":true}]}}