{"id":3625,"date":"2021-12-01T14:32:06","date_gmt":"2021-12-01T13:32:06","guid":{"rendered":"https:\/\/us.edu.pl\/instytut\/ibbios\/?page_id=3625"},"modified":"2021-12-01T14:32:06","modified_gmt":"2021-12-01T13:32:06","slug":"profesor-stanislaw-cabala-wspomnienie","status":"publish","type":"page","link":"https:\/\/us.edu.pl\/instytut\/ibbios\/profesor-stanislaw-cabala-wspomnienie\/","title":{"rendered":"Profesor Stanis\u0142aw Caba\u0142a &#8211; wspomnienie"},"content":{"rendered":"<p>[vc_row][vc_column]\r\n                <div class=\"text-modules \">\r\n                    <div class=\"container\">\r\n                         \r\n                        <div class=\"row m-0\">\r\n                            <div class=\"text-modules__content\">\r\n                                <strong>Pan prof. dr hab. Stanis\u0142aw Caba\u0142a<\/strong> urodzi\u0142 si\u0119 16 lutego 1950 r. w Chorzowie. Studia wy\u017csze uko\u0144czy\u0142 w roku 1974 na Wydziale Biologii i Ochrony \u015arodowiska Uniwersytetu \u015al\u0105skiego w Katowicach. Prac\u0119 doktorsk\u0105 pt. \u201eWilgotne bory trzcinnikowe \u2013 <em>Calamagrostio Villosae-Pinetum<\/em> \u2013 po\u0142udniowej Polski\u201d wykona\u0142 pod kierunkiem prof. dr hab. Floriana Celi\u0144skiego i obroni\u0142 w roku 1979 na tym samym Wydziale. W 1974 roku podj\u0105\u0142 prac\u0119 na stanowisku asystenta (1974-1979) pocz\u0105tkowo w Katedrze Systematyki i Geografii Ro\u015blin, kt\u00f3ra zosta\u0142a przeorganizowana w Katedr\u0119 Geobotaniki i Ochrony Przyrody na Wydziale Biologii i Ochrony \u015arodowiska U\u015a, nast\u0119pnie adiunkta (1979-1993) i profesora nadzwyczajnego (od 1999). W latach 2000-2018 pe\u0142ni\u0142 funkcj\u0119 kierownika Katedry Ekologii. Prof. dr hab. Stanis\u0142aw Caba\u0142a by\u0142 prodziekanem Wydzia\u0142u Biologii i Ochrony \u015arodowiska U\u015a w latach 1992-1999, a od 01.10.1998 do 30.09.1999 pe\u0142ni\u0142 tak\u017ce obowi\u0105zki dziekana.<\/p>\n<p>&nbsp;<\/p>\n<p>Profesor Caba\u0142a bada\u0142 zr\u00f3\u017cnicowanie zbiorowisk le\u015bnych Wy\u017cyny \u015al\u0105skiej. Opracowane przez Pana Profesora wyniki bada\u0144 s\u0105 nadal aktualne i inspiruj\u0105 do szczeg\u00f3\u0142owych bada\u0144 kolejne pokolenia badaczy. Pan Profesor by\u0142 autorem 91 publikacji (w tym 9 ksi\u0105\u017ckowych), by\u0142 promotorem kilkudziesi\u0119ciu prac magisterskich oraz promotorem w 12 przewodach doktorskich, z czego dwie osoby uzyska\u0142y stopie\u0144 doktora habilitowanego.\u00a0 Uczestniczy\u0142 w realizacji 37 opracowa\u0144 naukowych i ekspertyz dla jednostek administracji pa\u0144stwowej oraz pe\u0142ni\u0142 funkcj\u0119 kierownika zespo\u0142u w projekcie \u201eZintegrowany system wspomagaj\u0105cy zarz\u0105dzaniem i ochron\u0105 zbiornika zaporowego\u201d.<\/p>\n<p>&nbsp;<\/p>\n<p>W roku 1980 Pan Profesor odby\u0142 sta\u017c w Peru (Uniwersytet SAN MARCOS w Limie i Przyrodnicze Muzeum Narodowe w Limie), podczas kt\u00f3rego uczestniczy\u0142 w 5 miesi\u0119cznej wyprawie do Amazonii. By\u0142 organizatorem i uczestnikiem wypraw naukowo \u2013 poznawczych student\u00f3w i pracownik\u00f3w WBiO\u015a U\u015a: w 1972 roku do Turcji, Iranu i Iraku, w 1975 \u2013 do Algierii, Maroka, w 1984 \u2013 do Turcji, Iranu, Pakistanu, 1985 \u2013 do Ekwadoru, 1992 \u2013 do Maroka i Sahary Hiszpa\u0144skiej, 2000 do Australii i Tajlandii. Do dzi\u015b mamy w oczach slajdy z Peru, czy Australii ubarwione fascynuj\u0105c\u0105 opowie\u015bci\u0105. Pan Profesor mia\u0142 dusz\u0119 podr\u00f3\u017cnika, godzinami potrafi\u0142 pi\u0119knie opowiada\u0107 o swoich wyprawach naukowych i prywatnych, tak\u017ce o tegorocznej (2021) do Turcji i locie balonem.<\/p>\n<p>&nbsp;<\/p>\n<p>Profesor Stanis\u0142aw Caba\u0142a zostanie zapami\u0119tany jako wybitny specjalista, mi\u0142o\u015bnik przyrody, a w szczeg\u00f3lno\u015bci znawca i entuzjasta storczyk\u00f3w. Pan Profesor by\u0142 ciep\u0142ym, serdecznym cz\u0142owiekiem, z kt\u00f3rym zawsze mo\u017cna by\u0142o porozmawia\u0107, nie tylko na tematy naukowe, ale i \u017cyciowe, kt\u00f3re to rozmowy napawa\u0142y optymizmem i czyni\u0142y \u015bwiat pi\u0119kniejszym.<\/p>\n<p>&nbsp;<\/p>\n<div class=\"mt-3\"><\/div>\r\n                            <\/div>\r\n                            \r\n                            <div class=\"text-modules__img\"><img src=\"https:\/\/us.edu.pl\/instytut\/ibbios\/wp-content\/uploads\/sites\/36\/Nieprzypisane\/profesor-Caba\u0142a.jpg\" alt=\"img\"><\/div>\r\n                        <\/div>\r\n                    <\/div>\r\n                <\/div>[\/vc_column][\/vc_row]<\/p>","protected":false},"excerpt":{"rendered":"<p>[vc_row][vc_column][\/vc_column][\/vc_row] [&#8230;]<\/p>\n<p><a class=\"btn btn-secondary understrap-read-more-link\" href=\"https:\/\/us.edu.pl\/instytut\/ibbios\/profesor-stanislaw-cabala-wspomnienie\/\">Read More&#8230;<\/a><\/p>\n","protected":false},"author":4825,"featured_media":0,"parent":0,"menu_order":0,"comment_status":"closed","ping_status":"closed","template":"","meta":{"_expiration-date-status":"saved","_expiration-date":0,"_expiration-date-type":"","_expiration-date-categories":[],"_expiration-date-options":[]},"acf":[],"_links":{"self":[{"href":"https:\/\/us.edu.pl\/instytut\/ibbios\/wp-json\/wp\/v2\/pages\/3625"}],"collection":[{"href":"https:\/\/us.edu.pl\/instytut\/ibbios\/wp-json\/wp\/v2\/pages"}],"about":[{"href":"https:\/\/us.edu.pl\/instytut\/ibbios\/wp-json\/wp\/v2\/types\/page"}],"author":[{"embeddable":true,"href":"https:\/\/us.edu.pl\/instytut\/ibbios\/wp-json\/wp\/v2\/users\/4825"}],"replies":[{"embeddable":true,"href":"https:\/\/us.edu.pl\/instytut\/ibbios\/wp-json\/wp\/v2\/comments?post=3625"}],"version-history":[{"count":1,"href":"https:\/\/us.edu.pl\/instytut\/ibbios\/wp-json\/wp\/v2\/pages\/3625\/revisions"}],"predecessor-version":[{"id":3626,"href":"https:\/\/us.edu.pl\/instytut\/ibbios\/wp-json\/wp\/v2\/pages\/3625\/revisions\/3626"}],"wp:attachment":[{"href":"https:\/\/us.edu.pl\/instytut\/ibbios\/wp-json\/wp\/v2\/media?parent=3625"}],"curies":[{"name":"wp","href":"https:\/\/api.w.org\/{rel}","templated":true}]}}