{"id":3787,"date":"2022-01-14T08:40:47","date_gmt":"2022-01-14T07:40:47","guid":{"rendered":"https:\/\/us.edu.pl\/instytut\/ibbios\/?page_id=3787"},"modified":"2023-03-29T11:18:09","modified_gmt":"2023-03-29T09:18:09","slug":"akty-prawne-w-sprawie-ewaluacji-jakosci-dzialalnosci-naukowej","status":"publish","type":"page","link":"https:\/\/us.edu.pl\/instytut\/ibbios\/nauka\/ewaluacja-2021\/akty-prawne-w-sprawie-ewaluacji-jakosci-dzialalnosci-naukowej\/","title":{"rendered":"Akty prawne w sprawie ewaluacji jako\u015bci dzia\u0142alno\u015bci naukowej"},"content":{"rendered":"<p>[vc_row][vc_column]\r\n            <div class=\"container\">  \r\n                <div class=\"lists-with-links\">\r\n                    <div class=\"section-title\">Akty prawne - Ministerstwo Edukacji i Nauki<\/div>\r\n                   <div class=\"lists-with-links__items lists-1\"><\/div>\r\n                <\/div>\r\n            <\/div>[\/vc_column][\/vc_row][vc_row][vc_column]\r\n            <div class=\"container\">  \r\n                <div class=\"lists-with-links\">\r\n                    <div class=\"section-title\">Ustawy<\/div>\r\n                   <div class=\"lists-with-links__items lists-1\"><ul class=\"angle-list\"> <li> <a href=\"http:\/\/www.aps.edu.pl\/media\/2392437\/kdn.pdf\" class=\"mtli_attachment mtli_pdf\" data-mtli=\"mtli_filesize1,40MB\"> Ustawa z dnia 20 lipca 2018r. \u2013 Prawo o szkolnictwie wy\u017cszym i nauce <\/a> <\/li><\/ul><\/div>\r\n                <\/div>\r\n            <\/div>\r\n            <div class=\"container\">  \r\n                <div class=\"lists-with-links\">\r\n                    <div class=\"section-title\">Rozporz\u0105dzenia<\/div>\r\n                   <div class=\"lists-with-links__items lists-1\"><ul class=\"angle-list\"> <li> <a href=\"https:\/\/dziennikustaw.gov.pl\/DU\/2021\/2364\/D2021000236401.pdf\" class=\"mtli_attachment mtli_pdf\"> Rozporz\u0105dzenie Ministra Edukacji i Nauki z dnia 17 grudnia 2021 r. zmieniaj\u0105ce rozporz\u0105dzenie w sprawie danych przetwarzanych w Zintegrowanym Systemie Informacji o Szkolnictwie Wy\u017cszym i Nauce POL-on <\/a> <\/li><li> <a href=\"https:\/\/dziennikustaw.gov.pl\/DU\/2021\/1994\/D2021000199401.pdf\" class=\"mtli_attachment mtli_pdf\"> Rozporz\u0105dzenie Ministra Edukacji i Nauki z dnia 19 pa\u017adziernika 2021 r. zmieniaj\u0105ce rozporz\u0105dzenie w sprawie ewaluacji jako\u015bci dzia\u0142alno\u015bci naukowej <\/a> <\/li><li> <a href=\"https:\/\/dziennikustaw.gov.pl\/DU\/2021\/71\/D2021000007101.pdf\" class=\"mtli_attachment mtli_pdf\"> Rozporz\u0105dzenie Ministra Edukacji i Nauki z dnia 22 grudnia 2020 r. zmieniaj\u0105ce rozporz\u0105dzenie w sprawie danych przetwarzanych w Zintegrowanym Systemie Informacji o Szkolnictwie Wy\u017cszym i Nauce POL-on <\/a> <\/li><li> <a href=\"http:\/\/www.aps.edu.pl\/media\/2392734\/d2020000135201.pdf\" class=\"mtli_attachment mtli_pdf\" data-mtli=\"mtli_filesize377,65kB\"> Rozporz\u0105dzenie Ministra Nauki i Szkolnictwa Wy\u017cszego z dnia 31 lipca 2020r. zmieniaj\u0105ce rozporz\u0105dzenie w sprawie ewaluacji jako\u015bci dzia\u0142alno\u015bci naukowej <\/a> <\/li><li> <a href=\"http:\/\/isap.sejm.gov.pl\/isap.nsf\/download.xsp\/WDU20190000496\/O\/D20190496.pdf\" class=\"mtli_attachment mtli_pdf\"> Rozporz\u0105dzenie Ministra Nauki i Szkolnictwa Wy\u017cszego z dnia 6 marca 2019r. w sprawie danych przetwarzanych w Zintegrowanym Systemie Informacji o Szkolnictwie Wy\u017cszym i Nauce POL-on <\/a> <\/li><li> <a href=\"http:\/\/isap.sejm.gov.pl\/isap.nsf\/download.xsp\/WDU20190000392\/O\/D20190392.pdf\" class=\"mtli_attachment mtli_pdf\" data-mtli=\"mtli_filesize276,85kB\"> Rozporz\u0105dzenie Ministra Nauki i Szkolnictwa Wy\u017cszego z dnia 22 lutego 2019r. w sprawie ewaluacji jako\u015bci dzia\u0142alno\u015bci naukowej  <\/a> <\/li><li> <a href=\"http:\/\/isap.sejm.gov.pl\/isap.nsf\/download.xsp\/WDU20180001818\/O\/D20181818.pdf\" class=\"mtli_attachment mtli_pdf\" data-mtli=\"mtli_filesize217,79kB\"> Rozporz\u0105dzenie Ministra Nauki i Szkolnictwa Wy\u017cszego z dnia 20 wrze\u015bnia 2018r. w sprawie dziedzin nauki i dyscyplin naukowych oraz dyscyplin artystycznych <\/a> <\/li><\/ul><\/div>\r\n                <\/div>\r\n            <\/div>\r\n            <div class=\"container\">  \r\n                <div class=\"lists-with-links\">\r\n                    <div class=\"section-title\">Wykazy czasopism i wydawnictw naukowych<\/div>\r\n                   <div class=\"lists-with-links__items lists-1\"><ul class=\"angle-list\"> <div class=\"angle-list__title\">Wykazy aktualne<\/div><li> <a href=\"https:\/\/www.gov.pl\/attachment\/dcff560c-d321-4e39-b30d-6cb572c871c7\"> Scalony wykaz czasopism naukowych i recenzowanych materia\u0142\u00f3w z konferencji mi\u0119dzynarodowych z dnia 21 grudnia 2021 r. <\/a> <\/li><li> <a href=\"https:\/\/us.edu.pl\/instytut\/ibbios\/wp-content\/uploads\/sites\/36\/2020\/05\/20210722_komunikat_z_dnia_22072021_r.pdf\" class=\"mtli_attachment mtli_pdf\" data-mtli=\"mtli_filesize781,64kB\"> Komunikat Ministra Edukacji i Nauki z dnia 22 lipca 2021 r. w sprawie wykazu wydawnictw publikuj\u0105cych recenzowane monografie naukowe <\/a> <\/li><\/ul><ul class=\"angle-list\"> <div class=\"angle-list__title\">Wykazy archiwalne<\/div><li> <a href=\"https:\/\/www.gov.pl\/attachment\/97f3e0d0-7cfe-445c-a7b8-8ab46ee7efaf\"> Komunikat Ministra Edukacji i Nauki z dnia 1 grudnia 2021 r. w sprawie wykazu czasopism naukowych i recenzowanych materia\u0142\u00f3w z konferencji mi\u0119dzynarodowych <\/a> <\/li><li> <a href=\"https:\/\/www.gov.pl\/attachment\/acf4c73a-188b-42a0-a82b-f0b809fb2307\"> Za\u0142\u0105cznik do komunikatu Ministra Edukacji i Nauki z dnia 1 grudnia 2021 r. - wykaz czasopism naukowych i recenzowanych materia\u0142\u00f3w z konferencji mi\u0119dzynarodowych <\/a> <\/li><li> <a href=\"https:\/\/www.gov.pl\/attachment\/8d0fd083-674f-46b7-9b6a-b0798a57e86e\"> Komunikat Ministra Edukacji i Nauki z dnia 18 lutego 2021 r. o zmianie i sprostowaniu komunikatu w sprawie wykazu czasopism naukowych i recenzowanych materia\u0142\u00f3w z konferencji mi\u0119dzynarodowych <\/a> <\/li><li> <a href=\"https:\/\/www.gov.pl\/attachment\/d221386d-d384-453d-9f59-1ef1168bcae3\"> Scalony wykaz czasopism z dnia 18 lutego 2021 r. <\/a> <\/li><li> <a href=\"http:\/\/www.aps.edu.pl\/media\/2393107\/20200930_komunikat_w_spr_wykazu_wydawnictw_monografii_naukowych.pdf\" class=\"mtli_attachment mtli_pdf\" data-mtli=\"mtli_filesize710,62kB\"> Komunikat Ministra Nauki i Szkolnictwa Wy\u017cszego z dnia 29 wrze\u015bnia 2020r. w sprawie wykazu wydawnictw publikuj\u0105cych recenzowane monografie naukowe <\/a> <\/li><li> <a href=\"http:\/\/www.aps.edu.pl\/media\/2392443\/20191220_komunikat_-_wykaz_czasopism_naukowych-1.pdf\" class=\"mtli_attachment mtli_pdf\" data-mtli=\"mtli_filesize333,46kB\"> Komunikat Ministra Nauki i Szkolnictwa Wy\u017cszego z dnia 18 grudnia 2019r. w sprawie wykazu czasopism naukowych i recenzowanych materia\u0142\u00f3w z konferencji mi\u0119dzynarodowych <\/a> <\/li><li> <a href=\"http:\/\/www.aps.edu.pl\/media\/2392444\/20191220_za%C5%82%C4%85cznik_do_komunikatu_-_wykaz_czasopism_i_konferencji_-_18_12_2019_na_stron%C4%99_int-1.pdf\" class=\"mtli_attachment mtli_pdf\" data-mtli=\"mtli_filesize12,12MB\"> Za\u0142\u0105cznik do komunikatu z dnia 18 grudnia 2019r. \u2013 wykaz czasopism naukowych i recenzowanych materia\u0142\u00f3w z konferencji mi\u0119dzynarodowych z przypisan\u0105 liczb\u0105 punkt\u00f3w <\/a> <\/li><\/ul><\/div>\r\n                <\/div>\r\n            <\/div>[\/vc_column][\/vc_row][vc_row][vc_column]\r\n            <div class=\"container\">  \r\n                <div class=\"lists-with-links\">\r\n                    <div class=\"section-title\">Zarz\u0105dzenia JM Rektora U\u015a<\/div>\r\n                   <div class=\"lists-with-links__items lists-1\"><ul class=\"angle-list\"> <li> <a href=\"http:\/\/bip.us.edu.pl\/zarzadzenie-nr-1682020\"> Zarz\u0105dzenie Rektora U\u015a nr 168\/2020 z dnia 01-10-2020 Rektora U\u015a zmieniaj\u0105ce zarz\u0105dzenie w sprawie sk\u0142adania przez pracownik\u00f3w Uniwersytetu \u015al\u0105skiego w Katowicach o\u015bwiadcze\u0144 o dziedzinie i dyscyplinie, o\u015bwiadcze\u0144 upowa\u017cniaj\u0105cych pracodawc\u0119 do zaliczenie ich do liczby pracownik\u00f3w prowadz\u0105cych dzia\u0142alno\u015b\u0107 naukow\u0105 w danej dyscyplinie oraz o\u015bwiadcze\u0144 upowa\u017cniaj\u0105cych Uniwersytet \u015al\u0105ski w Katowicach do wykazania osi\u0105gni\u0119\u0107 pracownika, dla cel\u00f3w ewaluacji jako\u015bci dzia\u0142alno\u015bci naukowej. <\/a> <\/li><li> <a href=\"http:\/\/bip.us.edu.pl\/zarzadzenie-nr-432020\"> Zarz\u0105dzenie Rektora U\u015a nr 43\/2020 z dnia 06-04-2020 w sprawie sk\u0142adania przez pracownik\u00f3w Uniwersytetu \u015al\u0105skiego w Katowicach o\u015bwiadcze\u0144 o dziedzinie i dyscyplinie, o\u015bwiadcze\u0144 upowa\u017cniaj\u0105cych pracodawc\u0119 do zaliczenie ich do liczby pracownik\u00f3w prowadz\u0105cych dzia\u0142alno\u015b\u0107 naukow\u0105 w danej dyscyplinie oraz o\u015bwiadcze\u0144 upowa\u017cniaj\u0105cych Uniwersytet \u015al\u0105ski w Katowicach do wykazania osi\u0105gni\u0119\u0107 pracownika, dla cel\u00f3w ewaluacji jako\u015bci dzia\u0142alno\u015bci naukowej. <\/a> <\/li><li> <a href=\"http:\/\/bip.us.edu.pl\/zarzadzenie-nr-632015\"> Zarz\u0105dzenie Rektora U\u015a nr 63\/2015 z dnia 17-04-2015 w sprawie dokumentowania i upowszechniania dorobku naukowego pracownik\u00f3w Uniwersytetu \u015al\u0105skiego w Katowicach. <\/a> <\/li><\/ul><\/div>\r\n                <\/div>\r\n            <\/div>[\/vc_column][\/vc_row]<\/p>\n<style type=\"text\/css\">a[data-mtli~=\"mtli_filesize1,40MB\"]:after {content:\" (1,40 MB)\"}a[data-mtli~=\"mtli_filesize377,65kB\"]:after {content:\" (377,65 kB)\"}a[data-mtli~=\"mtli_filesize276,85kB\"]:after {content:\" (276,85 kB)\"}a[data-mtli~=\"mtli_filesize217,79kB\"]:after {content:\" (217,79 kB)\"}a[data-mtli~=\"mtli_filesize781,64kB\"]:after {content:\" (781,64 kB)\"}a[data-mtli~=\"mtli_filesize710,62kB\"]:after {content:\" (710,62 kB)\"}a[data-mtli~=\"mtli_filesize333,46kB\"]:after {content:\" (333,46 kB)\"}a[data-mtli~=\"mtli_filesize12,12MB\"]:after {content:\" (12,12 MB)\"}<\/style>","protected":false},"excerpt":{"rendered":"<p>[vc_row][vc_column][\/vc_column][\/vc_row][vc_row][vc_column][\/vc_column][\/vc_row][vc_row][vc_column][\/vc_column][\/vc_row] [&#8230;]<\/p>\n<p><a class=\"btn btn-secondary understrap-read-more-link\" href=\"https:\/\/us.edu.pl\/instytut\/ibbios\/nauka\/ewaluacja-2021\/akty-prawne-w-sprawie-ewaluacji-jakosci-dzialalnosci-naukowej\/\">Read More&#8230;<\/a><\/p>\n","protected":false},"author":4825,"featured_media":0,"parent":1677,"menu_order":0,"comment_status":"closed","ping_status":"closed","template":"page-templates\/inner-page.php","meta":{"_expiration-date-status":"","_expiration-date":0,"_expiration-date-type":"","_expiration-date-categories":[],"_expiration-date-options":[]},"acf":[],"_links":{"self":[{"href":"https:\/\/us.edu.pl\/instytut\/ibbios\/wp-json\/wp\/v2\/pages\/3787"}],"collection":[{"href":"https:\/\/us.edu.pl\/instytut\/ibbios\/wp-json\/wp\/v2\/pages"}],"about":[{"href":"https:\/\/us.edu.pl\/instytut\/ibbios\/wp-json\/wp\/v2\/types\/page"}],"author":[{"embeddable":true,"href":"https:\/\/us.edu.pl\/instytut\/ibbios\/wp-json\/wp\/v2\/users\/4825"}],"replies":[{"embeddable":true,"href":"https:\/\/us.edu.pl\/instytut\/ibbios\/wp-json\/wp\/v2\/comments?post=3787"}],"version-history":[{"count":10,"href":"https:\/\/us.edu.pl\/instytut\/ibbios\/wp-json\/wp\/v2\/pages\/3787\/revisions"}],"predecessor-version":[{"id":6183,"href":"https:\/\/us.edu.pl\/instytut\/ibbios\/wp-json\/wp\/v2\/pages\/3787\/revisions\/6183"}],"up":[{"embeddable":true,"href":"https:\/\/us.edu.pl\/instytut\/ibbios\/wp-json\/wp\/v2\/pages\/1677"}],"wp:attachment":[{"href":"https:\/\/us.edu.pl\/instytut\/ibbios\/wp-json\/wp\/v2\/media?parent=3787"}],"curies":[{"name":"wp","href":"https:\/\/api.w.org\/{rel}","templated":true}]}}