{"id":3854,"date":"2022-01-24T13:45:45","date_gmt":"2022-01-24T12:45:45","guid":{"rendered":"https:\/\/us.edu.pl\/instytut\/ibbios\/?page_id=3854"},"modified":"2026-01-14T09:00:32","modified_gmt":"2026-01-14T08:00:32","slug":"embriogenezy-w-mikrosporach-pszenicy-triticum-aestivum","status":"publish","type":"page","link":"https:\/\/us.edu.pl\/instytut\/ibbios\/embriogenezy-w-mikrosporach-pszenicy-triticum-aestivum\/","title":{"rendered":"Molekularne aspekty procesu embriogenezy w kulturze izolowanych mikrospor pszenicy (Triticum aestivum)"},"content":{"rendered":"<p>[vc_row][vc_column]\r\n                <div class=\"text-modules\">\r\n                    <div class=\"container\">\r\n                        <h3 class=\"page-title text__title\">Badania podstawowe na rzecz post\u0119pu biologicznego w produkcji ro\u015blinnej w latach 2022-2026<\/h3>\r\n                        <div class=\"text-modules__content\"><p><img class=\"alignright wp-image-3859 \" src=\"https:\/\/us.edu.pl\/instytut\/ibbios\/wp-content\/uploads\/sites\/36\/Nieprzypisane\/k\u0142osy-225x300.jpg\" alt=\"\" width=\"362\" height=\"483\" srcset=\"https:\/\/us.edu.pl\/instytut\/ibbios\/wp-content\/uploads\/sites\/36\/Nieprzypisane\/k\u0142osy-225x300.jpg 225w, https:\/\/us.edu.pl\/instytut\/ibbios\/wp-content\/uploads\/sites\/36\/Nieprzypisane\/k\u0142osy-768x1024.jpg 768w, https:\/\/us.edu.pl\/instytut\/ibbios\/wp-content\/uploads\/sites\/36\/Nieprzypisane\/k\u0142osy-431x575.jpg 431w\" sizes=\"(max-width: 362px) 100vw, 362px\" \/><span style=\"font-size: 14pt;\"><strong>Zadanie nr 6: <\/strong><strong>Molekularne aspekty procesu embriogenezy w <\/strong><strong>kulturze izolowanych mikrospor pszenicy (<em>Triticum aestivum<\/em>)<\/strong><\/span><\/p>\n<p>Nazwa Jednostki: <strong>Instytut Biologii, Biotechnologii i Ochrony \u015arodowiska, Wydzia\u0142 Nauk Przyrodniczych, Uniwersytet \u015al\u0105ski w Katowicach<\/strong><\/p>\n<p>Kierownik projektu: <strong>dr Monika Gajecka-Lesik<\/strong><\/p>\n<p><strong>\u00a0<\/strong><\/p>\n<p><strong>Cel bada\u0144<\/strong><\/p>\n<p>Celem niniejszych bada\u0144 jest opracowanie efektywnego protoko\u0142u dla indukcji procesu embriogenezy w kulturze izolowanych mikrospor pszenicy oraz identyfikacja gen\u00f3w odpowiadaj\u0105cych za inicjacj\u0119 tego procesu. Cel ten b\u0119dzie realizowany przez okre\u015blenie wp\u0142ywu czynnik\u00f3w zewn\u0119trznych na efektywno\u015b\u0107 indukcji zarodk\u00f3w i regeneracji ro\u015blin w kulturze izolowanych mikrospor pszenicy jarej i ozimej. Analiza ekspresji gen\u00f3w w kilku etapach indukcji zarodk\u00f3w dla 10 odmian pszenicy jarej i ozimej pozwoli na okre\u015blenie korelacji ekspresji tych gen\u00f3w w poszczeg\u00f3lnych fazach indukcji zarodk\u00f3w z efektywno\u015bci\u0105 embriogenezy mikrospor i identyfikacj\u0119 marker\u00f3w molekularnych, umo\u017cliwiaj\u0105cych okre\u015blenie potencja\u0142u odmian do efektywnej produkcji DH w kulturach mikrospor i pylnik\u00f3w. Prowadzone b\u0119d\u0119 tak\u017ce badania maj\u0105ce okre\u015bli\u0107, czy albinizm w kulturze ozimych odmian pszenicy jest, tak jak w przypadku j\u0119czmienia, konsekwencj\u0105 wczesnego r\u00f3\u017cnicowania proplastyd\u00f3w w amyloplasty podczas rozwoju ziaren py\u0142ku <em>in vivo <\/em>i opracowa\u0107 markery potencja\u0142u genotypu do regeneracji zielonych ro\u015blin.<\/p>\n<p>&nbsp;<\/p>\n<p><strong>Streszczenie:<\/strong><\/p>\n<p>Androgeneza, czyli rozw\u00f3j ro\u015bliny z niedojrza\u0142ego gametofitu m\u0119skiego stanowi najbardziej efektywn\u0105 metod\u0105 pozyskiwania podwojonych haploid\u00f3w (DH) ro\u015blin, kt\u00f3r\u0105 mo\u017cna indukowa\u0107 w kulturze pylnik\u00f3w lub izolowanych mikrospor. Jednak jedynie w kulturze izolowanych mikrospor, poprzez izolacj\u0119 i oczyszczanie, mikrospory stanowi\u0105 homogenn\u0105 kultur\u0119, a ich rozw\u00f3j w zarodki jest zsynchronizowany. Brak pylnik\u00f3w eliminuje problem powstawania z nich kalusa i regeneracji ro\u015blin z tkanki somatycznej. Wiele czynnik\u00f3w ma istotny wp\u0142yw na efektywno\u015b\u0107 procesu androgenezy, w tym: stan ro\u015bliny donorowej, stadium rozwojowe mikrospor, genotyp, rodzaj zastosowanego traktowania wst\u0119pnego, czy sk\u0142ad po\u017cywek. Jednak nawet przy dobrze opracowanym protokole efektywno\u015b\u0107 procesu androgenezy r\u00f3\u017cni si\u0119 znacz\u0105co pomi\u0119dzy genotypami. Ponadto, nawet przy wysokiej efektywno\u015bci regeneracji ro\u015blin og\u00f3\u0142em zale\u017cno\u015b\u0107 od genotypu w androgenezie zb\u00f3\u017c wyst\u0119puje r\u00f3wnie\u017c w aspekcie cz\u0119stotliwo\u015bci zielonych ro\u015blin w\u015br\u00f3d uzyskanych regenerant\u00f3w, a zjawisko albinizmu regenerant\u00f3w jest cz\u0119sto obserwowane tak\u017ce u pszenicy. Pszenica jest gatunkiem, dla kt\u00f3rego wydajne protoko\u0142y kultury izolowanych mikrospor nie s\u0105 powszechne, a wi\u0119kszo\u015b\u0107 bada\u0144 dotycz\u0105cych mechanizm\u00f3w molekularnych indukcji androgenezy prowadzona jest z wykorzystaniem kultury pylnik\u00f3w. Efektywny system indukcji podwojonych haploid\u00f3w u pszenicy oraz poszerzenie wiedzy z zakresu molekularnych aspekt\u00f3w rozwoju androgenicznych zarod\u00f3w, jak r\u00f3wnie\u017c identyfikacja marker\u00f3w efektywnej indukcji androgenezy s\u0105 istotne w aspekcie wyprowadzania nowych odmian pszenicy oraz innych zb\u00f3\u017c i mog\u0105 zyska\u0107 zastosowanie w programach hodowlanych.<\/p>\n<p><em>\u00a0<\/em><\/p>\n<p><strong>Realizowane zadania:<\/strong><\/p>\n<p>Pierwszy etap bada\u0144 b\u0119dzie mia\u0142 na celu okre\u015blenie czynnik\u00f3w warunkuj\u0105cych wysok\u0105 efektywno\u015b\u0107 indukcji embriogenezy mikrospor. Jest to niezb\u0119dny krok aby w szybki spos\u00f3b uzyska\u0107 homogenn\u0105 zawiesin\u0119 mikrospor oczyszczonych z tkanek somatycznych i rozwijaj\u0105cych si\u0119 w p\u0142ynnej po\u017cywce, dzi\u0119ki czemu mo\u017cliwe jest optymalny rozw\u00f3j zarodk\u00f3w o wysokim stopniu synchronizacji. Nast\u0119pnie opracowany protok\u00f3\u0142 wydajnego systemu indukcji embriogenezy w kulturze izolowanych mikrospor zostanie zastosowany do okre\u015blenia efektywno\u015bci kultur, z uwzgl\u0119dnieniem indukcji embriogenezy mikrospor, regeneracji ro\u015blin og\u00f3\u0142em i cz\u0119stotliwo\u015bci regeneracji ro\u015blin zielonych i albinotycznych. Badania b\u0119d\u0105 przeprowadzone dla 10 odmian pszenicy jarej i 10 odmian ozimej, co pozwoli na wyb\u00f3r materia\u0142u do analiz molekularnych. W kolejnym etapie bada\u0144 odmiany charakteryzuj\u0105ce si\u0119 r\u00f3\u017cnym potencja\u0142em indukcji embriogenezy mikrospor zostan\u0105 wykorzystane do ilo\u015bciowej analizy ekspresji 20 gen\u00f3w z wykorzystaniem RT-qPCR, kt\u00f3re wybrane zostan\u0105 na podstawie analiz dost\u0119pnych danych literaturowych. Przeprowadzone badania pozwol\u0105 na por\u00f3wnanie indukcji embriogenezy mikrospor u odmian jarych i ozimych oraz okre\u015blenie korelacji pomi\u0119dzy ekspresj\u0105 wytypowanych gen\u00f3w a efektywn\u0105 indukcj\u0105 embriogenezy mikrospor. Umo\u017cliwia tak\u017ce opracowanie marker\u00f3w pozwalaj\u0105cych na wskazanie odmian o efektywnej indukcji androgenezy i odmian, dla kt\u00f3rych produkcja linii DH z wykorzystaniem androgenezy jest ograniczona. Ostatnim zagadnieniem realizowanym w ramach projektu b\u0119dzie okre\u015blenie czy regeneracja ro\u015blin zielonych jest zale\u017cna od r\u00f3\u017cnicowania amyloplast\u00f3w podczas rozwoju ziaren py\u0142ku <em>in vivo <\/em>i okre\u015blnie czy marker wytypowany dla j\u0119czmienia jarego mo\u017ce by\u0107 wykorzystany do identyfikacji odmian produkuj\u0105cych w przewadze ro\u015bliny zielone\/albinotyczne u pszenicy.<\/p>\n<p>&nbsp;<\/p>\n<p><strong>Spodziewane rezultaty: <\/strong><\/p>\n<ol>\n<li>Opracowanie efektywnego systemu indukcji embriogenezy mikrospor pszenicy jarej i ozimej<\/li>\n<li>Opracowanie efektywnego protoko\u0142u indukcji i r\u00f3\u017cnicowania zarodk\u00f3w oraz regeneracji ro\u015blin<\/li>\n<li>Wskazanie czynnik\u00f3w maj\u0105cych najbardziej znacz\u0105cy wp\u0142yw na efektywno\u015b\u0107 indukcji zarodk\u00f3w w kulturze izolowanych mikrospor pszenicy<\/li>\n<li>Identyfikacja gen\u00f3w oraz proces\u00f3w, kt\u00f3re determinuj\u0105 pozytywn\u0105 indukcj\u0119 procesu embriogenezy mikrospor u pszenicy<\/li>\n<li>Wytypowanie marker\u00f3w efektywnej indukcji androgenezy, kt\u00f3re pozwol\u0105 okre\u015bli\u0107 przydatno\u015b\u0107 odmiany do kultury <em>in vitro<\/em> i znale\u017a\u0107 zastosowanie w programach hodowli pszenicy ozimej<\/li>\n<li>Okre\u015blenie czy albinizm w kulturze izolowanych mikrospor pszenicy jarej i ozimej jest zwi\u0105zany z dojrzewaniem plastyd\u00f3w podczas rozwoju ziaren py\u0142ku <em>in vivo<\/em><\/li>\n<\/ol>\n<p><img class=\" wp-image-3861 alignright\" src=\"https:\/\/us.edu.pl\/instytut\/ibbios\/wp-content\/uploads\/sites\/36\/Nieprzypisane\/szalka-300x225.jpg\" alt=\"\" width=\"431\" height=\"323\" srcset=\"https:\/\/us.edu.pl\/instytut\/ibbios\/wp-content\/uploads\/sites\/36\/Nieprzypisane\/szalka-300x225.jpg 300w, https:\/\/us.edu.pl\/instytut\/ibbios\/wp-content\/uploads\/sites\/36\/Nieprzypisane\/szalka-768x576.jpg 768w, https:\/\/us.edu.pl\/instytut\/ibbios\/wp-content\/uploads\/sites\/36\/Nieprzypisane\/szalka-1024x768.jpg 1024w, https:\/\/us.edu.pl\/instytut\/ibbios\/wp-content\/uploads\/sites\/36\/Nieprzypisane\/szalka-575x431.jpg 575w\" sizes=\"(max-width: 431px) 100vw, 431px\" \/><\/p>\n<p>&nbsp;<\/p>\n<p>Ca\u0142kowity koszt projektu: <strong>765\u00a0000 PLN<\/strong><\/p>\n<p><strong>\u00a0<\/strong><\/p>\n<p>Planowany okres realizacji projektu: <strong>1 stycze\u0144 2022- 31 grudzie\u0144 2026<\/strong> (60 miesi\u0119cy)<\/p>\n<p><strong>\u00a0<\/strong><\/p>\n<p><strong>Udost\u0119pnianie wynik\u00f3w bada\u0144:<\/strong><\/p>\n<p><strong>\u00a0<\/strong><\/p>\n<p>Wyniki bada\u0144 w kolejnych latach realizacji zadania b\u0119d\u0105 zamieszczane na stronie internetowej Instytutu Biologii, Biotechnologii i Ochrony \u015arodowiska U\u015a (<a href=\"https:\/\/us.edu.pl\/instytut\/ibbios\/\">https:\/\/us.edu.pl\/instytut\/ibbios<\/a>\/) nie p\u00f3\u017aniej ni\u017c do dnia 15 stycznia kolejnego roku i b\u0119d\u0105 dost\u0119pne nieodp\u0142atnie dla wszystkich zainteresowanych.<\/p>\n<p>&nbsp;<\/p>\n<hr \/>\n<p>\n<\/div>\r\n                    <\/div>\r\n                <\/div>\r\n                <div class=\"text-modules\">\r\n                    <div class=\"container\">\r\n                        <h3 class=\"page-title text__title\">Sprawozdania:<\/h3>\r\n                        <div class=\"text-modules__content\"><p><a href=\"https:\/\/us.edu.pl\/instytut\/ibbios\/wp-content\/uploads\/sites\/36\/Publikacje-i-projekty\/Pszenica-Zad-6-MGajecka.pdf\" class=\"mtli_attachment mtli_pdf\" data-mtli=\"mtli_filesize850,96kB\" class=\"mtli_attachment mtli_pdf\" data-mtli=\"mtli_filesize850,96kB\">Rok 2022<\/a><\/p>\n<p><a href=\"https:\/\/us.edu.pl\/instytut\/ibbios\/wp-content\/uploads\/sites\/36\/Bez-kategorii\/Pszenica-Zad-6-MGajecka_strona.pdf\" class=\"mtli_attachment mtli_pdf\" data-mtli=\"mtli_filesize1,25MB\" class=\"mtli_attachment mtli_pdf\" data-mtli=\"mtli_filesize1,25MB\">Rok 2023<\/a><\/p>\n<p><a href=\"https:\/\/us.edu.pl\/instytut\/ibbios\/wp-content\/uploads\/sites\/36\/Bez-kategorii\/Pszenica-Zad-6-MGajecka.pdf\" class=\"mtli_attachment mtli_pdf\" data-mtli=\"mtli_filesize1,07MB\" class=\"mtli_attachment mtli_pdf\" data-mtli=\"mtli_filesize1,07MB\">Rok 2024<\/a><\/p>\n<p><a href=\"https:\/\/us.edu.pl\/instytut\/ibbios\/wp-content\/uploads\/sites\/36\/Publikacje-i-projekty\/Pszenica-Zad-6-MGajecka-1.pdf\" class=\"mtli_attachment mtli_pdf\" data-mtli=\"mtli_filesize1,15MB\" class=\"mtli_attachment mtli_pdf\" data-mtli=\"mtli_filesize1,15MB\">Rok 2025<\/a><\/p>\n<style type=\"text\/css\">a[data-mtli~=\"mtli_filesize850,96kB\"]:after {content:\" (850,96 kB)\"}a[data-mtli~=\"mtli_filesize1,25MB\"]:after {content:\" (1,25 MB)\"}a[data-mtli~=\"mtli_filesize1,07MB\"]:after {content:\" (1,07 MB)\"}a[data-mtli~=\"mtli_filesize1,15MB\"]:after {content:\" (1,15 MB)\"}<\/style><\/div>\r\n                    <\/div>\r\n                <\/div>[\/vc_column][\/vc_row]<\/p>\n<style type=\"text\/css\">a[data-mtli~=\"mtli_filesize850,96kB\"]:after {content:\" (850,96 kB)\"}a[data-mtli~=\"mtli_filesize1,25MB\"]:after {content:\" (1,25 MB)\"}a[data-mtli~=\"mtli_filesize1,07MB\"]:after {content:\" (1,07 MB)\"}a[data-mtli~=\"mtli_filesize1,15MB\"]:after {content:\" (1,15 MB)\"}<\/style>","protected":false},"excerpt":{"rendered":"<p>[vc_row][vc_column][\/vc_column][\/vc_row] [&#8230;]<\/p>\n<p><a class=\"btn btn-secondary understrap-read-more-link\" href=\"https:\/\/us.edu.pl\/instytut\/ibbios\/embriogenezy-w-mikrosporach-pszenicy-triticum-aestivum\/\">Read More&#8230;<\/a><\/p>\n","protected":false},"author":4825,"featured_media":3861,"parent":0,"menu_order":0,"comment_status":"closed","ping_status":"closed","template":"","meta":{"_expiration-date-status":"","_expiration-date":0,"_expiration-date-type":"","_expiration-date-categories":[],"_expiration-date-options":[]},"acf":[],"_links":{"self":[{"href":"https:\/\/us.edu.pl\/instytut\/ibbios\/wp-json\/wp\/v2\/pages\/3854"}],"collection":[{"href":"https:\/\/us.edu.pl\/instytut\/ibbios\/wp-json\/wp\/v2\/pages"}],"about":[{"href":"https:\/\/us.edu.pl\/instytut\/ibbios\/wp-json\/wp\/v2\/types\/page"}],"author":[{"embeddable":true,"href":"https:\/\/us.edu.pl\/instytut\/ibbios\/wp-json\/wp\/v2\/users\/4825"}],"replies":[{"embeddable":true,"href":"https:\/\/us.edu.pl\/instytut\/ibbios\/wp-json\/wp\/v2\/comments?post=3854"}],"version-history":[{"count":8,"href":"https:\/\/us.edu.pl\/instytut\/ibbios\/wp-json\/wp\/v2\/pages\/3854\/revisions"}],"predecessor-version":[{"id":10206,"href":"https:\/\/us.edu.pl\/instytut\/ibbios\/wp-json\/wp\/v2\/pages\/3854\/revisions\/10206"}],"wp:featuredmedia":[{"embeddable":true,"href":"https:\/\/us.edu.pl\/instytut\/ibbios\/wp-json\/wp\/v2\/media\/3861"}],"wp:attachment":[{"href":"https:\/\/us.edu.pl\/instytut\/ibbios\/wp-json\/wp\/v2\/media?parent=3854"}],"curies":[{"name":"wp","href":"https:\/\/api.w.org\/{rel}","templated":true}]}}