{"id":3960,"date":"2022-02-21T11:27:50","date_gmt":"2022-02-21T10:27:50","guid":{"rendered":"https:\/\/us.edu.pl\/instytut\/ibbios\/?page_id=3960"},"modified":"2022-05-18T08:00:46","modified_gmt":"2022-05-18T06:00:46","slug":"noc-biologow-2022","status":"publish","type":"page","link":"https:\/\/us.edu.pl\/instytut\/ibbios\/noc-biologow-2022\/","title":{"rendered":"Noc Biolog\u00f3w 2022 b\u0119dzie trwa\u0107 p\u00f3\u0142 roku!"},"content":{"rendered":"<p>[vc_row][vc_column][vc_column_text][\/vc_column_text][\/vc_column][\/vc_row][vc_row][vc_column]\r\n                <div class=\"text-modules\">\r\n                    <div class=\"container\">\r\n                        <h3 class=\"page-title text__title\">Noc Biolog\u00f3w 2022 b\u0119dzie trwa\u0107 p\u00f3\u0142 roku!<\/h3>\r\n                        <div class=\"text-modules__content\"><p>Mamy zaszczyt zaprosi\u0107 do udzia\u0142u w <strong>XI edycji \u201eNocy Biolog\u00f3w\u201d<\/strong>, kt\u00f3ra przebiega\u0107 b\u0119dzie pod has\u0142em przewodnim<span style=\"color: #008000;\"><strong> \u201eR\u00f3\u017cnorodno\u015b\u0107 biologiczna \u2013 od genu do ekosystemu\u201d<\/strong><\/span>, co wpisuje si\u0119 w rezolucj\u0119 Parlamentu Europejskiego z dn. 6 czerwca 2021 na rzecz bior\u00f3\u017cnorodno\u015bci 2030.<\/p>\n<p>Edycja ta na Uniwersytecie \u015al\u0105skim b\u0119dzie nietypowa, poniewa\u017c trwa\u0107 b\u0119dzie niemal\u017ce p\u00f3\u0142 roku!<\/p>\n<\/div>\r\n                    <\/div>\r\n                <\/div>\r\n                <div class=\"text-modules \">\r\n                    <div class=\"container\">\r\n                         \r\n                        <div class=\"row m-0\">\r\n                            <div class=\"text-modules__content\">\r\n                                <strong>21 stycznia 2022 roku<\/strong> startujemy w formule on-line w transmisji na \u017cywo za po\u015brednictwem kana\u0142u YouTube Uniwersytetu \u015al\u0105skiego na i na Facebooku Wydzia\u0142u Nauk Przyrodniczych.<\/p>\n<p>Transmisja rozpocznie si\u0119 <strong>o godzinie 15:30<\/strong> i b\u0119dzie dost\u0119pna pod <a href=\"https:\/\/youtu.be\/dzslAvdagfA\">tym linkiem<\/a>.<\/p>\n<p>Harmonogram transmisji: <a href=\"https:\/\/us.edu.pl\/instytut\/ibbios\/wp-content\/uploads\/sites\/36\/Nieprzypisane\/XI-OG%C3%93LNOPOLSKA-NOC-BIOLOG%C3%93W-korekta.pdf\" class=\"mtli_attachment mtli_pdf\">zobacz<\/a>.<\/p>\n<p>&nbsp;<\/p>\n<p>&nbsp;<\/p>\n<p><strong>18 maja 2022<\/strong> zapraszamy na <strong><span style=\"color: #008000;\">\u201cNoc Biolog\u00f3w na bis!\u201d<\/span><\/strong> z towarzysz\u0105cym wydarzeniem o mi\u0119dzynarodowym zasi\u0119gu <strong><span style=\"color: #008000;\">\u201cFascination of Plants Day\u201d<\/span><\/strong>. Tym razem zapraszamy Was na spotkania stacjonarne podczas pikniku popularnonaukowego.<\/p>\n<p>Przygotowali\u015bmy ciekaw\u0105 ofert\u0119 obejmuj\u0105c\u0105:<\/p>\n<ul>\n<li><strong>22 wyk\u0142ady<\/strong>,<\/li>\n<li><strong>29 warsztat\u00f3w<\/strong>\u00a0<strong>laboratoryjnych,<\/strong><\/li>\n<li><strong>4 spotkaniach edukacyjne w terenie<\/strong>\u00a0oraz\u00a0<strong>liczne pokazy<\/strong>.<\/li>\n<\/ul>\n<p>Strona wydarzenia na Facebooku: [<a href=\"https:\/\/fb.me\/e\/24x1ISnHv\">LINK<\/a>]<\/p>\n<p><strong>Zapisy od 27 kwietnia 2022 o godz. 12:00<\/strong><sup>\u00a0<\/sup>pod linkiem: <a href=\"https:\/\/formularze.us.edu.pl\/nb2022bisfpd\">https:\/\/formularze.us.edu.pl\/nb2022bisfpd<\/a><\/p>\n<p>&nbsp;<\/p>\n<p>&nbsp;<\/p>\n<p><strong>Czerwiec 2022<\/strong> \u2013 uczta dla ducha &#8211; wernisa\u017c artystycznej fotografii w temacie bior\u00f3\u017cnorodno\u015bci, kt\u00f3ry poprzedz\u0105 wystawy wprowadzaj\u0105ce z instalacjami artystycznymi \u2013 spotkajmy si\u0119 na pograniczu sztuki i nauki.<\/p>\n<p>&nbsp;<\/p>\n<p>Szczeg\u00f3\u0142y dotycz\u0105ce Nocy Biolog\u00f3w dost\u0119pne na stronie wydarzenia na Facebooku pod linkiem: <a href=\"https:\/\/fb.me\/e\/OlUTTes8\">https:\/\/fb.me\/e\/OlUTTes8 <\/a><\/p>\n<p>&nbsp;<\/p>\n<p>&nbsp;<\/p>\n<p>&nbsp;<\/p>\n<div class=\"mt-3\"><\/div>\r\n                            <\/div>\r\n                            \r\n                            <div class=\"text-modules__img\"><img src=\"https:\/\/us.edu.pl\/instytut\/ibbios\/wp-content\/uploads\/sites\/36\/Nieprzypisane\/nocbiologow_b1_02-1-724x1024.png\" alt=\"img\"><\/div>\r\n                        <\/div>\r\n                    <\/div>\r\n                <\/div>\r\n\t\t\t\t\t<div class='container'>\r\n\t\t\t\t\t\t<div class='sidebar_moduls sidebar_dropdown zakladki' style='background-color: #FFFFFF'>\r\n\t\t\t\t\t\t\t<h3 class='page-title'>Konkursy:<\/h3>\r\n\t\t\t\t\t\t\t<p class='zakladki__desc'><\/p>\r\n\r\n\t\t\t\t\t\t\t<div class='bookmarks'>\r\n\t\t\t\t\t<div class=\"bookmark\">\r\n\t\t\t\t\t\t<div class=\"bookmark__title\">\r\n                            <p>\r\n                                <span class=\"short\">\u201eNie zagra\u017cam a przetwarzam\u201d<\/span>\r\n                                <span class=\"long\">\u201eNie zagra\u017cam a przetwarzam\u201d<\/span>\r\n                            <\/p>\r\n\t\t\t\t\t\t<\/div>\r\n\t\t\t\t\t\t\r\n\t\t\t\t\t\t<div class=\"bookmark__content-wrap\">\r\n\t\t\t\t\t\t\t<div class=\"bookmark__content\">\r\n\r\n\t\t\t\t\t\t\t\t\r\n\r\n\t\t\t\t\t\t\t\t<div class=\"bookmark_text\" style=\"font-size:14px;\">\r\n\t\t\t\t\t\t\t\t<span style=\"color: black\", \"font-family: Verdana\">\nTermin nadsy\u0142ania prac do <b>16 stycznia 2022<\/b>. <br>\nOg\u0142oszenie wynik\u00f3w: <b> 21 stycznia 2022<\/b>.<br>\nKonkurs adresowany jest do uczni\u00f3w szk\u00f3\u0142 podstawowych z ca\u0142ej Polski w dw\u00f3ch przedzia\u0142ach klasowych:<br>\nA - klasy 1-4<br>\nB \u2013 klasy 5-8<br>\n<br>\n<hr>\n<br>Pliki:<br>\n<a href=\"https:\/\/us.edu.pl\/instytut\/ibbios\/wp-content\/uploads\/sites\/36\/Nieprzypisane\/Nie-zagra%C5%BCam-a-przetwarzam-formularz-zg%C5%82oszeniowy-Za%C5%82%C4%85cznik-3-do-za%C5%82%C4%85cznika-nr-1-do-zarz%C4%85dzenia.pdf\" class=\"mtli_attachment mtli_pdf\">Formularz zg\u0142oszeniowy<\/a><br>\n<a href=\"https:\/\/us.edu.pl\/instytut\/ibbios\/wp-content\/uploads\/sites\/36\/Nieprzypisane\/Nie-zagra%C5%BCam-a-przetwarzam-regulamin-za%C5%82%C4%85cznik-nr-1-do-zarz%C4%85dzenia-Regulamin-konkursu-Nie-zagra%C5%BCam-a-przetwarzam.pdf\" class=\"mtli_attachment mtli_pdf\">Regulamin konkursu<\/a><br>\n<a href=\"https:\/\/us.edu.pl\/instytut\/ibbios\/wp-content\/uploads\/sites\/36\/Nieprzypisane\/Nie-zagra%C5%BCam-a-przetwarzam-RODO-Za%C5%82%C4%85cznik-1-do-za%C5%82%C4%85cznika-nr-1-do-zarz%C4%85dzenia.pdf\" class=\"mtli_attachment mtli_pdf\">Klauzula informacyjna RODO<\/a><br>\n<a href=\"https:\/\/us.edu.pl\/instytut\/ibbios\/wp-content\/uploads\/sites\/36\/Nieprzypisane\/Nie-zagra%C5%BCam-a-przetwarzam-Zgoda-na-przetwarzanie-danych-Za%C5%82%C4%85cznik-2-do-za%C5%82%C4%85cznika-nr-1-do-zarz%C4%85dzenia.pdf\" class=\"mtli_attachment mtli_pdf\">Zgoda na przetwarzanie danych<\/a>\n<br>\n<hr>\n<br>\n<a href=\"https:\/\/us.edu.pl\/instytut\/ibbios\/2022\/01\/24\/wyniki-konkursow-w-ramach-nocy-biologow-2022\/\">Znamy ju\u017c laureat\u00f3w konkursu!<\/a> <br>\n<\/span>\r\n\t\t\t\t\t\t\t\t<br>\r\n\t\t\t\t\t\t\t\t\r\n\t\t\t\t\t\t\t\t<\/div>\r\n\t\t\t\t\t\t\t<\/div>\r\n\t\t\t\t\t\t<\/div>\r\n\t\t\t\t\t<\/div>\r\n\t\t\t\t\t<div class=\"bookmark\">\r\n\t\t\t\t\t\t<div class=\"bookmark__title\">\r\n                            <p>\r\n                                <span class=\"short\">\u201eMoja wizja zr\u00f3wnowa\u017conego rozwoju\u201d<\/span>\r\n                                <span class=\"long\">\u201eMoja wizja zr\u00f3wnowa\u017conego rozwoju\u201d<\/span>\r\n                            <\/p>\r\n\t\t\t\t\t\t<\/div>\r\n\t\t\t\t\t\t\r\n\t\t\t\t\t\t<div class=\"bookmark__content-wrap\">\r\n\t\t\t\t\t\t\t<div class=\"bookmark__content\">\r\n\r\n\t\t\t\t\t\t\t\t\r\n\r\n\t\t\t\t\t\t\t\t<div class=\"bookmark_text\" style=\"font-size:14px;\">\r\n\t\t\t\t\t\t\t\t<span style=\"color: black\", \"font-family: Verdana\">Infografika przedstawiaj\u0105ca w\u0142asn\u0105 wizj\u0119 realizacji jednego z cel\u00f3w zr\u00f3wnowa\u017conego rozwoju ONZ (https:\/\/www.un.org.pl) w swojej okolicy (domu, szkole lub innej przestrzeni publicznej). <br>\nTermin nadsy\u0142ania prac do <b>9 maja 2022<\/b>. <br>\nOg\u0142oszenie wynik\u00f3w nast\u0105pi <b>18 maja 2022 roku<\/b>. <br> \nKonkurs jest otwarty dla wszystkich zainteresowanych z terenu ca\u0142ej Polski, niezale\u017cnie od wieku.\n<br>\n<hr>\n<br>Pliki:<br>\n<a href=\"https:\/\/us.edu.pl\/instytut\/ibbios\/wp-content\/uploads\/sites\/36\/Noc-biolog%C3%B3w-2022\/za%C5%82.-nr-1-Regulamin-konkursu-Moja-wizja-zr%C3%B3wnowa%C5%BConego-rozwoju-formularz.pdf\" class=\"mtli_attachment mtli_pdf\">Formularz zg\u0142oszeniowy<\/a><br>\n<a href=\"https:\/\/us.edu.pl\/instytut\/ibbios\/wp-content\/uploads\/sites\/36\/Noc-biolog%C3%B3w-2022\/za%C5%82.-nr-2-Regulamin-konkursu-Moja-wizja-zr%C3%B3wnowa%C5%BConego-rozwoju-tekst-jednolity.pdf\" class=\"mtli_attachment mtli_pdf\">Regulamin konkursu<\/a><br>\n<a href=\"https:\/\/us.edu.pl\/instytut\/ibbios\/wp-content\/uploads\/sites\/36\/Nieprzypisane\/Moja-wizja-zr%C3%B3wnowa%C5%BConego-rozwoju-RODO-zalacznik-1-do-za%C5%82%C4%85cznika-nr-3-do-zarz%C4%85dzenia.pdf\" class=\"mtli_attachment mtli_pdf\">Klauzula informacyjna RODO<\/a><br>\n<a href=\"https:\/\/us.edu.pl\/instytut\/ibbios\/wp-content\/uploads\/sites\/36\/Nieprzypisane\/Moja-wizja-zr%C3%B3wnowa%C5%BConego-rozwoju-zgoda-na-przetwarzanie-danych-zalacznik-2-do-za%C5%82%C4%85cznika-nr-3-do-zarz%C4%85dzenia.pdf\" class=\"mtli_attachment mtli_pdf\">Zgoda na przetwarzanie danych<\/a> <br>\n<a href=\"https:\/\/us.edu.pl\/instytut\/ibbios\/wp-content\/uploads\/sites\/36\/Noc-biolog%C3%B3w-2022\/zarz%C4%85dzenie-nr-10-z-2022-r.pdf\" class=\"mtli_attachment mtli_pdf\">Zarz\u0105dzenie Rektora 10\/2022 w sprawie konkursu<\/a><\/span>\n<br>\n<hr>\n<br>\n<a href=\"https:\/\/us.edu.pl\/instytut\/ibbios\/2022\/01\/24\/wyniki-konkursow-w-ramach-nocy-biologow-2022\/\">Znamy ju\u017c laureat\u00f3w konkursu!<\/a> <br>\n<\/span>\r\n\t\t\t\t\t\t\t\t<br>\r\n\t\t\t\t\t\t\t\t\r\n\t\t\t\t\t\t\t\t<\/div>\r\n\t\t\t\t\t\t\t<\/div>\r\n\t\t\t\t\t\t<\/div>\r\n\t\t\t\t\t<\/div>\r\n\t\t\t\t\t<div class=\"bookmark\">\r\n\t\t\t\t\t\t<div class=\"bookmark__title\">\r\n                            <p>\r\n                                <span class=\"short\">\u201eNB 2022 po mojemu\u201d<\/span>\r\n                                <span class=\"long\">\u201eNB 2022 po mojemu\u201d<\/span>\r\n                            <\/p>\r\n\t\t\t\t\t\t<\/div>\r\n\t\t\t\t\t\t\r\n\t\t\t\t\t\t<div class=\"bookmark__content-wrap\">\r\n\t\t\t\t\t\t\t<div class=\"bookmark__content\">\r\n\r\n\t\t\t\t\t\t\t\t\r\n\r\n\t\t\t\t\t\t\t\t<div class=\"bookmark_text\" style=\"font-size:14px;\">\r\n\t\t\t\t\t\t\t\t<span style=\"color: black\", \"font-family: Verdana\">Termin nadsy\u0142ania prac up\u0142ywa <b>23 stycznia 2022<\/b>. <br>\nOg\u0142oszenie wynik\u00f3w nast\u0105pi <b>18 maja 2022 roku<\/b>. <br>\nKonkurs jest otwarty dla wszystkich zainteresowanych z terenu ca\u0142ej Polski, niezale\u017cnie od wieku.<br>\n\n<br>\n<hr>\n<br>Pliki:<br>\n<a href=\"https:\/\/us.edu.pl\/instytut\/ibbios\/wp-content\/uploads\/sites\/36\/Nieprzypisane\/NB-2022-po-mojemu-regulamin-za%C5%82%C4%85cznik-nr-2-do-zarz%C4%85dzenia-Regulamin-konkursu-NB-2022-po-mojemu.pdf\" class=\"mtli_attachment mtli_pdf\">Regulamin konkursu<\/a><br>\n<a href=\"https:\/\/us.edu.pl\/instytut\/ibbios\/wp-content\/uploads\/sites\/36\/Nieprzypisane\/NB-2022-po-mojemu-RODO-zalacznik-1-do-za%C5%82%C4%85cznika-nr-2-do-zarz%C4%85dzenia.pdf\" class=\"mtli_attachment mtli_pdf\">Klauzula informacyjna RODO<\/a><br>\n<a href=\"https:\/\/us.edu.pl\/instytut\/ibbios\/wp-content\/uploads\/sites\/36\/Nieprzypisane\/NB-2022-zgoda-na-przetwarzanie-danych-zalacznik-2-do-za%C5%82%C4%85cznika-nr-2-do-zarz%C4%85dzenia.pdf\" class=\"mtli_attachment mtli_pdf\">Zgoda na przetwarzanie danych<\/a><br>\n<a href=\"https:\/\/us.edu.pl\/instytut\/ibbios\/wp-content\/uploads\/sites\/36\/Nieprzypisane\/NB-2022-po-mojemu-zgoda-na-przetwarzanie-wizerunku-zalacznik-3-do-za%C5%82%C4%85czka-nr-2-do-zarz%C4%85dzenia.pdf\" class=\"mtli_attachment mtli_pdf\">Zgoda na przetwarzanie wizerunku<\/a>\n\r\n\t\t\t\t\t\t\t\t<br>\r\n\t\t\t\t\t\t\t\t\r\n\t\t\t\t\t\t\t\t<\/div>\r\n\t\t\t\t\t\t\t<\/div>\r\n\t\t\t\t\t\t<\/div>\r\n\t\t\t\t\t<\/div><\/div>\r\n\t\t\t\t\t\t<\/div>\r\n\t\t\t\t\t <\/div>[\/vc_column][\/vc_row][vc_row][vc_column][\/vc_column][\/vc_row][vc_row][vc_column][vc_column_text][\/vc_column_text][\/vc_column][\/vc_row][vc_row][vc_column][vc_column_text]<\/p>","protected":false},"excerpt":{"rendered":"<p>[vc_row][vc_column][vc_column_text][\/vc_column_text][\/vc_column][\/vc_row][vc_row][vc_column][\/vc_column][\/vc_row][vc_row][vc_column][\/vc_column][\/vc_row][vc_row][vc_column][vc_column_text][\/vc_column_text][\/vc_column][\/vc_row][vc_row][vc_column][vc_column_text] [&#8230;]<\/p>\n<p><a class=\"btn btn-secondary understrap-read-more-link\" href=\"https:\/\/us.edu.pl\/instytut\/ibbios\/noc-biologow-2022\/\">Read More&#8230;<\/a><\/p>\n","protected":false},"author":4825,"featured_media":0,"parent":0,"menu_order":0,"comment_status":"closed","ping_status":"closed","template":"","meta":{"_expiration-date-status":"","_expiration-date":0,"_expiration-date-type":"","_expiration-date-categories":[],"_expiration-date-options":[]},"acf":[],"_links":{"self":[{"href":"https:\/\/us.edu.pl\/instytut\/ibbios\/wp-json\/wp\/v2\/pages\/3960"}],"collection":[{"href":"https:\/\/us.edu.pl\/instytut\/ibbios\/wp-json\/wp\/v2\/pages"}],"about":[{"href":"https:\/\/us.edu.pl\/instytut\/ibbios\/wp-json\/wp\/v2\/types\/page"}],"author":[{"embeddable":true,"href":"https:\/\/us.edu.pl\/instytut\/ibbios\/wp-json\/wp\/v2\/users\/4825"}],"replies":[{"embeddable":true,"href":"https:\/\/us.edu.pl\/instytut\/ibbios\/wp-json\/wp\/v2\/comments?post=3960"}],"version-history":[{"count":10,"href":"https:\/\/us.edu.pl\/instytut\/ibbios\/wp-json\/wp\/v2\/pages\/3960\/revisions"}],"predecessor-version":[{"id":4566,"href":"https:\/\/us.edu.pl\/instytut\/ibbios\/wp-json\/wp\/v2\/pages\/3960\/revisions\/4566"}],"wp:attachment":[{"href":"https:\/\/us.edu.pl\/instytut\/ibbios\/wp-json\/wp\/v2\/media?parent=3960"}],"curies":[{"name":"wp","href":"https:\/\/api.w.org\/{rel}","templated":true}]}}