{"id":4108,"date":"2022-02-28T14:14:04","date_gmt":"2022-02-28T13:14:04","guid":{"rendered":"https:\/\/us.edu.pl\/instytut\/ibbios\/?page_id=4108"},"modified":"2023-03-29T11:14:22","modified_gmt":"2023-03-29T09:14:22","slug":"przydatne-linki-w-dzialalnosci-naukowej","status":"publish","type":"page","link":"https:\/\/us.edu.pl\/instytut\/ibbios\/nauka\/ewaluacja-2021\/przydatne-linki-w-dzialalnosci-naukowej\/","title":{"rendered":"Przydatne linki w dzia\u0142alno\u015bci naukowej"},"content":{"rendered":"<p>[vc_row][vc_column]\r\n\r\n            <div class=\"blocks\" style=\"text-align: \">\r\n               <div class=\"container\">\r\n                  <div class=\"page-title\">Dzia\u0142alno\u015b\u0107 naukowa: przydatne linki<\/div>\r\n                  <div class=\"row m-0 blocks_4\">\r\n                  \r\n                     <a href=\"https:\/\/orcid.org\" class=\"thumbnail blocks__item\" style=\"background-image: url(https:\/\/us.edu.pl\/instytut\/ibbios\/wp-content\/uploads\/sites\/36\/2020\/10\/Unknown-5.png)\">\r\n                        <span>wi\u0119cej<\/span>\r\n                        <div class=\"blocks__bottom\">\r\n                        <div class=\"blocks__title\">ORCID<\/div>\r\n                        <div class=\"blocks__subtitle\">Open Researcher and Contributor ID<\/div>\r\n                        <\/div>\r\n                     <\/a>\r\n                  \r\n                     <a href=\"https:\/\/pbn.nauka.gov.pl\/core\/#\/home\" class=\"thumbnail blocks__item\" style=\"background-image: url(https:\/\/us.edu.pl\/instytut\/ibbios\/wp-content\/uploads\/sites\/36\/Nieprzypisane\/Unknown-4-1.png)\">\r\n                        <span>wi\u0119cej<\/span>\r\n                        <div class=\"blocks__bottom\">\r\n                        <div class=\"blocks__title\">PBN<\/div>\r\n                        <div class=\"blocks__subtitle\">Polska Bibliografia Naukowa<\/div>\r\n                        <\/div>\r\n                     <\/a>\r\n                  \r\n                     <a href=\"https:\/\/www.researchgate.net\" class=\"thumbnail blocks__item\" style=\"background-image: url(https:\/\/us.edu.pl\/instytut\/ibbios\/wp-content\/uploads\/sites\/36\/2020\/05\/Unknown-1.png)\">\r\n                        <span>wi\u0119cej<\/span>\r\n                        <div class=\"blocks__bottom\">\r\n                        <div class=\"blocks__title\">Research Gate<\/div>\r\n                        \r\n                        <\/div>\r\n                     <\/a>\r\n                  \r\n                     <a href=\"https:\/\/scholar.google.com\" class=\"thumbnail blocks__item\" style=\"background-image: url(https:\/\/us.edu.pl\/instytut\/ibbios\/wp-content\/uploads\/sites\/36\/Nieprzypisane\/Unknown-7.png)\">\r\n                        <span>wi\u0119cej<\/span>\r\n                        <div class=\"blocks__bottom\">\r\n                        <div class=\"blocks__title\">Google Scholar<\/div>\r\n                        \r\n                        <\/div>\r\n                     <\/a>\r\n                  \r\n                     <a href=\"https:\/\/www.ciniba.edu.pl\" class=\"thumbnail blocks__item\" style=\"background-image: url(https:\/\/us.edu.pl\/instytut\/ibbios\/wp-content\/uploads\/sites\/36\/Nieprzypisane\/images-e1603699930257.png)\">\r\n                        <span>wi\u0119cej<\/span>\r\n                        <div class=\"blocks__bottom\">\r\n                        <div class=\"blocks__title\">CINIBA<\/div>\r\n                        <div class=\"blocks__subtitle\">Centrum Informacji Naukowej i Biblioteka Akademicka<\/div>\r\n                        <\/div>\r\n                     <\/a>\r\n                  \r\n                     <a href=\"https:\/\/pp.us.edu.pl\" class=\"thumbnail blocks__item\" style=\"background-image: url(https:\/\/us.edu.pl\/instytut\/ibbios\/wp-content\/uploads\/sites\/36\/2020\/05\/photo-1556761175-b413da4baf72.jpeg)\">\r\n                        <span>wi\u0119cej<\/span>\r\n                        <div class=\"blocks__bottom\">\r\n                        <div class=\"blocks__title\">Portal Pracownika<\/div>\r\n                        \r\n                        <\/div>\r\n                     <\/a>\r\n                  \r\n                     <a href=\"https:\/\/us.edu.pl\/instytut\/ibbios\/2020\/11\/02\/jak-wybrac-dobre-czasopismo-do-publikacji\/\" class=\"thumbnail blocks__item\" style=\"background-image: url(https:\/\/us.edu.pl\/instytut\/ibbios\/wp-content\/uploads\/sites\/36\/Nieprzypisane\/jonas-jacobsson-0FRJ2SCuY4k-unsplash-1024x683.jpg)\">\r\n                        <span>wi\u0119cej<\/span>\r\n                        <div class=\"blocks__bottom\">\r\n                        <div class=\"blocks__title\">Jak wybra\u0107 czasopismo naukowe?<\/div>\r\n                        \r\n                        <\/div>\r\n                     <\/a>\r\n                  \r\n                     <a href=\"https:\/\/jcr.clarivate.com\/jcr\/home\" class=\"thumbnail blocks__item\" style=\"background-image: url(https:\/\/us.edu.pl\/instytut\/ibbios\/wp-content\/uploads\/sites\/36\/Nieprzypisane\/journal-citation-reports-JCR.jpg)\">\r\n                        <span>wi\u0119cej<\/span>\r\n                        <div class=\"blocks__bottom\">\r\n                        <div class=\"blocks__title\">Journal Citation Reports<\/div>\r\n                        \r\n                        <\/div>\r\n                     <\/a><\/div>     \r\n               <\/div>\r\n            <\/div>[\/vc_column][\/vc_row]<\/p>","protected":false},"excerpt":{"rendered":"<p>[vc_row][vc_column][\/vc_column][\/vc_row] [&#8230;]<\/p>\n<p><a class=\"btn btn-secondary understrap-read-more-link\" href=\"https:\/\/us.edu.pl\/instytut\/ibbios\/nauka\/ewaluacja-2021\/przydatne-linki-w-dzialalnosci-naukowej\/\">Read More&#8230;<\/a><\/p>\n","protected":false},"author":4825,"featured_media":0,"parent":1677,"menu_order":0,"comment_status":"closed","ping_status":"closed","template":"page-templates\/inner-page.php","meta":{"_expiration-date-status":"","_expiration-date":0,"_expiration-date-type":"","_expiration-date-categories":[],"_expiration-date-options":[]},"acf":[],"_links":{"self":[{"href":"https:\/\/us.edu.pl\/instytut\/ibbios\/wp-json\/wp\/v2\/pages\/4108"}],"collection":[{"href":"https:\/\/us.edu.pl\/instytut\/ibbios\/wp-json\/wp\/v2\/pages"}],"about":[{"href":"https:\/\/us.edu.pl\/instytut\/ibbios\/wp-json\/wp\/v2\/types\/page"}],"author":[{"embeddable":true,"href":"https:\/\/us.edu.pl\/instytut\/ibbios\/wp-json\/wp\/v2\/users\/4825"}],"replies":[{"embeddable":true,"href":"https:\/\/us.edu.pl\/instytut\/ibbios\/wp-json\/wp\/v2\/comments?post=4108"}],"version-history":[{"count":5,"href":"https:\/\/us.edu.pl\/instytut\/ibbios\/wp-json\/wp\/v2\/pages\/4108\/revisions"}],"predecessor-version":[{"id":6181,"href":"https:\/\/us.edu.pl\/instytut\/ibbios\/wp-json\/wp\/v2\/pages\/4108\/revisions\/6181"}],"up":[{"embeddable":true,"href":"https:\/\/us.edu.pl\/instytut\/ibbios\/wp-json\/wp\/v2\/pages\/1677"}],"wp:attachment":[{"href":"https:\/\/us.edu.pl\/instytut\/ibbios\/wp-json\/wp\/v2\/media?parent=4108"}],"curies":[{"name":"wp","href":"https:\/\/api.w.org\/{rel}","templated":true}]}}