{"id":4143,"date":"2022-03-02T09:51:02","date_gmt":"2022-03-02T08:51:02","guid":{"rendered":"https:\/\/us.edu.pl\/instytut\/ibbios\/?page_id=4143"},"modified":"2022-03-02T09:51:02","modified_gmt":"2022-03-02T08:51:02","slug":"biologia-neila-a-campbella-wydanie-drugie","status":"publish","type":"page","link":"https:\/\/us.edu.pl\/instytut\/ibbios\/biologia-neila-a-campbella-wydanie-drugie\/","title":{"rendered":"&#8221;Biologia&#8221; Neila A. Campbella &#8211; wydanie drugie."},"content":{"rendered":"<p>[vc_row][vc_column]\r\n                <div class=\"text-modules \">\r\n                    <div class=\"container\">\r\n                        <h3 class=\"section-title section-title_border-bottom\">``Biologia`` Neila A. Campbella - wyd. REBIS.<\/h3> \r\n                        <div class=\"row m-0\">\r\n                            <div class=\"text-modules__content\">\r\n                                <\/p>\n<p style=\"vertical-align: baseline; margin: 0cm 0cm 15pt; text-align: left;\"><span style=\"font-family: verdana, geneva, sans-serif; color: #333333; font-size: 12pt;\">Drugie, uaktualnione polskie fenomenalne wydanie <strong>&#8222;Biologii&#8221;<\/strong> Neila A. Campbella i Jane B. Reece oraz wsp\u00f3\u0142autor\u00f3w, jednego z najlepszych podr\u0119cznik\u00f3w dla student\u00f3w nauk przyrodniczych.<\/span><\/p>\n<p style=\"vertical-align: baseline; margin: 0cm 0cm 15pt; text-align: left;\"><span style=\"font-family: verdana, geneva, sans-serif; color: #333333; font-size: 12pt;\">Podr\u0119cznik opatrzony jest doskona\u0142ymi materia\u0142ami ilustracyjnymi. Wydanie &#8211; zmienione i poszerzone &#8211; zawiera najnowsze odkrycia i wyniki bada\u0144 w tej b\u0142yskawicznie rozwijaj\u0105cej si\u0119 ga\u0142\u0119zi nauki, szczeg\u00f3lnie w takich dziedzinach jak ewolucja, biologia kom\u00f3rki czy genetyka. Najlepiej sprzedaj\u0105cy si\u0119 podr\u0119cznik biologii na \u015bwiecie. Ponad 7 milion\u00f3w sprzedanych egzemplarzy. Przet\u0142umaczony na 17 j\u0119zyk\u00f3w!<\/span><\/p>\n<p style=\"vertical-align: baseline; margin: 0cm 0cm 15pt; text-align: left;\"><span style=\"font-family: verdana, geneva, sans-serif; color: #333333; font-size: 12pt;\">To najbardziej aktualny, atrakcyjny w formie podr\u0119cznik dla student\u00f3w biologii, medycyny, nauk przyrodniczych i nauk pokrewnych! Doskona\u0142y dla uczni\u00f3w klas biologiczno-chemicznych i maturzyst\u00f3w. Najlepszy i najbardziej aktualny podr\u0119cznik dla student\u00f3w nauk przyrodniczych. Doskona\u0142e \u017ar\u00f3d\u0142o wiedzy dla maturzyst\u00f3w przygotowuj\u0105cych si\u0119 na studia. <\/span><\/p>\n<p style=\"vertical-align: baseline; margin: 0cm 0cm 15pt; text-align: left;\"><span style=\"font-family: verdana, geneva, sans-serif; color: #333333; font-size: 12pt;\">Edycja bazuj\u0105ca na najnowszym wydaniu ameryka\u0144skim. Perfekcyjna pod wzgl\u0119dem dydaktycznym Ewolucjonizm motywem przewodnim. Przyst\u0119pnie wyja\u015bnia procesy i zjawiska biologiczne. Wykresy, schematy, sprawdziany podsumowuj\u0105ce wiedz\u0119 Opatrzona znakomitymi ilustracjami Ponad 1400 stron, 10 000 termin\u00f3w.<\/span><\/p>\n<p style=\"vertical-align: baseline; margin: 0cm 0cm 15pt; text-align: left;\"><span style=\"font-family: verdana, geneva, sans-serif; color: #333333; font-size: 12pt;\"> Biologia Campbella to od lat niedo\u015bcigniony lider w dziedzinie wprowadzaj\u0105cych podr\u0119cznik\u00f3w biologii. Doskonale skomponowany materia\u0142, oparty na wynikach najnowszych bada\u0144, przyst\u0119pnie i z pasj\u0105 napisany przez zesp\u00f3\u0142 \u015bwiatowej s\u0142awy specjalist\u00f3w to niepodwa\u017calny atut tego d\u0142ugo wyczekiwanego na polskim rynku podr\u0119cznika.<\/span><\/p>\n<p>\u00a0 \r\n                                <div class=\"mt-3\"><\/div>\r\n                            <\/div>\r\n                            \r\n                            <div class=\"text-modules__img\"><img src=\"https:\/\/us.edu.pl\/instytut\/ibbios\/wp-content\/uploads\/sites\/36\/Nieprzypisane\/Biologia_ok\u0142adka_300_dpi.jpg\" alt=\"img\"><\/div>\r\n                        <\/div>\r\n                    <\/div>\r\n                <\/div>[\/vc_column][\/vc_row]<\/p>","protected":false},"excerpt":{"rendered":"<p>[vc_row][vc_column][\/vc_column][\/vc_row] [&#8230;]<\/p>\n<p><a class=\"btn btn-secondary understrap-read-more-link\" href=\"https:\/\/us.edu.pl\/instytut\/ibbios\/biologia-neila-a-campbella-wydanie-drugie\/\">Read More&#8230;<\/a><\/p>\n","protected":false},"author":4825,"featured_media":0,"parent":0,"menu_order":0,"comment_status":"closed","ping_status":"closed","template":"","meta":{"_expiration-date-status":"saved","_expiration-date":0,"_expiration-date-type":"","_expiration-date-categories":[],"_expiration-date-options":[]},"acf":[],"_links":{"self":[{"href":"https:\/\/us.edu.pl\/instytut\/ibbios\/wp-json\/wp\/v2\/pages\/4143"}],"collection":[{"href":"https:\/\/us.edu.pl\/instytut\/ibbios\/wp-json\/wp\/v2\/pages"}],"about":[{"href":"https:\/\/us.edu.pl\/instytut\/ibbios\/wp-json\/wp\/v2\/types\/page"}],"author":[{"embeddable":true,"href":"https:\/\/us.edu.pl\/instytut\/ibbios\/wp-json\/wp\/v2\/users\/4825"}],"replies":[{"embeddable":true,"href":"https:\/\/us.edu.pl\/instytut\/ibbios\/wp-json\/wp\/v2\/comments?post=4143"}],"version-history":[{"count":2,"href":"https:\/\/us.edu.pl\/instytut\/ibbios\/wp-json\/wp\/v2\/pages\/4143\/revisions"}],"predecessor-version":[{"id":4145,"href":"https:\/\/us.edu.pl\/instytut\/ibbios\/wp-json\/wp\/v2\/pages\/4143\/revisions\/4145"}],"wp:attachment":[{"href":"https:\/\/us.edu.pl\/instytut\/ibbios\/wp-json\/wp\/v2\/media?parent=4143"}],"curies":[{"name":"wp","href":"https:\/\/api.w.org\/{rel}","templated":true}]}}