{"id":5378,"date":"2023-02-14T15:33:16","date_gmt":"2023-02-14T14:33:16","guid":{"rendered":"https:\/\/us.edu.pl\/instytut\/ibbios\/?page_id=5378"},"modified":"2026-01-21T14:06:09","modified_gmt":"2026-01-21T13:06:09","slug":"noc-biologow","status":"publish","type":"page","link":"https:\/\/us.edu.pl\/instytut\/ibbios\/noc-biologow\/","title":{"rendered":"Noc Biolog\u00f3w"},"content":{"rendered":"<p>[vc_row][vc_column el_id=&#8221;container&#8221; css=&#8221;.vc_custom_1701762528013{background-color: #ffffff !important;}&#8221;][vc_row_inner][vc_column_inner][vc_single_image image=&#8221;10113&#8243; img_size=&#8221;full&#8221; alignment=&#8221;center&#8221; css=&#8221;.vc_custom_1765181543680{background-color: #142644 !important;}&#8221;][\/vc_column_inner][\/vc_row_inner][\/vc_column][\/vc_row][vc_row][vc_column width=&#8221;1\/6&#8243;][vc_row_inner][vc_column_inner][\/vc_column_inner][\/vc_row_inner][vc_row_inner][vc_column_inner][\/vc_column_inner][\/vc_row_inner][\/vc_column][vc_column width=&#8221;4\/6&#8243;]\n\t\t\t\t<input type=\"hidden\" name=\"promoted_only\" value=\"\">\n\t\t\t\t<input type=\"hidden\" name=\"order\" value=\"DESC\">\n\t\t\t\t<input type=\"hidden\" name=\"order_by\" value=\"post_date\">\n\n\t\t\t\t<div class=\"article-loop loop-section article-loop_tall color-blue\" style=\"background: \">\n\t\t\t\t\t <div class=\"container \">\n\t\t\t\t\t \t<div class=\"col-12 article-loop-gutter-left\">\n\t\t\t\t\t\t  <div class=\"article-loop-top loop-section-top\">\n\t\t\t\t\t\t\t\t<h2 class=\"section-title\">Aktualno\u015bci<\/h2><div class=\"article-loop-top_right loop-section-top__right\" >\n\t\t\t\t\t\t\t\t\t <select name=\"sort\" title = \"filter by category\"\n\t\t\t\t\t\t\t\t\t\t  class=\"article-loop-sort\" >\n\t\t\t\t\t\t\t\t\t\t  <option value = \"\" selected disabled > filtrowanie wed\u0142ug kategorii<\/option>\n\t\t\t\t\t\t\t\t\t\t  <option value = \"36-37\" > Wszystko<\/option> <option data-link='https:\/\/us.edu.pl\/instytut\/ibbios\/category\/wydarzenia\/noc-biologow\/' value='36-37'>Noc Biolog\u00f3w<\/option><\/select>    <a href = \"https:\/\/us.edu.pl\/instytut\/ibbios\/wszystko?title=Aktualno%C5%9Bci&order=DESC&order_by=post_date&categories%5B0%5D=36-37\" class=\"link-button \" > Wszystko<\/a><\/div>  \n\t\t\t\t\t\t  <\/div>\n\t\t\t\t\t\t  <div class=\"article-loop-main carousel\" data-home-url=\"https:\/\/us.edu.pl\/instytut\/ibbios\" >\n\t\t\t\t\t\t\t\t<a href = \"#\" data-slide = \"prev\" title=\"przesu\u0144 pasek Aktualno\u015bciw lewo\" class=\"arrow\" >\n\t\t\t\t\t\t\t\t\t <em class=\"ci ci-arrow-left\" ><\/em >\n\t\t\t\t\t\t\t\t\t <span class=\"d-none\" > arrow<\/span >\n\t\t\t\t\t\t\t\t<\/a>\n\t \n\t\t\t\t\t\t\t\t<a href = \"#\" data-slide = \"next\" title=\"przesu\u0144 pasek Aktualno\u015bci w prawo\" class=\"arrow\" >\n\t\t\t\t\t\t\t\t\t <em class=\"ci ci-arrow-right\" ><\/em >\n\t\t\t\t\t\t\t\t\t <span class=\"d-none\" > arrow<\/span >\n\t\t\t\t\t\t\t\t<\/a>\n\t\t\t\t\t\t\t\t<div class=\"row items\" >\n\t\t\t\t\t\t\t\t\t \r\n            <article class=\"article-loop-post carousel-slide\">\r\n                <a href=\"https:\/\/gazeta.us.edu.pl\/node\/438423?fbclid=IwZXh0bgNhZW0CMTAAc3J0YwZhcHBfaWQQMjIyMDM5MTc4ODIwMDg5MgABHh9mVLkhXWaYYpSFm3xdenNXXF4gSQ27uEoALcPb1sK6FS1t2Te4NmzBgxcG_aem_3gKsbsXzaEJ3bIr7u-b-Hw\" class=\"article-loop-post__thumbnail thumbnail\"\r\n                    style=\"background-image: url(https:\/\/us.edu.pl\/instytut\/ibbios\/wp-content\/uploads\/sites\/36\/Bez-kategorii\/NB2-300x200.jpg)\">\r\n                    <span>wi\u0119cej<\/span>\r\n                <\/a>\r\n\r\n                <div class=\"article-loop-post__content\">\r\n                    <h3 class=\"article-loop-post__title\">\r\n                        <a href=\"https:\/\/gazeta.us.edu.pl\/node\/438423?fbclid=IwZXh0bgNhZW0CMTAAc3J0YwZhcHBfaWQQMjIyMDM5MTc4ODIwMDg5MgABHh9mVLkhXWaYYpSFm3xdenNXXF4gSQ27uEoALcPb1sK6FS1t2Te4NmzBgxcG_aem_3gKsbsXzaEJ3bIr7u-b-Hw\">Biologia sygna\u0142\u00f3w na \u017cywo: podsumowanie XV Og\u00f3lnopolskiej Nocy Biolog\u00f3w na naszym wydziale.<\/a>\r\n                    <\/h3>\r\n            \r\n                    <div class=\"article-loop-post__categories\">\r\n                        <a href=\"https:\/\/us.edu.pl\/instytut\/ibbios\/category\/aktualnosci\/\">Aktualno\u015bci<\/a><a href=\"https:\/\/us.edu.pl\/instytut\/ibbios\/category\/artykuly\/\">Artyku\u0142y, wywiady<\/a><a href=\"https:\/\/us.edu.pl\/instytut\/ibbios\/category\/wydarzenia\/noc-biologow\/\">Noc Biolog\u00f3w<\/a>\r\n                    <\/div>    \r\n                <\/div>\r\n            <\/article>\r\n        \r\n            <article class=\"article-loop-post carousel-slide\">\r\n                <a href=\"https:\/\/us.edu.pl\/instytut\/ibbios\/2025\/12\/10\/konkurs-fotograficzny-sygnaly-natury\/\" class=\"article-loop-post__thumbnail thumbnail\"\r\n                    style=\"background-image: url(https:\/\/us.edu.pl\/instytut\/ibbios\/wp-content\/uploads\/sites\/36\/Bez-kategorii\/konkurs-foto-300x251.png)\">\r\n                    <span>wi\u0119cej<\/span>\r\n                <\/a>\r\n\r\n                <div class=\"article-loop-post__content\">\r\n                    <h3 class=\"article-loop-post__title\">\r\n                        <a href=\"https:\/\/us.edu.pl\/instytut\/ibbios\/2025\/12\/10\/konkurs-fotograficzny-sygnaly-natury\/\">Konkurs fotograficzny \u201eSYGNA\u0141Y NATURY\u201d<\/a>\r\n                    <\/h3>\r\n            \r\n                    <div class=\"article-loop-post__categories\">\r\n                        <a href=\"https:\/\/us.edu.pl\/instytut\/ibbios\/category\/aktualnosci\/\">Aktualno\u015bci<\/a><a href=\"https:\/\/us.edu.pl\/instytut\/ibbios\/category\/informacje\/\">Informacje<\/a><a href=\"https:\/\/us.edu.pl\/instytut\/ibbios\/category\/wydarzenia\/noc-biologow\/\">Noc Biolog\u00f3w<\/a><a href=\"https:\/\/us.edu.pl\/instytut\/ibbios\/category\/wydarzenia\/\">Wydarzenia<\/a>\r\n                    <\/div>    \r\n                <\/div>\r\n            <\/article>\r\n        \r\n            <article class=\"article-loop-post carousel-slide\">\r\n                <a href=\"https:\/\/us.edu.pl\/instytut\/ibbios\/event\/xv-ogolnopolska-noc-biologow-biologia-pelna-sygnalow-odkryj-jak-mowi-zycie\/\" class=\"article-loop-post__thumbnail thumbnail\"\r\n                    style=\"background-image: url(https:\/\/us.edu.pl\/instytut\/ibbios\/wp-content\/uploads\/sites\/36\/Nieprzypisane\/kot-logo2-300x252.jpg)\">\r\n                    <span>wi\u0119cej<\/span>\r\n                <\/a>\r\n\r\n                <div class=\"article-loop-post__content\">\r\n                    <h3 class=\"article-loop-post__title\">\r\n                        <a href=\"https:\/\/us.edu.pl\/instytut\/ibbios\/event\/xv-ogolnopolska-noc-biologow-biologia-pelna-sygnalow-odkryj-jak-mowi-zycie\/\">XV Og\u00f3lnopolska Noc Biolog\u00f3w \u201eBiologia pe\u0142na sygna\u0142\u00f3w \u2013 odkryj, jak m\u00f3wi \u017cycie\u201d<\/a>\r\n                    <\/h3>\r\n            \r\n                    <div class=\"article-loop-post__categories\">\r\n                        <a href=\"https:\/\/us.edu.pl\/instytut\/ibbios\/category\/aktualnosci\/\">Aktualno\u015bci<\/a><a href=\"https:\/\/us.edu.pl\/instytut\/ibbios\/category\/wydarzenia\/noc-biologow\/\">Noc Biolog\u00f3w<\/a><a href=\"https:\/\/us.edu.pl\/instytut\/ibbios\/category\/wydarzenia\/\">Wydarzenia<\/a>\r\n                    <\/div>    \r\n                <\/div>\r\n            <\/article>\r\n        \r\n            <article class=\"article-loop-post carousel-slide\">\r\n                <a href=\"https:\/\/us.edu.pl\/instytut\/ibbios\/2025\/02\/17\/wyniki-konkursu-ziemia-w-naszych-rekach-jak-dbac-o-przyszlosc-planety\/\" class=\"article-loop-post__thumbnail thumbnail\"\r\n                    style=\"background-image: url(https:\/\/us.edu.pl\/instytut\/ibbios\/wp-content\/uploads\/sites\/36\/Bez-kategorii\/pexels-artempodrez-7048040-300x169.jpg)\">\r\n                    <span>wi\u0119cej<\/span>\r\n                <\/a>\r\n\r\n                <div class=\"article-loop-post__content\">\r\n                    <h3 class=\"article-loop-post__title\">\r\n                        <a href=\"https:\/\/us.edu.pl\/instytut\/ibbios\/2025\/02\/17\/wyniki-konkursu-ziemia-w-naszych-rekach-jak-dbac-o-przyszlosc-planety\/\">Wyniki konkursu \u201eZiemia w naszych r\u0119kach \u2013 jak dba\u0107 o przysz\u0142o\u015b\u0107 planety\u201d<\/a>\r\n                    <\/h3>\r\n            \r\n                    <div class=\"article-loop-post__categories\">\r\n                        <a href=\"https:\/\/us.edu.pl\/instytut\/ibbios\/category\/aktualnosci\/\">Aktualno\u015bci<\/a><a href=\"https:\/\/us.edu.pl\/instytut\/ibbios\/category\/wiadomosci\/konkursy\/\">Konkursy<\/a><a href=\"https:\/\/us.edu.pl\/instytut\/ibbios\/category\/wydarzenia\/noc-biologow\/\">Noc Biolog\u00f3w<\/a><a href=\"https:\/\/us.edu.pl\/instytut\/ibbios\/category\/wiadomosci\/\">Wiadomo\u015bci<\/a>\r\n                    <\/div>    \r\n                <\/div>\r\n            <\/article>\r\n        \r\n            <article class=\"article-loop-post carousel-slide\">\r\n                <a href=\"https:\/\/us.edu.pl\/multimedia\/xiv-noc-biologow-edycja-2025\/\" class=\"article-loop-post__thumbnail thumbnail\"\r\n                    style=\"background-image: url(https:\/\/us.edu.pl\/instytut\/ibbios\/wp-content\/uploads\/sites\/36\/Bez-kategorii\/Fot.-Matylda-Klos-002-scaled-1-300x200.jpg)\">\r\n                    <span>wi\u0119cej<\/span>\r\n                <\/a>\r\n\r\n                <div class=\"article-loop-post__content\">\r\n                    <h3 class=\"article-loop-post__title\">\r\n                        <a href=\"https:\/\/us.edu.pl\/multimedia\/xiv-noc-biologow-edycja-2025\/\">Zdj\u0119cia z XIV Nocy Biolog\u00f3w<\/a>\r\n                    <\/h3>\r\n            \r\n                    <div class=\"article-loop-post__categories\">\r\n                        <a href=\"https:\/\/us.edu.pl\/instytut\/ibbios\/category\/aktualnosci\/\">Aktualno\u015bci<\/a><a href=\"https:\/\/us.edu.pl\/instytut\/ibbios\/category\/wydarzenia\/noc-biologow\/\">Noc Biolog\u00f3w<\/a><a href=\"https:\/\/us.edu.pl\/instytut\/ibbios\/category\/wydarzenia\/\">Wydarzenia<\/a>\r\n                    <\/div>    \r\n                <\/div>\r\n            <\/article>\r\n        \r\n            <article class=\"article-loop-post carousel-slide\">\r\n                <a href=\"https:\/\/us.edu.pl\/instytut\/ibbios\/2025\/01\/08\/lokalizacja-wydarzen-zwiazanych-z-xiv-noca-biologow\/\" class=\"article-loop-post__thumbnail thumbnail\"\r\n                    style=\"background-image: url(https:\/\/us.edu.pl\/instytut\/ibbios\/wp-content\/uploads\/sites\/36\/Bez-kategorii\/pexels-andrew-2859169-300x200.jpg)\">\r\n                    <span>wi\u0119cej<\/span>\r\n                <\/a>\r\n\r\n                <div class=\"article-loop-post__content\">\r\n                    <h3 class=\"article-loop-post__title\">\r\n                        <a href=\"https:\/\/us.edu.pl\/instytut\/ibbios\/2025\/01\/08\/lokalizacja-wydarzen-zwiazanych-z-xiv-noca-biologow\/\">Lokalizacja wydarze\u0144 zwi\u0105zanych z XIV Noc\u0105 Biolog\u00f3w<\/a>\r\n                    <\/h3>\r\n            \r\n                    <div class=\"article-loop-post__categories\">\r\n                        <a href=\"https:\/\/us.edu.pl\/instytut\/ibbios\/category\/aktualnosci\/\">Aktualno\u015bci<\/a><a href=\"https:\/\/us.edu.pl\/instytut\/ibbios\/category\/wydarzenia\/noc-biologow\/\">Noc Biolog\u00f3w<\/a>\r\n                    <\/div>    \r\n                <\/div>\r\n            <\/article>\r\n        \r\n            <article class=\"article-loop-post carousel-slide\">\r\n                <a href=\"https:\/\/us.edu.pl\/instytut\/ibbios\/2024\/12\/11\/konkurs-ziemia-w-naszych-rekach-jak-dbac-o-przyszlosc-planety\/\" class=\"article-loop-post__thumbnail thumbnail\"\r\n                    style=\"background-image: url(https:\/\/us.edu.pl\/instytut\/ibbios\/wp-content\/uploads\/sites\/36\/Bez-kategorii\/pexels-artempodrez-7048040-300x169.jpg)\">\r\n                    <span>wi\u0119cej<\/span>\r\n                <\/a>\r\n\r\n                <div class=\"article-loop-post__content\">\r\n                    <h3 class=\"article-loop-post__title\">\r\n                        <a href=\"https:\/\/us.edu.pl\/instytut\/ibbios\/2024\/12\/11\/konkurs-ziemia-w-naszych-rekach-jak-dbac-o-przyszlosc-planety\/\">Konkurs: &#8222;Ziemia w naszych r\u0119kach \u2013 jak dba\u0107 o przysz\u0142o\u015b\u0107 planety&#8221;<\/a>\r\n                    <\/h3>\r\n            \r\n                    <div class=\"article-loop-post__categories\">\r\n                        <a href=\"https:\/\/us.edu.pl\/instytut\/ibbios\/category\/aktualnosci\/\">Aktualno\u015bci<\/a><a href=\"https:\/\/us.edu.pl\/instytut\/ibbios\/category\/wiadomosci\/konkursy\/\">Konkursy<\/a><a href=\"https:\/\/us.edu.pl\/instytut\/ibbios\/category\/wydarzenia\/noc-biologow\/\">Noc Biolog\u00f3w<\/a><a href=\"https:\/\/us.edu.pl\/instytut\/ibbios\/category\/wiadomosci\/\">Wiadomo\u015bci<\/a>\r\n                    <\/div>    \r\n                <\/div>\r\n            <\/article>\r\n        \r\n            <article class=\"article-loop-post carousel-slide\">\r\n                <a href=\"https:\/\/us.edu.pl\/instytut\/ibbios\/2024\/12\/10\/rejestracja-na-xiv-noc-biologow\/\" class=\"article-loop-post__thumbnail thumbnail\"\r\n                    style=\"background-image: url(https:\/\/us.edu.pl\/instytut\/ibbios\/wp-content\/uploads\/sites\/36\/Nieprzypisane\/noc-biologow-300x252.jpg)\">\r\n                    <span>wi\u0119cej<\/span>\r\n                <\/a>\r\n\r\n                <div class=\"article-loop-post__content\">\r\n                    <h3 class=\"article-loop-post__title\">\r\n                        <a href=\"https:\/\/us.edu.pl\/instytut\/ibbios\/2024\/12\/10\/rejestracja-na-xiv-noc-biologow\/\">Rejestracja na XIV Noc Biolog\u00f3w<\/a>\r\n                    <\/h3>\r\n            \r\n                    <div class=\"article-loop-post__categories\">\r\n                        <a href=\"https:\/\/us.edu.pl\/instytut\/ibbios\/category\/aktualnosci\/\">Aktualno\u015bci<\/a><a href=\"https:\/\/us.edu.pl\/instytut\/ibbios\/category\/wydarzenia\/noc-biologow\/\">Noc Biolog\u00f3w<\/a><a href=\"https:\/\/us.edu.pl\/instytut\/ibbios\/category\/wydarzenia\/\">Wydarzenia<\/a>\r\n                    <\/div>    \r\n                <\/div>\r\n            <\/article>\r\n        \r\n            <article class=\"article-loop-post carousel-slide\">\r\n                <a href=\"https:\/\/us.edu.pl\/instytut\/ibbios\/event\/xiv-ogolnopolska-noc-biologow-na-wnp-us\/\" class=\"article-loop-post__thumbnail thumbnail\"\r\n                    style=\"background-image: url(https:\/\/us.edu.pl\/instytut\/ibbios\/wp-content\/uploads\/sites\/36\/Bez-kategorii\/Grafika-NB-strona-IBBIOS-1920-x-1080-px-300x169.png)\">\r\n                    <span>wi\u0119cej<\/span>\r\n                <\/a>\r\n\r\n                <div class=\"article-loop-post__content\">\r\n                    <h3 class=\"article-loop-post__title\">\r\n                        <a href=\"https:\/\/us.edu.pl\/instytut\/ibbios\/event\/xiv-ogolnopolska-noc-biologow-na-wnp-us\/\">XIV Og\u00f3lnopolska Noc Biolog\u00f3w na WNP, U\u015a<\/a>\r\n                    <\/h3>\r\n            \r\n                    <div class=\"article-loop-post__categories\">\r\n                        <a href=\"https:\/\/us.edu.pl\/instytut\/ibbios\/category\/aktualnosci\/\">Aktualno\u015bci<\/a><a href=\"https:\/\/us.edu.pl\/instytut\/ibbios\/category\/wydarzenia\/noc-biologow\/\">Noc Biolog\u00f3w<\/a><a href=\"https:\/\/us.edu.pl\/instytut\/ibbios\/category\/wydarzenia\/\">Wydarzenia<\/a>\r\n                    <\/div>    \r\n                <\/div>\r\n            <\/article>\r\n        \r\n            <article class=\"article-loop-post carousel-slide\">\r\n                <a href=\"https:\/\/us.edu.pl\/instytut\/ibbios\/2024\/02\/06\/wyniki-konkursow-organizowanych-w-ramach-xiii-ogolnopolskiej-nocy-biologow-2024\/\" class=\"article-loop-post__thumbnail thumbnail\"\r\n                    style=\"background-image: url(https:\/\/us.edu.pl\/instytut\/ibbios\/wp-content\/uploads\/sites\/36\/szkolenia-konferencje-wydarzenia\/Noc-biologow\/Noc-Biologow-2024\/NB24obrazek_wyrozniajacy-300x174.jpg)\">\r\n                    <span>wi\u0119cej<\/span>\r\n                <\/a>\r\n\r\n                <div class=\"article-loop-post__content\">\r\n                    <h3 class=\"article-loop-post__title\">\r\n                        <a href=\"https:\/\/us.edu.pl\/instytut\/ibbios\/2024\/02\/06\/wyniki-konkursow-organizowanych-w-ramach-xiii-ogolnopolskiej-nocy-biologow-2024\/\">Wyniki konkurs\u00f3w organizowanych w ramach \u00a0XIII Og\u00f3lnopolskiej Nocy Biolog\u00f3w 2024<\/a>\r\n                    <\/h3>\r\n            \r\n                    <div class=\"article-loop-post__categories\">\r\n                        <a href=\"https:\/\/us.edu.pl\/instytut\/ibbios\/category\/aktualnosci\/\">Aktualno\u015bci<\/a><a href=\"https:\/\/us.edu.pl\/instytut\/ibbios\/category\/wydarzenia\/noc-biologow\/\">Noc Biolog\u00f3w<\/a><a href=\"https:\/\/us.edu.pl\/instytut\/ibbios\/category\/wydarzenia\/\">Wydarzenia<\/a>\r\n                    <\/div>    \r\n                <\/div>\r\n            <\/article>\r\n        \n\t\t\t\t\t\t\t\t<\/div>\n\t\t\t\t\t\t  <\/div>\n\t\t\t\t\t <\/div>\n\t\t\t\t\t <\/div>\n\t\t\t\t<\/div>[vc_separator]\r\n                <div class=\"text-modules\">\r\n                    <div class=\"container\">\r\n                        <h3 class=\"page-title text__title\">S\u0105 z nami:<\/h3>\r\n                        <div class=\"text-modules__content\"><p><span style=\"font-size: 12pt;\"><strong>Patroni honorowi: <\/strong><\/span><span style=\"font-size: 12pt;\">Rektor Uniwersytetu \u015al\u0105skiego w Katowicach | <\/span><span style=\"font-size: 12pt;\">Marsza\u0142ek Wojew\u00f3dztwa \u015al\u0105skiego Wojciech Sa\u0142uga | <\/span><span style=\"font-size: 12pt;\">Prezydent Miasta Katowice Marcin Krupa | <\/span><span style=\"font-size: 12pt;\">Prezydent Miasta Zabrze | <\/span><span style=\"font-size: 12pt;\">Dziekan Wydzia\u0142u Nauk Przyrodniczych prof. dr hab. Leszek Marynowski | <\/span><span style=\"font-size: 12pt;\">Dyrektor Instytutu Biologii, Biotechnologii i Ochrony \u015arodowiska dr hab. Mariusz Kanturski, prof. U\u015a<\/span><\/p>\n<p><strong><span style=\"font-size: 12pt;\">Patroni medialni: <\/span><\/strong><span style=\"font-size: 12pt;\">Radio Piekary | <\/span><span style=\"font-size: 12pt;\">Radio eM<\/span><\/p>\n<p><strong><span style=\"font-size: 12pt;\">Sponsorzy: <\/span><\/strong><span style=\"font-size: 12pt;\">AnalitykGenetyka | <\/span><span style=\"font-size: 12pt;\">EurX | <\/span><span style=\"font-size: 12pt;\">Genoplast | <\/span><span style=\"font-size: 12pt;\">Labo24 | <\/span><span style=\"font-size: 12pt;\">Palmiarnia Miejska Gliwice | <\/span><span style=\"font-size: 12pt;\">Miejski Zarz\u0105d Us\u0142ug Komunalnych Gliwice | <\/span><span style=\"font-size: 12pt;\">Ogr\u00f3d Botaniczny Zabrze | <\/span><span style=\"font-size: 12pt;\">\u015al\u0105ski Ogr\u00f3d Botaniczny w Miko\u0142owie | <\/span><span style=\"font-size: 12pt;\">\u015al\u0105ski Ogr\u00f3d Zoologiczny | <\/span><span style=\"font-size: 12pt;\">Precoptic | <\/span><span style=\"font-size: 12pt;\">Evident Scientific | <\/span><span style=\"font-size: 12pt;\">Toraf | Kawa.Ska <\/span><span style=\"font-size: 12pt;\">| <\/span><span style=\"font-size: 12pt;\">Katowickie Wodoci\u0105gi | <\/span><span style=\"font-size: 12pt;\">NSZZ Solidarno\u015b\u0107 U\u015a | <\/span><span style=\"font-size: 12pt;\">ZNP U\u015a | <\/span><span style=\"font-size: 12pt;\">Pasieka Pasjonata | <\/span><span style=\"font-size: 12pt;\">\u015al\u0105skie Ko\u0142o Mi\u0142o\u015bnik\u00f3w Orchidei | <\/span><span style=\"font-size: 12pt;\">Polskie Towarzystwo Mi\u0142o\u015bnik\u00f3w Kaktus\u00f3w | <\/span><span style=\"font-size: 12pt;\">Copy Cabana | <\/span><span style=\"font-size: 12pt;\">Illumina | Sklep papierniczy Kolorek<\/span><\/p>\n<\/div>\r\n                    <\/div>\r\n                <\/div>[vc_row_inner][vc_column_inner width=&#8221;1\/4&#8243; css=&#8221;.vc_custom_1701762608994{background-color: #ffffff !important;}&#8221;][vc_single_image image=&#8221;10222&#8243; img_size=&#8221;medium&#8221;][\/vc_column_inner][vc_column_inner width=&#8221;1\/4&#8243;][vc_single_image image=&#8221;10223&#8243; img_size=&#8221;medium&#8221;][\/vc_column_inner][vc_column_inner width=&#8221;1\/4&#8243;][vc_single_image image=&#8221;10224&#8243; img_size=&#8221;medium&#8221;][\/vc_column_inner][vc_column_inner width=&#8221;1\/4&#8243;][vc_single_image image=&#8221;10225&#8243; img_size=&#8221;medium&#8221;][\/vc_column_inner][\/vc_row_inner][\/vc_column][vc_column width=&#8221;1\/6&#8243;][\/vc_column][\/vc_row]<\/p>","protected":false},"excerpt":{"rendered":"<p>[vc_row][vc_column el_id=&#8221;container&#8221; css=&#8221;.vc_custom_1701762528013{background-color: #ffffff !important;}&#8221;][vc_row_inner][vc_column_inner][vc_single_image image=&#8221;10113&#8243; img_size=&#8221;full&#8221; alignment=&#8221;center&#8221; css=&#8221;.vc_custom_1765181543680{background-color: #142644 !important;}&#8221;][\/vc_column_inner][\/vc_row_inner][\/vc_column][\/vc_row][vc_row][vc_column width=&#8221;1\/6&#8243;][vc_row_inner][vc_column_inner][\/vc_column_inner][\/vc_row_inner][vc_row_inner][vc_column_inner][\/vc_column_inner][\/vc_row_inner][\/vc_column][vc_column width=&#8221;4\/6&#8243;][vc_separator][vc_row_inner][vc_column_inner width=&#8221;1\/4&#8243; css=&#8221;.vc_custom_1701762608994{background-color: #ffffff !important;}&#8221;][vc_single_image image=&#8221;10222&#8243; img_size=&#8221;medium&#8221;][\/vc_column_inner][vc_column_inner width=&#8221;1\/4&#8243;][vc_single_image image=&#8221;10223&#8243; img_size=&#8221;medium&#8221;][\/vc_column_inner][vc_column_inner width=&#8221;1\/4&#8243;][vc_single_image image=&#8221;10224&#8243; img_size=&#8221;medium&#8221;][\/vc_column_inner][vc_column_inner width=&#8221;1\/4&#8243;][vc_single_image image=&#8221;10225&#8243; img_size=&#8221;medium&#8221;][\/vc_column_inner][\/vc_row_inner][\/vc_column][vc_column width=&#8221;1\/6&#8243;][\/vc_column][\/vc_row] [&#8230;]<\/p>\n<p><a class=\"btn btn-secondary understrap-read-more-link\" href=\"https:\/\/us.edu.pl\/instytut\/ibbios\/2024\/02\/06\/wyniki-konkursow-organizowanych-w-ramach-xiii-ogolnopolskiej-nocy-biologow-2024\/\">Read More&#8230;<\/a><\/p>\n","protected":false},"author":4825,"featured_media":0,"parent":0,"menu_order":0,"comment_status":"closed","ping_status":"closed","template":"","meta":{"_expiration-date-status":"","_expiration-date":0,"_expiration-date-type":"","_expiration-date-categories":[],"_expiration-date-options":[]},"acf":[],"_links":{"self":[{"href":"https:\/\/us.edu.pl\/instytut\/ibbios\/wp-json\/wp\/v2\/pages\/5378"}],"collection":[{"href":"https:\/\/us.edu.pl\/instytut\/ibbios\/wp-json\/wp\/v2\/pages"}],"about":[{"href":"https:\/\/us.edu.pl\/instytut\/ibbios\/wp-json\/wp\/v2\/types\/page"}],"author":[{"embeddable":true,"href":"https:\/\/us.edu.pl\/instytut\/ibbios\/wp-json\/wp\/v2\/users\/4825"}],"replies":[{"embeddable":true,"href":"https:\/\/us.edu.pl\/instytut\/ibbios\/wp-json\/wp\/v2\/comments?post=5378"}],"version-history":[{"count":10,"href":"https:\/\/us.edu.pl\/instytut\/ibbios\/wp-json\/wp\/v2\/pages\/5378\/revisions"}],"predecessor-version":[{"id":10226,"href":"https:\/\/us.edu.pl\/instytut\/ibbios\/wp-json\/wp\/v2\/pages\/5378\/revisions\/10226"}],"wp:attachment":[{"href":"https:\/\/us.edu.pl\/instytut\/ibbios\/wp-json\/wp\/v2\/media?parent=5378"}],"curies":[{"name":"wp","href":"https:\/\/api.w.org\/{rel}","templated":true}]}}