{"id":5936,"date":"2023-03-28T09:39:40","date_gmt":"2023-03-28T07:39:40","guid":{"rendered":"https:\/\/us.edu.pl\/instytut\/ibbios\/?page_id=5936"},"modified":"2023-03-28T13:13:14","modified_gmt":"2023-03-28T11:13:14","slug":"zespol-nanotoksykologii","status":"publish","type":"page","link":"https:\/\/us.edu.pl\/instytut\/ibbios\/zespol-nanotoksykologii\/","title":{"rendered":"Zesp\u00f3\u0142 Nanotoksykologii (NANO TEAM)"},"content":{"rendered":"<p>[vc_row][vc_column]\r\n                <div class=\"text-modules \">\r\n                    <div class=\"container\">\r\n                        <h3 class=\"section-title section-title_border-bottom\">Zesp\u00f3\u0142 Nanotoksykologii (NANO TEAM)<\/h3> <h3 class=\"subtitle text-modules__subtitle\">Temat badawczy: Nanocz\u0105stki jako czynniki stresu - fizjologiczne i biochemiczne symptomy dostosowania i tolerancji<\/h3>\r\n                        <div class=\"row m-0\">\r\n                            <div class=\"text-modules__content\">\r\n                                <span style=\"font-size: 12pt;\">W latach 2023-2027 badania Zespo\u0142u b\u0119d\u0105 poszerzone o nowe aspekty i nowe nanocz\u0105stki. Poza kontynuacj\u0105 dotychczasowych bada\u0144 nad ocen\u0105 toksyczno\u015bci nanocz\u0105stek powsta\u0142ych na bazie w\u0119gla, Zesp\u00f3\u0142 zamierza przesun\u0105\u0107 nieco zainteresowania w kierunku potencjalnych aplikacji tych struktur. Badane b\u0119d\u0105 nanocz\u0105stki w po\u0142\u0105czeniu ze zwi\u0105zkami o znanych lub obiecuj\u0105cych w\u0142a\u015bciwo\u015bciach terapeutycznych (kurkumina, resweratrol, witamina C).<\/span><\/p>\n<p><span style=\"font-size: 12pt;\">Zesp\u00f3\u0142 skupi si\u0119 na zbadaniu i opisaniu:<\/span><\/p>\n<ul>\n<li><span style=\"font-size: 12pt;\">wielopokoleniowych efekt\u00f3w ekspozycji na tlenek grafenu (GO) i nanodiamenty (NDs) u <em>Acheta domesticus<\/em> (badane b\u0119d\u0105 parametry fizjologiczne, kom\u00f3rkowe oraz sk\u0142ad i funkcje mikrobiomu jelitowego);<\/span><\/li>\n<li><span style=\"font-size: 12pt;\">terapeutycznych efekt\u00f3w kurkuminy po\u0142\u0105czonej z nanofibroin\u0105 u szczur\u00f3w z indukowan\u0105 oty\u0142o\u015bci\u0105;<\/span><\/li>\n<li><span style=\"font-size: 12pt;\">potencja\u0142u reprodukcyjnego i d\u0142ugo\u015bci telomer\u00f3w u <em>A. domesticus<\/em> po ekspozycji na GO i kwas askorbinowy;<\/span><\/li>\n<li><span style=\"font-size: 12pt;\">podstaw hormezy w zakresie funkcji jelita u <em>A. domesticus<\/em>, powodowanej przez niskie st\u0119\u017cenia GO i nanocz\u0105stki Ag;<\/span><\/li>\n<li><span style=\"font-size: 12pt;\">zale\u017cno\u015bci pomi\u0119dzy aktywno\u015bci\u0105 sirtuin, d\u0142ugowieczno\u015bci\u0105 a ekspozycj\u0105 na resweratrol z NDs.<\/span><\/li>\n<\/ul>\n<p><span style=\"font-size: 12pt;\">Wszystkie wymienione powy\u017cej zagadnienia \u0142\u0105czy d\u0105\u017cenie do zrozumienia mechanizmu powstawania i usuwania uszkodze\u0144 w kom\u00f3rce\/tkance\/organizmie, kt\u00f3re zale\u017c\u0105 nie tylko od czasu eskpozycji i st\u0119\u017cenia ksenobiotyku, lecz r\u00f3wnie\u017c od cech gatunkowych i osobniczych, w tym preadaptacji, d\u0142ugo\u015bci \u017cycia, stopnia od\u017cywienia, zdolno\u015bci do kompensacji, tolerancji i adaptacji. Krokiem w przysz\u0142o\u015b\u0107 b\u0119dzie pr\u00f3ba zaimplementowania naszej wiedzy i umiej\u0119tno\u015bci do nowych obszar\u00f3w, zwi\u0105zanych z leczeniem oty\u0142o\u015bci, zaburze\u0144 reprodukcyjnych, op\u00f3\u017anienia starzenia si\u0119 i stymulacji szeroko rozumianej obrony antyoksydacyjnej organizmu.<\/span><\/p>\n<p>&nbsp;<\/p>\n<p>S\u0142owa kluczowe:<\/p>\n<ul>\n<li>Nanocz\u0105stki<\/li>\n<li>Toksykologia<\/li>\n<li>Starzenie<\/li>\n<li>Reprodukcja<\/li>\n<li>Dostosowanie i tolerancja<\/li>\n<\/ul>\n<div class=\"mt-3\"><\/div>\r\n                            <\/div>\r\n                            \r\n                            \r\n                        <\/div>\r\n                    <\/div>\r\n                <\/div>\r\n                <div class=\"text-modules \">\r\n                    <div class=\"container\">\r\n                        <h3 class=\"section-title section-title_border-bottom\">Sk\u0142ad zespo\u0142u:<\/h3> \r\n                        <div class=\"row m-0\">\r\n                            <div class=\"text-modules__content\">\r\n                                <\/p>\n<ol>\n<li><span style=\"font-size: 12pt;\"><strong>\u00a0Prof. dr hab. Maria Augustyniak<\/strong>\u00a0\u2013 lider zespo\u0142u<\/span><\/li>\n<li><span style=\"font-size: 12pt;\">\u00a0Dr hab. Agnieszka Babczy\u0144ska, prof. U\u015a\u00a0<\/span><\/li>\n<li><span style=\"font-size: 12pt;\">\u00a0Dr Barbara Flasz\u00a0<\/span><\/li>\n<li><span style=\"font-size: 12pt;\">\u00a0Dr Monika Tarnawska\u00a0<\/span><\/li>\n<li><span style=\"font-size: 12pt;\">\u00a0Dr Andrzej K\u0119dziorski\u00a0<\/span><\/li>\n<li><span style=\"font-size: 12pt;\">\u00a0Mgr Beata Mazur<\/span><\/li>\n<li><span style=\"font-size: 12pt;\">\u00a0Dr Katarzyna Rozp\u0119dek<\/span><\/li>\n<li><span style=\"font-size: 12pt;\">\u00a0Mgr in\u017c. Magdalena Skowronek\u00a0<\/span><\/li>\n<li><span style=\"font-size: 12pt;\">\u00a0Mgr Ewa \u015awierczek\u00a0<\/span><\/li>\n<li><span style=\"font-size: 12pt;\">\u00a0Mgr Reyhaneh Seyed Alian<\/span><\/li>\n<li><span style=\"font-size: 12pt;\">\u00a0Mgr Partycja Zi\u0119tara<\/span><\/li>\n<li><span style=\"font-size: 12pt;\">\u00a0Lic. Joanna Bremek\u00a0<\/span><\/li>\n<li><span style=\"font-size: 12pt;\">\u00a0Lic. Klaudia Czaja<\/span><\/li>\n<li><span style=\"font-size: 12pt;\">\u00a0Lic. Natalia Nowak<\/span><\/li>\n<li><span style=\"font-size: 12pt;\">\u00a0Lic. Sara Pasternok<\/span><\/li>\n<li><span style=\"font-size: 12pt;\">\u00a0Lic. Karolina Szmuc<\/span><\/li>\n<\/ol>\n<div class=\"mt-3\"><\/div>\r\n                            <\/div>\r\n                            \r\n                            <div class=\"text-modules__img\"><img src=\"https:\/\/us.edu.pl\/instytut\/ibbios\/wp-content\/uploads\/sites\/36\/2020\/05\/NANOLOGO_2-ciemniejszy-napis-.png\" alt=\"img\"><\/div>\r\n                        <\/div>\r\n                    <\/div>\r\n                <\/div>[\/vc_column][\/vc_row]<\/p>","protected":false},"excerpt":{"rendered":"<p>[vc_row][vc_column][\/vc_column][\/vc_row] [&#8230;]<\/p>\n<p><a class=\"btn btn-secondary understrap-read-more-link\" href=\"https:\/\/us.edu.pl\/instytut\/ibbios\/zespol-nanotoksykologii\/\">Read More&#8230;<\/a><\/p>\n","protected":false},"author":4825,"featured_media":0,"parent":0,"menu_order":0,"comment_status":"closed","ping_status":"closed","template":"","meta":{"_expiration-date-status":"","_expiration-date":0,"_expiration-date-type":"","_expiration-date-categories":[],"_expiration-date-options":[]},"acf":[],"_links":{"self":[{"href":"https:\/\/us.edu.pl\/instytut\/ibbios\/wp-json\/wp\/v2\/pages\/5936"}],"collection":[{"href":"https:\/\/us.edu.pl\/instytut\/ibbios\/wp-json\/wp\/v2\/pages"}],"about":[{"href":"https:\/\/us.edu.pl\/instytut\/ibbios\/wp-json\/wp\/v2\/types\/page"}],"author":[{"embeddable":true,"href":"https:\/\/us.edu.pl\/instytut\/ibbios\/wp-json\/wp\/v2\/users\/4825"}],"replies":[{"embeddable":true,"href":"https:\/\/us.edu.pl\/instytut\/ibbios\/wp-json\/wp\/v2\/comments?post=5936"}],"version-history":[{"count":4,"href":"https:\/\/us.edu.pl\/instytut\/ibbios\/wp-json\/wp\/v2\/pages\/5936\/revisions"}],"predecessor-version":[{"id":6027,"href":"https:\/\/us.edu.pl\/instytut\/ibbios\/wp-json\/wp\/v2\/pages\/5936\/revisions\/6027"}],"wp:attachment":[{"href":"https:\/\/us.edu.pl\/instytut\/ibbios\/wp-json\/wp\/v2\/media?parent=5936"}],"curies":[{"name":"wp","href":"https:\/\/api.w.org\/{rel}","templated":true}]}}