{"id":5943,"date":"2023-03-28T10:01:36","date_gmt":"2023-03-28T08:01:36","guid":{"rendered":"https:\/\/us.edu.pl\/instytut\/ibbios\/?page_id=5943"},"modified":"2023-03-28T13:17:34","modified_gmt":"2023-03-28T11:17:34","slug":"zespol-zoologii","status":"publish","type":"page","link":"https:\/\/us.edu.pl\/instytut\/ibbios\/zespol-zoologii\/","title":{"rendered":"Zesp\u00f3\u0142 Zoologii"},"content":{"rendered":"<p>[vc_row][vc_column]\r\n                <div class=\"text-modules \">\r\n                    <div class=\"container\">\r\n                        <h3 class=\"section-title section-title_border-bottom\">Zesp\u00f3\u0142 Zoologii<\/h3> <h3 class=\"subtitle text-modules__subtitle\">Temat badawczy: Bior\u00f3\u017cnorodno\u015b\u0107, biologia, taksonomia, morfologia, anatomia i ewolucja pluskwiak\u00f3w - Hemiptera (Insecta)<\/h3>\r\n                        <div class=\"row m-0\">\r\n                            <div class=\"text-modules__content\">\r\n                                <span style=\"font-family: verdana, geneva, sans-serif; font-size: 12pt;\">Problematyka badawcza <em>Hemiptera<\/em> dotyczy bior\u00f3\u017cnorodno\u015bci taksonomicznej, morfologicznej, anatomicznej i molekularnej w pi\u0119ciu podrz\u0119dach: <em>Sternorrhyncha, Fulgoromorpha, Cicadomorpha, Coleorrhyncha <\/em>i <em>Heteroptera<\/em>. Badania por\u00f3wnawcze wsp\u00f3\u0142czesnych i kopalnych <em>Hemiptera<\/em> obejmuj\u0105 problemy filogenetyczne, klasyfikacyjne, systematyczne i nomenklatoryczne. Prowadzone rewizje starych materia\u0142\u00f3w i opracowywanie nowych przyczyniaj\u0105 si\u0119 do pog\u0142\u0119bienia wiedzy o <span class=\"normaltextrun\">r\u00f3\u017cnorodno\u015bci <em>Hemiptera.<\/em> Poprzez badania morfologiczne i anatomiczne aparatu g\u0119bowego oraz systemu sensorycznego rozwa\u017camy zachowania pokarmowe i wyb\u00f3r \u017cywicieli z uwzgl\u0119dnieniem pierwotnych wzorc\u00f3w i scenariuszy ewolucyjnych <em>Hemiptera.<\/em> <\/span><\/span><\/p>\n<p><span style=\"font-family: verdana, geneva, sans-serif; font-size: 12pt;\"><span class=\"normaltextrun\">Prowadzone s\u0105 r\u00f3wnie\u017c badania ekologii ewolucyjnej mszyc <em>(Aphididae)<\/em> z uwzgl\u0119dnieniem udzia\u0142u r\u00f3\u017cnych mechanizm\u00f3w specjacji w kszta\u0142towaniu relacji filogenetycznych w tej grupie. Natomiast badania paleobiologiczne uwzgl\u0119dniaj\u0105ce czynniki abiotyczne (klimatyczne i krajobrazowe) i biotyczne (pokarm, nisze ekologiczne) s\u0105 analizowane jako istotne elementy kszta\u0142tuj\u0105ce wymar\u0142e i wsp\u00f3\u0142czesne taksony <em>Hemiptera.<\/em> Znamy zarys pokrewie\u0144stw pomi\u0119dzy g\u0142\u00f3wnymi liniami ewolucyjnymi oraz r\u00f3\u017cne propozycje wzajemnych relacji pomi\u0119dzy taksonami ale wiele kwestii pozostaje nierozwi\u0105zanych. <\/span><\/span><\/p>\n<p><span style=\"font-family: verdana, geneva, sans-serif; font-size: 12pt;\"><span class=\"normaltextrun\">Obszarem badawczym s\u0105 r\u00f3wnie\u017c badania faunistyczne, kt\u00f3re umo\u017cliwiaj\u0105 m.in. wykazanie nowych stanowisk gatunk\u00f3w inwazyjnych, stanowi\u0105cych zagro\u017cenie dla r\u00f3\u017cnorodno\u015bci biologicznej oraz badania nad zr\u00f3\u017cnicowaniem gatunkowym <em>Hemiptera<\/em> obszar\u00f3w chronionych, poniewa\u017c wyniki tych bada\u0144 maj\u0105 istotne znaczenie dla zwi\u0119kszenia \u015bwiadomo\u015bci spo\u0142ecznej dotycz\u0105cej roli ochrony przyrody w zachowaniu bior\u00f3\u017cnorodno\u015bci.<\/span><\/span><\/p>\n<p>&nbsp;<\/p>\n<p>S\u0142owa kluczowe:<\/p>\n<ul>\n<li>Hemiptera,<\/li>\n<li>bior\u00f3\u017cnorodno\u015b\u0107,<\/li>\n<li>morfologia,<\/li>\n<li>systematyka,<\/li>\n<li>ewolucja<\/li>\n<\/ul>\n<div class=\"mt-3\"><\/div>\r\n                            <\/div>\r\n                            \r\n                            \r\n                        <\/div>\r\n                    <\/div>\r\n                <\/div>\r\n                <div class=\"text-modules \">\r\n                    <div class=\"container\">\r\n                        <h3 class=\"section-title section-title_border-bottom\">Sk\u0142ad zespo\u0142u:<\/h3> \r\n                        <div class=\"row m-0\">\r\n                            <div class=\"text-modules__content\">\r\n                                <\/p>\n<ol>\n<li><span style=\"font-size: 12pt;\"><strong>\u00a0Dr hab. Jolanta Bro\u017cek, prof. U\u015a\u00a0<\/strong>\u2013 lider zespo\u0142u<\/span><\/li>\n<li><span style=\"font-size: 12pt;\">\u00a0Dr hab. \u0141ukasz Depa, prof. U\u015a\u00a0<\/span><\/li>\n<li><span style=\"font-size: 12pt;\">\u00a0Dr hab. Jowita Drohojowska prof. U\u015a\u00a0<\/span><\/li>\n<li><span style=\"font-size: 12pt;\">\u00a0Dr Barbara Franielczyk-Pietyra\u00a0<\/span><\/li>\n<li><span style=\"font-size: 12pt;\">\u00a0Prof. dr hab. Aleksander Herczek\u00a0<\/span><\/li>\n<li><span style=\"font-size: 12pt;\">\u00a0Dr Ma\u0142gorzata Kalandyk-Ko\u0142odziejczyk\u00a0<\/span><\/li>\n<li><span style=\"font-size: 12pt;\">\u00a0Dr Agnieszka Nowi\u0144ska\u00a0<\/span><\/li>\n<li><span style=\"font-size: 12pt;\">\u00a0Dr in\u017c. Marcin Walczak\u00a0<\/span><\/li>\n<li><span style=\"font-size: 12pt;\">\u00a0Prof. dr hab. Piotr W\u0119gierek<\/span><\/li>\n<li><span style=\"font-size: 12pt;\">\u00a0Krzysztof Kud\u0142a<\/span><\/li>\n<li><span style=\"font-size: 12pt;\">\u00a0Anna Matuszczak<\/span><\/li>\n<li><span style=\"font-size: 12pt;\">\u00a0Mgr Marzena Zmarz\u0142y\u00a0<\/span><\/li>\n<li><span style=\"font-size: 12pt;\">\u00a0Mgr Adrian Mas\u0142owski<\/span><\/li>\n<li><span style=\"font-size: 12pt;\">\u00a0Mgr Mi\u0142osz Morawski<\/span><\/li>\n<li><span style=\"font-size: 12pt;\">\u00a0Mgr Bartosz Og\u0142aza<\/span><\/li>\n<li><span style=\"font-size: 12pt;\">\u00a0Mgr Anna Romaniak-Janusz<\/span><\/li>\n<\/ol>\n<div class=\"mt-3\"><\/div>\r\n                            <\/div>\r\n                            \r\n                            \r\n                        <\/div>\r\n                    <\/div>\r\n                <\/div>[\/vc_column][\/vc_row]<\/p>","protected":false},"excerpt":{"rendered":"<p>[vc_row][vc_column][\/vc_column][\/vc_row] [&#8230;]<\/p>\n<p><a class=\"btn btn-secondary understrap-read-more-link\" href=\"https:\/\/us.edu.pl\/instytut\/ibbios\/zespol-zoologii\/\">Read More&#8230;<\/a><\/p>\n","protected":false},"author":4825,"featured_media":0,"parent":0,"menu_order":0,"comment_status":"closed","ping_status":"closed","template":"","meta":{"_expiration-date-status":"","_expiration-date":0,"_expiration-date-type":"","_expiration-date-categories":[],"_expiration-date-options":[]},"acf":[],"_links":{"self":[{"href":"https:\/\/us.edu.pl\/instytut\/ibbios\/wp-json\/wp\/v2\/pages\/5943"}],"collection":[{"href":"https:\/\/us.edu.pl\/instytut\/ibbios\/wp-json\/wp\/v2\/pages"}],"about":[{"href":"https:\/\/us.edu.pl\/instytut\/ibbios\/wp-json\/wp\/v2\/types\/page"}],"author":[{"embeddable":true,"href":"https:\/\/us.edu.pl\/instytut\/ibbios\/wp-json\/wp\/v2\/users\/4825"}],"replies":[{"embeddable":true,"href":"https:\/\/us.edu.pl\/instytut\/ibbios\/wp-json\/wp\/v2\/comments?post=5943"}],"version-history":[{"count":2,"href":"https:\/\/us.edu.pl\/instytut\/ibbios\/wp-json\/wp\/v2\/pages\/5943\/revisions"}],"predecessor-version":[{"id":6029,"href":"https:\/\/us.edu.pl\/instytut\/ibbios\/wp-json\/wp\/v2\/pages\/5943\/revisions\/6029"}],"wp:attachment":[{"href":"https:\/\/us.edu.pl\/instytut\/ibbios\/wp-json\/wp\/v2\/media?parent=5943"}],"curies":[{"name":"wp","href":"https:\/\/api.w.org\/{rel}","templated":true}]}}