{"id":5950,"date":"2023-03-28T10:37:21","date_gmt":"2023-03-28T08:37:21","guid":{"rendered":"https:\/\/us.edu.pl\/instytut\/ibbios\/?page_id=5950"},"modified":"2023-03-28T10:38:08","modified_gmt":"2023-03-28T08:38:08","slug":"zespol-genetyki-i-genomiki-funkcjonalnej-roslin-2","status":"publish","type":"page","link":"https:\/\/us.edu.pl\/instytut\/ibbios\/zespol-genetyki-i-genomiki-funkcjonalnej-roslin-2\/","title":{"rendered":"Zesp\u00f3\u0142 Genetyki i Genomiki Funkcjonalnej Ro\u015blin"},"content":{"rendered":"<p>[vc_row][vc_column]\r\n                <div class=\"text-modules \">\r\n                    <div class=\"container\">\r\n                        <h3 class=\"section-title section-title_border-bottom\">Zesp\u00f3\u0142 Genetyki i Genomiki Funkcjonalnej Ro\u015blin<\/h3> <h3 class=\"subtitle text-modules__subtitle\">Identyfikacja, badanie funkcji i mechanizm\u00f3w regulacji gen\u00f3w zwi\u0105zanych z wybranymi procesami rozwojowymi i odpowiedzi\u0105 na stresy \u015brodowiskowe u ro\u015blin 22) cKr\u00f3tki opis problematyki badawczej (maksymalnie 1500 znak\u00f3w bez spacji)<\/h3>\r\n                        <div class=\"row m-0\">\r\n                            <div class=\"text-modules__content\">\r\n                                <span style=\"font-size: 12pt; font-family: verdana, geneva, sans-serif;\">Obiektem bada\u0144 jest gatunek uprawny \u2013 j\u0119czmie\u0144 (<em>Hordeum vulgare<\/em>) oraz gatunek modelowy \u2013 <em>Arabidopsis thaliana<\/em>. G\u0142\u00f3wny materia\u0142 badawczy stanowi wyprowadzona we wcze\u015bniejszych badaniach populacja TILLING j\u0119czmienia, a tak\u017ce mutanty Arabidopsis i linie CRISPR\/Cas obu gatunk\u00f3w. Badania prowadzone s\u0105 z wykorzystaniem narz\u0119dzi genomiki translacyjnej i transkryptomiki, ze szczeg\u00f3lnym uwzgl\u0119dnieniem analiz opartych o sekwencjonowanie wysokoprzepustowe (NGS), a tak\u017ce technik transformacji genetycznej i edytowania gen\u00f3w.<\/span><\/p>\n<p><span style=\"font-size: 12pt; font-family: verdana, geneva, sans-serif;\">Szczeg\u00f3\u0142owa problematyka badawcza zespo\u0142u obejmuje nast\u0119puj\u0105ce zagadnienia:<\/span><\/p>\n<ul>\n<li><span style=\"font-size: 12pt; font-family: verdana, geneva, sans-serif;\">poszukiwanie gen\u00f3w kontroluj\u0105cych mechanizmy tolerancji na stres suszy i inne stresy abiotyczne zwi\u0105zane ze zmianami klimatu (wysoka temperatura, zalewanie, zasolenie) u j\u0119czmienia,<\/span><\/li>\n<li><span style=\"font-size: 12pt; font-family: verdana, geneva, sans-serif;\">wyja\u015bnienie funkcji wybranych regulator\u00f3w sygnalizacji kwasu abscysynowego, a tak\u017ce metabolizmu brassinosteroid\u00f3w, strigolakton\u00f3w i jasmonian\u00f3w w odpowiedzi na stresy \u015brodowiskowe,<\/span><\/li>\n<li><span style=\"font-size: 12pt; font-family: verdana, geneva, sans-serif;\">analiza funkcjonalna gen\u00f3w zwi\u0105zanych z metabolizmem brassinosteroid\u00f3w i strigolakton\u00f3w w aspekcie ich roli w procesach wzrostu i rozwoju ro\u015blin,<\/span><\/li>\n<li><span style=\"font-size: 12pt; font-family: verdana, geneva, sans-serif;\">identyfikacja i analiza funkcji gen\u00f3w zwi\u0105zanych z odpowiedzi\u0105 na uszkodzenia DNA na drodze DDR (DNA damage response), w tym zmiany wywo\u0142ane stresami \u015brodowiskowymi,<\/span><\/li>\n<li><span style=\"font-size: 12pt; font-family: verdana, geneva, sans-serif;\">badania molekularnych podstaw rozwoju w\u0142o\u015bnik\u00f3w u j\u0119czmienia,<\/span><\/li>\n<li><span style=\"font-size: 12pt; font-family: verdana, geneva, sans-serif;\">badania genetycznych i epigenetycznych mechanizm\u00f3w kontroluj\u0105cych procesy regeneracji ro\u015blin w kulturze <em>in vitro, <\/em>ze szczeg\u00f3lnym uwzgl\u0119dnieniem procesu embriogenezy mikrospor u j\u0119czmienia.<\/span><\/li>\n<\/ul>\n<p><span style=\"font-size: 12pt; font-family: verdana, geneva, sans-serif;\">Przedstawiona tematyka badawcza jest zgodna z Priorytetowymi Obszarami Badawczymi wskazanymi w Strategii Rozwoju U\u015a (POB3, POB5) oraz z najwa\u017cniejszymi obszarami badawczymi w dyscyplinie nauki biologiczne, wskazanymi w Strategii Rozwoju Instytutu Biologii, Biotechnologii i Ochrony \u015arodowiska U\u015a na lata 2020-2025 (obszary badawcze dyscypliny 1, 2, 3).<\/span><\/p>\n<p><span style=\"font-size: 12pt;\"><a href=\"https:\/\/plantgeneticslab.us.edu.pl\/\">Strona zespo\u0142u<\/a>.<\/span> \r\n                                <div class=\"mt-3\"><\/div>\r\n                            <\/div>\r\n                            \r\n                            \r\n                        <\/div>\r\n                    <\/div>\r\n                <\/div>\r\n                <div class=\"text-modules \">\r\n                    <div class=\"container\">\r\n                        <h3 class=\"section-title section-title_border-bottom\">Sk\u0142ad zespo\u0142u<\/h3> \r\n                        <div class=\"row m-0\">\r\n                            <div class=\"text-modules__content\">\r\n                                <\/p>\n<ol>\n<li><span style=\"font-size: 12pt;\"><strong>\u00a0Dr hab. Agata Daszkowska-Golec, prof. U\u015a\u00a0<\/strong>\u2013 lider zespo\u0142u<\/span><\/li>\n<li><span style=\"font-size: 12pt;\">\u00a0Dr Monika Gajecka\u00a0<\/span><\/li>\n<li><span style=\"font-size: 12pt;\">\u00a0Mgr Katarzyna Gajek<\/span><\/li>\n<li><span style=\"font-size: 12pt;\">\u00a0Dr hab. Damian Gruszka, prof. U\u015a\u00a0<\/span><\/li>\n<li><span style=\"font-size: 12pt;\">\u00a0Dr hab. Agnieszka Janiak, prof. U\u015a\u00a0<\/span><\/li>\n<li><span style=\"font-size: 12pt;\">\u00a0Dr Marzena Kurowska<\/span><\/li>\n<li><span style=\"font-size: 12pt;\">\u00a0Dr Marek Marzec, prof. U\u015a<\/span><\/li>\n<li><span style=\"font-size: 12pt;\">\u00a0Prof. dr hab. Iwona Szarejko<\/span><\/li>\n<li><span style=\"font-size: 12pt;\">\u00a0Dr Miriam Szurman-Zubrzycka<\/span><\/li>\n<li><span style=\"font-size: 12pt;\">\u00a0Dr Anna Collin<\/span><\/li>\n<li><span style=\"font-size: 12pt;\">\u00a0Dr Justyna Guzy-Wr\u00f3belska\u00a0<\/span><\/li>\n<li><span style=\"font-size: 12pt;\">\u00a0Dr Beata Chmielewska<\/span><\/li>\n<li><span style=\"font-size: 12pt;\">\u00a0Mgr Ewa Sybilska<\/span><\/li>\n<li><span style=\"font-size: 12pt;\">\u00a0Mgr Gra\u017cyna Skawi\u0144ska-Zydro\u0144\u00a0<\/span><\/li>\n<li><span style=\"font-size: 12pt;\">\u00a0Justyna Zbieszczyk<\/span><\/li>\n<li><span style=\"font-size: 12pt;\">\u00a0Israel Akinlabi<\/span><\/li>\n<li><span style=\"font-size: 12pt;\">\u00a0Mgr Sunny Ahmar<\/span><\/li>\n<li><span style=\"font-size: 12pt;\">\u00a0Mgr Magdalena Korek<\/span><\/li>\n<li><span style=\"font-size: 12pt;\">\u00a0Mgr Hubert Matkowski<\/span><\/li>\n<\/ol>\n<div class=\"mt-3\"><\/div>\r\n                            <\/div>\r\n                            \r\n                            \r\n                        <\/div>\r\n                    <\/div>\r\n                <\/div>[\/vc_column][\/vc_row]<\/p>","protected":false},"excerpt":{"rendered":"<p>[vc_row][vc_column][\/vc_column][\/vc_row] [&#8230;]<\/p>\n<p><a class=\"btn btn-secondary understrap-read-more-link\" href=\"https:\/\/us.edu.pl\/instytut\/ibbios\/zespol-genetyki-i-genomiki-funkcjonalnej-roslin-2\/\">Read More&#8230;<\/a><\/p>\n","protected":false},"author":4825,"featured_media":0,"parent":0,"menu_order":0,"comment_status":"closed","ping_status":"closed","template":"","meta":{"_expiration-date-status":"","_expiration-date":0,"_expiration-date-type":"","_expiration-date-categories":[],"_expiration-date-options":[]},"acf":[],"_links":{"self":[{"href":"https:\/\/us.edu.pl\/instytut\/ibbios\/wp-json\/wp\/v2\/pages\/5950"}],"collection":[{"href":"https:\/\/us.edu.pl\/instytut\/ibbios\/wp-json\/wp\/v2\/pages"}],"about":[{"href":"https:\/\/us.edu.pl\/instytut\/ibbios\/wp-json\/wp\/v2\/types\/page"}],"author":[{"embeddable":true,"href":"https:\/\/us.edu.pl\/instytut\/ibbios\/wp-json\/wp\/v2\/users\/4825"}],"replies":[{"embeddable":true,"href":"https:\/\/us.edu.pl\/instytut\/ibbios\/wp-json\/wp\/v2\/comments?post=5950"}],"version-history":[{"count":2,"href":"https:\/\/us.edu.pl\/instytut\/ibbios\/wp-json\/wp\/v2\/pages\/5950\/revisions"}],"predecessor-version":[{"id":5952,"href":"https:\/\/us.edu.pl\/instytut\/ibbios\/wp-json\/wp\/v2\/pages\/5950\/revisions\/5952"}],"wp:attachment":[{"href":"https:\/\/us.edu.pl\/instytut\/ibbios\/wp-json\/wp\/v2\/media?parent=5950"}],"curies":[{"name":"wp","href":"https:\/\/api.w.org\/{rel}","templated":true}]}}