{"id":5953,"date":"2023-03-28T10:47:06","date_gmt":"2023-03-28T08:47:06","guid":{"rendered":"https:\/\/us.edu.pl\/instytut\/ibbios\/?page_id=5953"},"modified":"2023-03-28T13:21:36","modified_gmt":"2023-03-28T11:21:36","slug":"zespol-fizjologii-i-etologii-owadow","status":"publish","type":"page","link":"https:\/\/us.edu.pl\/instytut\/ibbios\/zespol-fizjologii-i-etologii-owadow\/","title":{"rendered":"Zesp\u00f3\u0142 Fizjologii i Etologii Owad\u00f3w"},"content":{"rendered":"<p>[vc_row][vc_column]\r\n                <div class=\"text-modules \">\r\n                    <div class=\"container\">\r\n                        <h3 class=\"section-title section-title_border-bottom\">Zesp\u00f3\u0142 Fizjologii i Etologii Owad\u00f3w<\/h3> <h3 class=\"subtitle text-modules__subtitle\">Temat badawczy: Reakcje fizjologiczne i behawioralne u przedstawicieli dw\u00f3ch grup owad\u00f3w (Orthoptera, Coleoptera) na wybrane typy bod\u017ac\u00f3w \u015brodowiskowych<\/h3>\r\n                        <div class=\"row m-0\">\r\n                            <div class=\"text-modules__content\">\r\n                                <span style=\"font-size: 12pt;\">Zrozumienie zmienno\u015bci \u015brodowiskowej i sposob\u00f3w, w jakie owady reaguj\u0105 na tak\u0105 zmienno\u015b\u0107 w kr\u00f3tkich i d\u0142ugich skalach czasowych, ma du\u017ce znaczenie dla dziedziny fizjologii por\u00f3wnawczej\/ewolucyjnej, a bardziej og\u00f3lnie dla ekologii i biologii. Dotyczy to zar\u00f3wno owad\u00f3w, jak i innych organizm\u00f3w i te tematy stanowi\u0105 tre\u015b\u0107 tego przegl\u0105du. <\/span><\/p>\n<p><span style=\"font-size: 12pt;\">Dla rozumienia i potencjalnego wykorzystania konieczne jest potencjalnej zmienno\u015bci \u015brodowiskowej i je wp\u0142ywu na populacj\u0119 owad\u00f3w. Ta wiedza jest konieczna dla ro\u017cnych aspekt\u00f3w biologii, zar\u00f3wno dla hodowli, ochrony jak i zwalczania wybranych gatunk\u00f3w owad\u00f3w. Konieczne jest szerokie \u201emeta\u201d spojrzenie na biologie zwierz\u0105t w poszukiwaniu uniwersalnych teorii i modeli. Wymaga to te\u017c prowadzenia badan por\u00f3wnawczych miedzy owadami z grup hemi- i holometabolia ze wzgl\u0119du na niewielka liczb\u0119 tego typu prac oraz. W tym celu kluczowe jest wykorzystywanie r\u00f3\u017cnorodnych modeli ze wzgl\u0119du na specyfik\u0119 wybranych gatunk\u00f3w i ich u\u017cyteczno\u015b\u0107 dla danego celu lub projektu. <\/span><\/p>\n<p><span style=\"font-size: 12pt;\">W ramach tematu badawczego planowane jest r\u00f3wnie\u017c testowanie i rozwijanie nowych uk\u0142ad\u00f3w eksperymentalnych pozwalaj\u0105cych na analiz\u0119 proces\u00f3w na poziomach fizjologicznym, behawioralnym a nawet poznawczym.<\/span><\/p>\n<p>&nbsp;<\/p>\n<p>S\u0142owa kluczowe:<\/p>\n<ul>\n<li>Zachowania eksploracyjne<\/li>\n<li>Pami\u0119\u0107 i podejmowanie decyzji<\/li>\n<li>Metabolizm tryptofanu<\/li>\n<li>System serotoninergiczny<\/li>\n<li>Testy behawioralne<\/li>\n<\/ul>\n<div class=\"mt-3\"><\/div>\r\n                            <\/div>\r\n                            \r\n                            \r\n                        <\/div>\r\n                    <\/div>\r\n                <\/div>\r\n                <div class=\"text-modules \">\r\n                    <div class=\"container\">\r\n                        <h3 class=\"section-title section-title_border-bottom\">Sk\u0142ad zespo\u0142u<\/h3> \r\n                        <div class=\"row m-0\">\r\n                            <div class=\"text-modules__content\">\r\n                                <\/p>\n<ol>\n<li><span style=\"font-size: 12pt;\"><strong>\u00a0Dr Jacek Francikowski<\/strong>\u00a0\u2013 lider zespo\u0142u<\/span><\/li>\n<li><span style=\"font-size: 12pt;\">\u00a0Dr Micha\u0142 Krzy\u017cowski\u00a0<\/span><\/li>\n<li><span style=\"font-size: 12pt;\">\u00a0Dr Marta Sawadro\u00a0<\/span><\/li>\n<li><span style=\"font-size: 12pt;\">\u00a0Mgr Ilona Witas<\/span><\/li>\n<li><span style=\"font-size: 12pt;\">\u00a0Mgr Bartosz Baran\u00a0<\/span><\/li>\n<li><span style=\"font-size: 12pt;\">\u00a0Mgr Marta Potrzebska\u00a0<\/span><\/li>\n<\/ol>\n<div class=\"mt-3\"><\/div>\r\n                            <\/div>\r\n                            \r\n                            \r\n                        <\/div>\r\n                    <\/div>\r\n                <\/div>[\/vc_column][\/vc_row]<\/p>","protected":false},"excerpt":{"rendered":"<p>[vc_row][vc_column][\/vc_column][\/vc_row] [&#8230;]<\/p>\n<p><a class=\"btn btn-secondary understrap-read-more-link\" href=\"https:\/\/us.edu.pl\/instytut\/ibbios\/zespol-fizjologii-i-etologii-owadow\/\">Read More&#8230;<\/a><\/p>\n","protected":false},"author":4825,"featured_media":0,"parent":0,"menu_order":0,"comment_status":"closed","ping_status":"closed","template":"","meta":{"_expiration-date-status":"","_expiration-date":0,"_expiration-date-type":"","_expiration-date-categories":[],"_expiration-date-options":[]},"acf":[],"_links":{"self":[{"href":"https:\/\/us.edu.pl\/instytut\/ibbios\/wp-json\/wp\/v2\/pages\/5953"}],"collection":[{"href":"https:\/\/us.edu.pl\/instytut\/ibbios\/wp-json\/wp\/v2\/pages"}],"about":[{"href":"https:\/\/us.edu.pl\/instytut\/ibbios\/wp-json\/wp\/v2\/types\/page"}],"author":[{"embeddable":true,"href":"https:\/\/us.edu.pl\/instytut\/ibbios\/wp-json\/wp\/v2\/users\/4825"}],"replies":[{"embeddable":true,"href":"https:\/\/us.edu.pl\/instytut\/ibbios\/wp-json\/wp\/v2\/comments?post=5953"}],"version-history":[{"count":2,"href":"https:\/\/us.edu.pl\/instytut\/ibbios\/wp-json\/wp\/v2\/pages\/5953\/revisions"}],"predecessor-version":[{"id":6031,"href":"https:\/\/us.edu.pl\/instytut\/ibbios\/wp-json\/wp\/v2\/pages\/5953\/revisions\/6031"}],"wp:attachment":[{"href":"https:\/\/us.edu.pl\/instytut\/ibbios\/wp-json\/wp\/v2\/media?parent=5953"}],"curies":[{"name":"wp","href":"https:\/\/api.w.org\/{rel}","templated":true}]}}