{"id":5955,"date":"2023-03-28T10:52:59","date_gmt":"2023-03-28T08:52:59","guid":{"rendered":"https:\/\/us.edu.pl\/instytut\/ibbios\/?page_id=5955"},"modified":"2023-03-28T13:22:55","modified_gmt":"2023-03-28T11:22:55","slug":"zespol-genetyki-i-biotechnologii-somatycznych-komorek-roslin","status":"publish","type":"page","link":"https:\/\/us.edu.pl\/instytut\/ibbios\/zespol-genetyki-i-biotechnologii-somatycznych-komorek-roslin\/","title":{"rendered":"Zesp\u00f3\u0142 Genetyki i Biotechnologii Somatycznych Kom\u00f3rek Ro\u015blin"},"content":{"rendered":"<p>[vc_row][vc_column]\r\n                <div class=\"text-modules \">\r\n                    <div class=\"container\">\r\n                        <h3 class=\"section-title section-title_border-bottom\">Zesp\u00f3\u0142 Genetyki i Biotechnologii Somatycznych Kom\u00f3rek Ro\u015blin<\/h3> <h3 class=\"subtitle text-modules__subtitle\">Temat badawczy: Genetyczna i epigenetyczna kontrola proces\u00f3w regeneracji ro\u015blin modelowych i uprawnych w kulturze in vitro.<\/h3>\r\n                        <div class=\"row m-0\">\r\n                            <div class=\"text-modules__content\">\r\n                                <span id=\"page3R_mcid28\" class=\"markedContent\" style=\"font-size: 12pt;\"><span dir=\"ltr\" role=\"presentation\">Badania Zespo\u0142u dotycz\u0105 identyfikacji i funkcjonalnej analizy czynnik\u00f3w genetycznych i <\/span><span dir=\"ltr\" role=\"presentation\">epigenetycznych warunkuj\u0105cych plastyczno\u015b\u0107 rozwojow\u0105 somatycznych kom\u00f3rek ro\u015blin w <\/span><span dir=\"ltr\" role=\"presentation\">kulturze<\/span> <em><span dir=\"ltr\" role=\"presentation\">in vitro<\/span><\/em> <span dir=\"ltr\" role=\"presentation\">tkanek. Modelowym uk\u0142adem badawczym jest unikalny dla ro\u015blin proces <\/span><span dir=\"ltr\" role=\"presentation\">somatycznej embriogenezy (SE) prowadz\u0105cy do wytworzenia w warunkach kultury<\/span> <span dir=\"ltr\" role=\"presentation\"><em>in vitro<\/em> <\/span><span dir=\"ltr\" role=\"presentation\">zarodk\u00f3w rozwijaj\u0105cych si\u0119 w ro\u015bliny. Proces SE stanowi efektywny system klonalnego <\/span><span dir=\"ltr\" role=\"presentation\">rozmna\u017cania wielu ro\u015blin i st\u0105d poznanie molekularnych determinant\u00f3w SE ma, opr\u00f3cz <\/span><span dir=\"ltr\" role=\"presentation\">pozn<\/span><span dir=\"ltr\" role=\"presentation\">awczego,<\/span> <span dir=\"ltr\" role=\"presentation\">tak\u017ce<\/span> <span dir=\"ltr\" role=\"presentation\">znaczenie<\/span> <span dir=\"ltr\" role=\"presentation\">praktyczne<\/span> <span dir=\"ltr\" role=\"presentation\">w<\/span> <span dir=\"ltr\" role=\"presentation\">biotechnologii<\/span> <span dir=\"ltr\" role=\"presentation\">ro\u015blin.<\/span><\/span><\/p>\n<p><span id=\"page3R_mcid28\" class=\"markedContent\" style=\"font-size: 12pt;\"><span dir=\"ltr\" role=\"presentation\">G\u0142\u00f3wnym<\/span> <span dir=\"ltr\" role=\"presentation\">obiektem <\/span><span dir=\"ltr\" role=\"presentation\">badawczym jest<\/span> <span dir=\"ltr\" role=\"presentation\"><em>Arabidopsis thaliana<\/em>,<\/span> <span dir=\"ltr\" role=\"presentation\">ro\u015blina modelowa genomiki ro\u015blin wy\u017cszych, oraz <span id=\"page46R_mcid3\" class=\"markedContent\"><em>Hordeum vulgare<\/em>, gatunek uprawny. Badania Zespo\u0142u skupiaj\u0105 si\u0119 na poznaniu molekularnego mechanizmu kontroluj\u0105cego indukcj\u0119 SE, kt\u00f3ra zachodzi w wyniku traktowania tkanek auksyn\u0105. Indukcji SE towarzysz\u0105 zmiany w regulacji ekspresji gen\u00f3w b\u0119d\u0105ce podstaw\u0105 przekszta\u0142cenia si\u0119 zr\u00f3\u017cnicowanych kom\u00f3rek somatycznych w embriogenne. Stad te\u017c badania Zespo\u0142u zmierzaj\u0105 do opisania zaanga\u017cowanych w indukcj\u0119 SE regulator\u00f3w ekspresji gen\u00f3w, a przede wszystkim czynnik\u00f3w transkrypcyjnych (TF), cz\u0105steczek mikroRNA oraz modyfikacji epigenetycznych<br role=\"presentation\" \/>chromatyny, w tym acetylacji histon\u00f3w. Badania koncentruj\u0105 si\u0119 na poznaniu roli auksyny, w tym sygnalizacji i biosyntezy tego fitohormonu, w mechanizmie indukuj\u0105cym tranzycj\u0119 embriogeniczn\u0105 kom\u00f3rek somatycznych. W analizach stosowane s\u0105 narz\u0119dzia genetyki, genomiki, epigenomiki oraz techniki kultur <em>in vitro<\/em> ro\u015blin, w tym: agrotransformacja; RNAseq, RT-qPCR; Whole Mount in situ Hybridization (WISH); Fluorescent Activated Nuclei Sorting (FANS); ChIP-qPCR; analizy bia\u0142ek (test ELISA); dro\u017cd\u017cowy system Y1H.<\/span><\/span><\/span><\/p>\n<p>&nbsp;<\/p>\n<p>S\u0142owa kluczowe:<\/p>\n<ul>\n<li>Genomika i epigenetyka ro\u015blin<\/li>\n<li>Czynniki transkrypcyjne<\/li>\n<li>Regulacja ekspresji gen\u00f3w<\/li>\n<li>Somatyczna embriogeneza<\/li>\n<li>Totipotencja kom\u00f3rek ro\u015blinnych<\/li>\n<\/ul>\n<div class=\"mt-3\"><\/div>\r\n                            <\/div>\r\n                            \r\n                            \r\n                        <\/div>\r\n                    <\/div>\r\n                <\/div>\r\n                <div class=\"text-modules \">\r\n                    <div class=\"container\">\r\n                        <h3 class=\"section-title section-title_border-bottom\">Sk\u0142ad zespo\u0142u:<\/h3> \r\n                        <div class=\"row m-0\">\r\n                            <div class=\"text-modules__content\">\r\n                                <\/p>\n<ol>\n<li><span style=\"font-size: 12pt;\"><strong>\u00a0<a href=\"https:\/\/www.gaj.us.edu.pl\/\">Prof. dr hab. Ma\u0142gorzata Gaj<\/a><\/strong>\u00a0\u2013 lider zespo\u0142u<\/span><\/li>\n<li><span style=\"font-size: 12pt;\">\u00a0Dr Katarzyna Nowak<\/span><\/li>\n<li><span style=\"font-size: 12pt;\">\u00a0Dr Anna M. W\u00f3jcik<\/span><\/li>\n<li><span style=\"font-size: 12pt;\">\u00a0Mgr Agnieszka Kiwior-Weso\u0142owska<\/span><\/li>\n<li><span style=\"font-size: 12pt;\">\u00a0Dr Joanna Moro\u0144czyk<\/span><\/li>\n<\/ol>\n<div class=\"mt-3\"><\/div>\r\n                            <\/div>\r\n                            \r\n                            \r\n                        <\/div>\r\n                    <\/div>\r\n                <\/div>[\/vc_column][\/vc_row]<\/p>","protected":false},"excerpt":{"rendered":"<p>[vc_row][vc_column][\/vc_column][\/vc_row] [&#8230;]<\/p>\n<p><a class=\"btn btn-secondary understrap-read-more-link\" href=\"https:\/\/us.edu.pl\/instytut\/ibbios\/zespol-genetyki-i-biotechnologii-somatycznych-komorek-roslin\/\">Read More&#8230;<\/a><\/p>\n","protected":false},"author":4825,"featured_media":0,"parent":0,"menu_order":0,"comment_status":"closed","ping_status":"closed","template":"","meta":{"_expiration-date-status":"","_expiration-date":0,"_expiration-date-type":"","_expiration-date-categories":[],"_expiration-date-options":[]},"acf":[],"_links":{"self":[{"href":"https:\/\/us.edu.pl\/instytut\/ibbios\/wp-json\/wp\/v2\/pages\/5955"}],"collection":[{"href":"https:\/\/us.edu.pl\/instytut\/ibbios\/wp-json\/wp\/v2\/pages"}],"about":[{"href":"https:\/\/us.edu.pl\/instytut\/ibbios\/wp-json\/wp\/v2\/types\/page"}],"author":[{"embeddable":true,"href":"https:\/\/us.edu.pl\/instytut\/ibbios\/wp-json\/wp\/v2\/users\/4825"}],"replies":[{"embeddable":true,"href":"https:\/\/us.edu.pl\/instytut\/ibbios\/wp-json\/wp\/v2\/comments?post=5955"}],"version-history":[{"count":2,"href":"https:\/\/us.edu.pl\/instytut\/ibbios\/wp-json\/wp\/v2\/pages\/5955\/revisions"}],"predecessor-version":[{"id":6032,"href":"https:\/\/us.edu.pl\/instytut\/ibbios\/wp-json\/wp\/v2\/pages\/5955\/revisions\/6032"}],"wp:attachment":[{"href":"https:\/\/us.edu.pl\/instytut\/ibbios\/wp-json\/wp\/v2\/media?parent=5955"}],"curies":[{"name":"wp","href":"https:\/\/api.w.org\/{rel}","templated":true}]}}