{"id":5957,"date":"2023-03-28T10:57:45","date_gmt":"2023-03-28T08:57:45","guid":{"rendered":"https:\/\/us.edu.pl\/instytut\/ibbios\/?page_id=5957"},"modified":"2023-03-28T13:24:18","modified_gmt":"2023-03-28T11:24:18","slug":"zespol-cytogenetyki-i-biologii-molekularnej-roslin","status":"publish","type":"page","link":"https:\/\/us.edu.pl\/instytut\/ibbios\/zespol-cytogenetyki-i-biologii-molekularnej-roslin\/","title":{"rendered":"Zesp\u00f3\u0142 Cytogenetyki i Biologii Molekularnej Ro\u015blin"},"content":{"rendered":"<p>[vc_row][vc_column]\r\n                <div class=\"text-modules \">\r\n                    <div class=\"container\">\r\n                        <h3 class=\"section-title section-title_border-bottom\">Zesp\u00f3\u0142 Cytogenetyki i Biologii Molekularnej Ro\u015blin<\/h3> <h3 class=\"subtitle text-modules__subtitle\">Temat badawczy: Cytomolekularne i strukturalne analizy genomu ro\u015blinnego<\/h3>\r\n                        <div class=\"row m-0\">\r\n                            <div class=\"text-modules__content\">\r\n                                <span id=\"page12R_mcid16\" class=\"markedContent\" style=\"font-size: 12pt;\"><span dir=\"ltr\" role=\"presentation\">Zesp\u00f3\u0142 specjalizuje si\u0119 w badaniu struktury, ewolucji, stabilno\u015bci (w tym indukowanej niestabilno\u015bci) <\/span><span dir=\"ltr\" role=\"presentation\">i funkcji ro\u015blinnego genomu j\u0105drowego, zar\u00f3wno u gatunk\u00f3w modelowych <em>(<\/em><\/span><em><span dir=\"ltr\" role=\"presentation\">Brachypodi<\/span><span dir=\"ltr\" role=\"presentation\">um<\/span><span dir=\"ltr\" role=\"presentation\">,<\/span> <span dir=\"ltr\" role=\"presentation\">Crepis<\/span><\/em><span dir=\"ltr\" role=\"presentation\"><em>),<\/em> jak <\/span><span dir=\"ltr\" role=\"presentation\">i u\u017cytkowych (m. in.<\/span> <em><span dir=\"ltr\" role=\"presentation\">Chenopodium<\/span><span dir=\"ltr\" role=\"presentation\">,<\/span> <span dir=\"ltr\" role=\"presentation\">Fagopyrum<\/span><span dir=\"ltr\" role=\"presentation\">,<\/span> <span dir=\"ltr\" role=\"presentation\">Hordeum<\/span><\/em><span dir=\"ltr\" role=\"presentation\">). Cho\u0107 wyj\u015bciowy i nadal wiod\u0105cy nurt bada\u0144 <\/span><span dir=\"ltr\" role=\"presentation\">bazuje<\/span> <span dir=\"ltr\" role=\"presentation\">na<\/span> <span dir=\"ltr\" role=\"presentation\">nowoczesnej<\/span> <span dir=\"ltr\" role=\"presentation\">metodyce<\/span> <span dir=\"ltr\" role=\"presentation\">cytomolekularnej<\/span> <span dir=\"ltr\" role=\"presentation\">(g\u0142\u00f3wnie<\/span> <span dir=\"ltr\" role=\"presentation\">techniki<\/span> <span dir=\"ltr\" role=\"presentation\">FISH,<\/span> <span dir=\"ltr\" role=\"presentation\">immunofluorescencyjne <\/span><span dir=\"ltr\" role=\"presentation\">i cytometryczne), w ostatnim czasie Zesp\u00f3\u0142 dynamicznie rozwija dzia\u0142alno\u015b\u0107 naukow\u0105 z wykorzystaniem <\/span><span dir=\"ltr\" role=\"presentation\">najnowocze\u015bniejszych technik z zakresu m. in. genomiki, epigenomiki, transkryptomiki i metabolomiki, <\/span><span dir=\"ltr\" role=\"presentation\">filogenetyki molekularnej, a tak\u017ce mutagenezy celowanej, opartej na edycji genomu przy pomocy systemu <\/span><span dir=\"ltr\" role=\"presentation\">CRISPR\/Cas9.<\/span><\/span><\/p>\n<p><span id=\"page12R_mcid17\" class=\"markedContent\" style=\"font-size: 12pt;\"><span dir=\"ltr\" role=\"presentation\">W zakresie tak nakre\u015blonej dzia\u0142alno\u015bci, g\u0142\u00f3wne kierunki bada\u0144 Zespo\u0142u, dotycz\u0105:<\/span><\/span><\/p>\n<ol>\n<li><span id=\"page12R_mcid18\" class=\"markedContent\" style=\"font-size: 12pt;\"><span dir=\"ltr\" role=\"presentation\">Struktury i ewolucji genomu i poszczeg\u00f3lnych chromosom\u00f3w na poziomie cytomolekularnym.<\/span><\/span><\/li>\n<li><span id=\"page12R_mcid19\" class=\"markedContent\" style=\"font-size: 12pt;\"><span dir=\"ltr\" role=\"presentation\">Struktury, ewolucji i selektywnej ekspresji rDNA.<\/span><\/span><\/li>\n<li><span id=\"page12R_mcid20\" class=\"markedContent\" style=\"font-size: 12pt;\"><span dir=\"ltr\" role=\"presentation\">Mikro<\/span><span dir=\"ltr\" role=\"presentation\">&#8211;<\/span> <span dir=\"ltr\" role=\"presentation\">i ultrastruktury j\u0105derka.<\/span><\/span><\/li>\n<li><span id=\"page12R_mcid21\" class=\"markedContent\" style=\"font-size: 12pt;\"><span dir=\"ltr\" role=\"presentation\">Struktury i dynamiki j\u0105dra interfazowego.<\/span><\/span><\/li>\n<li><span id=\"page12R_mcid22\" class=\"markedContent\" style=\"font-size: 12pt;\"><span dir=\"ltr\" role=\"presentation\">Embriogenezy ro\u015blin i ich zachowania w warunkach kultury<\/span> <em><span dir=\"ltr\" role=\"presentation\">in vitro<\/span><\/em><span dir=\"ltr\" role=\"presentation\">.<\/span><\/span><\/li>\n<li><span id=\"page12R_mcid23\" class=\"markedContent\" style=\"font-size: 12pt;\"><span dir=\"ltr\" role=\"presentation\">Odpowiedzi genomu ro\u015blinnego na okre\u015blone stresy \u015brodowiskowe i czynniki mutagenne.<\/span><\/span><\/li>\n<li><span id=\"page12R_mcid24\" class=\"markedContent\" style=\"font-size: 12pt;\"><span dir=\"ltr\" role=\"presentation\">Genomiki<\/span> <span dir=\"ltr\" role=\"presentation\">funkcjonalnej<\/span> <span dir=\"ltr\" role=\"presentation\">mutant\u00f3w<\/span> <span dir=\"ltr\" role=\"presentation\">uzyskanych<\/span> <span dir=\"ltr\" role=\"presentation\">na<\/span> <span dir=\"ltr\" role=\"presentation\">drodze<\/span> <span dir=\"ltr\" role=\"presentation\">mutagenezy<\/span> <span dir=\"ltr\" role=\"presentation\">celowanej,<\/span> <span dir=\"ltr\" role=\"presentation\">szczeg\u00f3lnie <\/span><span dir=\"ltr\" role=\"presentation\">w kontek\u015bcie organizacji \u015bciany kom\u00f3rkowej.<\/span><\/span><\/li>\n<li><span id=\"page12R_mcid25\" class=\"markedContent\" style=\"font-size: 12pt;\"><span dir=\"ltr\" role=\"presentation\">Mechanizm\u00f3w kontroli parowania chromosom\u00f3w w mejozie.<\/span><\/span><\/li>\n<li><span id=\"page12R_mcid26\" class=\"markedContent\" style=\"font-size: 12pt;\"><span dir=\"ltr\" role=\"presentation\">Interakcji pomi\u0119dzy ro\u015blinami i mikroorganizmami (endo)symbiotycznymi.<\/span><\/span><\/li>\n<\/ol>\n<p>&nbsp;<\/p>\n<p>S\u0142owa kluczowe:<\/p>\n<ul>\n<li>cytogenetyka i biologia molekularna ro\u015blin<\/li>\n<li>organizacja ro\u015blinnego genomu j\u0105drowego<\/li>\n<li>ro\u015bliny modelowe i uprawne<\/li>\n<li>embriogeneza ro\u015blin<\/li>\n<li>indukowana niestabilno\u015b\u0107 ro\u015blinnego genomu j\u0105drowego<\/li>\n<\/ul>\n<div class=\"mt-3\"><\/div>\r\n                            <\/div>\r\n                            \r\n                            \r\n                        <\/div>\r\n                    <\/div>\r\n                <\/div>\r\n                <div class=\"text-modules \">\r\n                    <div class=\"container\">\r\n                        <h3 class=\"section-title section-title_border-bottom\">Sk\u0142ad zespo\u0142u:<\/h3> \r\n                        <div class=\"row m-0\">\r\n                            <div class=\"text-modules__content\">\r\n                                <\/p>\n<ol>\n<li><span style=\"font-size: 12pt;\"><strong>\u00a0<a href=\"http:\/\/www.wbios.us.edu.pl\/hasterok\/\">Prof. dr hab. Robert Hasterok<\/a><\/strong>\u00a0\u2013 lider zespo\u0142u<\/span><\/li>\n<li><span style=\"font-size: 12pt;\">\u00a0Dr hab. Alexander Betekhtin, prof. U\u015a<\/span><\/li>\n<li><span style=\"font-size: 12pt;\">\u00a0Dr Natalia Borowska-\u017buchowska<\/span><\/li>\n<li><span style=\"font-size: 12pt;\">\u00a0Dr Agnieszka Br\u0105szewska<\/span><\/li>\n<li><span style=\"font-size: 12pt;\">\u00a0Dr Dominika Idziak-Helmcke<\/span><\/li>\n<li><span style=\"font-size: 12pt;\">\u00a0Dr hab. Bo\u017cena Kolano, prof. U\u015a<\/span><\/li>\n<li><span style=\"font-size: 12pt;\">\u00a0Dr hab. Jolanta Kwa\u015bniewska, prof. U\u015a<\/span><\/li>\n<li><span style=\"font-size: 12pt;\">\u00a0Dr Joanna \u0141usi\u0144ska<\/span><\/li>\n<li><span style=\"font-size: 12pt;\">\u00a0Dr Artur Pi\u0144ski<\/span><\/li>\n<li><span style=\"font-size: 12pt;\">\u00a0Dr Ewa Robaszkiewicz<\/span><\/li>\n<li><span style=\"font-size: 12pt;\">\u00a0Dr Magdalena Senderowicz<\/span><\/li>\n<li><span style=\"font-size: 12pt;\">\u00a0Dr El\u017cbieta Wolny<\/span><\/li>\n<li><span style=\"font-size: 12pt;\">\u00a0Mgr Marta Hosiawa-Bara\u0144ska<\/span><\/li>\n<li><span style=\"font-size: 12pt;\">\u00a0Dr Magdalena Rojek-Jelonek<\/span><\/li>\n<li><span style=\"font-size: 12pt;\">\u00a0Mgr Marta Sowa<\/span><\/li>\n<li><span style=\"font-size: 12pt;\">\u00a0Mgr Paula Franke<\/span><\/li>\n<li><span style=\"font-size: 12pt;\">\u00a0Mgr Serhii Mykhailyk<\/span><\/li>\n<li><span style=\"font-size: 12pt;\">\u00a0Mgr Renee Perez-Perez<\/span><\/li>\n<li><span style=\"font-size: 12pt;\">\u00a0Mgr Alicja Tomasiak<\/span><\/li>\n<li><span style=\"font-size: 12pt;\">\u00a0Mgr Dana Trunova<\/span><\/li>\n<li><span style=\"font-size: 12pt;\">\u00a0Mgr Hilke Wittocx<\/span><\/li>\n<li><span style=\"font-size: 12pt;\">\u00a0Mgr Magdalena Zaranek<\/span><\/li>\n<li><span style=\"font-size: 12pt;\">\u00a0Dr Manoj Solanki<\/span><\/li>\n<\/ol>\n<div class=\"mt-3\"><\/div>\r\n                            <\/div>\r\n                            \r\n                            <div class=\"text-modules__img\"><img src=\"https:\/\/us.edu.pl\/instytut\/ibbios\/wp-content\/uploads\/sites\/36\/Nieprzypisane\/ZCBMR-logo-pl-high-res.png\" alt=\"img\"><\/div>\r\n                        <\/div>\r\n                    <\/div>\r\n                <\/div>[\/vc_column][\/vc_row]<\/p>","protected":false},"excerpt":{"rendered":"<p>[vc_row][vc_column][\/vc_column][\/vc_row] [&#8230;]<\/p>\n<p><a class=\"btn btn-secondary understrap-read-more-link\" href=\"https:\/\/us.edu.pl\/instytut\/ibbios\/zespol-cytogenetyki-i-biologii-molekularnej-roslin\/\">Read More&#8230;<\/a><\/p>\n","protected":false},"author":4825,"featured_media":0,"parent":0,"menu_order":0,"comment_status":"closed","ping_status":"closed","template":"","meta":{"_expiration-date-status":"","_expiration-date":0,"_expiration-date-type":"","_expiration-date-categories":[],"_expiration-date-options":[]},"acf":[],"_links":{"self":[{"href":"https:\/\/us.edu.pl\/instytut\/ibbios\/wp-json\/wp\/v2\/pages\/5957"}],"collection":[{"href":"https:\/\/us.edu.pl\/instytut\/ibbios\/wp-json\/wp\/v2\/pages"}],"about":[{"href":"https:\/\/us.edu.pl\/instytut\/ibbios\/wp-json\/wp\/v2\/types\/page"}],"author":[{"embeddable":true,"href":"https:\/\/us.edu.pl\/instytut\/ibbios\/wp-json\/wp\/v2\/users\/4825"}],"replies":[{"embeddable":true,"href":"https:\/\/us.edu.pl\/instytut\/ibbios\/wp-json\/wp\/v2\/comments?post=5957"}],"version-history":[{"count":2,"href":"https:\/\/us.edu.pl\/instytut\/ibbios\/wp-json\/wp\/v2\/pages\/5957\/revisions"}],"predecessor-version":[{"id":6033,"href":"https:\/\/us.edu.pl\/instytut\/ibbios\/wp-json\/wp\/v2\/pages\/5957\/revisions\/6033"}],"wp:attachment":[{"href":"https:\/\/us.edu.pl\/instytut\/ibbios\/wp-json\/wp\/v2\/media?parent=5957"}],"curies":[{"name":"wp","href":"https:\/\/api.w.org\/{rel}","templated":true}]}}