{"id":5959,"date":"2023-03-28T11:02:18","date_gmt":"2023-03-28T09:02:18","guid":{"rendered":"https:\/\/us.edu.pl\/instytut\/ibbios\/?page_id=5959"},"modified":"2023-03-28T13:25:29","modified_gmt":"2023-03-28T11:25:29","slug":"zespol-fizjologii-zwierzat-i-ekotoksykologii","status":"publish","type":"page","link":"https:\/\/us.edu.pl\/instytut\/ibbios\/zespol-fizjologii-zwierzat-i-ekotoksykologii\/","title":{"rendered":"Zesp\u00f3\u0142 Fizjologii Zwierz\u0105t i Ekotoksykologii"},"content":{"rendered":"<p>[vc_row][vc_column]\r\n                <div class=\"text-modules \">\r\n                    <div class=\"container\">\r\n                        <h3 class=\"section-title section-title_border-bottom\">Zesp\u00f3\u0142 Fizjologii Zwierz\u0105t i Ekotoksykologii.<\/h3> <h3 class=\"subtitle text-modules__subtitle\">Temat badawczy: Fizjologiczno-ekotoksykologiczne aspekty oddzia\u0142ywa\u0144 stresor\u00f3w \u015brodowiskowych na wybrane grupy bezkr\u0119gowc\u00f3w.<\/h3>\r\n                        <div class=\"row m-0\">\r\n                            <div class=\"text-modules__content\">\r\n                                <span style=\"font-size: 12pt;\">Obecny Zesp\u00f3\u0142 by\u0142ej Katedry Fizjologii Zwierz\u0105t i Ekotoksykologii od wielu lat prowadzi badania na gatunkach stawonog\u00f3w reprezentuj\u0105cych r\u00f3\u017cne poziomy troficzne (detrytofagi, ro\u015blino\u017cercy, drapie\u017ccy) o r\u00f3\u017cnym znaczeniu biologicznym i gospodarczym (szkodniki upraw, owady po\u017cyteczne, regulatorzy liczebno\u015bci owad\u00f3w), zasiedlaj\u0105cych tereny pozostaj\u0105ce pod siln\u0105 presj\u0105 antropogeniczn\u0105. Kontynuuje identyfikacj\u0119 g\u0142\u00f3wnych strategii detoksykacyjnych umo\u017cliwiaj\u0105ce nara\u017conym populacjom prze\u017cycie w takich warunkach. Planowane badania skupiaj\u0105 si\u0119 przede wszystkim na wyja\u015bnieniu wci\u0105\u017c s\u0142abo poznanych w ekotoksykologii bezkr\u0119gowc\u00f3w mechanizm\u00f3w kompensacyjnych\/adaptacyjnych, w tym tak\u017ce mechanizm\u00f3w odporno\u015bci.<\/span><\/p>\n<p><span style=\"font-size: 12pt;\">Szczeg\u00f3\u0142owe badania obejmuj\u0105:<\/span><\/p>\n<ul>\n<li><span style=\"font-size: 12pt;\">ocen\u0119 oddzia\u0142ywania naturalnych stresor\u00f3w \u015brodowiskowych (g\u0142odzenia, dzia\u0142ania wt\u00f3rnych metabolit\u00f3w ro\u015blin) na obron\u0119 antyoksydacyjn\u0105 u fitofaga z selekcjonowanych linii hodowlanych lub populacji z teren\u00f3w zanieczyszczonych;<\/span><\/li>\n<li><span style=\"font-size: 12pt;\">analiz\u0119 biomarker\u00f3w stresu \u015brodowiskowego u pszczo\u0142y miodnej z teren\u00f3w zurbanizowanych i\u00a0rolniczych;<\/span><\/li>\n<li><span style=\"font-size: 12pt;\">por\u00f3wnanie poziomu zwi\u0105zk\u00f3w energetycznych i budulcowych u wybranych stawonog\u00f3w l\u0105dowych poddanych dzia\u0142aniu stresor\u00f3w \u015brodowiskowych;<\/span><\/li>\n<li><span style=\"font-size: 12pt;\">ocen\u0119 efektywno\u015bci wybranych reakcji wrodzonej odpowiedzi immunologicznej oraz zmian degeneracyjnych w wybranych narz\u0105dach u modelowych przedstawicieli obligatoryjnych drapie\u017cc\u00f3w w warunkach d\u0142ugotrwa\u0142ej ekspozycji na metale ci\u0119\u017ckie podawane w r\u00f3\u017cnych formach;<\/span><\/li>\n<li><span style=\"font-size: 12pt;\">modelowanie interakcji w dzia\u0142aniu mieszanin substancji toksycznych na organizmy zwierz\u0119ce.<\/span><\/li>\n<\/ul>\n<p>&nbsp;<\/p>\n<p>S\u0142owa kluczowe:<\/p>\n<ul>\n<li>Stres oksydacyjny i ocena ekotoksykologiczna;<\/li>\n<li>\u0141a\u0144cuch troficzny;<\/li>\n<li>Bilans energetyczny;<\/li>\n<li>Apidologia: bezpiecze\u0144stwo \u017cywno\u015bci, oporno\u015b\u0107 na pestycydy;<\/li>\n<li>Potencja\u0142 immunologiczny.<\/li>\n<\/ul>\n<div class=\"mt-3\"><\/div>\r\n                            <\/div>\r\n                            \r\n                            \r\n                        <\/div>\r\n                    <\/div>\r\n                <\/div>\r\n                <div class=\"text-modules \">\r\n                    <div class=\"container\">\r\n                        <h3 class=\"section-title section-title_border-bottom\">Sk\u0142ad zespo\u0142u:<\/h3> \r\n                        <div class=\"row m-0\">\r\n                            <div class=\"text-modules__content\">\r\n                                <\/p>\n<ol>\n<li><span style=\"font-size: 12pt;\"><strong>\u00a0Dr hab. Alina Kafel, prof. U\u015a<\/strong>\u00a0\u2013 lider zespo\u0142u<\/span><\/li>\n<li><span style=\"font-size: 12pt;\">\u00a0Dr Marta Dziewi\u0119cka<\/span><\/li>\n<li><span style=\"font-size: 12pt;\">\u00a0Dr hab. Miros\u0142aw Nakonieczny, prof. U\u015a<\/span><\/li>\n<li><span style=\"font-size: 12pt;\">\u00a0Dr Agata Nicewicz<\/span><\/li>\n<li><span style=\"font-size: 12pt;\">\u00a0Dr El\u017cbieta Szuli\u0144ska<\/span><\/li>\n<li><span style=\"font-size: 12pt;\">\u00a0Dr hab. Gra\u017cyna Wilczek, prof. U\u015a<\/span><\/li>\n<li><span style=\"font-size: 12pt;\">\u00a0Dr Andrzej K\u0119dziorski<\/span><\/li>\n<li><span style=\"font-size: 12pt;\">\u00a0Mgr Beata Mazur<\/span><\/li>\n<li><span style=\"font-size: 12pt;\">\u00a0Dr Katarzyna Rozp\u0119dek<\/span><\/li>\n<li><span style=\"font-size: 12pt;\">\u00a0Mgr in\u017c. Magdalena Skowronek<\/span><\/li>\n<li><span style=\"font-size: 12pt;\">\u00a0Mgr Ewa \u015awierczek<\/span><\/li>\n<li><span style=\"font-size: 12pt;\">\u00a0Mgr Bartosz Baran<\/span><\/li>\n<li><span style=\"font-size: 12pt;\">\u00a0Mgr Patrycja Paw\u0142owska<\/span><\/li>\n<li><span style=\"font-size: 12pt;\">\u00a0Mgr Anna Pompka<\/span><\/li>\n<li><span style=\"font-size: 12pt;\">\u00a0Mgr Kinga Surmiak-Stalmach<\/span><\/li>\n<\/ol>\n<div class=\"mt-3\"><\/div>\r\n                            <\/div>\r\n                            \r\n                            \r\n                        <\/div>\r\n                    <\/div>\r\n                <\/div>[\/vc_column][\/vc_row]<\/p>","protected":false},"excerpt":{"rendered":"<p>[vc_row][vc_column][\/vc_column][\/vc_row] [&#8230;]<\/p>\n<p><a class=\"btn btn-secondary understrap-read-more-link\" href=\"https:\/\/us.edu.pl\/instytut\/ibbios\/zespol-fizjologii-zwierzat-i-ekotoksykologii\/\">Read More&#8230;<\/a><\/p>\n","protected":false},"author":4825,"featured_media":0,"parent":0,"menu_order":0,"comment_status":"closed","ping_status":"closed","template":"","meta":{"_expiration-date-status":"","_expiration-date":0,"_expiration-date-type":"","_expiration-date-categories":[],"_expiration-date-options":[]},"acf":[],"_links":{"self":[{"href":"https:\/\/us.edu.pl\/instytut\/ibbios\/wp-json\/wp\/v2\/pages\/5959"}],"collection":[{"href":"https:\/\/us.edu.pl\/instytut\/ibbios\/wp-json\/wp\/v2\/pages"}],"about":[{"href":"https:\/\/us.edu.pl\/instytut\/ibbios\/wp-json\/wp\/v2\/types\/page"}],"author":[{"embeddable":true,"href":"https:\/\/us.edu.pl\/instytut\/ibbios\/wp-json\/wp\/v2\/users\/4825"}],"replies":[{"embeddable":true,"href":"https:\/\/us.edu.pl\/instytut\/ibbios\/wp-json\/wp\/v2\/comments?post=5959"}],"version-history":[{"count":2,"href":"https:\/\/us.edu.pl\/instytut\/ibbios\/wp-json\/wp\/v2\/pages\/5959\/revisions"}],"predecessor-version":[{"id":6034,"href":"https:\/\/us.edu.pl\/instytut\/ibbios\/wp-json\/wp\/v2\/pages\/5959\/revisions\/6034"}],"wp:attachment":[{"href":"https:\/\/us.edu.pl\/instytut\/ibbios\/wp-json\/wp\/v2\/media?parent=5959"}],"curies":[{"name":"wp","href":"https:\/\/api.w.org\/{rel}","templated":true}]}}