{"id":5961,"date":"2023-03-28T11:07:20","date_gmt":"2023-03-28T09:07:20","guid":{"rendered":"https:\/\/us.edu.pl\/instytut\/ibbios\/?page_id=5961"},"modified":"2023-03-28T13:27:02","modified_gmt":"2023-03-28T11:27:02","slug":"zespol-bioroznorodnosci-i-ewolucji-zwierzat","status":"publish","type":"page","link":"https:\/\/us.edu.pl\/instytut\/ibbios\/zespol-bioroznorodnosci-i-ewolucji-zwierzat\/","title":{"rendered":"Zesp\u00f3\u0142 Bior\u00f3\u017cnorodno\u015bci i Ewolucji Zwierz\u0105t"},"content":{"rendered":"<p>[vc_row][vc_column]\r\n                <div class=\"text-modules \">\r\n                    <div class=\"container\">\r\n                        <h3 class=\"section-title section-title_border-bottom\">Zesp\u00f3\u0142 Bior\u00f3\u017cnorodno\u015bci i Ewolucji Zwierz\u0105t<\/h3> <h3 class=\"subtitle text-modules__subtitle\">Temat badawczy: Morfologia, taksonomia, filogeneza, bior\u00f3\u017cnorodno\u015b\u0107 i ewolucja owad\u00f3w ze szczeg\u00f3lnym uwzgl\u0119dnieniem pluskwiak\u00f3w (Hemiptera)<\/h3>\r\n                        <div class=\"row m-0\">\r\n                            <div class=\"text-modules__content\">\r\n                                <span style=\"font-size: 12pt;\">Zesp\u00f3\u0142 Bior\u00f3\u017cnorodno\u015bci i Ewolucji Zwierz\u0105t zajmuje si\u0119 badaniem systematyki, taksonomii, morfologii, anatomii, stosunk\u00f3w pokrewie\u0144stwa, biologii, ewolucji <\/span><span style=\"font-size: 12pt;\">i r\u00f3\u017cnorodno\u015bci owad\u00f3w ze szczeg\u00f3lnym uwzgl\u0119dnieniem wybranych grup pluskwiak\u00f3w <em>(Hemiptera)<\/em> jak mszyce <em>(Aphidoidea),<\/em> pluskwiaki r\u00f3\u017cnoskrzyd\u0142e <em>(Heteroptera)<\/em> i piewiki (<em>Fulgoromorpha et Cicadomorpha<\/em>).<\/span><\/p>\n<p><span style=\"font-size: 12pt;\">Cz\u0142onkowie zespo\u0142u zajmuj\u0105 si\u0119 problemami zwi\u0105zanymi z poznaniem pozycji systematycznej wielu gatunk\u00f3w wraz z opisami nowych dla nauki takson\u00f3w metodami morfologicznymi <\/span><span style=\"font-size: 12pt;\">i molekularnymi; biologi\u0105 rozwoju; morfologi\u0105 funkcjonaln\u0105 i por\u00f3wnawcz\u0105 (struktura i funkcje aparatu sensorycznego, sekrecje woskowe, struktury specjalistyczne), anatomi\u0105 (budowa i struktura uk\u0142adu pokarmowego i rozrodczego) oraz filogenez\u0105 wymienionych grup pluskwiak\u00f3w (w tym metody molekularne i kladystyczne). <\/span><\/p>\n<p><span style=\"font-size: 12pt;\">Ponadto cz\u0142onkowie zespo\u0142u zajmuj\u0105 si\u0119 poznawaniem i przemianami r\u00f3\u017cnorodno\u015bci biologicznej pluskwiak\u00f3w Afryki, Ameryki P\u00f3\u0142nocnej, Azji i Europy <\/span><span style=\"font-size: 12pt;\">(w tym Polski): gatunki obce i inwazyjne w faunach wybranych kraj\u00f3w oraz modelowania potencjalnej niszy ekologicznej w kontek\u015bcie przemian klimatycznych <\/span><span style=\"font-size: 12pt;\">i ich wp\u0142ywu na rozmieszczenie gatunk\u00f3w. Badania finansowane s\u0105 ze \u017ar\u00f3de\u0142 p\u0142yn\u0105cych z subwencji MEiN jak i \u017ar\u00f3de\u0142 zewn\u0119trznych (np. NCN).<\/span><\/p>\n<p>&nbsp;<\/p>\n<p>S\u0142owa kluczowe:<\/p>\n<ul>\n<li>Morfologia<\/li>\n<li>Bior\u00f3\u017cnorodno\u015b\u0107<\/li>\n<li>Ewolucja<\/li>\n<li>Sensilla<\/li>\n<li>Hemiptera<\/li>\n<\/ul>\n<div class=\"mt-3\"><\/div>\r\n                            <\/div>\r\n                            \r\n                            \r\n                        <\/div>\r\n                    <\/div>\r\n                <\/div>\r\n                <div class=\"text-modules \">\r\n                    <div class=\"container\">\r\n                        <h3 class=\"section-title section-title_border-bottom\">Sk\u0142ad zespo\u0142u:<\/h3> \r\n                        <div class=\"row m-0\">\r\n                            <div class=\"text-modules__content\">\r\n                                <\/p>\n<ol>\n<li><span style=\"font-size: 12pt;\"><strong>\u00a0Dr Mariusz Kanturski, prof. U\u015a<\/strong>\u00a0\u2013 lider zespo\u0142u<\/span><\/li>\n<li><span style=\"font-size: 12pt;\">\u00a0Dr Agnieszka Bugaj-Nawrocka\u00a0<\/span><\/li>\n<li><span style=\"font-size: 12pt;\">\u00a0Dr Artur Taszakowski<\/span><\/li>\n<li><span style=\"font-size: 12pt;\">\u00a0Mgr Marzena Zmarz\u0142y<\/span><\/li>\n<\/ol>\n<div class=\"mt-3\"><\/div>\r\n                            <\/div>\r\n                            \r\n                            <div class=\"text-modules__img\"><img src=\"https:\/\/us.edu.pl\/instytut\/ibbios\/wp-content\/uploads\/sites\/36\/Bez-kategorii\/ZBiEOlogo-e1675688659453.png\" alt=\"img\"><\/div>\r\n                        <\/div>\r\n                    <\/div>\r\n                <\/div>[\/vc_column][\/vc_row]<\/p>","protected":false},"excerpt":{"rendered":"<p>[vc_row][vc_column][\/vc_column][\/vc_row] [&#8230;]<\/p>\n<p><a class=\"btn btn-secondary understrap-read-more-link\" href=\"https:\/\/us.edu.pl\/instytut\/ibbios\/zespol-bioroznorodnosci-i-ewolucji-zwierzat\/\">Read More&#8230;<\/a><\/p>\n","protected":false},"author":4825,"featured_media":0,"parent":0,"menu_order":0,"comment_status":"closed","ping_status":"closed","template":"","meta":{"_expiration-date-status":"","_expiration-date":0,"_expiration-date-type":"","_expiration-date-categories":[],"_expiration-date-options":[]},"acf":[],"_links":{"self":[{"href":"https:\/\/us.edu.pl\/instytut\/ibbios\/wp-json\/wp\/v2\/pages\/5961"}],"collection":[{"href":"https:\/\/us.edu.pl\/instytut\/ibbios\/wp-json\/wp\/v2\/pages"}],"about":[{"href":"https:\/\/us.edu.pl\/instytut\/ibbios\/wp-json\/wp\/v2\/types\/page"}],"author":[{"embeddable":true,"href":"https:\/\/us.edu.pl\/instytut\/ibbios\/wp-json\/wp\/v2\/users\/4825"}],"replies":[{"embeddable":true,"href":"https:\/\/us.edu.pl\/instytut\/ibbios\/wp-json\/wp\/v2\/comments?post=5961"}],"version-history":[{"count":2,"href":"https:\/\/us.edu.pl\/instytut\/ibbios\/wp-json\/wp\/v2\/pages\/5961\/revisions"}],"predecessor-version":[{"id":6035,"href":"https:\/\/us.edu.pl\/instytut\/ibbios\/wp-json\/wp\/v2\/pages\/5961\/revisions\/6035"}],"wp:attachment":[{"href":"https:\/\/us.edu.pl\/instytut\/ibbios\/wp-json\/wp\/v2\/media?parent=5961"}],"curies":[{"name":"wp","href":"https:\/\/api.w.org\/{rel}","templated":true}]}}