{"id":5966,"date":"2023-03-28T11:22:23","date_gmt":"2023-03-28T09:22:23","guid":{"rendered":"https:\/\/us.edu.pl\/instytut\/ibbios\/?page_id=5966"},"modified":"2023-03-28T13:30:02","modified_gmt":"2023-03-28T11:30:02","slug":"zespol-hydrobiologii-i-monitoringu-wod","status":"publish","type":"page","link":"https:\/\/us.edu.pl\/instytut\/ibbios\/zespol-hydrobiologii-i-monitoringu-wod\/","title":{"rendered":"Zesp\u00f3\u0142 Hydrobiologii i Monitoringu W\u00f3d"},"content":{"rendered":"<p>[vc_row][vc_column]\r\n                <div class=\"text-modules \">\r\n                    <div class=\"container\">\r\n                        <h3 class=\"section-title section-title_border-bottom\">Zesp\u00f3\u0142 Hydrobiologii i Monitoringu W\u00f3d<\/h3> <h3 class=\"subtitle text-modules__subtitle\">Temat badawczy: Czynniki warunkuj\u0105ce wyst\u0119powanie bezkr\u0119gowc\u00f3w i makrofit\u00f3w z uwzgl\u0119dnieniem gatunk\u00f3w obcych i obcych inwazyjnych w silnie przekszta\u0142conych \u015brodowiskach wodnych w kontek\u015bcie zmian klimatycznych i \u015brodowiskowych<\/h3>\r\n                        <div class=\"row m-0\">\r\n                            <div class=\"text-modules__content\">\r\n                                <span style=\"font-size: 12pt;\">G\u00f3rny \u015al\u0105sk jest jednym z najbardziej uprzemys\u0142owionych i zurbanizowanych region\u00f3w w Europie, natomiast G\u00f3rno\u015bl\u0105skie Zag\u0142\u0119bie W\u0119glowe jest jednym z najwi\u0119kszych w \u015bwiecie. Silne uprzemys\u0142owienie tego regionu i eksploatacja w\u0119gla kamiennego ma wp\u0142yw na wszystkie elementy \u015brodowiska. Naturalne wody podziemne dop\u0142ywaj\u0105ce do wyrobisk g\u00f3rniczych nios\u0105 wysokie \u0142adunki soli. Wody te s\u0105 odpompowywane na powierzchni\u0119 i odprowadzane do rzek, tym samym zwi\u0119kszaj\u0105c stopie\u0144 zasolenia w\u00f3d w dorzeczu Wis\u0142y i Odry. Silne przekszta\u0142cenie \u015brodowisk wodnych tego regionu wi\u0105\u017ce si\u0119 m. in. z ponadnormatywnym st\u0119\u017ceniem w wodzie Cl<sup>&#8211;<\/sup>, SO<sub>4<\/sub><sup>2-<\/sup>, biogen\u00f3w, metali ci\u0119\u017ckich, a tak\u017ce <\/span><span style=\"font-size: 12pt;\">Potok Gromiecki i Potok Go\u0142awiecki w wyniku odprowadzania w\u00f3d kopalnianych s\u0105 obecnie najbardziej zasolonymi rzekami w skali globalnej (45,4\u2030, Morze \u015ar\u00f3dziemne 33-39\u2030). Rzeki te mog\u0105 stanowi\u0107 zagro\u017cenie dla zdrowia ludzi i \u015brodowiska. Antropogeniczne zasolenie w\u00f3d powierzchniowych stanowi problem og\u00f3lno\u015bwiatowy. Polityka Pa\u0144stw Cz\u0142onkowskich UE zak\u0142ada\u0142a m. in. popraw\u0119 jako\u015bci w\u00f3d w ka\u017cdym dorzeczu i osi\u0105gni\u0119cie do roku 2015 ich dobrego stanu ekologicznego. Cel ten do chwili obecnej nie zosta\u0142 osi\u0105gni\u0119ty.<\/span><\/p>\n<p><span style=\"font-size: 12pt;\">Zasolone \u015brodowiska wodne stanowi\u0105 nowe siedliska dla organizm\u00f3w euryhalinowych oraz drogi migracji dla inwazyjnych gatunk\u00f3w obcych zagra\u017caj\u0105cych rodzimej faunie i florze. Dlatego te\u017c niezb\u0119dne jest monitorowanie ich dr\u00f3g migracji, tempa rozwoju oraz analiza i ocena ryzyka takiego zagro\u017cenia. Niezb\u0119dne jest tak\u017ce podj\u0119cie dzia\u0142a\u0144 ograniczaj\u0105cych tak siln\u0105 antropopresj\u0119 w obr\u0119bie zlewni Wis\u0142y i Odry zwi\u0105zan\u0105 m.in. z eksploatacj\u0105 w\u0119gla kamiennego, przede wszystkim w kontek\u015bcie zmian klimatycznych i \u015brodowiskowych. Proponowana tematyka badawcza wpisuje si\u0119 w POB 3 U\u015a oraz POB 6 Politechniki \u015al\u0105skiej w Gliwicach.<\/span><\/p>\n<p>&nbsp;<\/p>\n<p>S\u0142owa kluczowe:<\/p>\n<ul>\n<li>hydrobiologia,<\/li>\n<li>monitoring w\u00f3d,<\/li>\n<li>zasolenie antropogeniczne,<\/li>\n<li>gatunki obce,<\/li>\n<li>bior\u00f3\u017cnorodno\u015b\u0107<\/li>\n<\/ul>\n<div class=\"mt-3\"><\/div>\r\n                            <\/div>\r\n                            \r\n                            \r\n                        <\/div>\r\n                    <\/div>\r\n                <\/div>\r\n                <div class=\"text-modules \">\r\n                    <div class=\"container\">\r\n                        <h3 class=\"section-title section-title_border-bottom\">Sk\u0142ad zespo\u0142u:<\/h3> \r\n                        <div class=\"row m-0\">\r\n                            <div class=\"text-modules__content\">\r\n                                <\/p>\n<ol>\n<li><span style=\"font-size: 12pt;\"><strong>\u00a0<a href=\"https:\/\/www.facebook.com\/zhimw\/\">Dr hab. Iga Lewin, prof. U\u015a<\/a><\/strong>\u00a0\u2013 lider zespo\u0142u<\/span><\/li>\n<li><span style=\"font-size: 12pt;\">\u00a0Dr Dariusz Halabowski\u00a0<\/span><\/li>\n<li><span style=\"font-size: 12pt;\">\u00a0Lic.\u00a0Milena Kuropatwa<\/span><\/li>\n<li><span style=\"font-size: 12pt;\">\u00a0Prof. dr hab. in\u017c. Zbigniew Rymarski<\/span><\/li>\n<\/ol>\n<div class=\"mt-3\"><\/div>\r\n                            <\/div>\r\n                            \r\n                            \r\n                        <\/div>\r\n                    <\/div>\r\n                <\/div>[\/vc_column][\/vc_row]<\/p>","protected":false},"excerpt":{"rendered":"<p>[vc_row][vc_column][\/vc_column][\/vc_row] [&#8230;]<\/p>\n<p><a class=\"btn btn-secondary understrap-read-more-link\" href=\"https:\/\/us.edu.pl\/instytut\/ibbios\/zespol-hydrobiologii-i-monitoringu-wod\/\">Read More&#8230;<\/a><\/p>\n","protected":false},"author":4825,"featured_media":0,"parent":0,"menu_order":0,"comment_status":"closed","ping_status":"closed","template":"","meta":{"_expiration-date-status":"","_expiration-date":0,"_expiration-date-type":"","_expiration-date-categories":[],"_expiration-date-options":[]},"acf":[],"_links":{"self":[{"href":"https:\/\/us.edu.pl\/instytut\/ibbios\/wp-json\/wp\/v2\/pages\/5966"}],"collection":[{"href":"https:\/\/us.edu.pl\/instytut\/ibbios\/wp-json\/wp\/v2\/pages"}],"about":[{"href":"https:\/\/us.edu.pl\/instytut\/ibbios\/wp-json\/wp\/v2\/types\/page"}],"author":[{"embeddable":true,"href":"https:\/\/us.edu.pl\/instytut\/ibbios\/wp-json\/wp\/v2\/users\/4825"}],"replies":[{"embeddable":true,"href":"https:\/\/us.edu.pl\/instytut\/ibbios\/wp-json\/wp\/v2\/comments?post=5966"}],"version-history":[{"count":2,"href":"https:\/\/us.edu.pl\/instytut\/ibbios\/wp-json\/wp\/v2\/pages\/5966\/revisions"}],"predecessor-version":[{"id":6038,"href":"https:\/\/us.edu.pl\/instytut\/ibbios\/wp-json\/wp\/v2\/pages\/5966\/revisions\/6038"}],"wp:attachment":[{"href":"https:\/\/us.edu.pl\/instytut\/ibbios\/wp-json\/wp\/v2\/media?parent=5966"}],"curies":[{"name":"wp","href":"https:\/\/api.w.org\/{rel}","templated":true}]}}