{"id":5969,"date":"2023-03-28T11:29:11","date_gmt":"2023-03-28T09:29:11","guid":{"rendered":"https:\/\/us.edu.pl\/instytut\/ibbios\/?page_id=5969"},"modified":"2023-03-28T13:28:04","modified_gmt":"2023-03-28T11:28:04","slug":"zespol-biologii-komorki-roslinnej","status":"publish","type":"page","link":"https:\/\/us.edu.pl\/instytut\/ibbios\/zespol-biologii-komorki-roslinnej\/","title":{"rendered":"Zesp\u00f3\u0142 Biologii Kom\u00f3rki Ro\u015blinnej"},"content":{"rendered":"<p>[vc_row][vc_column]\r\n                <div class=\"text-modules \">\r\n                    <div class=\"container\">\r\n                        <h3 class=\"section-title section-title_border-bottom\">Zesp\u00f3\u0142 Biologii Kom\u00f3rki Ro\u015blinnej<\/h3> <h3 class=\"subtitle text-modules__subtitle\">Temat badawczy: Rola symplastu i apoplastu podczas morfogenezy ro\u015blin in vivo i in vitro<\/h3>\r\n                        <div class=\"row m-0\">\r\n                            <div class=\"text-modules__content\">\r\n                                <span style=\"font-size: 12pt;\">Morfogeneza to proces biologiczny, kt\u00f3ry powoduje, \u017ce kom\u00f3rka, tkanka lub organizm kszta\u0142tuj\u0105 si\u0119 zgodnie z genetycznym \u201ewzorem\u201d i warunkami \u015brodowiskowymi. Procesy rozwojowe u ro\u015blin maj\u0105 \u015bcis\u0142y zwi\u0105zek z procesami r\u00f3\u017cnicowania i regeneracji w obr\u0119bie tkanek i kom\u00f3rek.<\/span><\/p>\n<p><span style=\"font-size: 12pt;\">Prowadzone badania maj\u0105 na celu poznanie r\u00f3\u017cnych aspekt\u00f3w zwi\u0105zanych z morfogenez\u0105 ro\u015blin (na poziomie kom\u00f3rkowym, tkankowym i ca\u0142ego organu) zar\u00f3wno w warunkach <em>in vitro<\/em>, jak i <em>in vivo<\/em>. Obiektami badawczymi b\u0119d\u0105 m.in.: <em>A. thaliana<\/em>, <em>F. esculentum,<\/em> <em>F. tataricum<\/em>, <em>B. distachyon<\/em>,<em> B. stacei<\/em>, <em>B. hybridum<\/em>, <em>D. carota, C. pepo, S. lycopersicum<\/em>. Celem bada\u0144 b\u0119dzie analiza sk\u0142adu chemicznego \u015bciany kom\u00f3rkowej podczas r\u00f3\u017cnicowania kom\u00f3rek oraz komunikacji symplastowej. <\/span><\/p>\n<p><span style=\"font-size: 12pt;\">Badania te b\u0119d\u0105 prowadzone m.in. z wykorzystaniem metod immunocytochemicznych na poziomie mikroskopu \u015bwietlnego oraz elektronowego. Analiza komunikacji symplastowej b\u0119dzie prowadzona z wykorzystaniem fluorochrom\u00f3w, dekstran\u00f3w i GFP. Dodatkowo przeprowadzone zostan\u0105 badania interakcji nanocz\u0105stek srebra o r\u00f3\u017cnej \u015brednicy z kom\u00f3rkami kalusa morfogennego gryki tatarki. <\/span><\/p>\n<p><span style=\"font-size: 12pt;\">Ponadto zostan\u0105 przeprowadzone badania dotycz\u0105ce tworzenia tkanki waskularnej i jej regeneracji w zranionych p\u0119dach ro\u015blin. Wa\u017cn\u0105 rol\u0119 odgrywaj\u0105 tutaj zar\u00f3wno hormony ro\u015blinne \u2013 auksyny, jak i komunikacja mi\u0119dzykom\u00f3rkowa i odpowied\u017a poszczeg\u00f3lnych kom\u00f3rek na auksyn\u0119. Celem bada\u0144 jest znalezienie odpowiedzi na pytanie w jaki spos\u00f3b indywidualne kom\u00f3rki dostrzegaj\u0105 znajduj\u0105ce si\u0119 cz\u0119sto w du\u017cych odleg\u0142o\u015bciach \u017ar\u00f3d\u0142a auksyny i z pomoc\u0105 jakich mechanizm\u00f3w bia\u0142ko PIN przemieszcza si\u0119 na odpowiedni\u0105 stron\u0119 kom\u00f3rki oraz ustalenie, kt\u00f3ry ze znanych hormonalnych szlak\u00f3w sygna\u0142owych odgrywa kluczow\u0105 rol\u0119 w regeneracji tkanki waskularnej w obszarach uszkodzonych naci\u0119ciem.<\/span><\/p>\n<p>&nbsp;<\/p>\n<p>S\u0142owa kluczowe:<\/p>\n<ul>\n<li>auksyna<\/li>\n<li>komunikacja symplastowa<\/li>\n<li>\u015bciana kom\u00f3rkowa<\/li>\n<li>r\u00f3\u017cnicowanie kom\u00f3rek<\/li>\n<li>morfogeneza ro\u015blin<\/li>\n<\/ul>\n<div class=\"mt-3\"><\/div>\r\n                            <\/div>\r\n                            \r\n                            \r\n                        <\/div>\r\n                    <\/div>\r\n                <\/div>\r\n                <div class=\"text-modules \">\r\n                    <div class=\"container\">\r\n                        <h3 class=\"section-title section-title_border-bottom\">Sk\u0142ad zespo\u0142u:<\/h3> \r\n                        <div class=\"row m-0\">\r\n                            <div class=\"text-modules__content\">\r\n                                <\/p>\n<ol>\n<li><span style=\"font-size: 12pt;\"><strong>Dr Ewa Mazur<\/strong>\u00a0\u2013 lider zespo\u0142u<\/span><\/li>\n<li><span style=\"font-size: 12pt;\">Prof. dr hab. Ewa Kurczy\u0144ska<\/span><\/li>\n<li><span style=\"font-size: 12pt;\">Dr Anna Milewska-Hendel<\/span><\/li>\n<li><span style=\"font-size: 12pt;\">Dr Katarzyna Sala<\/span><\/li>\n<li><span style=\"font-size: 12pt;\">Dr Justyna Wr\u00f3bel-Marek<\/span><\/li>\n<li><span style=\"font-size: 12pt;\">Dr Kamila Godel-J\u0119drychowska<\/span><\/li>\n<\/ol>\n<div class=\"mt-3\"><\/div>\r\n                            <\/div>\r\n                            \r\n                            \r\n                        <\/div>\r\n                    <\/div>\r\n                <\/div>[\/vc_column][\/vc_row]<\/p>","protected":false},"excerpt":{"rendered":"<p>[vc_row][vc_column][\/vc_column][\/vc_row] [&#8230;]<\/p>\n<p><a class=\"btn btn-secondary understrap-read-more-link\" href=\"https:\/\/us.edu.pl\/instytut\/ibbios\/zespol-biologii-komorki-roslinnej\/\">Read More&#8230;<\/a><\/p>\n","protected":false},"author":4825,"featured_media":0,"parent":0,"menu_order":0,"comment_status":"closed","ping_status":"closed","template":"","meta":{"_expiration-date-status":"","_expiration-date":0,"_expiration-date-type":"","_expiration-date-categories":[],"_expiration-date-options":[]},"acf":[],"_links":{"self":[{"href":"https:\/\/us.edu.pl\/instytut\/ibbios\/wp-json\/wp\/v2\/pages\/5969"}],"collection":[{"href":"https:\/\/us.edu.pl\/instytut\/ibbios\/wp-json\/wp\/v2\/pages"}],"about":[{"href":"https:\/\/us.edu.pl\/instytut\/ibbios\/wp-json\/wp\/v2\/types\/page"}],"author":[{"embeddable":true,"href":"https:\/\/us.edu.pl\/instytut\/ibbios\/wp-json\/wp\/v2\/users\/4825"}],"replies":[{"embeddable":true,"href":"https:\/\/us.edu.pl\/instytut\/ibbios\/wp-json\/wp\/v2\/comments?post=5969"}],"version-history":[{"count":2,"href":"https:\/\/us.edu.pl\/instytut\/ibbios\/wp-json\/wp\/v2\/pages\/5969\/revisions"}],"predecessor-version":[{"id":6037,"href":"https:\/\/us.edu.pl\/instytut\/ibbios\/wp-json\/wp\/v2\/pages\/5969\/revisions\/6037"}],"wp:attachment":[{"href":"https:\/\/us.edu.pl\/instytut\/ibbios\/wp-json\/wp\/v2\/media?parent=5969"}],"curies":[{"name":"wp","href":"https:\/\/api.w.org\/{rel}","templated":true}]}}