{"id":5974,"date":"2023-03-28T11:42:24","date_gmt":"2023-03-28T09:42:24","guid":{"rendered":"https:\/\/us.edu.pl\/instytut\/ibbios\/?page_id=5974"},"modified":"2023-03-28T13:33:05","modified_gmt":"2023-03-28T11:33:05","slug":"zespol-ekologii","status":"publish","type":"page","link":"https:\/\/us.edu.pl\/instytut\/ibbios\/zespol-ekologii\/","title":{"rendered":"Zesp\u00f3\u0142 Ekologii"},"content":{"rendered":"<p>[vc_row][vc_column]\r\n                <div class=\"text-modules \">\r\n                    <div class=\"container\">\r\n                        <h3 class=\"section-title section-title_border-bottom\">Zesp\u00f3\u0142 Ekologii<\/h3> <h3 class=\"subtitle text-modules__subtitle\">Temat badawczy: Monitorowanie szkodliwych skutk\u00f3w wp\u0142ywu zanieczyszcze\u0144 na wybrane ekosystemy poprzez ocen\u0119 potencja\u0142u bioindykacyjnego wybranych gatunk\u00f3w ro\u015blin i zwierz\u0105t.<\/h3>\r\n                        <div class=\"row m-0\">\r\n                            <div class=\"text-modules__content\">\r\n                                Zosta\u0142y podj\u0119te i b\u0119d\u0105 kontynuowane badania bioindykacyjne wykorzystuj\u0105ce wybrane wska\u017aniki ekofizjologiczne ro\u015blin w wybranych ekosystemach (np. miejskich, le\u015bnych, rolniczych), oparte m.in. na analizach biochemicznych i morfologicznych wybranych parametr\u00f3w oraz b\u0119dzie oszacowana jako\u015b\u0107 gleby wybranych ekosystem\u00f3w w oparciu o analizy zgrupowa\u0144 mikrostawon\u00f3w (m.in. wska\u017anik jako\u015bci gleby QBS, gatunki wska\u017anikowe), a tak\u017ce aktywno\u015b\u0107 enzymatyczn\u0105 gleby. Wykazano najwy\u017csze st\u0119\u017cenia Cd, Cu, Ni, Pb i Zn stwierdzono w li\u015bciach <em>Vaccinium myrtillus<\/em>, kt\u00f3re by\u0142y nara\u017cone na emisje z huty cynku. Podobna tendencj\u0119 koncentracji wykazano w glebie. Okre\u015blono ryzyko ekologiczne za pomoc\u0105 wska\u017anika potencjalnego ryzyka ekologicznego (RI), bior\u0105c pod uwag\u0119 st\u0119\u017cenia metali ci\u0119\u017ckich, czynniki ryzyka ekologicznego i czynniki reakcji toksycznej. Skrajnie wysokie ryzyko ekologiczne oszacowano dla dw\u00f3ch miejsc poboru pr\u00f3b (Miasteczko \u015al\u0105skie i Bukowno), a znaczne ryzyko ekologiczne dla terenu \u0141osie\u0144.<\/p>\n<p>Dodatkowo wykazano, \u017ce Cd jest metalem, kt\u00f3ry stanowi najwi\u0119ksze zagro\u017cenie ekologiczne na badanych obszarach. Badane metale ci\u0119\u017ckie istotnie wp\u0142yn\u0119\u0142y na powierzchni\u0119, szeroko\u015b\u0107, obw\u00f3d, wsp\u00f3\u0142czynnik kszta\u0142tu i wska\u017anik okr\u0105g\u0142o\u015bci badanych li\u015bci bor\u00f3wki. W szczeg\u00f3lno\u015bci, wzrost zawarto\u015bci Mn w li\u015bciach bor\u00f3wki istotnie zmniejsza\u0142 te parametry (opr\u00f3cz wska\u017anika kszta\u0142tu).<\/p>\n<p>Badania b\u0119d\u0105 kontynuowane. Dodatkowym aspektem bada\u0144 b\u0119dzie poszerzenie i usystematyzowanie wiedzy na temat znaczenia bioindykacyjnego bada\u0144, a przede wszystkim wytypowanie najlepszych wska\u017anik\u00f3w \u201ezdrowia\u201d ro\u015blin i gleby, u\u017cytecznych do oceny jako\u015bci \u015brodowiska.<\/p>\n<p>&nbsp;<\/p>\n<p>S\u0142owa kluczowe:<\/p>\n<ul>\n<li>ekologia teren\u00f3w poddanych i niepoddanych antropopresji,<\/li>\n<li>bioindykacja,<\/li>\n<li>metale ci\u0119\u017ckie,<\/li>\n<li>ekofizjologia ro\u015blin,<\/li>\n<li>mikrostawonogi glebowe<\/li>\n<\/ul>\n<div class=\"mt-3\"><\/div>\r\n                            <\/div>\r\n                            \r\n                            \r\n                        <\/div>\r\n                    <\/div>\r\n                <\/div>\r\n                <div class=\"text-modules \">\r\n                    <div class=\"container\">\r\n                        <h3 class=\"section-title section-title_border-bottom\">Sk\u0142ad zespo\u0142u:<\/h3> \r\n                        <div class=\"row m-0\">\r\n                            <div class=\"text-modules__content\">\r\n                                <\/p>\n<ol>\n<li><span style=\"font-size: 12pt;\">\u00a0<a href=\"https:\/\/www.facebook.com\/zeko.wnp.us\/\"><strong>Dr hab. Aleksandra Nadg\u00f3rska \u2013 Socha, prof. U\u015a<\/strong><\/a>\u00a0\u2013 lider zespo\u0142u<\/span><\/li>\n<li><span style=\"font-size: 12pt;\">\u00a0Dr Gabriela Barczyk\u00a0<\/span><\/li>\n<li><span style=\"font-size: 12pt;\">\u00a0Dr hab. Ryszard Ciepa\u0142, prof. U\u015a\u00a0<\/span><\/li>\n<li><span style=\"font-size: 12pt;\">\u00a0Dr Marta Kandziora-Ciupa\u00a0<\/span><\/li>\n<\/ol>\n<div class=\"mt-3\"><\/div>\r\n                            <\/div>\r\n                            \r\n                            \r\n                        <\/div>\r\n                    <\/div>\r\n                <\/div>[\/vc_column][\/vc_row]<\/p>","protected":false},"excerpt":{"rendered":"<p>[vc_row][vc_column][\/vc_column][\/vc_row] [&#8230;]<\/p>\n<p><a class=\"btn btn-secondary understrap-read-more-link\" href=\"https:\/\/us.edu.pl\/instytut\/ibbios\/zespol-ekologii\/\">Read More&#8230;<\/a><\/p>\n","protected":false},"author":4825,"featured_media":0,"parent":0,"menu_order":0,"comment_status":"closed","ping_status":"closed","template":"","meta":{"_expiration-date-status":"","_expiration-date":0,"_expiration-date-type":"","_expiration-date-categories":[],"_expiration-date-options":[]},"acf":[],"_links":{"self":[{"href":"https:\/\/us.edu.pl\/instytut\/ibbios\/wp-json\/wp\/v2\/pages\/5974"}],"collection":[{"href":"https:\/\/us.edu.pl\/instytut\/ibbios\/wp-json\/wp\/v2\/pages"}],"about":[{"href":"https:\/\/us.edu.pl\/instytut\/ibbios\/wp-json\/wp\/v2\/types\/page"}],"author":[{"embeddable":true,"href":"https:\/\/us.edu.pl\/instytut\/ibbios\/wp-json\/wp\/v2\/users\/4825"}],"replies":[{"embeddable":true,"href":"https:\/\/us.edu.pl\/instytut\/ibbios\/wp-json\/wp\/v2\/comments?post=5974"}],"version-history":[{"count":2,"href":"https:\/\/us.edu.pl\/instytut\/ibbios\/wp-json\/wp\/v2\/pages\/5974\/revisions"}],"predecessor-version":[{"id":6040,"href":"https:\/\/us.edu.pl\/instytut\/ibbios\/wp-json\/wp\/v2\/pages\/5974\/revisions\/6040"}],"wp:attachment":[{"href":"https:\/\/us.edu.pl\/instytut\/ibbios\/wp-json\/wp\/v2\/media?parent=5974"}],"curies":[{"name":"wp","href":"https:\/\/api.w.org\/{rel}","templated":true}]}}