{"id":5976,"date":"2023-03-28T11:47:11","date_gmt":"2023-03-28T09:47:11","guid":{"rendered":"https:\/\/us.edu.pl\/instytut\/ibbios\/?page_id=5976"},"modified":"2023-03-28T13:36:21","modified_gmt":"2023-03-28T11:36:21","slug":"zespol-mikrobiologii-i-biotechnologii-srodowiskowej","status":"publish","type":"page","link":"https:\/\/us.edu.pl\/instytut\/ibbios\/zespol-mikrobiologii-i-biotechnologii-srodowiskowej\/","title":{"rendered":"Zesp\u00f3\u0142 Mikrobiologii i Biotechnologii \u015arodowiskowej"},"content":{"rendered":"<p>[vc_row][vc_column]\r\n                <div class=\"text-modules \">\r\n                    <div class=\"container\">\r\n                        <h3 class=\"section-title section-title_border-bottom\">Zesp\u00f3\u0142 Mikrobiologii i Biotechnologii \u015arodowiskowej<\/h3> <h3 class=\"subtitle text-modules__subtitle\">Tematy badawcze:<br \/>\n1) Charakterystyka p\u0119cherzyk\u00f3w bakterii Gram-ujemnych i ich rola w interakcjach ro\u015bliny-bakterie2) Wykorzystanie mikroorganizm\u00f3w (bakterie, grzyby mikoryzy arbuskularnej, grzyby ciemnoseptalne) w bio- i fitoremediacji teren\u00f3w zanieczyszczonych zwi\u0105zkami ropopochodnymi i metalami ci\u0119\u017ckimi3) Promieniowce i grzyby jako \u017ar\u00f3d\u0142o metabolit\u00f3w o antydrobnoustrojowej i przeciwnowotworowej aktywno\u015bci4) Ocena zdolno\u015bci mikroorganizm\u00f3w zwi\u0105zanych z w\u0119glem kamiennym do degradacji z\u0142o\u017conej materii organicznej5) Mikrobiologiczna analiza biomateria\u0142\u00f3w<\/h3>\r\n                        <div class=\"row m-0\">\r\n                            <div class=\"text-modules__content\">\r\n                                <span style=\"font-size: 12pt;\">Zewn\u0105trzb\u0142onowe p\u0119cherzyki bakterii Gram-ujemnych (OMV) pe\u0142ni\u0105 istotn\u0105 rol\u0119 w interakcjach pomi\u0119dzy ro\u015blinami i bakteriami. Planowane badania b\u0119d\u0105 si\u0119 koncentrowa\u0142y na poznaniu cargo OMV i ocenie ich wp\u0142ywu na wzrost i indukowanie oporno\u015bci u ro\u015blin. Szczepionki skomponowane na bazie glebowych i endofitycznych mikroorganizm\u00f3w bakterii i\/lub grzyb\u00f3w mog\u0105 zwi\u0119ksza\u0107 wydajno\u015b\u0107 fitoekstrakcji metali z gleby i fitodegradacji zwi\u0105zk\u00f3w ropopochodnych. Maj\u0105 one r\u00f3wnie\u017c istotne znaczenie dla poprawy odporno\u015bci\/tolerancji ro\u015blin na zanieczyszczenia obecne w glebie. W ramach tego zadania oceniany b\u0119dzie wp\u0142yw grzyb\u00f3w ciemnoseptalnych i\/lub bakterii na kondycj\u0119, wybrane parametry fizjologiczne ro\u015blin i aktywno\u015b\u0107 enzym\u00f3w antyoksydacyjnych oraz st\u0119\u017cenie w\u0119glowodor\u00f3w w glebie. <\/span><\/p>\n<p><span style=\"font-size: 12pt;\">R\u00f3\u017cnorodno\u015b\u0107 metabolit\u00f3w produkowanych przez promieniowce i grzyby strz\u0119pkowe sk\u0142ania do poszukiwania zwi\u0105zk\u00f3w o aktywno\u015bci antybakteryjnej, antygrzybowej i antynowotworowej. Do oceny potencja\u0142u tych mikroorganizm\u00f3w do syntezy zwi\u0105zk\u00f3w biologicznie aktywnych, obok zastosowania tradycyjnych metod hodowlanych, wykorzystana zostanie r\u00f3wnie\u017c analiza ich genom\u00f3w. Badania nad biomateria\u0142ami dotyczy\u0107 b\u0119d\u0105 wp\u0142ywu modyfikacji powierzchni na poziom adhezji, wzrostu oraz formowania biofilmu przez kom\u00f3rki mikroorganizm\u00f3w (bakterii Gram-dodatnich oraz Gram-ujemnych, a tak\u017ce grzyb\u00f3w) na powierzchni implant\u00f3w. Dodatkowo na implantach okre\u015blone zostan\u0105 st\u0119\u017cenia endotoksyn (lipopolisacharyd\u00f3w) bakteryjnych.<\/span><\/p>\n<p>&nbsp;<\/p>\n<p>S\u0142owa kluczowe:<\/p>\n<ul>\n<li>P\u0119cherzyki bakterii Gram-ujemnych (OMVs)<\/li>\n<li>Endofity<\/li>\n<li>Metabolity wt\u00f3rne<\/li>\n<li>Fitoremediacja<\/li>\n<li>Grzyby mikoryzy arbuskularnej<\/li>\n<\/ul>\n<div class=\"mt-3\"><\/div>\r\n                            <\/div>\r\n                            \r\n                            \r\n                        <\/div>\r\n                    <\/div>\r\n                <\/div>\r\n                <div class=\"text-modules \">\r\n                    <div class=\"container\">\r\n                        <h3 class=\"section-title section-title_border-bottom\">Sk\u0142ad zespo\u0142u:<\/h3> \r\n                        <div class=\"row m-0\">\r\n                            <div class=\"text-modules__content\">\r\n                                <\/p>\n<ol>\n<li><span style=\"font-size: 12pt;\"><strong>\u00a0Prof. dr hab. Zofia Piotrowska-Seget<\/strong>\u00a0\u2013 lider zespo\u0142u<\/span><\/li>\n<li><span style=\"font-size: 12pt;\">\u00a0Dr Katarzyna Kasperkiewicz<\/span><\/li>\n<li><span style=\"font-size: 12pt;\">\u00a0Dr Franco Magurno\u00a0<\/span><\/li>\n<li><span style=\"font-size: 12pt;\">\u00a0Dr Monika Malicka\u00a0<\/span><\/li>\n<li><span style=\"font-size: 12pt;\">\u00a0Dr Magdalena Noszczy\u0144ska<\/span><\/li>\n<li><span style=\"font-size: 12pt;\">\u00a0Dr Ma\u0142gorzata Pawlik<\/span><\/li>\n<li><span style=\"font-size: 12pt;\">\u00a0Dr Ma\u0142gorzata Rudnicka<\/span><\/li>\n<li><span style=\"font-size: 12pt;\">\u00a0Dr Piotr Siupka<\/span><\/li>\n<li><span style=\"font-size: 12pt;\">\u00a0Mgr Paulina Biniecka<\/span><\/li>\n<li><span style=\"font-size: 12pt;\">\u00a0Mgr Iryna Bodnaruk<\/span><\/li>\n<li><span style=\"font-size: 12pt;\">\u00a0Mgr Adam Krain<\/span><\/li>\n<li><span style=\"font-size: 12pt;\">\u00a0Mgr Klaudia Peczyk<\/span><\/li>\n<\/ol>\n<div class=\"mt-3\"><\/div>\r\n                            <\/div>\r\n                            \r\n                            \r\n                        <\/div>\r\n                    <\/div>\r\n                <\/div>[\/vc_column][\/vc_row]<\/p>","protected":false},"excerpt":{"rendered":"<p>[vc_row][vc_column][\/vc_column][\/vc_row] [&#8230;]<\/p>\n<p><a class=\"btn btn-secondary understrap-read-more-link\" href=\"https:\/\/us.edu.pl\/instytut\/ibbios\/zespol-mikrobiologii-i-biotechnologii-srodowiskowej\/\">Read More&#8230;<\/a><\/p>\n","protected":false},"author":4825,"featured_media":0,"parent":0,"menu_order":0,"comment_status":"closed","ping_status":"closed","template":"","meta":{"_expiration-date-status":"","_expiration-date":0,"_expiration-date-type":"","_expiration-date-categories":[],"_expiration-date-options":[]},"acf":[],"_links":{"self":[{"href":"https:\/\/us.edu.pl\/instytut\/ibbios\/wp-json\/wp\/v2\/pages\/5976"}],"collection":[{"href":"https:\/\/us.edu.pl\/instytut\/ibbios\/wp-json\/wp\/v2\/pages"}],"about":[{"href":"https:\/\/us.edu.pl\/instytut\/ibbios\/wp-json\/wp\/v2\/types\/page"}],"author":[{"embeddable":true,"href":"https:\/\/us.edu.pl\/instytut\/ibbios\/wp-json\/wp\/v2\/users\/4825"}],"replies":[{"embeddable":true,"href":"https:\/\/us.edu.pl\/instytut\/ibbios\/wp-json\/wp\/v2\/comments?post=5976"}],"version-history":[{"count":3,"href":"https:\/\/us.edu.pl\/instytut\/ibbios\/wp-json\/wp\/v2\/pages\/5976\/revisions"}],"predecessor-version":[{"id":6041,"href":"https:\/\/us.edu.pl\/instytut\/ibbios\/wp-json\/wp\/v2\/pages\/5976\/revisions\/6041"}],"wp:attachment":[{"href":"https:\/\/us.edu.pl\/instytut\/ibbios\/wp-json\/wp\/v2\/media?parent=5976"}],"curies":[{"name":"wp","href":"https:\/\/api.w.org\/{rel}","templated":true}]}}