{"id":5991,"date":"2023-03-28T12:09:33","date_gmt":"2023-03-28T10:09:33","guid":{"rendered":"https:\/\/us.edu.pl\/instytut\/ibbios\/?page_id=5991"},"modified":"2023-03-28T13:38:20","modified_gmt":"2023-03-28T11:38:20","slug":"zespol-botaniki-i-ochrony-przyrody","status":"publish","type":"page","link":"https:\/\/us.edu.pl\/instytut\/ibbios\/zespol-botaniki-i-ochrony-przyrody\/","title":{"rendered":"Zesp\u00f3\u0142 Botaniki i Ochrony Przyrody"},"content":{"rendered":"<p>[vc_row][vc_column]\r\n                <div class=\"text-modules \">\r\n                    <div class=\"container\">\r\n                        <h3 class=\"section-title section-title_border-bottom\">Zesp\u00f3\u0142 Botaniki i Ochrony Przyrody<\/h3> <h3 class=\"subtitle text-modules__subtitle\">Temat badawczy: Identyfikacja, ocena i minimalizacja zagro\u017ce\u0144 szaty ro\u015blinnej oraz funkcjonowania ekosystem\u00f3w ze szczeg\u00f3lnym uwzgl\u0119dnieniem zmian klimatycznych i zjawiska inwazji biologicznych<\/h3>\r\n                        <div class=\"row m-0\">\r\n                            <div class=\"text-modules__content\">\r\n                                <span style=\"font-size: 12pt;\">Problematyka badawcza zespo\u0142u obejmuje zagadnienia:<\/span><\/p>\n<ol>\n<li><span style=\"font-size: 12pt;\">Rewizji taksonomicznych krytycznych ro\u015blin naczyniowych w oparciu o mikromorfologi\u0119 organ\u00f3w nadziemnych oraz rozpoznania zwi\u0105zk\u00f3w filogeograficznych mi\u0119dzy grupami populacji gatunk\u00f3w dysjunktywnych w Europie;<\/span><\/li>\n<li><span style=\"font-size: 12pt;\">Proces\u00f3w adaptacyjnych ro\u015blin do warunk\u00f3w \u015brodowiska, wyra\u017cone zmienno\u015bci\u0105 wewn\u0105trzgatunkow\u0105 cech funkcjonalnych osobnik\u00f3w, uk\u0142ad\u00f3w mikoryzowych i wzorc\u00f3w rozmieszczenia metalofit\u00f3w wraz z okre\u015bleniem mo\u017cliwo\u015bci wykorzystania ich w fitoindykacji;<\/span><\/li>\n<li><span style=\"font-size: 12pt;\">Identyfikacji czynnik\u00f3w biotycznych i abiotycznych wp\u0142ywaj\u0105cych na kszta\u0142towanie ro\u015blinno\u015bci teren\u00f3w miejsko-przemys\u0142owych w aspekcie ich rewitalizacji oraz analizy mechanizm\u00f3w reakcji i adaptacji gatunk\u00f3w do \u015brodowiskowych czynnik\u00f3w stresowych;<\/span><\/li>\n<li><span style=\"font-size: 12pt;\">Inwazji biologicznych w zakresie\u00a0 taksonomii, biologii, ekologii, zmienno\u015bci genetycznej\u00a0 populacji\u00a0 inwazyjnych gatunk\u00f3w ro\u015blin obcego pochodzenia, historii ich wprowadzenia i rozprzestrzeniania si\u0119 oraz wp\u0142ywu na r\u00f3\u017cnorodno\u015b\u0107 biologiczn\u0105 i gospodark\u0119, z uwzgl\u0119dnieniem przepis\u00f3w prawnych i zarz\u0105dzania zasobami.<\/span><\/li>\n<li><span style=\"font-size: 12pt;\">Identyfikacji i oceny zr\u00f3\u017cnicowania szaty ro\u015blinnej i funkcji ekosystem\u00f3w teren\u00f3w miejsko-przemys\u0142owych, w tym pog\u00f3rniczych, wraz z analiz\u0105 zmienno\u015bci cech funkcjonalnych gatunk\u00f3w ro\u015blin rodzimych i obcego pochodzenia na siedliskach typu \u201c<em>novel ecosystems<\/em>\u201d.<\/span><\/li>\n<li><span style=\"font-size: 12pt;\">Wdra\u017cania dobrych praktyk w zarz\u0105dzaniu i ochronie siedlisk przyrodniczych na przyk\u0142adzie muraw galmanowych.<\/span><\/li>\n<li><span style=\"font-size: 12pt;\">Analizy rozmieszczenia ro\u015blin naczyniowych i mszak\u00f3w na Wy\u017cynie \u015al\u0105skiej na tle stosunk\u00f3w geobotanicznych tego makroregionu.<\/span><\/li>\n<\/ol>\n<p>&nbsp;<\/p>\n<p>&nbsp;<\/p>\n<p>S\u0142owa kluczowe:<\/p>\n<ul>\n<li>taksonomia ro\u015blin i fitogeografia<\/li>\n<li>r\u00f3\u017cnorodno\u015b\u0107 flory i ro\u015blinno\u015bci<\/li>\n<li>procesy adaptacyjne ro\u015blin<\/li>\n<li>inwazyjne gatunki obce.<\/li>\n<li>funkcje ekosystem\u00f3w teren\u00f3w miejsko-przemys\u0142owych<\/li>\n<\/ul>\n<div class=\"mt-3\"><\/div>\r\n                            <\/div>\r\n                            \r\n                            \r\n                        <\/div>\r\n                    <\/div>\r\n                <\/div>\r\n                <div class=\"text-modules \">\r\n                    <div class=\"container\">\r\n                        <h3 class=\"section-title section-title_border-bottom\">Sk\u0142ad zespo\u0142u:<\/h3> \r\n                        <div class=\"row m-0\">\r\n                            <div class=\"text-modules__content\">\r\n                                <\/p>\n<ol>\n<li><span style=\"font-size: 12pt;\"><strong>\u00a0Prof. dr hab. Adam Rosta\u0144ski<\/strong>\u00a0\u2013 lider zespo\u0142u<\/span><\/li>\n<li><span style=\"font-size: 12pt;\">\u00a0Dr Katarzyna Bzd\u0119ga\u00a0<\/span><\/li>\n<li><span style=\"font-size: 12pt;\">\u00a0Dr hab. Barbara Fojcik\u00a0<\/span><\/li>\n<li><span style=\"font-size: 12pt;\">\u00a0Dr Kornelia Gudy\u015b\u00a0<\/span><\/li>\n<li><span style=\"font-size: 12pt;\">\u00a0Dr hab. Agnieszka Kompa\u0142a-B\u0105ba, prof. U\u015a\u00a0<\/span><\/li>\n<li><span style=\"font-size: 12pt;\">\u00a0Dr hab. Pawe\u0142 Kwiatkowski, prof. U\u015a\u00a0<\/span><\/li>\n<li><span style=\"font-size: 12pt;\">\u00a0Dr hab. Edyta Sierka, prof. U\u015a<\/span><\/li>\n<li><span style=\"font-size: 12pt;\">\u00a0Prof. dr hab. Barbara Tokarska-Guzik<\/span><\/li>\n<li><span style=\"font-size: 12pt;\">\u00a0Dr hab. Alina Urbisz<\/span><\/li>\n<li><span style=\"font-size: 12pt;\">\u00a0Dr hab. Andrzej Urbisz, prof. U\u015a<\/span><\/li>\n<li><span style=\"font-size: 12pt;\">\u00a0Dr hab. Gabriela Wo\u017aniak, prof. U\u015a<\/span><\/li>\n<li><span style=\"font-size: 12pt;\">\u00a0Dr Agnieszka B\u0142o\u0144ska\u00a0<\/span><\/li>\n<li><span style=\"font-size: 12pt;\">\u00a0Dr Teresa Nowak\u00a0<\/span><\/li>\n<li><span style=\"font-size: 12pt;\">\u00a0Dr Wojciech Bierza<\/span><\/li>\n<li><span style=\"font-size: 12pt;\">\u00a0Dr Izabela Gerold-\u015amieta\u0144ska<\/span><\/li>\n<li><span style=\"font-size: 12pt;\">\u00a0Dr Agnieszka Hutniczak<\/span><\/li>\n<li><span style=\"font-size: 12pt;\">\u00a0Dr Monika J\u0119drzejczyk-Koryci\u0144ska<\/span><\/li>\n<li><span style=\"font-size: 12pt;\">\u00a0Mgr Jadwiga Pojnar\u00a0<\/span><\/li>\n<li><span style=\"font-size: 12pt;\">\u00a0Dr Adrian Zarychta<\/span><\/li>\n<li><span style=\"font-size: 12pt;\">\u00a0Mgr in\u017c. Magdalena Biela<\/span><\/li>\n<li><span style=\"font-size: 12pt;\">\u00a0Mgr Robert Hanczaruk\u00a0<\/span><\/li>\n<li><span style=\"font-size: 12pt;\">\u00a0Mgr Ewa Szwajczak<\/span><\/li>\n<li><span style=\"font-size: 12pt;\">\u00a0Mgr Mariusz Wierzgo\u0144<\/span><\/li>\n<li><span style=\"font-size: 12pt;\">\u00a0Dr hab. Beata Babczy\u0144ska-Sendek<\/span><\/li>\n<\/ol>\n<div class=\"mt-3\"><\/div>\r\n                            <\/div>\r\n                            \r\n                            \r\n                        <\/div>\r\n                    <\/div>\r\n                <\/div>[\/vc_column][\/vc_row]<\/p>","protected":false},"excerpt":{"rendered":"<p>[vc_row][vc_column][\/vc_column][\/vc_row] [&#8230;]<\/p>\n<p><a class=\"btn btn-secondary understrap-read-more-link\" href=\"https:\/\/us.edu.pl\/instytut\/ibbios\/zespol-botaniki-i-ochrony-przyrody\/\">Read More&#8230;<\/a><\/p>\n","protected":false},"author":4825,"featured_media":0,"parent":0,"menu_order":0,"comment_status":"closed","ping_status":"closed","template":"","meta":{"_expiration-date-status":"","_expiration-date":0,"_expiration-date-type":"","_expiration-date-categories":[],"_expiration-date-options":[]},"acf":[],"_links":{"self":[{"href":"https:\/\/us.edu.pl\/instytut\/ibbios\/wp-json\/wp\/v2\/pages\/5991"}],"collection":[{"href":"https:\/\/us.edu.pl\/instytut\/ibbios\/wp-json\/wp\/v2\/pages"}],"about":[{"href":"https:\/\/us.edu.pl\/instytut\/ibbios\/wp-json\/wp\/v2\/types\/page"}],"author":[{"embeddable":true,"href":"https:\/\/us.edu.pl\/instytut\/ibbios\/wp-json\/wp\/v2\/users\/4825"}],"replies":[{"embeddable":true,"href":"https:\/\/us.edu.pl\/instytut\/ibbios\/wp-json\/wp\/v2\/comments?post=5991"}],"version-history":[{"count":2,"href":"https:\/\/us.edu.pl\/instytut\/ibbios\/wp-json\/wp\/v2\/pages\/5991\/revisions"}],"predecessor-version":[{"id":6044,"href":"https:\/\/us.edu.pl\/instytut\/ibbios\/wp-json\/wp\/v2\/pages\/5991\/revisions\/6044"}],"wp:attachment":[{"href":"https:\/\/us.edu.pl\/instytut\/ibbios\/wp-json\/wp\/v2\/media?parent=5991"}],"curies":[{"name":"wp","href":"https:\/\/api.w.org\/{rel}","templated":true}]}}