{"id":5993,"date":"2023-03-28T12:12:01","date_gmt":"2023-03-28T10:12:01","guid":{"rendered":"https:\/\/us.edu.pl\/instytut\/ibbios\/?page_id=5993"},"modified":"2023-03-28T13:39:13","modified_gmt":"2023-03-28T11:39:13","slug":"zespol-ekofizjologii-roslin","status":"publish","type":"page","link":"https:\/\/us.edu.pl\/instytut\/ibbios\/zespol-ekofizjologii-roslin\/","title":{"rendered":"Zesp\u00f3\u0142 Ekofizjologii Ro\u015blin"},"content":{"rendered":"<p>[vc_row][vc_column]\r\n                <div class=\"text-modules \">\r\n                    <div class=\"container\">\r\n                        <h3 class=\"section-title section-title_border-bottom\">Zesp\u00f3\u0142 Ekofizjologii Ro\u015blin<\/h3> <h3 class=\"subtitle text-modules__subtitle\">Temat badawczy: Badanie ekofizjologii r\u00f3\u017cnych gatunk\u00f3w ro\u015blin nara\u017conych na stres abiotyczny, ze szczeg\u00f3lnym uwzgl\u0119dnieniem pseudo-metalofit\u00f3w.<\/h3>\r\n                        <div class=\"row m-0\">\r\n                            <div class=\"text-modules__content\">\r\n                                <span style=\"font-size: 12pt;\">G\u0142\u00f3wnym tematem badawczy podejmowanym w zespole jest ekofizjologia ro\u015blin zaliczanych do grupy pseudo-metalofit\u00f3w. Badania prowadzone s\u0105 <em>in situ<\/em>, jak i w warunkach kontrolowanych. Obiektami badawczymi s\u0105 <em>Arabidopsis halleri<\/em>, modelowy hyperakumulator Cd i Zn, oraz <em>Arabidopsis arenosa<\/em> b\u0119d\u0105cy gatunkiem modelowym w badaniu naturalnej autoteraploidyzacji. Dzi\u0119ki badaniom naszego zespo\u0142u <em>Arabidopsis arenosa<\/em> mo\u017ce by\u0107 uznana jako hyperakumulator Cd i Zn. <\/span><\/p>\n<p><span style=\"font-size: 12pt;\">W najbli\u017cszym czasie planujemy zbada\u0107 u <em>A. arenosa<\/em> i <em>A. halleri<\/em> stan fizjologiczny ro\u015blin w odpowiedzi na r\u00f3\u017cne czynniki abiotyczne, w tym metale ci\u0119\u017ckie, stosuj\u0105c takie metody jak: pomiary fluorescencji chlorofilu, zawarto\u015bci barwnik\u00f3w, poziomu stresu oksydacyjnego czy wymiany gazowej ro\u015blin. Dodatkowo wykorzystywanymi metodami b\u0119d\u0105 tak\u017ce RT-qPCR i sekwencjonowanie. <\/span><\/p>\n<p><span style=\"font-size: 12pt;\">Ponadto zamierzamy r\u00f3wnie\u017c pracowa\u0107 nad takimi zagadnieniami, jak ekofizjologia wybranych gatunk\u00f3w drzewiastych, wp\u0142yw r\u00f3\u017cnych stres\u00f3w abiotycznych na stan fizjologiczny konopi, czy pr\u00f3by monitorowania zanieczyszczenia gleby mikroplastikiem.<\/span><\/p>\n<p>&nbsp;<\/p>\n<p>S\u0142owa kluczowe:<\/p>\n<ul>\n<li>ekofizjologia ro\u015blin<\/li>\n<li>metale ci\u0119\u017ckie<\/li>\n<li>stres abiotyczny<\/li>\n<li>fotosynteza<\/li>\n<\/ul>\n<div class=\"mt-3\"><\/div>\r\n                            <\/div>\r\n                            \r\n                            \r\n                        <\/div>\r\n                    <\/div>\r\n                <\/div>\r\n                <div class=\"text-modules \">\r\n                    <div class=\"container\">\r\n                        <h3 class=\"section-title section-title_border-bottom\">Sk\u0142ad zespo\u0142u:<\/h3> \r\n                        <div class=\"row m-0\">\r\n                            <div class=\"text-modules__content\">\r\n                                <\/p>\n<ol>\n<li><span style=\"font-size: 12pt;\"><strong>\u00a0Dr Krzysztof Sitko<\/strong>\u00a0\u2013 lider zespo\u0142u<\/span><\/li>\n<li><span style=\"font-size: 12pt;\">\u00a0Dr Karolina Bierza<\/span><\/li>\n<li><span style=\"font-size: 12pt;\">\u00a0Dr Micha\u0142 Ludynia<\/span><\/li>\n<li><span style=\"font-size: 12pt;\">\u00a0Dr hab. Eugeniusz Ma\u0142kowski, prof. U\u015a<\/span><\/li>\n<li><span style=\"font-size: 12pt;\">\u00a0Dr Ma\u0142gorzata Rudnicka\u00a0<\/span><\/li>\n<li><span style=\"font-size: 12pt;\">\u00a0Dr Agnieszka Siemieniuk<\/span><\/li>\n<li><span style=\"font-size: 12pt;\">\u00a0Ewa Andrysek<\/span><\/li>\n<li><span style=\"font-size: 12pt;\">\u00a0Dr Zbigniew Burdach<\/span><\/li>\n<li><span style=\"font-size: 12pt;\">\u00a0Mgr Maja Piegza<\/span><\/li>\n<li><span style=\"font-size: 12pt;\">\u00a0Mgr \u017baneta Giero\u0144<\/span><\/li>\n<li><span style=\"font-size: 12pt;\">\u00a0Mgr Paulina Ziele\u017anik-Rusinowska\u00a0<\/span><\/li>\n<\/ol>\n<div class=\"mt-3\"><\/div>\r\n                            <\/div>\r\n                            \r\n                            \r\n                        <\/div>\r\n                    <\/div>\r\n                <\/div>[\/vc_column][\/vc_row]<\/p>","protected":false},"excerpt":{"rendered":"<p>[vc_row][vc_column][\/vc_column][\/vc_row] [&#8230;]<\/p>\n<p><a class=\"btn btn-secondary understrap-read-more-link\" href=\"https:\/\/us.edu.pl\/instytut\/ibbios\/zespol-ekofizjologii-roslin\/\">Read More&#8230;<\/a><\/p>\n","protected":false},"author":4825,"featured_media":0,"parent":0,"menu_order":0,"comment_status":"closed","ping_status":"closed","template":"","meta":{"_expiration-date-status":"","_expiration-date":0,"_expiration-date-type":"","_expiration-date-categories":[],"_expiration-date-options":[]},"acf":[],"_links":{"self":[{"href":"https:\/\/us.edu.pl\/instytut\/ibbios\/wp-json\/wp\/v2\/pages\/5993"}],"collection":[{"href":"https:\/\/us.edu.pl\/instytut\/ibbios\/wp-json\/wp\/v2\/pages"}],"about":[{"href":"https:\/\/us.edu.pl\/instytut\/ibbios\/wp-json\/wp\/v2\/types\/page"}],"author":[{"embeddable":true,"href":"https:\/\/us.edu.pl\/instytut\/ibbios\/wp-json\/wp\/v2\/users\/4825"}],"replies":[{"embeddable":true,"href":"https:\/\/us.edu.pl\/instytut\/ibbios\/wp-json\/wp\/v2\/comments?post=5993"}],"version-history":[{"count":2,"href":"https:\/\/us.edu.pl\/instytut\/ibbios\/wp-json\/wp\/v2\/pages\/5993\/revisions"}],"predecessor-version":[{"id":6045,"href":"https:\/\/us.edu.pl\/instytut\/ibbios\/wp-json\/wp\/v2\/pages\/5993\/revisions\/6045"}],"wp:attachment":[{"href":"https:\/\/us.edu.pl\/instytut\/ibbios\/wp-json\/wp\/v2\/media?parent=5993"}],"curies":[{"name":"wp","href":"https:\/\/api.w.org\/{rel}","templated":true}]}}