{"id":5995,"date":"2023-03-28T12:17:09","date_gmt":"2023-03-28T10:17:09","guid":{"rendered":"https:\/\/us.edu.pl\/instytut\/ibbios\/?page_id=5995"},"modified":"2023-03-28T13:39:54","modified_gmt":"2023-03-28T11:39:54","slug":"zespol-hydrobiologii","status":"publish","type":"page","link":"https:\/\/us.edu.pl\/instytut\/ibbios\/zespol-hydrobiologii\/","title":{"rendered":"Zesp\u00f3\u0142 Hydrobiologii"},"content":{"rendered":"<p>[vc_row][vc_column]\r\n                <div class=\"text-modules \">\r\n                    <div class=\"container\">\r\n                        <h3 class=\"section-title section-title_border-bottom\">Zesp\u00f3\u0142 Hydrobiologii<\/h3> <h3 class=\"subtitle text-modules__subtitle\">Temat badawczy: R\u00f3\u017cnorodno\u015b\u0107 biologiczna i genetyczna wodnych organizm\u00f3w ro\u015blinnych i zwierz\u0119cych w warunkach naturalnych oraz w zr\u00f3\u017cnicowanej antropresji w kontek\u015bcie globalnych zmian \u015brodowiskowych<\/h3>\r\n                        <div class=\"row m-0\">\r\n                            <div class=\"text-modules__content\">\r\n                                <span id=\"page37R_mcid8\" class=\"markedContent\" style=\"font-size: 12pt;\"><span dir=\"ltr\" role=\"presentation\">Zesp\u00f3\u0142 prowadzi badania<\/span> <span dir=\"ltr\" role=\"presentation\">nad ocen\u0105<\/span> <span dir=\"ltr\" role=\"presentation\">r\u00f3\u017cnorodno\u015bci biologicznej i genetycznej <\/span><span dir=\"ltr\" role=\"presentation\">bezkr\u0119gowc\u00f3w<\/span> <span dir=\"ltr\" role=\"presentation\">bentosowych<\/span> <span dir=\"ltr\" role=\"presentation\">w<\/span> <span dir=\"ltr\" role=\"presentation\">ekosystemach<\/span> <span dir=\"ltr\" role=\"presentation\">wodnych<\/span> <span dir=\"ltr\" role=\"presentation\">naturalny<\/span><span dir=\"ltr\" role=\"presentation\">ch<\/span> <span dir=\"ltr\" role=\"presentation\">oraz <\/span><span dir=\"ltr\" role=\"presentation\">funkcjonuj\u0105cych<\/span> <span dir=\"ltr\" role=\"presentation\">w<\/span> <span dir=\"ltr\" role=\"presentation\">warunkach<\/span> <span dir=\"ltr\" role=\"presentation\">zr\u00f3\u017cnicowanej<\/span> <span dir=\"ltr\" role=\"presentation\">antropopresji,<\/span> <span dir=\"ltr\" role=\"presentation\">wpisuj\u0105ce<\/span> <span dir=\"ltr\" role=\"presentation\">si\u0119<\/span> <span dir=\"ltr\" role=\"presentation\">we <\/span><span dir=\"ltr\" role=\"presentation\">wsp\u00f3\u0142czesne<\/span> <span dir=\"ltr\" role=\"presentation\">trendy<\/span> <span dir=\"ltr\" role=\"presentation\">bada\u0144<\/span> <span dir=\"ltr\" role=\"presentation\">hydrobiologicznych<\/span> <span dir=\"ltr\" role=\"presentation\">zwi\u0105zanych<\/span> <span dir=\"ltr\" role=\"presentation\">z<\/span> <span dir=\"ltr\" role=\"presentation\">wp\u0142ywem <\/span><span dir=\"ltr\" role=\"presentation\">zanieczyszcze\u0144 \u015brodowiska, inwazji biologicznych i globalnych zmian klimatu na<\/span><br role=\"presentation\" \/><span dir=\"ltr\" role=\"presentation\">biocenozy wodne. Prowadzimy ba<\/span><span dir=\"ltr\" role=\"presentation\">dania nad wp\u0142ywem zasolenia w\u00f3d na biocenozy <\/span><span dir=\"ltr\" role=\"presentation\">wodne oraz rozprzestrzenianiem si\u0119 w \u015brodowiskach wodnych obcych gatunk\u00f3w <\/span><span dir=\"ltr\" role=\"presentation\">bezkr\u0119gowc\u00f3w bentosowych<\/span><span dir=\"ltr\" role=\"presentation\">, w tym<\/span> <span dir=\"ltr\" role=\"presentation\"><em>Potamopyrgus antipodarum<\/em><\/span><em><span dir=\"ltr\" role=\"presentation\">.<\/span><\/em> <\/span><\/p>\n<p><span id=\"page37R_mcid8\" class=\"markedContent\" style=\"font-size: 12pt;\"><span dir=\"ltr\" role=\"presentation\">W ramach tematu <\/span><span dir=\"ltr\" role=\"presentation\">badawczego prowadzimy<\/span> <span dir=\"ltr\" role=\"presentation\">badania nad wp\u0142ywem farmaceutyk\u00f3w na orga<\/span><span dir=\"ltr\" role=\"presentation\">nizmy <\/span><span dir=\"ltr\" role=\"presentation\">wodne<\/span><span dir=\"ltr\" role=\"presentation\">,<\/span> <span dir=\"ltr\" role=\"presentation\">bioakumulacj\u0105 metali ci\u0119\u017ckich w tkankach zwierz\u0105t<\/span><span dir=\"ltr\" role=\"presentation\">,<\/span> <span dir=\"ltr\" role=\"presentation\">badania inwazyjnych <\/span><span dir=\"ltr\" role=\"presentation\">gatunk\u00f3w ro\u015blin wodnych<\/span> <span dir=\"ltr\" role=\"presentation\">w aspekcie cech funkcjonalnych<\/span> <span dir=\"ltr\" role=\"presentation\">r\u00f3\u017cnych<\/span> <span dir=\"ltr\" role=\"presentation\">gatunk\u00f3w<\/span><span dir=\"ltr\" role=\"presentation\">, <\/span><span dir=\"ltr\" role=\"presentation\">badania<\/span> <span dir=\"ltr\" role=\"presentation\">genetyczne<\/span> <span dir=\"ltr\" role=\"presentation\">nad<\/span> <span dir=\"ltr\" role=\"presentation\">zr\u00f3\u017cnicowani<\/span><span dir=\"ltr\" role=\"presentation\">em<\/span> <span dir=\"ltr\" role=\"presentation\">organizm\u00f3w<\/span> <span dir=\"ltr\" role=\"presentation\">wodnych<\/span> <span dir=\"ltr\" role=\"presentation\">w<\/span> <span dir=\"ltr\" role=\"presentation\">r\u00f3\u017cnych <\/span><span dir=\"ltr\" role=\"presentation\">aspektach. <\/span><\/span><\/p>\n<p><span id=\"page37R_mcid8\" class=\"markedContent\" style=\"font-size: 12pt;\"><span dir=\"ltr\" role=\"presentation\">We wsp\u00f3\u0142pracy z praco<\/span><span dir=\"ltr\" role=\"presentation\">wnikami Instytutu<\/span> <span dir=\"ltr\" role=\"presentation\">Nauk o<\/span> <span dir=\"ltr\" role=\"presentation\">Ziemi WNP<\/span> <span dir=\"ltr\" role=\"presentation\">U\u015a <\/span><span dir=\"ltr\" role=\"presentation\">kontynu<\/span><span dir=\"ltr\" role=\"presentation\">ujemy<\/span> <span dir=\"ltr\" role=\"presentation\">badania nad r\u00f3\u017cnorodno\u015bci\u0105 fauny dennej i flory w zbiornikach <\/span><span dir=\"ltr\" role=\"presentation\">powsta\u0142ych w lejach po bombach z okresu II Wojny \u015awiatowej<\/span><span dir=\"ltr\" role=\"presentation\">.<\/span> <span dir=\"ltr\" role=\"presentation\">W ramach projektu <\/span><span dir=\"ltr\" role=\"presentation\">Life Brine Mining we wsp\u00f3\u0142pracy z partnerami zagranicznymi kontyn<\/span><span dir=\"ltr\" role=\"presentation\">uujemy badania<\/span><br role=\"presentation\" \/><span dir=\"ltr\" role=\"presentation\">nad wp\u0142ywem zasolenia<\/span> <span dir=\"ltr\" role=\"presentation\">na jako\u015b\u0107 w\u00f3d rzecznych.<\/span> <span dir=\"ltr\" role=\"presentation\">W<\/span><span dir=\"ltr\" role=\"presentation\">e<\/span> <span dir=\"ltr\" role=\"presentation\">wsp\u00f3\u0142pracy z Instytutem <\/span><span dir=\"ltr\" role=\"presentation\">In\u017cynierii \u015arodowiska Uniwersytetu Przyrodniczego we Wroc\u0142awiu przeprowadzi<\/span><span dir=\"ltr\" role=\"presentation\">my <\/span><span dir=\"ltr\" role=\"presentation\">badania<\/span> <span dir=\"ltr\" role=\"presentation\">monitoringowe<\/span> <span dir=\"ltr\" role=\"presentation\">rzeki<\/span> <span dir=\"ltr\" role=\"presentation\">B\u00f3br<\/span><span dir=\"ltr\" role=\"presentation\">.<\/span> <\/span><\/p>\n<p><span id=\"page37R_mcid8\" class=\"markedContent\" style=\"font-size: 12pt;\"><span dir=\"ltr\" role=\"presentation\">Cz\u0142onkowie<\/span> <span dir=\"ltr\" role=\"presentation\">Zespo\u0142u<\/span> <span dir=\"ltr\" role=\"presentation\">Hydrobiologii<\/span> <span dir=\"ltr\" role=\"presentation\">zostali <span id=\"page39R_mcid0\" class=\"markedContent\">powo\u0142ani do prac Mi\u0119dzywojew\u00f3dzkiego zespo\u0142u eksperckiego ds. dzia\u0142a\u0144 ratunkowych w zwi\u0105zku z katastrof\u0105 ekologiczn\u0105 na rzece Odrze powo\u0142anego przez Marsza\u0142k\u00f3w wojew\u00f3dztw:\u00a0 zachodniopomorskiego, lubuskiego, dolno\u015bl\u0105skiego oraz opolskiego. Do zada\u0144 zespo\u0142u nale\u017c\u0105 m.in. badania bentosu Odry w g\u00f3rnym jej biegu.<\/span><\/span><\/span><\/p>\n<p>&nbsp;<\/p>\n<p>S\u0142owa kluczowe:<\/p>\n<ul>\n<li>inwazje biologiczne,<\/li>\n<li>monitoring w\u00f3d,<\/li>\n<li>zanieczyszczenia w\u00f3d,<\/li>\n<li>zbiorniki antropogeniczne,<\/li>\n<li>makrobezkr\u0119gowce bentosowe<\/li>\n<\/ul>\n<p>&nbsp;<\/p>\n<p><a href=\"https:\/\/www.facebook.com\/Zesp%C3%B3%C5%82-Hydrobiologii-U%C5%9A-100420898571390\">Facebook zespo\u0142u<\/a> \r\n                                <div class=\"mt-3\"><\/div>\r\n                            <\/div>\r\n                            \r\n                            \r\n                        <\/div>\r\n                    <\/div>\r\n                <\/div>\r\n                <div class=\"text-modules \">\r\n                    <div class=\"container\">\r\n                        <h3 class=\"section-title section-title_border-bottom\">Sk\u0142ad zespo\u0142u:<\/h3> \r\n                        <div class=\"row m-0\">\r\n                            <div class=\"text-modules__content\">\r\n                                <\/p>\n<ol>\n<li><span style=\"font-size: 12pt;\"><strong>\u00a0Dr hab. Aneta Spyra, prof. U\u015a<\/strong>\u00a0\u2013 lider zespo\u0142u<\/span><\/li>\n<li><span style=\"font-size: 12pt;\">Dr Anna Cieplok<\/span><\/li>\n<li><span style=\"font-size: 12pt;\">Dr hab. Izabella Franiel\u00a0<\/span><\/li>\n<li><span style=\"font-size: 12pt;\">Dr hab. Mariola Krodkiewska, prof. U\u015a\u00a0<\/span><\/li>\n<li><span style=\"font-size: 12pt;\">Mgr Adrianna Koczorowska<\/span><\/li>\n<\/ol>\n<div class=\"mt-3\"><\/div>\r\n                            <\/div>\r\n                            \r\n                            \r\n                        <\/div>\r\n                    <\/div>\r\n                <\/div>[\/vc_column][\/vc_row]<\/p>","protected":false},"excerpt":{"rendered":"<p>[vc_row][vc_column][\/vc_column][\/vc_row] [&#8230;]<\/p>\n<p><a class=\"btn btn-secondary understrap-read-more-link\" href=\"https:\/\/us.edu.pl\/instytut\/ibbios\/zespol-hydrobiologii\/\">Read More&#8230;<\/a><\/p>\n","protected":false},"author":4825,"featured_media":0,"parent":0,"menu_order":0,"comment_status":"closed","ping_status":"closed","template":"","meta":{"_expiration-date-status":"","_expiration-date":0,"_expiration-date-type":"","_expiration-date-categories":[],"_expiration-date-options":[]},"acf":[],"_links":{"self":[{"href":"https:\/\/us.edu.pl\/instytut\/ibbios\/wp-json\/wp\/v2\/pages\/5995"}],"collection":[{"href":"https:\/\/us.edu.pl\/instytut\/ibbios\/wp-json\/wp\/v2\/pages"}],"about":[{"href":"https:\/\/us.edu.pl\/instytut\/ibbios\/wp-json\/wp\/v2\/types\/page"}],"author":[{"embeddable":true,"href":"https:\/\/us.edu.pl\/instytut\/ibbios\/wp-json\/wp\/v2\/users\/4825"}],"replies":[{"embeddable":true,"href":"https:\/\/us.edu.pl\/instytut\/ibbios\/wp-json\/wp\/v2\/comments?post=5995"}],"version-history":[{"count":2,"href":"https:\/\/us.edu.pl\/instytut\/ibbios\/wp-json\/wp\/v2\/pages\/5995\/revisions"}],"predecessor-version":[{"id":6046,"href":"https:\/\/us.edu.pl\/instytut\/ibbios\/wp-json\/wp\/v2\/pages\/5995\/revisions\/6046"}],"wp:attachment":[{"href":"https:\/\/us.edu.pl\/instytut\/ibbios\/wp-json\/wp\/v2\/media?parent=5995"}],"curies":[{"name":"wp","href":"https:\/\/api.w.org\/{rel}","templated":true}]}}