{"id":5997,"date":"2023-03-28T12:21:02","date_gmt":"2023-03-28T10:21:02","guid":{"rendered":"https:\/\/us.edu.pl\/instytut\/ibbios\/?page_id=5997"},"modified":"2023-03-28T13:41:58","modified_gmt":"2023-03-28T11:41:58","slug":"zespol-nano-mikrobiologii","status":"publish","type":"page","link":"https:\/\/us.edu.pl\/instytut\/ibbios\/zespol-nano-mikrobiologii\/","title":{"rendered":"Zesp\u00f3\u0142 Nano-Mikrobiologii"},"content":{"rendered":"<p>[vc_row][vc_column]\r\n                <div class=\"text-modules \">\r\n                    <div class=\"container\">\r\n                        <h3 class=\"section-title section-title_border-bottom\">Zesp\u00f3\u0142 Nano-Mikrobiologii<\/h3> <h3 class=\"subtitle text-modules__subtitle\">Temat badawczy: Wykorzystanie mikroorganizm\u00f3w jako biosensor\u00f3w do oceny ryzyka \u015brodowiskowego zwi\u0105zanego z wprowadzeniem do \u015brodowiska nanomateria\u0142\u00f3w<\/h3>\r\n                        <div class=\"row m-0\">\r\n                            <div class=\"text-modules__content\">\r\n                                <span style=\"font-size: 12pt;\">Rozw\u00f3j nanotechnologii skutkuje wprowadzeniem do powszechnego u\u017cytku nanomateria\u0142\u00f3w. Zwi\u0119kszone antybakteryjne i przeciwgrzybiczne w\u0142a\u015bciwo\u015bci nanocz\u0105stek metali wykorzystywane s\u0105 m.in. w medycynie czy zabezpieczaniu \u017cywno\u015bci. Z kolei wykorzystanie nanono\u015bnik\u00f3w do zwi\u0105zania substancji czynnej \u015brodk\u00f3w ochrony ro\u015blin ma skutkowa\u0107 wolniejszym uwalnianiem substancji aktywnej i\/lub zwi\u0119kszeniem rozpuszczalno\u015bci nanopestycydu w wodzie. Jednak\u017ce obecny stan wiedzy nie pozwala przewidzie\u0107, czy zwi\u0119kszone w\u0142a\u015bciwo\u015bci b\u00f3jcze b\u0105d\u017a wyd\u0142u\u017cony czas oddzia\u0142ywania nanomateria\u0142\u00f3w nie b\u0119d\u0105 mia\u0142y negatywnych skutk\u00f3w na organizmy nie b\u0119d\u0105ce celem ich dzia\u0142ania, jak np. na pe\u0142ni\u0105ce kluczowe role w ekosystemach mikroorganizmy glebowe czy wodne. R\u00f3wnocze\u015bnie brak jest jednoznacznych wytycznych umo\u017cliwiaj\u0105cych ocen\u0119 potencjalnego ryzyka \u015brodowiskowego spowodowanego powszechnym wprowadzeniem do \u015brodowiska nanomateria\u0142\u00f3w.<\/span><\/p>\n<p><span style=\"font-size: 12pt;\">Celem pracy zespo\u0142u b\u0119dzie dalszy rozw\u00f3j temat\u00f3w badawczych realizowanych w trakcie uprzedniej 2,5-letniej dzia\u0142alno\u015bci Zespo\u0142u. Jednym z nich jest ocena toksyczno\u015bci nanomateria\u0142\u00f3w w oparciu o stres oksydacyjny. Ponadto prowadzone s\u0105 badania maj\u0105ce na celu ocen\u0119 czu\u0142o\u015bci i u\u017cyteczno\u015bci metod mikrobiologicznych w kontek\u015bcie oceny zmian w bior\u00f3\u017cnorodno\u015bci strukturalnej i funkcjonalnej zespo\u0142u mikroorganizm\u00f3w, ich liczebno\u015bci, biomasy jak r\u00f3wnie\u017c aktywno\u015bci enzymatycznej w \u015brodowisku ska\u017conym nanomateria\u0142ami. Metody te b\u0119d\u0105 wykorzystywane w trakcie realizacji z\u0142o\u017conych do NCN projekt\u00f3w dotycz\u0105cych interakcji nanocz\u0105stek metali z mikroorganizmami glebowymi i ro\u015blinami oraz oceny wp\u0142ywu nanocz\u0105stek metali na horyzontalny transfer gen\u00f3w u bakterii.<\/span><\/p>\n<p>&nbsp;<\/p>\n<p>S\u0142owa kluczowe:<\/p>\n<ul>\n<li>Toksyczno\u015b\u0107 nanomateria\u0142\u00f3w<\/li>\n<li>Bior\u00f3\u017cnorodno\u015b\u0107 strukturalna mikroorganizm\u00f3w<\/li>\n<li>Nanocz\u0105stki metali a stres oksydacyjny<\/li>\n<li>Nanopestycydy a mikroorganizmy glebowe<\/li>\n<\/ul>\n<div class=\"mt-3\"><\/div>\r\n                            <\/div>\r\n                            \r\n                            \r\n                        <\/div>\r\n                    <\/div>\r\n                <\/div>\r\n                <div class=\"text-modules \">\r\n                    <div class=\"container\">\r\n                        <h3 class=\"section-title section-title_border-bottom\">Sk\u0142ad zespo\u0142u:<\/h3> \r\n                        <div class=\"row m-0\">\r\n                            <div class=\"text-modules__content\">\r\n                                <\/p>\n<ol>\n<li><span style=\"font-size: 12pt;\"><strong>\u00a0Dr S\u0142awomir Su\u0142owicz<\/strong>\u00a0\u2013 lider zespo\u0142u<\/span><\/li>\n<li><span style=\"font-size: 12pt;\">Dr S\u0142awomir Borymski<\/span><\/li>\n<li><span style=\"font-size: 12pt;\">Dr Anna Markowicz\u00a0<\/span><\/li>\n<\/ol>\n<div class=\"mt-3\"><\/div>\r\n                            <\/div>\r\n                            \r\n                            \r\n                        <\/div>\r\n                    <\/div>\r\n                <\/div>[\/vc_column][\/vc_row]<\/p>","protected":false},"excerpt":{"rendered":"<p>[vc_row][vc_column][\/vc_column][\/vc_row] [&#8230;]<\/p>\n<p><a class=\"btn btn-secondary understrap-read-more-link\" href=\"https:\/\/us.edu.pl\/instytut\/ibbios\/zespol-nano-mikrobiologii\/\">Read More&#8230;<\/a><\/p>\n","protected":false},"author":4825,"featured_media":0,"parent":0,"menu_order":0,"comment_status":"closed","ping_status":"closed","template":"","meta":{"_expiration-date-status":"","_expiration-date":0,"_expiration-date-type":"","_expiration-date-categories":[],"_expiration-date-options":[]},"acf":[],"_links":{"self":[{"href":"https:\/\/us.edu.pl\/instytut\/ibbios\/wp-json\/wp\/v2\/pages\/5997"}],"collection":[{"href":"https:\/\/us.edu.pl\/instytut\/ibbios\/wp-json\/wp\/v2\/pages"}],"about":[{"href":"https:\/\/us.edu.pl\/instytut\/ibbios\/wp-json\/wp\/v2\/types\/page"}],"author":[{"embeddable":true,"href":"https:\/\/us.edu.pl\/instytut\/ibbios\/wp-json\/wp\/v2\/users\/4825"}],"replies":[{"embeddable":true,"href":"https:\/\/us.edu.pl\/instytut\/ibbios\/wp-json\/wp\/v2\/comments?post=5997"}],"version-history":[{"count":2,"href":"https:\/\/us.edu.pl\/instytut\/ibbios\/wp-json\/wp\/v2\/pages\/5997\/revisions"}],"predecessor-version":[{"id":6049,"href":"https:\/\/us.edu.pl\/instytut\/ibbios\/wp-json\/wp\/v2\/pages\/5997\/revisions\/6049"}],"wp:attachment":[{"href":"https:\/\/us.edu.pl\/instytut\/ibbios\/wp-json\/wp\/v2\/media?parent=5997"}],"curies":[{"name":"wp","href":"https:\/\/api.w.org\/{rel}","templated":true}]}}