{"id":6007,"date":"2023-03-28T12:23:43","date_gmt":"2023-03-28T10:23:43","guid":{"rendered":"https:\/\/us.edu.pl\/instytut\/ibbios\/?page_id=6007"},"modified":"2023-03-28T13:41:20","modified_gmt":"2023-03-28T11:41:20","slug":"zespol-taksonomii-i-bioroznorodnosci-zwierzat","status":"publish","type":"page","link":"https:\/\/us.edu.pl\/instytut\/ibbios\/zespol-taksonomii-i-bioroznorodnosci-zwierzat\/","title":{"rendered":"Zesp\u00f3\u0142 Taksonomii i Bior\u00f3\u017cnorodno\u015bci Zwierz\u0105t"},"content":{"rendered":"<p>[vc_row][vc_column]\r\n                <div class=\"text-modules \">\r\n                    <div class=\"container\">\r\n                        <h3 class=\"section-title section-title_border-bottom\">Zesp\u00f3\u0142 Taksonomii i Bior\u00f3\u017cnorodno\u015bci Zwierz\u0105t<\/h3> <h3 class=\"subtitle text-modules__subtitle\">Temat badawczy: R\u00f3\u017cnorodno\u015b\u0107 biologiczna, taksonomia i filogeneza wybranych grup zwierz\u0105t<\/h3>\r\n                        <div class=\"row m-0\">\r\n                            <div class=\"text-modules__content\">\r\n                                <span style=\"font-size: 12pt;\">W centrum zainteresowa\u0144 cz\u0142onk\u00f3w Zespo\u0142u s\u0105 zagadnienia zwi\u0105zane z taksonomi\u0105 i filogenez\u0105 owad\u00f3w z rz\u0119du pluskwiak\u00f3w <em>Hemiptera,<\/em> w szczeg\u00f3lno\u015bci mszyc i pluskwiak\u00f3w r\u00f3\u017cnoskrzyd\u0142ych. Zakres tematyczny bada\u0144 obejmuje m.in. okre\u015blenie pokrewie\u0144stw w\u015br\u00f3d mszyc i pluskwiak\u00f3w r\u00f3\u017cnoskrzyd\u0142ych w oparciu o dane molekularne i morfologiczne, badania uk\u0142adu rozrodczego oraz szeroko poj\u0119ta bior\u00f3\u017cnorodno\u015b\u0107 tych owad\u00f3w, ze szczeg\u00f3lnym uwzgl\u0119dnieniem gatunk\u00f3w obcego pochodzenia i inwazyjnych. <\/span><\/p>\n<p><span style=\"font-size: 12pt;\">Badania prowadzone s\u0105 zar\u00f3wno w terenie, jak i w warunkach laboratoryjnych. W ramach prac dyplomowych badania terenowe rozszerzone zostan\u0105 o badania faunistyczne dotycz\u0105ce kr\u0119gowc\u00f3w, w szczeg\u00f3lno\u015bci ptak\u00f3w i nietoperzy.<\/span><\/p>\n<p>&nbsp;<\/p>\n<p>S\u0142owa kluczowe:<\/p>\n<ul>\n<li>mszyce<\/li>\n<li>pluskwiaki r\u00f3\u017cnoskrzyd\u0142e<\/li>\n<li>taksonomia<\/li>\n<li>r\u00f3\u017cnorodno\u015b\u0107 biologiczna<\/li>\n<li>morfologia<\/li>\n<\/ul>\n<div class=\"mt-3\"><\/div>\r\n                            <\/div>\r\n                            \r\n                            \r\n                        <\/div>\r\n                    <\/div>\r\n                <\/div>\r\n                <div class=\"text-modules \">\r\n                    <div class=\"container\">\r\n                        <h3 class=\"section-title section-title_border-bottom\">Sk\u0142ad zespo\u0142u:<\/h3> \r\n                        <div class=\"row m-0\">\r\n                            <div class=\"text-modules__content\">\r\n                                <\/p>\n<ol>\n<li><span style=\"font-size: 12pt;\"><strong>\u00a0Prof dr hab. Karina Wieczorek<\/strong>\u2013 lider zespo\u0142u<\/span><\/li>\n<li><span style=\"font-size: 12pt;\">\u00a0Dr hab. Dominik Ch\u0142ond, prof. U\u015a\u00a0<\/span><\/li>\n<li><span style=\"font-size: 12pt;\">\u00a0Mgr Kamila Malik\u00a0<\/span><\/li>\n<li><span style=\"font-size: 12pt;\">\u00a0Mgr Joanna Zyga\u0142a<\/span><\/li>\n<li><span style=\"font-size: 12pt;\">\u00a0Lic. Agata Danielczyk<\/span><\/li>\n<li><span style=\"font-size: 12pt;\">\u00a0Lic. Wiktoria Kowalik<\/span><\/li>\n<li><span style=\"font-size: 12pt;\">\u00a0Lic. Iga Su\u0142kowska<\/span><\/li>\n<li><span style=\"font-size: 12pt;\">\u00a0Weronika Marzec<\/span><\/li>\n<li><span style=\"font-size: 12pt;\">\u00a0Wiktoria Urant\u00f3wka<\/span><\/li>\n<\/ol>\n<div class=\"mt-3\"><\/div>\r\n                            <\/div>\r\n                            \r\n                            \r\n                        <\/div>\r\n                    <\/div>\r\n                <\/div>[\/vc_column][\/vc_row]<\/p>","protected":false},"excerpt":{"rendered":"<p>[vc_row][vc_column][\/vc_column][\/vc_row] [&#8230;]<\/p>\n<p><a class=\"btn btn-secondary understrap-read-more-link\" href=\"https:\/\/us.edu.pl\/instytut\/ibbios\/zespol-taksonomii-i-bioroznorodnosci-zwierzat\/\">Read More&#8230;<\/a><\/p>\n","protected":false},"author":4825,"featured_media":0,"parent":0,"menu_order":0,"comment_status":"closed","ping_status":"closed","template":"","meta":{"_expiration-date-status":"","_expiration-date":0,"_expiration-date-type":"","_expiration-date-categories":[],"_expiration-date-options":[]},"acf":[],"_links":{"self":[{"href":"https:\/\/us.edu.pl\/instytut\/ibbios\/wp-json\/wp\/v2\/pages\/6007"}],"collection":[{"href":"https:\/\/us.edu.pl\/instytut\/ibbios\/wp-json\/wp\/v2\/pages"}],"about":[{"href":"https:\/\/us.edu.pl\/instytut\/ibbios\/wp-json\/wp\/v2\/types\/page"}],"author":[{"embeddable":true,"href":"https:\/\/us.edu.pl\/instytut\/ibbios\/wp-json\/wp\/v2\/users\/4825"}],"replies":[{"embeddable":true,"href":"https:\/\/us.edu.pl\/instytut\/ibbios\/wp-json\/wp\/v2\/comments?post=6007"}],"version-history":[{"count":2,"href":"https:\/\/us.edu.pl\/instytut\/ibbios\/wp-json\/wp\/v2\/pages\/6007\/revisions"}],"predecessor-version":[{"id":6047,"href":"https:\/\/us.edu.pl\/instytut\/ibbios\/wp-json\/wp\/v2\/pages\/6007\/revisions\/6047"}],"wp:attachment":[{"href":"https:\/\/us.edu.pl\/instytut\/ibbios\/wp-json\/wp\/v2\/media?parent=6007"}],"curies":[{"name":"wp","href":"https:\/\/api.w.org\/{rel}","templated":true}]}}