{"id":6018,"date":"2023-03-28T12:40:17","date_gmt":"2023-03-28T10:40:17","guid":{"rendered":"https:\/\/us.edu.pl\/instytut\/ibbios\/?page_id=6018"},"modified":"2023-03-28T13:43:46","modified_gmt":"2023-03-28T11:43:46","slug":"zespol-geobotaniki-i-funkcjonowania-ekosystemow-geo-fe","status":"publish","type":"page","link":"https:\/\/us.edu.pl\/instytut\/ibbios\/zespol-geobotaniki-i-funkcjonowania-ekosystemow-geo-fe\/","title":{"rendered":"Zesp\u00f3\u0142 Geobotaniki i Funkcjonowania Ekosystem\u00f3w (Geo FE)"},"content":{"rendered":"<p>[vc_row][vc_column]\r\n                <div class=\"text-modules \">\r\n                    <div class=\"container\">\r\n                        <h3 class=\"section-title section-title_border-bottom\">Zesp\u00f3\u0142 Geobotaniki i Funkcjonowania Ekosystem\u00f3w (Geo FE)<\/h3> <h3 class=\"subtitle text-modules__subtitle\">Temat badawczy: Identyfikacja czynnik\u00f3w biotycznych i abiotycznych wp\u0142ywaj\u0105cych na kszta\u0142towanie ro\u015blinno\u015bci oraz analizy mechanizm\u00f3w reakcji i adaptacji gatunk\u00f3w do \u015brodowiskowych czynnik\u00f3w stresowych<\/h3>\r\n                        <div class=\"row m-0\">\r\n                            <div class=\"text-modules__content\">\r\n                                <\/p>\n<ol>\n<li><span id=\"page32R_mcid0\" class=\"markedContent\" style=\"font-size: 12pt;\"><span dir=\"ltr\" role=\"presentation\">Relacje<\/span> <span dir=\"ltr\" role=\"presentation\">mi\u0119dzy<\/span> <span dir=\"ltr\" role=\"presentation\">w\u0142a\u015bciwo\u015bciami<\/span> <span dir=\"ltr\" role=\"presentation\">biogeochemicznymi<\/span> <span dir=\"ltr\" role=\"presentation\">pod\u0142o\u017ca<\/span> <span dir=\"ltr\" role=\"presentation\">a<\/span> <span dir=\"ltr\" role=\"presentation\">spontaniczn\u0105 <\/span><span dir=\"ltr\" role=\"presentation\">sukcesj\u0105<\/span> <span dir=\"ltr\" role=\"presentation\">na<\/span> <span dir=\"ltr\" role=\"presentation\">obszarach<\/span> <span dir=\"ltr\" role=\"presentation\">pog\u00f3rniczych:<\/span> <span dir=\"ltr\" role=\"presentation\">nowe<\/span> <span dir=\"ltr\" role=\"presentation\">ekosystemy<\/span> <span dir=\"ltr\" role=\"presentation\">w<\/span> <span dir=\"ltr\" role=\"presentation\">krajobrazie <\/span><span dir=\"ltr\" role=\"presentation\">przekszta\u0142conym przez cz\u0142owieka<\/span> <span dir=\"ltr\" role=\"presentation\">(Projekt<\/span> <span dir=\"ltr\" role=\"presentation\">N<\/span><span dir=\"ltr\" role=\"presentation\">C<\/span><span dir=\"ltr\" role=\"presentation\">N)<\/span><\/span><\/li>\n<li><span id=\"page32R_mcid1\" class=\"markedContent\" style=\"font-size: 12pt;\"><span dir=\"ltr\" role=\"presentation\">P<\/span><span dir=\"ltr\" role=\"presentation\">r<\/span><span dir=\"ltr\" role=\"presentation\">oces<\/span><span dir=\"ltr\" role=\"presentation\">y<\/span> <span dir=\"ltr\" role=\"presentation\">adaptacyjn<\/span><span dir=\"ltr\" role=\"presentation\">e<\/span> <span dir=\"ltr\" role=\"presentation\">ro\u015blin<\/span> <span dir=\"ltr\" role=\"presentation\">do<\/span> <span dir=\"ltr\" role=\"presentation\">warunk\u00f3w<\/span> <span dir=\"ltr\" role=\"presentation\">\u015brodowiska,<\/span> <span dir=\"ltr\" role=\"presentation\">wyra\u017cone<\/span> <span dir=\"ltr\" role=\"presentation\">reakcj\u0105 <\/span><span dir=\"ltr\" role=\"presentation\">fizjologiczn\u0105<\/span> <span dir=\"ltr\" role=\"presentation\">oraz<\/span> <span dir=\"ltr\" role=\"presentation\">zmienno\u015bci\u0105<\/span> <span dir=\"ltr\" role=\"presentation\">wewn\u0105trzgatunkow\u0105<\/span> <span dir=\"ltr\" role=\"presentation\">cech<\/span> <span dir=\"ltr\" role=\"presentation\">funkcjonalnych <\/span><span dir=\"ltr\" role=\"presentation\">osobnik\u00f3w, uk\u0142ad\u00f3w m<\/span><span dir=\"ltr\" role=\"presentation\">y<\/span><span dir=\"ltr\" role=\"presentation\">koryzowych<\/span><\/span><\/li>\n<li><span id=\"page32R_mcid2\" class=\"markedContent\" style=\"font-size: 12pt;\"><span dir=\"ltr\" role=\"presentation\">Z<\/span><span dir=\"ltr\" role=\"presentation\">r\u00f3\u017cnicowania<\/span> <span dir=\"ltr\" role=\"presentation\">szaty<\/span> <span dir=\"ltr\" role=\"presentation\">ro\u015blinnej<\/span> <span dir=\"ltr\" role=\"presentation\">i<\/span> <span dir=\"ltr\" role=\"presentation\">funkcji<\/span> <span dir=\"ltr\" role=\"presentation\">ekosystem\u00f3w<\/span> <span dir=\"ltr\" role=\"presentation\">teren\u00f3w<\/span> <span dir=\"ltr\" role=\"presentation\">miejsko<\/span><span dir=\"ltr\" role=\"presentation\">&#8211;<\/span><span dir=\"ltr\" role=\"presentation\">przemys\u0142owych,<\/span> <span dir=\"ltr\" role=\"presentation\">w<\/span> <span dir=\"ltr\" role=\"presentation\">tym<\/span> <span dir=\"ltr\" role=\"presentation\">pog\u00f3rniczych,<\/span> <span dir=\"ltr\" role=\"presentation\">wr<\/span><span dir=\"ltr\" role=\"presentation\">az<\/span> <span dir=\"ltr\" role=\"presentation\">z<\/span> <span dir=\"ltr\" role=\"presentation\">analiz\u0105<\/span> <span dir=\"ltr\" role=\"presentation\">zmienno\u015bci<\/span> <span dir=\"ltr\" role=\"presentation\">cech <\/span><span dir=\"ltr\" role=\"presentation\">funkcjonalnych gatunk\u00f3w ro\u015blin oraz\u00a0 mikroorganizm\u00f3w glebowych<\/span> <span dir=\"ltr\" role=\"presentation\">(m.in. AMF<\/span><\/span>\n<ol>\n<li><span id=\"page32R_mcid2\" class=\"markedContent\" style=\"font-size: 12pt;\"><span dir=\"ltr\" role=\"presentation\">bakterie)<\/span> <span dir=\"ltr\" role=\"presentation\">na siedliskach typu \u201c<\/span><span dir=\"ltr\" role=\"presentation\">novel ecosystems<\/span><span dir=\"ltr\" role=\"presentation\">\u201d<\/span><\/span><\/li>\n<\/ol>\n<\/li>\n<li><span id=\"page32R_mcid3\" class=\"markedContent\" style=\"font-size: 12pt;\"><span dir=\"ltr\" role=\"presentation\">Zmienno\u015b\u0107 wewn\u0105trzgatunkowa cech funkcjonalnych le\u015bnych ro\u015blin zielnych: <\/span><span dir=\"ltr\" role=\"presentation\">\u017ar\u00f3d\u0142a i<\/span> <span dir=\"ltr\" role=\"presentation\">konsekwencje<\/span> <span dir=\"ltr\" role=\"presentation\">(Projekt NCN)<br \/>\n<\/span><\/span><\/li>\n<\/ol>\n<p>S\u0142owa kluczowe:<\/p>\n<ul>\n<li><span id=\"page50R_mcid74\" class=\"markedContent\"><span dir=\"ltr\" role=\"presentation\">relacje<\/span> <span dir=\"ltr\" role=\"presentation\">mi\u0119dzy<\/span> <span dir=\"ltr\" role=\"presentation\">ro\u015blinami i \u015brodowiskiem geograficznym<\/span> <span dir=\"ltr\" role=\"presentation\">(g<\/span><span dir=\"ltr\" role=\"presentation\">eobotanika<\/span><span dir=\"ltr\" role=\"presentation\">)<\/span><\/span><\/li>\n<li><span id=\"page50R_mcid75\" class=\"markedContent\"><span dir=\"ltr\" role=\"presentation\">r\u00f3\u017cnorodno\u015b\u0107 ro\u015blinno\u015bci<\/span> <span dir=\"ltr\" role=\"presentation\">(<\/span><span dir=\"ltr\" role=\"presentation\">naturalnej<\/span><span dir=\"ltr\" role=\"presentation\">,<\/span> <span dir=\"ltr\" role=\"presentation\">antropogenicznej oraz<\/span> <span dir=\"ltr\" role=\"presentation\">Novel Ecosystems<\/span><span dir=\"ltr\" role=\"presentation\">)<\/span><\/span><\/li>\n<li><span id=\"page50R_mcid76\" class=\"markedContent\"><span dir=\"ltr\" role=\"presentation\">p<\/span><span dir=\"ltr\" role=\"presentation\">rocesy adaptacyjne ro\u015blin<\/span> <span dir=\"ltr\" role=\"presentation\">w gradientach stres\u00f3w siedliskowych<\/span><\/span><\/li>\n<li><span id=\"page50R_mcid77\" class=\"markedContent\"><span dir=\"ltr\" role=\"presentation\">i<\/span><span dir=\"ltr\" role=\"presentation\">nterakcje ro\u015bliny<\/span> <span dir=\"ltr\" role=\"presentation\">\u2013<\/span> <span dir=\"ltr\" role=\"presentation\">mikroorganizmy (grzyby, bakterie)<\/span><\/span><\/li>\n<li><span id=\"page50R_mcid78\" class=\"markedContent\"><span dir=\"ltr\" role=\"presentation\">u<\/span><span dir=\"ltr\" role=\"presentation\">s\u0142ugi (f<\/span><span dir=\"ltr\" role=\"presentation\">unkcje<\/span><span dir=\"ltr\" role=\"presentation\">)<\/span> <span dir=\"ltr\" role=\"presentation\">ekosystem\u00f3w teren\u00f3w miejsko<\/span><span dir=\"ltr\" role=\"presentation\">&#8211;<\/span><span dir=\"ltr\" role=\"presentation\">przemys\u0142owych<\/span><\/span><\/li>\n<\/ul>\n<div class=\"mt-3\"><\/div>\r\n                            <\/div>\r\n                            \r\n                            \r\n                        <\/div>\r\n                    <\/div>\r\n                <\/div>\r\n                <div class=\"text-modules \">\r\n                    <div class=\"container\">\r\n                        <h3 class=\"section-title section-title_border-bottom\">Sk\u0142ad zespo\u0142u:<\/h3> \r\n                        <div class=\"row m-0\">\r\n                            <div class=\"text-modules__content\">\r\n                                <\/p>\n<ol>\n<li><span style=\"font-size: 12pt;\"><strong>\u00a0Dr hab. Gabriela Wo\u017aniak, prof. U\u015a<\/strong>\u00a0\u2013 lider zespo\u0142u<\/span><\/li>\n<li><span style=\"font-size: 12pt;\">\u00a0Dr Jawdat Bakr<\/span><\/li>\n<li><span style=\"font-size: 12pt;\">\u00a0Dr hab. Agnieszka Kompa\u0142a-B\u0105ba, prof. U\u015a\u00a0<\/span><\/li>\n<li><span style=\"font-size: 12pt;\">\u00a0Dr Franco Magurno<\/span><\/li>\n<li><span style=\"font-size: 12pt;\">\u00a0Dr hab. Zbigniew Wilczek\u00a0<\/span><\/li>\n<li><span style=\"font-size: 12pt;\">\u00a0Dr Agnieszka B\u0142o\u0144ska<\/span><\/li>\n<li><span style=\"font-size: 12pt;\">\u00a0Dr Wojciech Bierza<\/span><\/li>\n<li><span style=\"font-size: 12pt;\">\u00a0Dr Agnieszka Hutniczak<\/span><\/li>\n<li><span style=\"font-size: 12pt;\">\u00a0Mgr Sylwia Uszok<\/span><\/li>\n<li><span style=\"font-size: 12pt;\">\u00a0Mgr \u0141ukasz Radosz<\/span><\/li>\n<li><span style=\"font-size: 12pt;\">\u00a0Mgr Karolina Ry\u015b<\/span><\/li>\n<li><span style=\"font-size: 12pt;\">\u00a0Lic. Bartosz Jendrzejek<\/span><\/li>\n<li><span style=\"font-size: 12pt;\">\u00a0Lic. Jacek Kasztowski<\/span><\/li>\n<li><span style=\"font-size: 12pt;\">\u00a0Lic. Szymon Kaul<\/span><\/li>\n<li><span style=\"font-size: 12pt;\">\u00a0Kamila Adamik<\/span><\/li>\n<\/ol>\n<div class=\"mt-3\"><\/div>\r\n                            <\/div>\r\n                            \r\n                            \r\n                        <\/div>\r\n                    <\/div>\r\n                <\/div>[\/vc_column][\/vc_row]<\/p>","protected":false},"excerpt":{"rendered":"<p>[vc_row][vc_column][\/vc_column][\/vc_row] [&#8230;]<\/p>\n<p><a class=\"btn btn-secondary understrap-read-more-link\" href=\"https:\/\/us.edu.pl\/instytut\/ibbios\/zespol-geobotaniki-i-funkcjonowania-ekosystemow-geo-fe\/\">Read More&#8230;<\/a><\/p>\n","protected":false},"author":4825,"featured_media":0,"parent":0,"menu_order":0,"comment_status":"closed","ping_status":"closed","template":"","meta":{"_expiration-date-status":"","_expiration-date":0,"_expiration-date-type":"","_expiration-date-categories":[],"_expiration-date-options":[]},"acf":[],"_links":{"self":[{"href":"https:\/\/us.edu.pl\/instytut\/ibbios\/wp-json\/wp\/v2\/pages\/6018"}],"collection":[{"href":"https:\/\/us.edu.pl\/instytut\/ibbios\/wp-json\/wp\/v2\/pages"}],"about":[{"href":"https:\/\/us.edu.pl\/instytut\/ibbios\/wp-json\/wp\/v2\/types\/page"}],"author":[{"embeddable":true,"href":"https:\/\/us.edu.pl\/instytut\/ibbios\/wp-json\/wp\/v2\/users\/4825"}],"replies":[{"embeddable":true,"href":"https:\/\/us.edu.pl\/instytut\/ibbios\/wp-json\/wp\/v2\/comments?post=6018"}],"version-history":[{"count":2,"href":"https:\/\/us.edu.pl\/instytut\/ibbios\/wp-json\/wp\/v2\/pages\/6018\/revisions"}],"predecessor-version":[{"id":6050,"href":"https:\/\/us.edu.pl\/instytut\/ibbios\/wp-json\/wp\/v2\/pages\/6018\/revisions\/6050"}],"wp:attachment":[{"href":"https:\/\/us.edu.pl\/instytut\/ibbios\/wp-json\/wp\/v2\/media?parent=6018"}],"curies":[{"name":"wp","href":"https:\/\/api.w.org\/{rel}","templated":true}]}}