{"id":6021,"date":"2023-03-28T13:04:41","date_gmt":"2023-03-28T11:04:41","guid":{"rendered":"https:\/\/us.edu.pl\/instytut\/ibbios\/?page_id=6021"},"modified":"2023-03-28T13:44:11","modified_gmt":"2023-03-28T11:44:11","slug":"zespol-slaskiego-centrum-wody","status":"publish","type":"page","link":"https:\/\/us.edu.pl\/instytut\/ibbios\/zespol-slaskiego-centrum-wody\/","title":{"rendered":"Zesp\u00f3\u0142 \u015al\u0105skiego Centrum Wody"},"content":{"rendered":"<p>[vc_row][vc_column]\r\n                <div class=\"text-modules \">\r\n                    <div class=\"container\">\r\n                        <h3 class=\"section-title section-title_border-bottom\">Zesp\u00f3\u0142 \u015al\u0105skiego Centrum Wody<\/h3> <h3 class=\"subtitle text-modules__subtitle\">Temat badawczy: Analiza zagospodarowania zlewni rzek G\u00f3rnego \u015al\u0105ska na przestrzeni wiek\u00f3w od XVII do XXI jako podstawa do wsp\u00f3\u0142czesnego zagospodarowania analizowanych obszar\u00f3w<\/h3>\r\n                        <div class=\"row m-0\">\r\n                            <div class=\"text-modules__content\">\r\n                                <span style=\"font-size: 12pt;\">W regionach g\u0119sto zaludnionych, zurbanizowanych i uprzemys\u0142owionych nadmierna eksploatacja zasob\u00f3w wodnych skutkuje zniszczeniem naturalnego systemu odwadniania, odwodnienia powierzchniowego i podziemnego oraz pogorszeniem jako\u015bci wody. <\/span><\/p>\n<p><span style=\"font-size: 12pt;\">G\u0142\u00f3wnym celem projektu jest przywr\u00f3cenie re\u017cimu hydrologicznego, a tym samym r\u00f3\u017cnorodno\u015bci biologicznej, szczeg\u00f3lnie zwi\u0105zanej z terenami podmok\u0142ymi, obszar\u00f3w zlewni dw\u00f3ch rzek: Pszczynka (po\u0142udniowa Polska, zlewnia: 368,3 km2, d\u0142ugo\u015b\u0107 rzeki: 45,8 km) u Karvinsk\u00fd potok (Czechy, zlewnia: 20,5 km2, d\u0142ugo\u015b\u0107 rzeki: 8,3 km na p\u00f3\u0142nocny wsch\u00f3d od Republiki Czeskiej, wojew\u00f3dztwo morawsko-\u015bl\u0105skie), kt\u00f3re uleg\u0142y g\u0142\u0119bokim zmianom w wyniku nadmiernej eksploatacji, g\u0142\u00f3wnie w\u0119gla kamiennego, w ci\u0105gu ostatnich kilkudziesi\u0119ciu lat. Negatywne oddzia\u0142ywanie g\u00f3rnictwa przejawia si\u0119 g\u0142\u00f3wnie w zmianie sieci hydrograficznej, g\u0142\u00f3wnie przez osiadanie terenu, w\u0142a\u015bciwo\u015bci fizyczne, chemiczne i biologiczne w\u00f3d powierzchniowych. <\/span><\/p>\n<p><span style=\"font-size: 12pt;\">Celem projektu jest znalezienie i zweryfikowanie optymalnych dzia\u0142a\u0144 na rzecz przywr\u00f3cenia i\/lub wzmocnienia r\u00f3\u017cnorodno\u015bci biologicznej obu zlewni (i podobnych obszar\u00f3w poprzemys\u0142owych, zniszczonych w innych regionach Europy), jest zatem piln\u0105 konieczno\u015bci\u0105 \u015brodowiskow\u0105 i spo\u0142eczn\u0105. Aby to osi\u0105gn\u0105\u0107, zak\u0142adamy nast\u0119puj\u0105ce hipotezy:\u00a0<\/span><\/p>\n<ol>\n<li><span style=\"font-size: 12pt;\">Wzmocnienie r\u00f3\u017cnorodno\u015bci biologicznej mo\u017cna osi\u0105gn\u0105\u0107 poprzez po\u0142\u0105czenie <\/span>\n<ol style=\"list-style-type: lower-alpha;\">\n<li><span style=\"font-size: 12pt;\">w\u0142\u0105czenia wcze\u015bniejszych rozwi\u0105za\u0144 hydrotechnicznych do wsp\u00f3\u0142czesnych warunk\u00f3w hydrologicznych, <\/span><\/li>\n<li><span style=\"font-size: 12pt;\">obserwacji i ograniczonej kontroli spontanicznego rozwoju ro\u015blinno\u015bci w procesie wt\u00f3rnej sukcesji na zniszczonych terenach, <\/span><\/li>\n<li><span style=\"font-size: 12pt;\">badania mieszka\u0144c\u00f3w i u\u017cytkownik\u00f3w obszaru.<\/span><\/li>\n<\/ol>\n<\/li>\n<li><span style=\"font-size: 12pt;\">Warto\u015bci us\u0142ug ekosystemowych i modele matematyczne zarz\u0105dzania zlewniami mog\u0105 by\u0107 wsp\u00f3lnym mianownikiem dla por\u00f3wnania wcze\u015bniejszych, obecnych i przysz\u0142ych rozwi\u0105za\u0144 w zakresie wzmocnienia r\u00f3\u017cnorodno\u015bci biologicznej.<\/span><\/li>\n<li><span style=\"font-size: 12pt;\">Model stworzony przede wszystkim dla zlewni Pszczynki b\u0119dzie weryfikowalny tak\u017ce dla Karvinsk\u00fd potok i ewentualnie innych europejskich zlewni o charakterze poprzemys\u0142owym.<\/span><\/li>\n<\/ol>\n<p><span style=\"font-size: 12pt;\">Wykorzystane zostan\u0105 nast\u0119puj\u0105ce metody i narz\u0119dzia: kwerenda archiwalna; analizy map staro\u017cytnych i wsp\u00f3\u0142czesnych; teledetekcja; monitorowanie w\u00f3d i osad\u00f3w; szacowanie warto\u015bci us\u0142ug ekosystemowych; metody i narz\u0119dzia modelowania (dynamiczny model hydrologiczny, SWAT, cyfrowe modele wysoko\u015bciowe); analizy u\u017cytkowania grunt\u00f3w (GIS); narz\u0119dzia do bada\u0144 ankietowych; monitoring hydroekologiczny (HEM).<\/span><\/p>\n<p><span style=\"font-size: 12pt;\">Rozwi\u0105zania uzyskane w tym projekcie b\u0119d\u0105 w pierwszej kolejno\u015bci weryfikowane przez Partner\u00f3w projektu stopniowo, wraz z pozyskaniem danych w trakcie trwania projektu. Ponadto, po zako\u0144czeniu projektu, wszyscy Partnerzy b\u0119d\u0105 mogli wdro\u017cy\u0107 rozwi\u0105zanie podczas przygotowywania instrukcji i dyrektyw dla w\u0142adz i zarz\u0105dc\u00f3w zbiornik\u00f3w wodnych, dostosowanych do specyfiki lokalnych uwarunkowa\u0144 prawnych, administracyjnych.<\/span><\/p>\n<p>&nbsp;<\/p>\n<p>S\u0142owa kluczowe:<\/p>\n<ul>\n<li>Gospodarka wodna<\/li>\n<li>Gospodarowanie \u015brodowiskiem wodnym<\/li>\n<li>Oczyszczanie w\u00f3d<\/li>\n<li>Przeciwdzia\u0142anie suszy<\/li>\n<li>Analizy przyczynowo skutkowe z\u0142ego stanu w\u00f3d<\/li>\n<\/ul>\n<div class=\"mt-3\"><\/div>\r\n                            <\/div>\r\n                            \r\n                            \r\n                        <\/div>\r\n                    <\/div>\r\n                <\/div>\r\n                <div class=\"text-modules \">\r\n                    <div class=\"container\">\r\n                        <h3 class=\"section-title section-title_border-bottom\">Sk\u0142ad zespo\u0142u:<\/h3> \r\n                        <div class=\"row m-0\">\r\n                            <div class=\"text-modules__content\">\r\n                                <\/p>\n<ol>\n<li><span style=\"font-size: 12pt;\"><strong>Dr hab. Andrzej Wo\u017anica, prof. U\u015a<\/strong>\u00a0\u2013 lider zespo\u0142u<\/span><\/li>\n<li><span style=\"font-size: 12pt;\">\u00a0Dr hab. Damian Absalon, prof. U\u015a<\/span><\/li>\n<li><span style=\"font-size: 12pt;\">\u00a0Dr Micha\u0142 Krzy\u017cowski\u00a0<\/span><\/li>\n<li><span style=\"font-size: 12pt;\">\u00a0Dr hab. Magdalena Matysik\u00a0<\/span><\/li>\n<li><span style=\"font-size: 12pt;\">\u00a0Dr hab. Edyta Sierka, prof. U\u015a\u00a0<\/span><\/li>\n<li><span style=\"font-size: 12pt;\">\u00a0Dr in\u017c. Marcin Libera<\/span><\/li>\n<li><span style=\"font-size: 12pt;\">\u00a0Lic. Julia Kuczek<\/span><\/li>\n<li><span style=\"font-size: 12pt;\">\u00a0Lic. Aleksandra Rubin<\/span><\/li>\n<\/ol>\n<div class=\"mt-3\"><\/div>\r\n                            <\/div>\r\n                            \r\n                            \r\n                        <\/div>\r\n                    <\/div>\r\n                <\/div>[\/vc_column][\/vc_row]<\/p>","protected":false},"excerpt":{"rendered":"<p>[vc_row][vc_column][\/vc_column][\/vc_row] [&#8230;]<\/p>\n<p><a class=\"btn btn-secondary understrap-read-more-link\" href=\"https:\/\/us.edu.pl\/instytut\/ibbios\/zespol-slaskiego-centrum-wody\/\">Read More&#8230;<\/a><\/p>\n","protected":false},"author":4825,"featured_media":0,"parent":0,"menu_order":0,"comment_status":"closed","ping_status":"closed","template":"","meta":{"_expiration-date-status":"","_expiration-date":0,"_expiration-date-type":"","_expiration-date-categories":[],"_expiration-date-options":[]},"acf":[],"_links":{"self":[{"href":"https:\/\/us.edu.pl\/instytut\/ibbios\/wp-json\/wp\/v2\/pages\/6021"}],"collection":[{"href":"https:\/\/us.edu.pl\/instytut\/ibbios\/wp-json\/wp\/v2\/pages"}],"about":[{"href":"https:\/\/us.edu.pl\/instytut\/ibbios\/wp-json\/wp\/v2\/types\/page"}],"author":[{"embeddable":true,"href":"https:\/\/us.edu.pl\/instytut\/ibbios\/wp-json\/wp\/v2\/users\/4825"}],"replies":[{"embeddable":true,"href":"https:\/\/us.edu.pl\/instytut\/ibbios\/wp-json\/wp\/v2\/comments?post=6021"}],"version-history":[{"count":2,"href":"https:\/\/us.edu.pl\/instytut\/ibbios\/wp-json\/wp\/v2\/pages\/6021\/revisions"}],"predecessor-version":[{"id":6051,"href":"https:\/\/us.edu.pl\/instytut\/ibbios\/wp-json\/wp\/v2\/pages\/6021\/revisions\/6051"}],"wp:attachment":[{"href":"https:\/\/us.edu.pl\/instytut\/ibbios\/wp-json\/wp\/v2\/media?parent=6021"}],"curies":[{"name":"wp","href":"https:\/\/api.w.org\/{rel}","templated":true}]}}