{"id":6056,"date":"2023-03-28T14:55:13","date_gmt":"2023-03-28T12:55:13","guid":{"rendered":"https:\/\/us.edu.pl\/instytut\/ibbios\/?page_id=6056"},"modified":"2023-03-28T16:22:09","modified_gmt":"2023-03-28T14:22:09","slug":"joanna-kohyt-idb","status":"publish","type":"page","link":"https:\/\/us.edu.pl\/instytut\/ibbios\/joanna-kohyt-idb\/","title":{"rendered":"Dr Joanna Kohyt &#8211; indywidualna dzia\u0142alno\u015b\u0107 badawcza"},"content":{"rendered":"<p>[vc_row][vc_column]\r\n                <div class=\"text-modules \">\r\n                    <div class=\"container\">\r\n                        <h3 class=\"section-title section-title_border-bottom\">Dr Joanna Kohyt - indywidualna dzia\u0142alno\u015b\u0107 badawcza<\/h3> <h3 class=\"subtitle text-modules__subtitle\">Temat badawczy: Dzia\u0142anie czynnik\u00f3w szkodliwych (sztuczne \u015bwiat\u0142o i ha\u0142as) na aktywno\u015b\u0107 miejskich nietoperzy<\/h3>\r\n                        <div class=\"row m-0\">\r\n                            <div class=\"text-modules__content\">\r\n                                <span style=\"font-size: 12pt;\">Urbanizacja to proces szkodliwy dla r\u00f3\u017cnorodno\u015bci gatunkowej, skutkuj\u0105cy utrata r\u00f3\u017cnorodno\u015bci biologicznej i z\u0142o\u017cono\u015bci ekologicznej. Polega g\u0142\u00f3wnie na eliminacji teren\u00f3w zielonych, zadrzewionych, regulacji ciek\u00f3w wodnych, oraz na wprowadzeniu do \u015brodowiska szkodliwych czynnik\u00f3w jak sztuczne \u015bwiat\u0142o i ha\u0142as. Spadek opisanych parametr\u00f3w ekosystem\u00f3w postrzegany jest jako zjawisko niekorzystne, co rodzi potrzeb\u0119 znalezienia funkcjonalnych rozwi\u0105za\u0144. Wymaga to szczeg\u00f3\u0142owej wiedzy dotycz\u0105cej reakcji konkretnych grup organizm\u00f3w na generowane przez cz\u0142owieka problemy.<\/span><\/p>\n<p><span style=\"font-size: 12pt;\">Nietoperze to bardzo wa\u017cna ze wzgl\u0119du na \u015bwiadczone us\u0142ugi ekosystemowe grupa zwierz\u0105t. Na terenie Polski odpowiedzialna mi\u0119dzy innymi za regulacje populacji owad\u00f3w. Ze wzgl\u0119du na r\u00f3\u017cnorodne przystosowania do \u015brodowiska gatunk\u00f3w nietoperzy, na potrzeby bada\u0144 ich reakcji na przekszta\u0142cenie \u015brodowiska zwi\u0105zane z urbanizacj\u0105, analizowana g\u0142\u00f3wnie w trzech grupach ekologicznych: nietoperze otwartych, p\u00f3\u0142otwartych i zamkni\u0119tych przestrzeni. Do tej pory wykazano zdolno\u015b\u0107 do synurbizacji dla dw\u00f3ch pierwszych grup oraz eliminacj\u0119 grupy trzeciej. W badaniach uwzgl\u0119dniano utrat\u0119 siedlisk oraz r\u00f3\u017cne kombinacje czynnik\u00f3w szkodliwych. Nie testowano mo\u017cliwo\u015bci ich addytywno\u015bci, czyli ewentualnego wzmacniania szkodliwego dzia\u0142ania przy wsp\u00f3\u0142wyst\u0119powaniu.<\/span><\/p>\n<p><span style=\"font-size: 12pt;\">W proponowanej pracy wykonano badania wst\u0119pne w roku 2021 w kt\u00f3rych wykazano szkodliwe dzia\u0142anie \u015bwiat\u0142a na grup\u0119 druga i trzeci\u0105 oraz dzia\u0142anie addytywne czynnik\u00f3w \u015bwiat\u0142o i ha\u0142as na grup\u0119 trzeci\u0105. Zaobserwowano tak\u017ce zaskakuj\u0105cy brak r\u00f3\u017cnic w aktywno\u015bci grupy najwra\u017cliwszej (trzeciej) w obecno\u015bci ha\u0142asu. Badania powt\u00f3rzono w 2022 roku. Po konsultacjach z badaczami na konferencji mi\u0119dzynarodowej zadecydowano o przed\u0142u\u017ceniu bada\u0144 dla uzyskania wiarygodnych wynik\u00f3w i zwi\u0119kszenia prawdopodobie\u0144stwa opublikowania bada\u0144 w czasopi\u015bmie wysoko punktowanym. Wyniki tych bada\u0144 daj\u0105 podstawy do przedstawienia wytycznych dla utrzymania dost\u0119pno\u015bci teren\u00f3w miejskich dla nietoperzy. Szczeg\u00f3lnie dla najwra\u017cliwszej z grup.<\/span><\/p>\n<p>&nbsp;<\/p>\n<p>S\u0142owa kluczowe:<\/p>\n<ul>\n<li>nietoperze<\/li>\n<li>echolokacja<\/li>\n<li>urbanizacja<\/li>\n<li>sztuczne \u015bwiat\u0142o<\/li>\n<li>ha\u0142as<\/li>\n<\/ul>\n<div class=\"mt-3\"><\/div>\r\n                            <\/div>\r\n                            \r\n                            \r\n                        <\/div>\r\n                    <\/div>\r\n                <\/div>[\/vc_column][\/vc_row]<\/p>","protected":false},"excerpt":{"rendered":"<p>[vc_row][vc_column][\/vc_column][\/vc_row] [&#8230;]<\/p>\n<p><a class=\"btn btn-secondary understrap-read-more-link\" href=\"https:\/\/us.edu.pl\/instytut\/ibbios\/joanna-kohyt-idb\/\">Read More&#8230;<\/a><\/p>\n","protected":false},"author":4825,"featured_media":0,"parent":0,"menu_order":0,"comment_status":"closed","ping_status":"closed","template":"","meta":{"_expiration-date-status":"","_expiration-date":0,"_expiration-date-type":"","_expiration-date-categories":[],"_expiration-date-options":[]},"acf":[],"_links":{"self":[{"href":"https:\/\/us.edu.pl\/instytut\/ibbios\/wp-json\/wp\/v2\/pages\/6056"}],"collection":[{"href":"https:\/\/us.edu.pl\/instytut\/ibbios\/wp-json\/wp\/v2\/pages"}],"about":[{"href":"https:\/\/us.edu.pl\/instytut\/ibbios\/wp-json\/wp\/v2\/types\/page"}],"author":[{"embeddable":true,"href":"https:\/\/us.edu.pl\/instytut\/ibbios\/wp-json\/wp\/v2\/users\/4825"}],"replies":[{"embeddable":true,"href":"https:\/\/us.edu.pl\/instytut\/ibbios\/wp-json\/wp\/v2\/comments?post=6056"}],"version-history":[{"count":1,"href":"https:\/\/us.edu.pl\/instytut\/ibbios\/wp-json\/wp\/v2\/pages\/6056\/revisions"}],"predecessor-version":[{"id":6057,"href":"https:\/\/us.edu.pl\/instytut\/ibbios\/wp-json\/wp\/v2\/pages\/6056\/revisions\/6057"}],"wp:attachment":[{"href":"https:\/\/us.edu.pl\/instytut\/ibbios\/wp-json\/wp\/v2\/media?parent=6056"}],"curies":[{"name":"wp","href":"https:\/\/api.w.org\/{rel}","templated":true}]}}