{"id":6060,"date":"2023-03-28T15:05:16","date_gmt":"2023-03-28T13:05:16","guid":{"rendered":"https:\/\/us.edu.pl\/instytut\/ibbios\/?page_id=6060"},"modified":"2023-03-28T16:21:41","modified_gmt":"2023-03-28T14:21:41","slug":"anna-orczewska-idb","status":"publish","type":"page","link":"https:\/\/us.edu.pl\/instytut\/ibbios\/anna-orczewska-idb\/","title":{"rendered":"Dr hab. Anna Orczewska, prof. U\u015a &#8211; indywidualna dzia\u0142alno\u015b\u0107 badawcza"},"content":{"rendered":"<p>[vc_row][vc_column]\r\n                <div class=\"text-modules \">\r\n                    <div class=\"container\">\r\n                        <h3 class=\"section-title section-title_border-bottom\">Dr hab. Anna Orczewska, prof. U\u015a - indywidualna dzia\u0142alno\u015b\u0107 badawcza<\/h3> <h3 class=\"subtitle text-modules__subtitle\">Temat badawczy: Przemiany zbiorowisk le\u015bnych wywo\u0142ane presj\u0105 cz\u0142owieka i zmianami klimatu. <\/h3>\r\n                        <div class=\"row m-0\">\r\n                            <div class=\"text-modules__content\">\r\n                                <span style=\"font-size: 12pt;\">Lasy odgrywaj\u0105 wa\u017cn\u0105 rol\u0119 w zachowaniu r\u00f3\u017cnorodno\u015bci biotycznej oraz w \u0142agodzeniu skutk\u00f3w globalnego ocieplenia. W minionych latach realizowano r\u00f3\u017cne projekty badawcze skupiaj\u0105ce si\u0119 na tych zagadnieniach. Cz\u0119\u015b\u0107 z nich b\u0119dzie kontynuowana, m.in. rejestrowanie warunk\u00f3w mikroklimatycznych panuj\u0105cych w wyspowych lasach o niewielkiej powierzchni. Maj\u0105 one bowiem kluczowe znaczenie dla d\u0142ugookresowej egzystencji gatunk\u00f3w zwi\u0105zanych z wn\u0119trzem le\u015bnym, gdy\u017c \u0142agodz\u0105 skutki rosn\u0105cych temperatur, szczeg\u00f3lnie gdy zwarcie koron jest znaczne. Badania te zostan\u0105 poszerzone o prze\u015bledzenie bogactwa fauny owad\u00f3w obecnych w gradiencie \u201ebrzeg lasu-wn\u0119trze\u201d (pilota\u017cowo wykonane jednokrotnie w roku 2022), w tym spektrum zapylaczy obecnych w lasach.<\/span><\/p>\n<p><span style=\"font-size: 12pt;\">Runo le\u015bne ulega w ostatnich latach znacz\u0105cym przemianom, spowodowanym nasilaj\u0105cymi si\u0119, d\u0142ugookresowymi suszami. Jedno z zada\u0144 badawczych ma zatem na celu prze\u015bledzenie na sta\u0142ych powierzchniach zmian ilo\u015bciowych i jako\u015bciowych warstwy zielnej w odpowiedzi na te niekorzystne dla wegetacji warunki, jakie dokona\u0142y si\u0119 w ci\u0105gu ostatnich lat, jakie up\u0142yn\u0119\u0142y od pierwszej tury bada\u0144. Literatura przedmiotu wskazuje bowiem, \u017ce wsp\u00f3\u0142cze\u015bnie w lasach klimatu umiarkowanego mamy do czynienia z nasilaj\u0105cym si\u0119 zjawiskiem termofilizacji flory.\u00a0\u00a0<\/span><\/p>\n<p><span style=\"font-size: 12pt;\">Du\u017ce, samotne drzewa rosn\u0105ce w krajobrazie zurbanizowanym, podmiejskim oraz rolniczym, b\u0119d\u0105 obiektem wielow\u0105tkowych bada\u0144 (edaficznych, mikroklimatycznych, florystycznych i faunistycznych), gdy\u017c s\u0105 wa\u017cnym ogniwem kszta\u0142tuj\u0105cym bior\u00f3\u017cnorodno\u015b\u0107 oraz lokalne warunki termiczne. Obiektem bada\u0144 b\u0119dzie 24 drzew usytuowanych w zachodniej cz\u0119\u015bci woj. \u015bl\u0105skiego.\u00a0<\/span><\/p>\n<p>&nbsp;<\/p>\n<p>S\u0142owa kluczowe:<\/p>\n<ul>\n<li>mikroklimat<\/li>\n<li>bior\u00f3\u017cnorodno\u015b\u0107<\/li>\n<li>las<\/li>\n<li>runo le\u015bne<\/li>\n<li>du\u017ce drzewa<\/li>\n<\/ul>\n<div class=\"mt-3\"><\/div>\r\n                            <\/div>\r\n                            \r\n                            \r\n                        <\/div>\r\n                    <\/div>\r\n                <\/div>[\/vc_column][\/vc_row]<\/p>","protected":false},"excerpt":{"rendered":"<p>[vc_row][vc_column][\/vc_column][\/vc_row] [&#8230;]<\/p>\n<p><a class=\"btn btn-secondary understrap-read-more-link\" href=\"https:\/\/us.edu.pl\/instytut\/ibbios\/anna-orczewska-idb\/\">Read More&#8230;<\/a><\/p>\n","protected":false},"author":4825,"featured_media":0,"parent":0,"menu_order":0,"comment_status":"closed","ping_status":"closed","template":"","meta":{"_expiration-date-status":"","_expiration-date":0,"_expiration-date-type":"","_expiration-date-categories":[],"_expiration-date-options":[]},"acf":[],"_links":{"self":[{"href":"https:\/\/us.edu.pl\/instytut\/ibbios\/wp-json\/wp\/v2\/pages\/6060"}],"collection":[{"href":"https:\/\/us.edu.pl\/instytut\/ibbios\/wp-json\/wp\/v2\/pages"}],"about":[{"href":"https:\/\/us.edu.pl\/instytut\/ibbios\/wp-json\/wp\/v2\/types\/page"}],"author":[{"embeddable":true,"href":"https:\/\/us.edu.pl\/instytut\/ibbios\/wp-json\/wp\/v2\/users\/4825"}],"replies":[{"embeddable":true,"href":"https:\/\/us.edu.pl\/instytut\/ibbios\/wp-json\/wp\/v2\/comments?post=6060"}],"version-history":[{"count":1,"href":"https:\/\/us.edu.pl\/instytut\/ibbios\/wp-json\/wp\/v2\/pages\/6060\/revisions"}],"predecessor-version":[{"id":6061,"href":"https:\/\/us.edu.pl\/instytut\/ibbios\/wp-json\/wp\/v2\/pages\/6060\/revisions\/6061"}],"wp:attachment":[{"href":"https:\/\/us.edu.pl\/instytut\/ibbios\/wp-json\/wp\/v2\/media?parent=6060"}],"curies":[{"name":"wp","href":"https:\/\/api.w.org\/{rel}","templated":true}]}}