{"id":6062,"date":"2023-03-28T15:07:46","date_gmt":"2023-03-28T13:07:46","guid":{"rendered":"https:\/\/us.edu.pl\/instytut\/ibbios\/?page_id=6062"},"modified":"2023-03-28T16:21:15","modified_gmt":"2023-03-28T14:21:15","slug":"mariusz-pietruszka-idb","status":"publish","type":"page","link":"https:\/\/us.edu.pl\/instytut\/ibbios\/mariusz-pietruszka-idb\/","title":{"rendered":"Prof. dr hab. Mariusz Pietruszka &#8211; indywidualna dzia\u0142alno\u015b\u0107 badawcza"},"content":{"rendered":"<p>[vc_row][vc_column]\r\n                <div class=\"text-modules \">\r\n                    <div class=\"container\">\r\n                        <h3 class=\"section-title section-title_border-bottom\">Prof. dr hab. Mariusz Pietruszka - indywidualna dzia\u0142alno\u015b\u0107 badawcza<\/h3> <h3 class=\"subtitle text-modules__subtitle\">Temat badawczy: Stany dynamiczne kom\u00f3rek biologicznych.<\/h3>\r\n                        <div class=\"row m-0\">\r\n                            <div class=\"text-modules__content\">\r\n                                <span style=\"font-size: 12pt;\">Kontynuacja bada\u0144 nad nier\u00f3wnowagowymi przej\u015bciami fazowymi w zespo\u0142ach oddzia\u0142ywuj\u0105cych kom\u00f3rek ro\u015blinnych i zwierz\u0119cych.<\/span><\/p>\n<p>&nbsp;<\/p>\n<p>S\u0142owa kluczowe:<\/p>\n<ul>\n<li>kom\u00f3rki<\/li>\n<li>stany koherentne<\/li>\n<li>przej\u015bcia fazowe<\/li>\n<\/ul>\n<div class=\"mt-3\"><\/div>\r\n                            <\/div>\r\n                            \r\n                            \r\n                        <\/div>\r\n                    <\/div>\r\n                <\/div>[\/vc_column][\/vc_row]<\/p>","protected":false},"excerpt":{"rendered":"<p>[vc_row][vc_column][\/vc_column][\/vc_row] [&#8230;]<\/p>\n<p><a class=\"btn btn-secondary understrap-read-more-link\" href=\"https:\/\/us.edu.pl\/instytut\/ibbios\/mariusz-pietruszka-idb\/\">Read More&#8230;<\/a><\/p>\n","protected":false},"author":4825,"featured_media":0,"parent":0,"menu_order":0,"comment_status":"closed","ping_status":"closed","template":"","meta":{"_expiration-date-status":"","_expiration-date":0,"_expiration-date-type":"","_expiration-date-categories":[],"_expiration-date-options":[]},"acf":[],"_links":{"self":[{"href":"https:\/\/us.edu.pl\/instytut\/ibbios\/wp-json\/wp\/v2\/pages\/6062"}],"collection":[{"href":"https:\/\/us.edu.pl\/instytut\/ibbios\/wp-json\/wp\/v2\/pages"}],"about":[{"href":"https:\/\/us.edu.pl\/instytut\/ibbios\/wp-json\/wp\/v2\/types\/page"}],"author":[{"embeddable":true,"href":"https:\/\/us.edu.pl\/instytut\/ibbios\/wp-json\/wp\/v2\/users\/4825"}],"replies":[{"embeddable":true,"href":"https:\/\/us.edu.pl\/instytut\/ibbios\/wp-json\/wp\/v2\/comments?post=6062"}],"version-history":[{"count":1,"href":"https:\/\/us.edu.pl\/instytut\/ibbios\/wp-json\/wp\/v2\/pages\/6062\/revisions"}],"predecessor-version":[{"id":6063,"href":"https:\/\/us.edu.pl\/instytut\/ibbios\/wp-json\/wp\/v2\/pages\/6062\/revisions\/6063"}],"wp:attachment":[{"href":"https:\/\/us.edu.pl\/instytut\/ibbios\/wp-json\/wp\/v2\/media?parent=6062"}],"curies":[{"name":"wp","href":"https:\/\/api.w.org\/{rel}","templated":true}]}}