{"id":6064,"date":"2023-03-28T15:10:07","date_gmt":"2023-03-28T13:10:07","guid":{"rendered":"https:\/\/us.edu.pl\/instytut\/ibbios\/?page_id=6064"},"modified":"2023-03-28T16:20:35","modified_gmt":"2023-03-28T14:20:35","slug":"piotr-skubala-idb","status":"publish","type":"page","link":"https:\/\/us.edu.pl\/instytut\/ibbios\/piotr-skubala-idb\/","title":{"rendered":"Prof. dr hab. Piotr Skuba\u0142a &#8211; indywidualna dzia\u0142alno\u015b\u0107 badawcza"},"content":{"rendered":"<p>[vc_row][vc_column]\r\n                <div class=\"text-modules \">\r\n                    <div class=\"container\">\r\n                        <h3 class=\"section-title section-title_border-bottom\">Prof. dr hab. Piotr Skuba\u0142a - indywidualna dzia\u0142alno\u015b\u0107 badawcza<\/h3> <h3 class=\"subtitle text-modules__subtitle\">Temat badawczy: Wp\u0142yw kr\u0119gowc\u00f3w morskich na polarne zgrupowania bezkr\u0119gowc\u00f3w l\u0105dowych<\/h3>\r\n                        <div class=\"row m-0\">\r\n                            <div class=\"text-modules__content\">\r\n                                <span style=\"font-size: 12pt;\">Kr\u0119gowce morskie, g\u0142\u00f3wnie ptaki i p\u0142etwonogie, dostarczaj\u0105 ogromnych ilo\u015bci sk\u0142adnik\u00f3w od\u017cywczych do domen l\u0105dowych w r\u00f3\u017cnych regionach Ziemi, gdy docieraj\u0105 na l\u0105d w celu rozmna\u017cania si\u0119, odpoczynku lub pierzenia. Allochtoniczne sk\u0142adniki od\u017cywcze zazwyczaj sprzyjaj\u0105 wzrostowi ro\u015blinno\u015bci, znacz\u0105co modyfikuj\u0105 jej struktur\u0119 i sk\u0142ad oraz wywieraj\u0105 kaskad\u0119 wp\u0142yw\u00f3w poprzez inne poziomy troficzne i r\u00f3\u017cne procesy ekosystemowe. <\/span><\/p>\n<p><span style=\"font-size: 12pt;\">Brakuje informacji na temat reakcji bezkr\u0119gowc\u00f3w l\u0105dowych na wp\u0142yw kr\u0119gowc\u00f3w morskich w regionach polarnych. Obecnie wszystkie badania wp\u0142ywu kr\u0119gowc\u00f3w morskich na l\u0105dowe zgrupowania bezkr\u0119gowc\u00f3w w Arktyce przeprowadzono na archipelagu Svalbard, a brakuje bada\u0144 w innych regionach Arktyki, takich jak Syberia, Kanada, Grenlandia, Alaska lub na rosyjskich archipelagach Oceanu Arktycznego, gdzie spotykamy rozleg\u0142e kolonie ptak\u00f3w. W regionach polarnych niskie temperatury i ograniczona dost\u0119pno\u015b\u0107 sk\u0142adnik\u00f3w od\u017cywczych i wody cz\u0119sto ograniczaj\u0105 procesy fizjologiczne i spo\u0142eczne. <\/span><\/p>\n<p><span style=\"font-size: 12pt;\">W zaplanowanych badaniach postanowili\u015bmy oceni\u0107 konsekwencje allochtonicznego wzbogacania siedliska glebowego w sk\u0142adniki od\u017cywcze dla l\u0105dowych zgrupowa\u0144 bezkr\u0119gowc\u00f3w w obr\u0119bie i wok\u00f3\u0142 miejsc skupisk kr\u0119gowc\u00f3w morskich i \u017ar\u00f3de\u0142 sk\u0142adnik\u00f3w od\u017cywczych. Zostan\u0105 przeanalizowane tego typu miejsca w regionach polarnych, w Arktyce oraz Antarktyce Kontynentalnej i Morskiej, siedliska najbardziej ubogie w sk\u0142adniki od\u017cywcze, ekstremalne pod wzgl\u0119dem warunk\u00f3w ekologicznych. Wielko\u015b\u0107 nap\u0142ywu ornitogennych sk\u0142adnik\u00f3w pokarmowych w regionach polarnych, szczeg\u00f3lnie w cz\u0119\u015bciach Antarktydy, zosta\u0142a uznana za jedn\u0105 z najwy\u017cszych na \u015bwiecie.<\/span><\/p>\n<p>&nbsp;<\/p>\n<p>S\u0142owa kluczowe:<\/p>\n<ul>\n<li>fauna glebowa<\/li>\n<li>roztocze (Acari)<\/li>\n<li>regiony polarne<\/li>\n<li>materia allochtoniczna<\/li>\n<li>kolonie ptak\u00f3w morskich<\/li>\n<\/ul>\n<div class=\"mt-3\"><\/div>\r\n                            <\/div>\r\n                            \r\n                            \r\n                        <\/div>\r\n                    <\/div>\r\n                <\/div>[\/vc_column][\/vc_row]<\/p>","protected":false},"excerpt":{"rendered":"<p>[vc_row][vc_column][\/vc_column][\/vc_row] [&#8230;]<\/p>\n<p><a class=\"btn btn-secondary understrap-read-more-link\" href=\"https:\/\/us.edu.pl\/instytut\/ibbios\/piotr-skubala-idb\/\">Read More&#8230;<\/a><\/p>\n","protected":false},"author":4825,"featured_media":0,"parent":0,"menu_order":0,"comment_status":"closed","ping_status":"closed","template":"","meta":{"_expiration-date-status":"","_expiration-date":0,"_expiration-date-type":"","_expiration-date-categories":[],"_expiration-date-options":[]},"acf":[],"_links":{"self":[{"href":"https:\/\/us.edu.pl\/instytut\/ibbios\/wp-json\/wp\/v2\/pages\/6064"}],"collection":[{"href":"https:\/\/us.edu.pl\/instytut\/ibbios\/wp-json\/wp\/v2\/pages"}],"about":[{"href":"https:\/\/us.edu.pl\/instytut\/ibbios\/wp-json\/wp\/v2\/types\/page"}],"author":[{"embeddable":true,"href":"https:\/\/us.edu.pl\/instytut\/ibbios\/wp-json\/wp\/v2\/users\/4825"}],"replies":[{"embeddable":true,"href":"https:\/\/us.edu.pl\/instytut\/ibbios\/wp-json\/wp\/v2\/comments?post=6064"}],"version-history":[{"count":1,"href":"https:\/\/us.edu.pl\/instytut\/ibbios\/wp-json\/wp\/v2\/pages\/6064\/revisions"}],"predecessor-version":[{"id":6065,"href":"https:\/\/us.edu.pl\/instytut\/ibbios\/wp-json\/wp\/v2\/pages\/6064\/revisions\/6065"}],"wp:attachment":[{"href":"https:\/\/us.edu.pl\/instytut\/ibbios\/wp-json\/wp\/v2\/media?parent=6064"}],"curies":[{"name":"wp","href":"https:\/\/api.w.org\/{rel}","templated":true}]}}