{"id":6066,"date":"2023-03-28T15:13:06","date_gmt":"2023-03-28T13:13:06","guid":{"rendered":"https:\/\/us.edu.pl\/instytut\/ibbios\/?page_id=6066"},"modified":"2023-03-28T16:20:19","modified_gmt":"2023-03-28T14:20:19","slug":"aldona-uzieblo-idb","status":"publish","type":"page","link":"https:\/\/us.edu.pl\/instytut\/ibbios\/aldona-uzieblo-idb\/","title":{"rendered":"Dr hab. Aldona Uzi\u0119b\u0142o &#8211; indywidualna dzia\u0142alno\u015b\u0107 badawcza"},"content":{"rendered":"<p>[vc_row][vc_column]\r\n                <div class=\"text-modules \">\r\n                    <div class=\"container\">\r\n                        <h3 class=\"section-title section-title_border-bottom\">Dr hab. Aldona Uzi\u0119b\u0142o - indywidualna dzia\u0142alno\u015b\u0107 badawcza<\/h3> <h3 class=\"subtitle text-modules__subtitle\">Temat badawczy: Zmiany w strukturze ro\u015blinno\u015bci sta\u0142ych powierzchni badawczych w S\u0142owi\u0144skim i Tatrza\u0144skim Parku Narodowym po 22 latach obserwacji<\/h3>\r\n                        <div class=\"row m-0\">\r\n                            <div class=\"text-modules__content\">\r\n                                <span style=\"font-size: 12pt;\">Sta\u0142e powierzchnie badawcze zosta\u0142y za\u0142o\u017cone w 2001 r. we wsp\u00f3\u0142pracy z IETU w Katowicach na terenie S\u0142owi\u0144skiego PN (miejscowo\u015b\u0107 Ga\u0107) i Tatrza\u0144skiego PN (p\u0142n stoki Nosala) w celu okre\u015blenia wp\u0142ywu depozycji azotu i siarki na struktur\u0119 ro\u015blinn\u0105 dw\u00f3ch zbiorowisk le\u015bnych (<em>Empetro-Pinetum<\/em> i <em>Abieti-Piceetum<\/em>)<a href=\"#_ftn1\" name=\"_ftnref1\">[1]<\/a>. Obie powierzchnie zosta\u0142y nast\u0119pnie w\u0142\u0105czone do projektu eLTER-Europe jako regionalnej grupy ILTER (International Long Term Ecological Research Network), w ramach kt\u00f3rego kontynuowano badania nad wp\u0142ywem depozycji azotu na sk\u0142ad gatunkowy i struktur\u0119 ekosystem\u00f3w le\u015bnych<a href=\"#_ftn2\" name=\"_ftnref2\">[2]<\/a>.<\/span><\/p>\n<p><span style=\"font-size: 12pt;\">Obecnie, od 2020 r. w ramach projektu eLTER PLUS, obserwacje zmian w sk\u0142adzie gatunkowym i strukturze przestrzennej obu ekosystem\u00f3w s\u0105 kontynuowane w kontek\u015bcie m.in. zmian klimatycznych (wy\u017csze \u015brednie miesi\u0119czne temperatury, ni\u017csze opady, zmiany w dynamice sezonu wegetacyjnego). W sezonie wegetacyjnym 2023 planowana jest kontynuacja obserwacji prowadzonych w cyklach 4-5 letnich w celu okre\u015blenia zmian ilo\u015bciowych i jako\u015bciowych obu fitocenoz.<\/span><\/p>\n<p>&nbsp;<\/p>\n<p>&nbsp;<\/p>\n<hr \/>\n<p><span style=\"font-size: 12pt;\"><a href=\"#_ftnref1\" name=\"_ftn1\">[1]<\/a> Staszewski T., <u>Uzi\u0119b\u0142o A. K.<\/u> , Kubiesa P., \u0141ukasik W., Szdzuj J. 2003. Response of coniferous ecosystems to reduction of SO<sub>2<\/sub> and NO<sub>x<\/sub> emission in last decade in Poland. Ekol\u00f3gia (Bratislava), vol. 22. Supplement 1: 358-364.<\/span><\/p>\n<p><span style=\"font-size: 12pt;\">Staszewski T., <u>Uzi\u0119b\u0142o A. K.<\/u>, \u0141ukasik W., Kubiesa P., Szdzuj J. 2007. Changes in plant community structure and health status of spruce of permanent plots of the southern Poland in the last decade. [w:] Kri\u017eov\u00e1 E., Ujh\u00e1zy K. (red.): Dynamika, stabilita a diverzita lesn\u00fdch ekosyst\u00e9mov. TU vo Zvolene, Zvolen, ISBN 978-80-228-1821-6: 95-103.<\/span><\/p>\n<p><span style=\"font-size: 12pt;\">Staszewski, T., <u>Uzi\u0119b\u0142o, A. K.<\/u>, \u0141ukasik, W., Kubiesa, P., Szdzuj, J., 2008: The biodiversity changes rate in Polish pine forests 2002 \u2013 2006. Phytopedon (Bratislava), Vol. 7, 1: p. 115\u2013121<\/span><\/p>\n<p>&nbsp;<\/p>\n<p><span style=\"font-size: 12pt;\"><a href=\"#_ftnref2\" name=\"_ftn2\">[2]<\/a> Dirnb\u00f6ck T., Grandin U., Bernhardt-R\u00f6mermann M.,\u00a0 Beudert\u00a0 B., Canullo R., Forsius M., Grabner\u00a0 M.-T., Holmberg M., Kleemola S., Lundin L., Mirtl M., Neumann M.,\u00a0 Pompei E., Salemaa M., Starlinger F., Staszewski T., <u>Uzi\u0119b\u0142o A.K.,<\/u> 2014. Forest floor vegetation response to nitrogen deposition in Europe. Global Change Biology\u00a0 20\/2: 429-440.<\/span><\/p>\n<p><span style=\"font-size: 12pt;\">Dirnb\u00f6ck T., Pr\u00f6ll G., Austnes K., Beloica J., Beudert B., Canullo R., De Marco A., Fornasier M. F., Futter M., Goergen K., Grandin U., Holmberg M., Lindroos A., Mirtl M., Neirynck J., Pecka T., Nieminen T. M., Nordbakken J., Posch M., Reinds G., Rowe E. C, Salemaa M., Scheuschner T., Starlinger F., <u>Uzi\u0119b\u0142o A. K.<\/u>, Valinia S., Weldon J., Wamelink Wieger GW, Forsius M. 2018. Currently legislated decreases in nitrogen deposition will yield only limited plant species recovery in European forests. Environmental Research Letters 13\/12.<\/span><\/p>\n<p>&nbsp;<\/p>\n<p>&nbsp;<\/p>\n<p>S\u0142owa kluczowe:<\/p>\n<ul>\n<li>Ekosystem le\u015bny,<\/li>\n<li>Zmiany klimatu,<\/li>\n<li>Struktura ro\u015blinno\u015bci,<\/li>\n<li>Sk\u0142ad gatunkowy<\/li>\n<\/ul>\n<div class=\"mt-3\"><\/div>\r\n                            <\/div>\r\n                            \r\n                            \r\n                        <\/div>\r\n                    <\/div>\r\n                <\/div>[\/vc_column][\/vc_row]<\/p>","protected":false},"excerpt":{"rendered":"<p>[vc_row][vc_column][\/vc_column][\/vc_row] [&#8230;]<\/p>\n<p><a class=\"btn btn-secondary understrap-read-more-link\" href=\"https:\/\/us.edu.pl\/instytut\/ibbios\/aldona-uzieblo-idb\/\">Read More&#8230;<\/a><\/p>\n","protected":false},"author":4825,"featured_media":0,"parent":0,"menu_order":0,"comment_status":"closed","ping_status":"closed","template":"","meta":{"_expiration-date-status":"","_expiration-date":0,"_expiration-date-type":"","_expiration-date-categories":[],"_expiration-date-options":[]},"acf":[],"_links":{"self":[{"href":"https:\/\/us.edu.pl\/instytut\/ibbios\/wp-json\/wp\/v2\/pages\/6066"}],"collection":[{"href":"https:\/\/us.edu.pl\/instytut\/ibbios\/wp-json\/wp\/v2\/pages"}],"about":[{"href":"https:\/\/us.edu.pl\/instytut\/ibbios\/wp-json\/wp\/v2\/types\/page"}],"author":[{"embeddable":true,"href":"https:\/\/us.edu.pl\/instytut\/ibbios\/wp-json\/wp\/v2\/users\/4825"}],"replies":[{"embeddable":true,"href":"https:\/\/us.edu.pl\/instytut\/ibbios\/wp-json\/wp\/v2\/comments?post=6066"}],"version-history":[{"count":3,"href":"https:\/\/us.edu.pl\/instytut\/ibbios\/wp-json\/wp\/v2\/pages\/6066\/revisions"}],"predecessor-version":[{"id":6072,"href":"https:\/\/us.edu.pl\/instytut\/ibbios\/wp-json\/wp\/v2\/pages\/6066\/revisions\/6072"}],"wp:attachment":[{"href":"https:\/\/us.edu.pl\/instytut\/ibbios\/wp-json\/wp\/v2\/media?parent=6066"}],"curies":[{"name":"wp","href":"https:\/\/api.w.org\/{rel}","templated":true}]}}