{"id":6068,"date":"2023-03-28T15:17:23","date_gmt":"2023-03-28T13:17:23","guid":{"rendered":"https:\/\/us.edu.pl\/instytut\/ibbios\/?page_id=6068"},"modified":"2023-03-28T16:20:02","modified_gmt":"2023-03-28T14:20:02","slug":"barbara-wojcikowska-idb","status":"publish","type":"page","link":"https:\/\/us.edu.pl\/instytut\/ibbios\/barbara-wojcikowska-idb\/","title":{"rendered":"Dr Barbara W\u00f3jcikowska &#8211; indywidualna dzia\u0142alno\u015b\u0107 badawcza"},"content":{"rendered":"<p>[vc_row][vc_column]\r\n                <div class=\"text-modules \">\r\n                    <div class=\"container\">\r\n                        <h3 class=\"section-title section-title_border-bottom\">Dr Barbara W\u00f3jcikowska - indywidualna dzia\u0142alno\u015b\u0107 badawcza<\/h3> <h3 class=\"subtitle text-modules__subtitle\">Temat badawczy: Rola sygnalizacji auksynowej w procesach regeneracyjnych u Arabidopsis thaliana.<\/h3>\r\n                        <div class=\"row m-0\">\r\n                            <div class=\"text-modules__content\">\r\n                                <span id=\"page462R_mcid21\" class=\"markedContent\" style=\"font-size: 12pt;\"><span dir=\"ltr\" role=\"presentation\">Badania <\/span><span dir=\"ltr\" role=\"presentation\">dotycz\u0105 identyfikacji i funkcjonalnej analizy <\/span><span dir=\"ltr\" role=\"presentation\">czynnik\u00f3w genetycznych i<\/span> <span dir=\"ltr\" role=\"presentation\">epigenetycznych<\/span> <span dir=\"ltr\" role=\"presentation\">zwi\u0105zanych z sygnalizacj\u0105<\/span><span dir=\"ltr\" role=\"presentation\">,<\/span> <span dir=\"ltr\" role=\"presentation\">syntez\u0105<\/span> <span dir=\"ltr\" role=\"presentation\">oraz <span id=\"page1R_mcid3\" class=\"markedContent\">transportem hormonu ro\u015blinnego \u2013 auksyny. <\/span><\/span><\/span><\/p>\n<p><span id=\"page462R_mcid21\" class=\"markedContent\" style=\"font-size: 12pt;\"><span dir=\"ltr\" role=\"presentation\"><span id=\"page1R_mcid3\" class=\"markedContent\">Modelem w prowadzonych badaniach jest <em>Arabidopsis thaliana<\/em>. Badania skupiaj\u0105 si\u0119 wok\u00f3\u0142 gen\u00f3w koduj\u0105cych: czynniki transkrypcyjne, szczeg\u00f3lnie z rodziny AUXIN RESPONSE FACTOR, Aux\/IAA, oraz bia\u0142ka zwi\u0105zane z formowaniem si\u0119 wi\u0105zek przewodz\u0105cych. Uk\u0142adami badawczymi zmierzaj\u0105cym do poznania funkcji ww. gen\u00f3w s\u0105 procesy: kanalizacji auksyny, czyli regeneracji wi\u0105zek przewodz\u0105cych oraz somatycznej embriogenezy prowadz\u0105cy do wytworzenia w warunkach kultury <em>in vitro <\/em>zarodk\u00f3w rozwijaj\u0105cych si\u0119 w ro\u015bliny.<\/span><\/span><\/span><\/p>\n<p><span id=\"page462R_mcid21\" class=\"markedContent\" style=\"font-size: 12pt;\"><span dir=\"ltr\" role=\"presentation\"><span id=\"page1R_mcid3\" class=\"markedContent\">Samoorganizuj\u0105ce si\u0119 tworzenie kana\u0142\u00f3w transportuj\u0105cych auksyny tzw. mechanizm kanalizacji auksyny jest kluczowy dla proces\u00f3w rozwojowych, takich jak np. indukcja organogenezy, embriogenezy, rozga\u0142\u0119ziania p\u0119d\u00f3w, tworzenia tkanki naczyniowej. Jest to niezwyk\u0142y przyk\u0142ad komunikacji mi\u0119dzykom\u00f3rkowej obejmuj\u0105cej sygnalizacj\u0119 hormonaln\u0105 i skoordynowane zmiany biegunowo\u015bci tkanek. Proces somatycznej embriogenezy stanowi system klonalnego rozmna\u017cania ro\u015blin dlatego poznanie molekularnych czynnik\u00f3w kontroluj\u0105cych proces tranzycji embriogeniczny, ma znaczenie praktyczne w biotechnologii ro\u015blin. <\/span><\/span><\/span><\/p>\n<p><span id=\"page462R_mcid21\" class=\"markedContent\" style=\"font-size: 12pt;\"><span dir=\"ltr\" role=\"presentation\"><span id=\"page1R_mcid3\" class=\"markedContent\">Zatem badania skupiaj\u0105 si\u0119 na poznaniu molekularnego mechanizmu kontroluj\u0105cego tworzenie kana\u0142\u00f3w transportuj\u0105cych auksyn\u0119 i indukcj\u0119 SE, kt\u00f3ra zachodzi w wyniku traktowania tkanek auksyn\u0105, a w analizach stosowane s\u0105 narz\u0119dzia genetyki, genomiki, epigenomiki oraz techniki kultur <em>in vitro<\/em> ro\u015blin.<\/span><\/span><\/span><\/p>\n<p>&nbsp;<\/p>\n<p>S\u0142owa kluczowe:<\/p>\n<ul>\n<li><span id=\"page11R_mcid17\" class=\"markedContent\"><span dir=\"ltr\" role=\"presentation\">Sygnalizacja<\/span> <span dir=\"ltr\" role=\"presentation\">auksynowa<\/span><\/span><\/li>\n<li><span id=\"page11R_mcid18\" class=\"markedContent\"><span dir=\"ltr\" role=\"presentation\">Regeneracja w kulturze<\/span> <em><span dir=\"ltr\" role=\"presentation\">in vitro<\/span><\/em><\/span><\/li>\n<li><span id=\"page11R_mcid19\" class=\"markedContent\"><span dir=\"ltr\" role=\"presentation\">Transkryptomika<\/span><\/span><\/li>\n<li><span id=\"page11R_mcid20\" class=\"markedContent\"><span dir=\"ltr\" role=\"presentation\">Epigenetyka<\/span><\/span><\/li>\n<\/ul>\n<div class=\"mt-3\"><\/div>\r\n                            <\/div>\r\n                            \r\n                            \r\n                        <\/div>\r\n                    <\/div>\r\n                <\/div>[\/vc_column][\/vc_row]<\/p>","protected":false},"excerpt":{"rendered":"<p>[vc_row][vc_column][\/vc_column][\/vc_row] [&#8230;]<\/p>\n<p><a class=\"btn btn-secondary understrap-read-more-link\" href=\"https:\/\/us.edu.pl\/instytut\/ibbios\/barbara-wojcikowska-idb\/\">Read More&#8230;<\/a><\/p>\n","protected":false},"author":4825,"featured_media":0,"parent":0,"menu_order":0,"comment_status":"closed","ping_status":"closed","template":"","meta":{"_expiration-date-status":"","_expiration-date":0,"_expiration-date-type":"","_expiration-date-categories":[],"_expiration-date-options":[]},"acf":[],"_links":{"self":[{"href":"https:\/\/us.edu.pl\/instytut\/ibbios\/wp-json\/wp\/v2\/pages\/6068"}],"collection":[{"href":"https:\/\/us.edu.pl\/instytut\/ibbios\/wp-json\/wp\/v2\/pages"}],"about":[{"href":"https:\/\/us.edu.pl\/instytut\/ibbios\/wp-json\/wp\/v2\/types\/page"}],"author":[{"embeddable":true,"href":"https:\/\/us.edu.pl\/instytut\/ibbios\/wp-json\/wp\/v2\/users\/4825"}],"replies":[{"embeddable":true,"href":"https:\/\/us.edu.pl\/instytut\/ibbios\/wp-json\/wp\/v2\/comments?post=6068"}],"version-history":[{"count":1,"href":"https:\/\/us.edu.pl\/instytut\/ibbios\/wp-json\/wp\/v2\/pages\/6068\/revisions"}],"predecessor-version":[{"id":6069,"href":"https:\/\/us.edu.pl\/instytut\/ibbios\/wp-json\/wp\/v2\/pages\/6068\/revisions\/6069"}],"wp:attachment":[{"href":"https:\/\/us.edu.pl\/instytut\/ibbios\/wp-json\/wp\/v2\/media?parent=6068"}],"curies":[{"name":"wp","href":"https:\/\/api.w.org\/{rel}","templated":true}]}}