{"id":76,"date":"2019-10-24T13:49:47","date_gmt":"2019-10-24T11:49:47","guid":{"rendered":"http:\/\/us.edu.pl\/instytut\/ibbios\/?page_id=76"},"modified":"2019-10-31T11:07:04","modified_gmt":"2019-10-31T10:07:04","slug":"mapa-strony","status":"publish","type":"page","link":"https:\/\/us.edu.pl\/instytut\/ibbios\/mapa-strony\/","title":{"rendered":"Mapa strony"},"content":{"rendered":"<p>[vc_row][vc_column]\r\n                <div class=\"text-modules\">\r\n                    <div class=\"container\">\r\n                        \r\n                        <div class=\"text-modules__content\"><div class=\"wsp-container\"><h2 class=\"wsp-pages-title\">Pages<\/h2>\n<ul class=\"wsp-pages-list\">\n<li class=\"page_item page-item-3840\"><a href=\"https:\/\/us.edu.pl\/instytut\/ibbios\/2022-rok-botaniki\/\">2022 &#8211; Rok Botaniki<\/a><\/li>\n<li class=\"page_item page-item-2\"><a href=\"https:\/\/us.edu.pl\/instytut\/ibbios\/przykladowa-strona\/\">Przyk\u0142adowa strona<\/a><\/li>\n<li class=\"page_item page-item-5378\"><a href=\"https:\/\/us.edu.pl\/instytut\/ibbios\/noc-biologow\/\">Noc Biolog\u00f3w<\/a><\/li>\n<li class=\"page_item page-item-6146 page_item_has_children\"><a href=\"https:\/\/us.edu.pl\/instytut\/ibbios\/nauka\/\">Nauka<\/a>\n<ul class='children'>\n\t<li class=\"page_item page-item-3114\"><a href=\"https:\/\/us.edu.pl\/instytut\/ibbios\/nauka\/oferty-pracy-w-projektach\/\">Oferty pracy w projektach<\/a><\/li>\n\t<li class=\"page_item page-item-1330\"><a href=\"https:\/\/us.edu.pl\/instytut\/ibbios\/nauka\/projekty\/\">Projekty<\/a><\/li>\n\t<li class=\"page_item page-item-1098\"><a href=\"https:\/\/us.edu.pl\/instytut\/ibbios\/nauka\/badacze-indywidualni\/\">badacze indywidualni<\/a><\/li>\n\t<li class=\"page_item page-item-4177 page_item_has_children\"><a href=\"https:\/\/us.edu.pl\/instytut\/ibbios\/nauka\/wymiana-akademicka\/\">wymiana akademicka<\/a>\n\t<ul class='children'>\n\t\t<li class=\"page_item page-item-6156\"><a href=\"https:\/\/us.edu.pl\/instytut\/ibbios\/nauka\/wymiana-akademicka\/erasmus\/\">ERASMUS+<\/a><\/li>\n\t\t<li class=\"page_item page-item-6161\"><a href=\"https:\/\/us.edu.pl\/instytut\/ibbios\/nauka\/wymiana-akademicka\/unesco\/\">UNESCO<\/a><\/li>\n\t\t<li class=\"page_item page-item-6165\"><a href=\"https:\/\/us.edu.pl\/instytut\/ibbios\/nauka\/wymiana-akademicka\/nawa-program-im-mieczyslawa-bekkera\/\">NAWA: Program im. Mieczys\u0142awa Bekkera<\/a><\/li>\n\t\t<li class=\"page_item page-item-6169\"><a href=\"https:\/\/us.edu.pl\/instytut\/ibbios\/nauka\/wymiana-akademicka\/nawa-program-im-stanislawa-ulama\/\">NAWA: Program im. Stanis\u0142awa Ulama<\/a><\/li>\n\t<\/ul>\n<\/li>\n\t<li class=\"page_item page-item-1677 page_item_has_children\"><a href=\"https:\/\/us.edu.pl\/instytut\/ibbios\/nauka\/ewaluacja-2021\/\">Ewaluacja 2017-2021<\/a>\n\t<ul class='children'>\n\t\t<li class=\"page_item page-item-4108\"><a href=\"https:\/\/us.edu.pl\/instytut\/ibbios\/nauka\/ewaluacja-2021\/przydatne-linki-w-dzialalnosci-naukowej\/\">Przydatne linki w dzia\u0142alno\u015bci naukowej<\/a><\/li>\n\t\t<li class=\"page_item page-item-1705\"><a href=\"https:\/\/us.edu.pl\/instytut\/ibbios\/nauka\/ewaluacja-2021\/pomoc\/\">Pomoc<\/a><\/li>\n\t\t<li class=\"page_item page-item-1708 page_item_has_children\"><a href=\"https:\/\/us.edu.pl\/instytut\/ibbios\/nauka\/ewaluacja-2021\/ewaluacja\/\">Do pobrania<\/a>\n\t\t<ul class='children'>\n\t\t\t<li class=\"page_item page-item-1904\"><a href=\"https:\/\/us.edu.pl\/instytut\/ibbios\/nauka\/ewaluacja-2021\/ewaluacja\/przewodniki-broszury-i-przydatne-linki\/\">Przewodniki, broszury i przydatne linki<\/a><\/li>\n\t\t\t<li class=\"page_item page-item-1906\"><a href=\"https:\/\/us.edu.pl\/instytut\/ibbios\/nauka\/ewaluacja-2021\/ewaluacja\/akty-prawne-w-sprawie-ewaluacji-jakosci-dzialalnosci-naukowej-1\/\">Akty prawne w sprawie ewaluacji jako\u015bci dzia\u0142alno\u015bci naukowej<\/a><\/li>\n\t\t\t<li class=\"page_item page-item-1908\"><a href=\"https:\/\/us.edu.pl\/instytut\/ibbios\/nauka\/ewaluacja-2021\/ewaluacja\/formularze-do-pobrania\/\">Formularze do pobrania<\/a><\/li>\n\t\t<\/ul>\n<\/li>\n\t\t<li class=\"page_item page-item-3787\"><a href=\"https:\/\/us.edu.pl\/instytut\/ibbios\/nauka\/ewaluacja-2021\/akty-prawne-w-sprawie-ewaluacji-jakosci-dzialalnosci-naukowej\/\">Akty prawne w sprawie ewaluacji jako\u015bci dzia\u0142alno\u015bci naukowej<\/a><\/li>\n\t<\/ul>\n<\/li>\n\t<li class=\"page_item page-item-147\"><a href=\"https:\/\/us.edu.pl\/instytut\/ibbios\/nauka\/zespoly-badawcze\/\">Zespo\u0142y badawcze<\/a><\/li>\n\t<li class=\"page_item page-item-161 page_item_has_children\"><a href=\"https:\/\/us.edu.pl\/instytut\/ibbios\/nauka\/kierunki-badawcze\/\">Kierunki badawcze<\/a>\n\t<ul class='children'>\n\t\t<li class=\"page_item page-item-911\"><a href=\"https:\/\/us.edu.pl\/instytut\/ibbios\/nauka\/kierunki-badawcze\/biologia-eksperymentalna-filogeneza-i-procesy-rozwojowe-u-zwierzat\/\">Biologia eksperymentalna, filogeneza i procesy rozwojowe u zwierz\u0105t<\/a><\/li>\n\t\t<li class=\"page_item page-item-918\"><a href=\"https:\/\/us.edu.pl\/instytut\/ibbios\/nauka\/kierunki-badawcze\/biotechnologia-srodowiska\/\">Biotechnologia \u015brodowiska<\/a><\/li>\n\t\t<li class=\"page_item page-item-921\"><a href=\"https:\/\/us.edu.pl\/instytut\/ibbios\/nauka\/kierunki-badawcze\/biotechnologia-i-biologia-eksperymentalna-roslin\/\">Biotechnologia i biologia eksperymentalna ro\u015blin<\/a><\/li>\n\t\t<li class=\"page_item page-item-923\"><a href=\"https:\/\/us.edu.pl\/instytut\/ibbios\/nauka\/kierunki-badawcze\/ekologia-i-ochrona-srodowiska\/\">Ekologia i ochrona \u015brodowiska<\/a><\/li>\n\t<\/ul>\n<\/li>\n<\/ul>\n<\/li>\n<li class=\"page_item page-item-2564\"><a href=\"https:\/\/us.edu.pl\/instytut\/ibbios\/newsletter-2\/\">newsletter 2<\/a><\/li>\n<li class=\"page_item page-item-5\"><a href=\"https:\/\/us.edu.pl\/instytut\/ibbios\/strona-glowna\/\">Strona g\u0142\u00f3wna (starsza wersja)<\/a><\/li>\n<li class=\"page_item page-item-3854\"><a href=\"https:\/\/us.edu.pl\/instytut\/ibbios\/embriogenezy-w-mikrosporach-pszenicy-triticum-aestivum\/\">Molekularne aspekty procesu embriogenezy w kulturze izolowanych mikrospor pszenicy (Triticum aestivum)<\/a><\/li>\n<li class=\"page_item page-item-273\"><a href=\"https:\/\/us.edu.pl\/instytut\/ibbios\/kontakt\/\">Kontakt<\/a><\/li>\n<li class=\"page_item page-item-6173 page_item_has_children\"><a href=\"https:\/\/us.edu.pl\/instytut\/ibbios\/awanse-naukowe\/\">Awanse naukowe<\/a>\n<ul class='children'>\n\t<li class=\"page_item page-item-1600\"><a href=\"https:\/\/us.edu.pl\/instytut\/ibbios\/awanse-naukowe\/obrony-doktorskie\/\">Obrony doktorskie<\/a><\/li>\n\t<li class=\"page_item page-item-1148\"><a href=\"https:\/\/us.edu.pl\/instytut\/ibbios\/awanse-naukowe\/studia-doktoranckie\/\">Studia doktoranckie<\/a><\/li>\n\t<li class=\"page_item page-item-1151\"><a href=\"https:\/\/us.edu.pl\/instytut\/ibbios\/awanse-naukowe\/habilitacje\/\">Habilitacje<\/a><\/li>\n\t<li class=\"page_item page-item-5069\"><a href=\"https:\/\/us.edu.pl\/instytut\/ibbios\/awanse-naukowe\/akty-prawne\/\">Akty prawne<\/a><\/li>\n<\/ul>\n<\/li>\n<li class=\"page_item page-item-9252\"><a href=\"https:\/\/us.edu.pl\/instytut\/ibbios\/scientific-meetings\/\">Scientific Meetings<\/a><\/li>\n<li class=\"page_item page-item-3625\"><a href=\"https:\/\/us.edu.pl\/instytut\/ibbios\/profesor-stanislaw-cabala-wspomnienie\/\">Profesor Stanis\u0142aw Caba\u0142a &#8211; wspomnienie<\/a><\/li>\n<li class=\"page_item page-item-4143\"><a href=\"https:\/\/us.edu.pl\/instytut\/ibbios\/biologia-neila-a-campbella-wydanie-drugie\/\">&#8222;Biologia&#8221; Neila A. Campbella &#8211; wydanie drugie.<\/a><\/li>\n<li class=\"page_item page-item-5936\"><a href=\"https:\/\/us.edu.pl\/instytut\/ibbios\/zespol-nanotoksykologii\/\">Zesp\u00f3\u0142 Nanotoksykologii (NANO TEAM)<\/a><\/li>\n<li class=\"page_item page-item-5941\"><a href=\"https:\/\/us.edu.pl\/instytut\/ibbios\/zespol-biologii-stresu-srodowiskowego\/\">Zesp\u00f3\u0142 Biologii Stresu \u015arodowiskowego<\/a><\/li>\n<li class=\"page_item page-item-2870\"><a href=\"https:\/\/us.edu.pl\/instytut\/ibbios\/newsletter-4\/\">newsletter 4<\/a><\/li>\n<li class=\"page_item page-item-2359 page_item_has_children\"><a href=\"https:\/\/us.edu.pl\/instytut\/ibbios\/zgigfr\/\">ZGiGFR<\/a>\n<ul class='children'>\n\t<li class=\"page_item page-item-2377\"><a href=\"https:\/\/us.edu.pl\/instytut\/ibbios\/zgigfr\/profil-badawczy-zgigfr\/\">profil badawczy ZGIGFR<\/a><\/li>\n\t<li class=\"page_item page-item-2383\"><a href=\"https:\/\/us.edu.pl\/instytut\/ibbios\/zgigfr\/zespol-zgigfr\/\">Zesp\u00f3\u0142 Genetyki i Genomiki Funkcjonalnej Ro\u015blin<\/a><\/li>\n<\/ul>\n<\/li>\n<li class=\"page_item page-item-4151\"><a href=\"https:\/\/us.edu.pl\/instytut\/ibbios\/archiwum\/\">Wiadomo\u015bci archiwalne<\/a><\/li>\n<li class=\"page_item page-item-5943\"><a href=\"https:\/\/us.edu.pl\/instytut\/ibbios\/zespol-zoologii\/\">Zesp\u00f3\u0142 Zoologii<\/a><\/li>\n<li class=\"page_item page-item-5945\"><a href=\"https:\/\/us.edu.pl\/instytut\/ibbios\/zespol-genetyki-i-genomiki-funkcjonalnej-roslin\/\">Zesp\u00f3\u0142 Genetyki i Genomiki Funkcjonalnej Ro\u015blin<\/a><\/li>\n<li class=\"page_item page-item-8763\"><a href=\"https:\/\/us.edu.pl\/instytut\/ibbios\/biolodzy-w-multimediach\/\">Biolodzy w multimediach<\/a><\/li>\n<li class=\"page_item page-item-5950\"><a href=\"https:\/\/us.edu.pl\/instytut\/ibbios\/zespol-genetyki-i-genomiki-funkcjonalnej-roslin-2\/\">Zesp\u00f3\u0142 Genetyki i Genomiki Funkcjonalnej Ro\u015blin<\/a><\/li>\n<li class=\"page_item page-item-5953\"><a href=\"https:\/\/us.edu.pl\/instytut\/ibbios\/zespol-fizjologii-i-etologii-owadow\/\">Zesp\u00f3\u0142 Fizjologii i Etologii Owad\u00f3w<\/a><\/li>\n<li class=\"page_item page-item-5955\"><a href=\"https:\/\/us.edu.pl\/instytut\/ibbios\/zespol-genetyki-i-biotechnologii-somatycznych-komorek-roslin\/\">Zesp\u00f3\u0142 Genetyki i Biotechnologii Somatycznych Kom\u00f3rek Ro\u015blin<\/a><\/li>\n<li class=\"page_item page-item-5957\"><a href=\"https:\/\/us.edu.pl\/instytut\/ibbios\/zespol-cytogenetyki-i-biologii-molekularnej-roslin\/\">Zesp\u00f3\u0142 Cytogenetyki i Biologii Molekularnej Ro\u015blin<\/a><\/li>\n<li class=\"page_item page-item-5959\"><a href=\"https:\/\/us.edu.pl\/instytut\/ibbios\/zespol-fizjologii-zwierzat-i-ekotoksykologii\/\">Zesp\u00f3\u0142 Fizjologii Zwierz\u0105t i Ekotoksykologii<\/a><\/li>\n<li class=\"page_item page-item-5961\"><a href=\"https:\/\/us.edu.pl\/instytut\/ibbios\/zespol-bioroznorodnosci-i-ewolucji-zwierzat\/\">Zesp\u00f3\u0142 Bior\u00f3\u017cnorodno\u015bci i Ewolucji Zwierz\u0105t<\/a><\/li>\n<li class=\"page_item page-item-5963\"><a href=\"https:\/\/us.edu.pl\/instytut\/ibbios\/zespol-biofizyki-i-morfogenezy-roslin\/\">Zesp\u00f3\u0142 Biofizyki i Morfogenezy Ro\u015blin<\/a><\/li>\n<li class=\"page_item page-item-76\"><a href=\"https:\/\/us.edu.pl\/instytut\/ibbios\/mapa-strony\/\">Mapa strony<\/a><\/li>\n<li class=\"page_item page-item-1868\"><a href=\"https:\/\/us.edu.pl\/instytut\/ibbios\/wydarzenia\/\">Wydarzenia<\/a><\/li>\n<li class=\"page_item page-item-1870\"><a href=\"https:\/\/us.edu.pl\/instytut\/ibbios\/konferencje-i-seminaria\/\">Konferencje, Seminaria i Szkolenia<\/a><\/li>\n<li class=\"page_item page-item-5966\"><a href=\"https:\/\/us.edu.pl\/instytut\/ibbios\/zespol-hydrobiologii-i-monitoringu-wod\/\">Zesp\u00f3\u0142 Hydrobiologii i Monitoringu W\u00f3d<\/a><\/li>\n<li class=\"page_item page-item-1873\"><a href=\"https:\/\/us.edu.pl\/instytut\/ibbios\/galeria-instytutowa\/\">Galeria instytutowa<\/a><\/li>\n<li class=\"page_item page-item-5969\"><a href=\"https:\/\/us.edu.pl\/instytut\/ibbios\/zespol-biologii-komorki-roslinnej\/\">Zesp\u00f3\u0142 Biologii Kom\u00f3rki Ro\u015blinnej<\/a><\/li>\n<li class=\"page_item page-item-5971\"><a href=\"https:\/\/us.edu.pl\/instytut\/ibbios\/zespol-biochemii-i-biotechnologii-srodowiska\/\">Zesp\u00f3\u0142 Biochemii i Biotechnologii \u015arodowiska<\/a><\/li>\n<li class=\"page_item page-item-84\"><a href=\"https:\/\/us.edu.pl\/instytut\/ibbios\/wszystko\/\">Wszystko<\/a><\/li>\n<li class=\"page_item page-item-1109\"><a href=\"https:\/\/us.edu.pl\/instytut\/ibbios\/aktualnosci\/\">Aktualno\u015bci<\/a><\/li>\n<li class=\"page_item page-item-5974\"><a href=\"https:\/\/us.edu.pl\/instytut\/ibbios\/zespol-ekologii\/\">Zesp\u00f3\u0142 Ekologii<\/a><\/li>\n<li class=\"page_item page-item-2391\"><a href=\"https:\/\/us.edu.pl\/instytut\/ibbios\/ibbios-newsletter\/\">IBBiO\u015a newsletter<\/a><\/li>\n<li class=\"page_item page-item-3160\"><a href=\"https:\/\/us.edu.pl\/instytut\/ibbios\/newsletter-6\/\">newsletter 6<\/a><\/li>\n<li class=\"page_item page-item-5976\"><a href=\"https:\/\/us.edu.pl\/instytut\/ibbios\/zespol-mikrobiologii-i-biotechnologii-srodowiskowej\/\">Zesp\u00f3\u0142 Mikrobiologii i Biotechnologii \u015arodowiskowej<\/a><\/li>\n<li class=\"page_item page-item-5979\"><a href=\"https:\/\/us.edu.pl\/instytut\/ibbios\/zespol-mikrobiologii-i-bioremediacji-srodowiska\/\">Zesp\u00f3\u0142 Mikrobiologii i Bioremediacji \u015arodowiska<\/a><\/li>\n<li class=\"page_item page-item-5983\"><a href=\"https:\/\/us.edu.pl\/instytut\/ibbios\/zespol-histologii-i-embriologii-zwierzat\/\">Zesp\u00f3\u0142 Histologii i Embriologii Zwierz\u0105t<\/a><\/li>\n<li class=\"page_item page-item-2405\"><a href=\"https:\/\/us.edu.pl\/instytut\/ibbios\/newsletter-1\/\">newsletter 1<\/a><\/li>\n<li class=\"page_item page-item-5991\"><a href=\"https:\/\/us.edu.pl\/instytut\/ibbios\/zespol-botaniki-i-ochrony-przyrody\/\">Zesp\u00f3\u0142 Botaniki i Ochrony Przyrody<\/a><\/li>\n<li class=\"page_item page-item-5993\"><a href=\"https:\/\/us.edu.pl\/instytut\/ibbios\/zespol-ekofizjologii-roslin\/\">Zesp\u00f3\u0142 Ekofizjologii Ro\u015blin<\/a><\/li>\n<li class=\"page_item page-item-5995\"><a href=\"https:\/\/us.edu.pl\/instytut\/ibbios\/zespol-hydrobiologii\/\">Zesp\u00f3\u0142 Hydrobiologii<\/a><\/li>\n<li class=\"page_item page-item-5997\"><a href=\"https:\/\/us.edu.pl\/instytut\/ibbios\/zespol-nano-mikrobiologii\/\">Zesp\u00f3\u0142 Nano-Mikrobiologii<\/a><\/li>\n<li class=\"page_item page-item-6007\"><a href=\"https:\/\/us.edu.pl\/instytut\/ibbios\/zespol-taksonomii-i-bioroznorodnosci-zwierzat\/\">Zesp\u00f3\u0142 Taksonomii i Bior\u00f3\u017cnorodno\u015bci Zwierz\u0105t<\/a><\/li>\n<li class=\"page_item page-item-120\"><a href=\"https:\/\/us.edu.pl\/instytut\/ibbios\/w-przygotowaniu\/\">w przygotowaniu<\/a><\/li>\n<li class=\"page_item page-item-3960\"><a href=\"https:\/\/us.edu.pl\/instytut\/ibbios\/noc-biologow-2022\/\">Noc Biolog\u00f3w 2022 b\u0119dzie trwa\u0107 p\u00f3\u0142 roku!<\/a><\/li>\n<li class=\"page_item page-item-1146\"><a href=\"https:\/\/us.edu.pl\/instytut\/ibbios\/strategia-instytutu\/\">strategia instytutu<\/a><\/li>\n<li class=\"page_item page-item-2685\"><a href=\"https:\/\/us.edu.pl\/instytut\/ibbios\/wgrywanie-publikacji-z-bibliografii-do-orcid-2\/\">Wgrywanie publikacji z bibliografii do Orcid<\/a><\/li>\n<li class=\"page_item page-item-6015\"><a href=\"https:\/\/us.edu.pl\/instytut\/ibbios\/zespol-biochemii-i-genetyki-mikroorganizmow\/\">Zesp\u00f3\u0142 Biochemii i Genetyki Mikroorganizm\u00f3w<\/a><\/li>\n<li class=\"page_item page-item-1665\"><a href=\"https:\/\/us.edu.pl\/instytut\/ibbios\/publikacje-ibbios\/\">Publikacje IBBiO\u015a<\/a><\/li>\n<li class=\"page_item page-item-6018\"><a href=\"https:\/\/us.edu.pl\/instytut\/ibbios\/zespol-geobotaniki-i-funkcjonowania-ekosystemow-geo-fe\/\">Zesp\u00f3\u0142 Geobotaniki i Funkcjonowania Ekosystem\u00f3w (Geo FE)<\/a><\/li>\n<li class=\"page_item page-item-1155\"><a href=\"https:\/\/us.edu.pl\/instytut\/ibbios\/strategia-instytutu\/\">strategia instytutu<\/a><\/li>\n<li class=\"page_item page-item-6021\"><a href=\"https:\/\/us.edu.pl\/instytut\/ibbios\/zespol-slaskiego-centrum-wody\/\">Zesp\u00f3\u0142 \u015al\u0105skiego Centrum Wody<\/a><\/li>\n<li class=\"page_item page-item-153\"><a href=\"https:\/\/us.edu.pl\/instytut\/ibbios\/wspolpraca\/\">wsp\u00f3\u0142praca<\/a><\/li>\n<li class=\"page_item page-item-3234\"><a href=\"https:\/\/us.edu.pl\/instytut\/ibbios\/robert-hasterok\/\">Robert Hasterok<\/a><\/li>\n<li class=\"page_item page-item-5540\"><a href=\"https:\/\/us.edu.pl\/instytut\/ibbios\/\">Strona g\u0142\u00f3wna<\/a><\/li>\n<li class=\"page_item page-item-6052\"><a href=\"https:\/\/us.edu.pl\/instytut\/ibbios\/waldemar-karcz-idb\/\">Prof. dr hab. Waldemar Karcz &#8211; indywidualna dzia\u0142alno\u015b\u0107 badawcza<\/a><\/li>\n<li class=\"page_item page-item-6056\"><a href=\"https:\/\/us.edu.pl\/instytut\/ibbios\/joanna-kohyt-idb\/\">Dr Joanna Kohyt &#8211; indywidualna dzia\u0142alno\u015b\u0107 badawcza<\/a><\/li>\n<li class=\"page_item page-item-169\"><a href=\"https:\/\/us.edu.pl\/instytut\/ibbios\/zagraniczna\/\">zagraniczna<\/a><\/li>\n<li class=\"page_item page-item-6058\"><a href=\"https:\/\/us.edu.pl\/instytut\/ibbios\/bartosz-lozowski-idb\/\">Dr Bartosz \u0141ozowski &#8211; indywidualna dzia\u0142alno\u015b\u0107 badawcza<\/a><\/li>\n<li class=\"page_item page-item-172\"><a href=\"https:\/\/us.edu.pl\/instytut\/ibbios\/krajowa\/\">krajowa<\/a><\/li>\n<li class=\"page_item page-item-6060\"><a href=\"https:\/\/us.edu.pl\/instytut\/ibbios\/anna-orczewska-idb\/\">Dr hab. Anna Orczewska, prof. U\u015a &#8211; indywidualna dzia\u0142alno\u015b\u0107 badawcza<\/a><\/li>\n<li class=\"page_item page-item-174\"><a href=\"https:\/\/us.edu.pl\/instytut\/ibbios\/biuro-ewaluacji\/\">Biuro Ewaluacji i Obs\u0142ugi Instytut\u00f3w WNP<\/a><\/li>\n<li class=\"page_item page-item-6062\"><a href=\"https:\/\/us.edu.pl\/instytut\/ibbios\/mariusz-pietruszka-idb\/\">Prof. dr hab. Mariusz Pietruszka &#8211; indywidualna dzia\u0142alno\u015b\u0107 badawcza<\/a><\/li>\n<li class=\"page_item page-item-1712\"><a href=\"https:\/\/us.edu.pl\/instytut\/ibbios\/ibbios-w-mediach-spolecznosciowych\/\">IBBiO\u015a w mediach spo\u0142eczno\u015bciowych<\/a><\/li>\n<li class=\"page_item page-item-6064\"><a href=\"https:\/\/us.edu.pl\/instytut\/ibbios\/piotr-skubala-idb\/\">Prof. dr hab. Piotr Skuba\u0142a &#8211; indywidualna dzia\u0142alno\u015b\u0107 badawcza<\/a><\/li>\n<li class=\"page_item page-item-6066\"><a href=\"https:\/\/us.edu.pl\/instytut\/ibbios\/aldona-uzieblo-idb\/\">Dr hab. Aldona Uzi\u0119b\u0142o &#8211; indywidualna dzia\u0142alno\u015b\u0107 badawcza<\/a><\/li>\n<li class=\"page_item page-item-6068\"><a href=\"https:\/\/us.edu.pl\/instytut\/ibbios\/barbara-wojcikowska-idb\/\">Dr Barbara W\u00f3jcikowska &#8211; indywidualna dzia\u0142alno\u015b\u0107 badawcza<\/a><\/li>\n<li class=\"page_item page-item-3519\"><a href=\"https:\/\/us.edu.pl\/instytut\/ibbios\/newsletter-9-10\/\">Newsletter 9-10<\/a><\/li>\n<li class=\"page_item page-item-3008\"><a href=\"https:\/\/us.edu.pl\/instytut\/ibbios\/newsletter-5\/\">newsletter 5<\/a><\/li>\n<li class=\"page_item page-item-6082 page_item_has_children\"><a href=\"https:\/\/us.edu.pl\/instytut\/ibbios\/instytut\/\">Instytut<\/a>\n<ul class='children'>\n\t<li class=\"page_item page-item-278\"><a href=\"https:\/\/us.edu.pl\/instytut\/ibbios\/instytut\/pracownicy\/\">pracownicy<\/a><\/li>\n\t<li class=\"page_item page-item-8740\"><a href=\"https:\/\/us.edu.pl\/instytut\/ibbios\/instytut\/identyfikacja-wizualna-ibbios\/\">Identyfikacja wizualna IBBiO\u015a<\/a><\/li>\n\t<li class=\"page_item page-item-123\"><a href=\"https:\/\/us.edu.pl\/instytut\/ibbios\/instytut\/wladze\/\">W\u0142adze<\/a><\/li>\n\t<li class=\"page_item page-item-144 page_item_has_children\"><a href=\"https:\/\/us.edu.pl\/instytut\/ibbios\/instytut\/rada-naukowa-instytutu-regulamin-obrad-rady-instytutu\/\">Rada Naukowa Instytutu<\/a>\n\t<ul class='children'>\n\t\t<li class=\"page_item page-item-1105\"><a href=\"https:\/\/us.edu.pl\/instytut\/ibbios\/instytut\/rada-naukowa-instytutu-regulamin-obrad-rady-instytutu\/regulamin-obrad-rady-instytutu\/\">Regulamin Obrad Rady Instytutu<\/a><\/li>\n\t\t<li class=\"page_item page-item-1107\"><a href=\"https:\/\/us.edu.pl\/instytut\/ibbios\/instytut\/rada-naukowa-instytutu-regulamin-obrad-rady-instytutu\/uchwaly-rady-instytutu\/\">Uchwa\u0142y Rady Instytutu<\/a><\/li>\n\t<\/ul>\n<\/li>\n\t<li class=\"page_item page-item-6087\"><a href=\"https:\/\/us.edu.pl\/instytut\/ibbios\/instytut\/strategia\/\">Strategia rozwoju Instytutu<\/a><\/li>\n<\/ul>\n<\/li>\n<li class=\"page_item page-item-2760\"><a href=\"https:\/\/us.edu.pl\/instytut\/ibbios\/newsletter-3\/\">newsletter 3<\/a><\/li>\n<li class=\"page_item page-item-3017\"><a href=\"https:\/\/us.edu.pl\/instytut\/ibbios\/zarzadzenia-postanowienia-i-obwieszczenia-rektora\/\">Zarz\u0105dzenia, Postanowienia i Obwieszczenia Rektora<\/a><\/li>\n<li class=\"page_item page-item-3274\"><a href=\"https:\/\/us.edu.pl\/instytut\/ibbios\/newsletter-7-8\/\">newsletter 7-8<\/a><\/li>\n<li class=\"page_item page-item-9194\"><a href=\"https:\/\/us.edu.pl\/instytut\/ibbios\/licealisci-na-wnp\/\">Liceali\u015bci na WNP<\/a><\/li>\n<li class=\"page_item page-item-1789\"><a href=\"https:\/\/us.edu.pl\/instytut\/ibbios\/wirtualny-ibbios\/\">Wirtualny IBBiO\u015a<\/a><\/li>\n<\/ul>\n<\/div>\n<\/div>\r\n                    <\/div>\r\n                <\/div>[\/vc_column][\/vc_row]<\/p>\n","protected":false},"excerpt":{"rendered":"<p>[vc_row][vc_column][\/vc_column][\/vc_row] [&#8230;]<\/p>\n<p><a class=\"btn btn-secondary understrap-read-more-link\" href=\"https:\/\/us.edu.pl\/instytut\/ibbios\/mapa-strony\/\">Read More&#8230;<\/a><\/p>\n","protected":false},"author":29,"featured_media":0,"parent":0,"menu_order":0,"comment_status":"closed","ping_status":"closed","template":"page-templates\/sitemap-template.php","meta":{"_expiration-date-status":"saved","_expiration-date":0,"_expiration-date-type":"","_expiration-date-categories":[],"_expiration-date-options":[]},"acf":[],"_links":{"self":[{"href":"https:\/\/us.edu.pl\/instytut\/ibbios\/wp-json\/wp\/v2\/pages\/76"}],"collection":[{"href":"https:\/\/us.edu.pl\/instytut\/ibbios\/wp-json\/wp\/v2\/pages"}],"about":[{"href":"https:\/\/us.edu.pl\/instytut\/ibbios\/wp-json\/wp\/v2\/types\/page"}],"author":[{"embeddable":true,"href":"https:\/\/us.edu.pl\/instytut\/ibbios\/wp-json\/wp\/v2\/users\/29"}],"replies":[{"embeddable":true,"href":"https:\/\/us.edu.pl\/instytut\/ibbios\/wp-json\/wp\/v2\/comments?post=76"}],"version-history":[{"count":2,"href":"https:\/\/us.edu.pl\/instytut\/ibbios\/wp-json\/wp\/v2\/pages\/76\/revisions"}],"predecessor-version":[{"id":101,"href":"https:\/\/us.edu.pl\/instytut\/ibbios\/wp-json\/wp\/v2\/pages\/76\/revisions\/101"}],"wp:attachment":[{"href":"https:\/\/us.edu.pl\/instytut\/ibbios\/wp-json\/wp\/v2\/media?parent=76"}],"curies":[{"name":"wp","href":"https:\/\/api.w.org\/{rel}","templated":true}]}}