{"id":8740,"date":"2025-03-25T09:08:36","date_gmt":"2025-03-25T08:08:36","guid":{"rendered":"https:\/\/us.edu.pl\/instytut\/ibbios\/?page_id=8740"},"modified":"2025-03-25T09:08:36","modified_gmt":"2025-03-25T08:08:36","slug":"identyfikacja-wizualna-ibbios","status":"publish","type":"page","link":"https:\/\/us.edu.pl\/instytut\/ibbios\/instytut\/identyfikacja-wizualna-ibbios\/","title":{"rendered":"Identyfikacja wizualna IBBiO\u015a"},"content":{"rendered":"<p>[vc_row][vc_column]\r\n                <div class=\"text-modules\">\r\n                    <div class=\"container\">\r\n                        \r\n                        <div class=\"text-modules__content\"><p><span style=\"font-size: 12pt;\"><strong><em>Prosimy przed wykorzystaniem materia\u0142\u00f3w promocyjnych zapozna\u0107 si\u0119 z Systemem Identyfikacji Wizualnej U\u015a (<\/em><\/strong><a href=\"https:\/\/us.edu.pl\/uczelnia\/system-identyfikacji-wizualnej\/\"><strong><em>https:\/\/us.edu.pl\/uczelnia\/system-identyfikacji-wizualnej\/<\/em><\/strong><\/a><strong><em>) lub\u00a0<\/em><\/strong><a class=\"mtli_attachment mtli_pdf mtli_attachment mtli_pdf mtli_attachment mtli_pdf\" href=\"https:\/\/us.edu.pl\/wp-content\/uploads\/strona-g%C5%82%C3%B3wna\/system-identyfikacji-wizualnej\/Ksiega_SIW_US_vr_3-2_12-2019.pdf\" data-mtli=\"mtli_filesize21,86MB\"><strong><em>Ksi\u0119g\u0105 Identyfikacji Wizualnej U\u015a<\/em><\/strong><\/a><strong><em>. Je\u015bli przygotowywane s\u0105 materia\u0142y (z wykorzystaniem logotyp\u00f3w) promuj\u0105ce wydarzenie organizowane lub wsp\u00f3\u0142organizowane przez Wydzia\u0142\/Instytut prosimy przes\u0142a\u0107 je do weryfikacji do <a href=\"mailto:agata.daszkowska@us.edu.pl\">Prodziekan ds. Promocji i Rozwoju WNP<\/a>.<\/em><\/strong><\/span><\/p>\n<\/div>\r\n                    <\/div>\r\n                <\/div>[vc_column_text]<span style=\"font-size: 12pt; font-family: verdana, geneva, sans-serif;\"><strong><a href=\"https:\/\/us.edu.pl\/wydzial\/wnp\/wp-content\/uploads\/sites\/16\/Nieprzypisane\/Logo-PL-dla-internetu-3.zip\">Logo (w j\u0119zyku polskim) dla internetu<\/a><\/strong><\/span><\/p>\n<p><span style=\"font-size: 12pt; font-family: verdana, geneva, sans-serif;\">pakiet .zip zawiera:<\/span><\/p>\n<ul>\n<li><span style=\"font-size: 12pt; font-family: verdana, geneva, sans-serif;\">\u00a0logo poziome rgb w formacie .jpg<\/span><\/li>\n<li><span style=\"font-size: 12pt; font-family: verdana, geneva, sans-serif;\">\u00a0logo poziome rgb w formacie .png<\/span><\/li>\n<li><span style=\"font-size: 12pt; font-family: verdana, geneva, sans-serif;\">\u00a0logo poziome bia\u0142e w formacie .png<\/span><\/li>\n<li><span style=\"font-size: 12pt; font-family: verdana, geneva, sans-serif;\">\u00a0logo poziome czarne w formacie .png<\/span><\/li>\n<\/ul>\n<p><span style=\"font-size: 12pt; font-family: verdana, geneva, sans-serif;\"><strong><a href=\"https:\/\/us.edu.pl\/wydzial\/wnp\/wp-content\/uploads\/sites\/16\/Nieprzypisane\/Logo-PL-dla-poligrafii-3.zip\">Logo (w j\u0119zyku polskim) dla poligrafii<\/a><\/strong><\/span><\/p>\n<p><span style=\"font-size: 12pt; font-family: verdana, geneva, sans-serif;\">pakiet .zip zawiera:<\/span><\/p>\n<ul>\n<li><span style=\"font-size: 12pt; font-family: verdana, geneva, sans-serif;\">\u00a0logo poziome cmyk w formacie .eps<\/span><\/li>\n<li><span style=\"font-size: 12pt; font-family: verdana, geneva, sans-serif;\">\u00a0logo poziome cmyk w formacie .pdf<\/span><\/li>\n<li><span style=\"font-size: 12pt; font-family: verdana, geneva, sans-serif;\">\u00a0logo poziome cmyk negatyw w formacie .pdf<\/span><\/li>\n<li><span style=\"font-size: 12pt; font-family: verdana, geneva, sans-serif;\">\u00a0logo poziome czarno-bia\u0142e w formacie .pdf<\/span><\/li>\n<li><span style=\"font-size: 12pt; font-family: verdana, geneva, sans-serif;\">\u00a0logo poziome czarno-bia\u0142e negatyw w formacie .pdf<\/span><\/li>\n<li><span style=\"font-size: 12pt; font-family: verdana, geneva, sans-serif;\">\u00a0logo poziome pantone w formacie .pdf<\/span><\/li>\n<li><span style=\"font-size: 12pt; font-family: verdana, geneva, sans-serif;\">\u00a0logo poziome pantone negatyw w formacie .pdf<\/span><\/li>\n<\/ul>\n<p><span style=\"font-size: 12pt; font-family: verdana, geneva, sans-serif;\"><strong><a href=\"https:\/\/us.edu.pl\/wydzial\/wnp\/wp-content\/uploads\/sites\/16\/Nieprzypisane\/Logo-EN-dla-internetu-2.zip\">Logo (w j\u0119zyku angielskim) dla internetu<\/a><\/strong><\/span><\/p>\n<p><span style=\"font-size: 12pt; font-family: verdana, geneva, sans-serif;\">pakiet .zip zawiera:<\/span><\/p>\n<ul>\n<li><span style=\"font-size: 12pt; font-family: verdana, geneva, sans-serif;\">\u00a0logo poziome rgb w formacie .jpg<\/span><\/li>\n<li><span style=\"font-size: 12pt; font-family: verdana, geneva, sans-serif;\">\u00a0logo poziome rgb w formacie .png<\/span><\/li>\n<li><span style=\"font-size: 12pt; font-family: verdana, geneva, sans-serif;\">\u00a0logo poziome bia\u0142e w formacie .png<\/span><\/li>\n<li><span style=\"font-size: 12pt; font-family: verdana, geneva, sans-serif;\">\u00a0logo poziome czarne w formacie .png<\/span><\/li>\n<\/ul>\n<p><span style=\"font-size: 12pt; font-family: verdana, geneva, sans-serif;\"><strong><a href=\"https:\/\/us.edu.pl\/wydzial\/wnp\/wp-content\/uploads\/sites\/16\/Nieprzypisane\/Logo-EN-dla-poligrafii-2.zip\">Logo (w j\u0119zyku angielskim) dla poligrafii<\/a><\/strong><\/span><\/p>\n<p><span style=\"font-size: 12pt; font-family: verdana, geneva, sans-serif;\">pakiet .zip zawiera:<\/span><\/p>\n<ul>\n<li><span style=\"font-size: 12pt; font-family: verdana, geneva, sans-serif;\">\u00a0logo poziome cmyk w formacie .eps<\/span><\/li>\n<li><span style=\"font-size: 12pt; font-family: verdana, geneva, sans-serif;\">\u00a0logo poziome cmyk w formacie .pdf<\/span><\/li>\n<li><span style=\"font-size: 12pt; font-family: verdana, geneva, sans-serif;\">\u00a0logo poziome cmyk negatyw w formacie .pdf<\/span><\/li>\n<li><span style=\"font-size: 12pt; font-family: verdana, geneva, sans-serif;\">\u00a0logo poziome czarno-bia\u0142e w formacie .pdf<\/span><\/li>\n<li><span style=\"font-size: 12pt; font-family: verdana, geneva, sans-serif;\">\u00a0logo poziome czarno-bia\u0142e negatyw w formacie .pdf<\/span><\/li>\n<li><span style=\"font-size: 12pt; font-family: verdana, geneva, sans-serif;\">\u00a0logo poziome pantone w formacie .pdf<\/span><\/li>\n<li><span style=\"font-size: 12pt; font-family: verdana, geneva, sans-serif;\">\u00a0logo poziome pantone negatyw w formacie .pdf<\/span><\/li>\n<\/ul>\n<p><span style=\"font-size: 12pt; font-family: verdana, geneva, sans-serif;\"><strong><a class=\"mtli_attachment mtli_docx mtli_attachment mtli_docx\" href=\"https:\/\/us.edu.pl\/wydzial\/wnp\/wp-content\/uploads\/sites\/16\/Nieprzypisane\/IBBiOS_pl-adg.docx\" data-mtli=\"mtli_filesize212,59kB\">Papier firmowy (w j\u0119zyku polskim) plik .docx<\/a><\/strong><\/span><\/p>\n<p><span style=\"font-size: 12pt; font-family: verdana, geneva, sans-serif;\"><strong><a class=\"mtli_attachment mtli_docx mtli_attachment mtli_docx\" href=\"https:\/\/us.edu.pl\/wydzial\/wnp\/wp-content\/uploads\/sites\/16\/Nieprzypisane\/IBBiOS_eng_adg.docx\" data-mtli=\"mtli_filesize225,61kB\">Papier firmowy (w j\u0119zyku angielskim) plik .docx<\/a><\/strong><\/span>[\/vc_column_text][\/vc_column][\/vc_row]<\/p>","protected":false},"excerpt":{"rendered":"<p>[vc_row][vc_column][vc_column_text]Logo (w j\u0119zyku polskim) dla internetu pakiet .zip zawiera: \u00a0logo poziome rgb w formacie .jpg \u00a0logo poziome rgb w formacie .png \u00a0logo poziome bia\u0142e w formacie .png \u00a0logo poziome czarne w formacie .png Logo (w j\u0119zyku polskim) dla poligrafii pakiet .zip zawiera: \u00a0logo poziome cmyk w formacie .eps \u00a0logo poziome cmyk w formacie .pdf \u00a0logo [&#8230;]<\/p>\n<p><a class=\"btn btn-secondary understrap-read-more-link\" href=\"https:\/\/us.edu.pl\/instytut\/ibbios\/instytut\/identyfikacja-wizualna-ibbios\/\">Read More&#8230;<\/a><\/p>\n","protected":false},"author":4825,"featured_media":0,"parent":6082,"menu_order":0,"comment_status":"closed","ping_status":"closed","template":"page-templates\/inner-page.php","meta":{"_expiration-date-status":"","_expiration-date":0,"_expiration-date-type":"","_expiration-date-categories":[],"_expiration-date-options":[]},"acf":[],"_links":{"self":[{"href":"https:\/\/us.edu.pl\/instytut\/ibbios\/wp-json\/wp\/v2\/pages\/8740"}],"collection":[{"href":"https:\/\/us.edu.pl\/instytut\/ibbios\/wp-json\/wp\/v2\/pages"}],"about":[{"href":"https:\/\/us.edu.pl\/instytut\/ibbios\/wp-json\/wp\/v2\/types\/page"}],"author":[{"embeddable":true,"href":"https:\/\/us.edu.pl\/instytut\/ibbios\/wp-json\/wp\/v2\/users\/4825"}],"replies":[{"embeddable":true,"href":"https:\/\/us.edu.pl\/instytut\/ibbios\/wp-json\/wp\/v2\/comments?post=8740"}],"version-history":[{"count":4,"href":"https:\/\/us.edu.pl\/instytut\/ibbios\/wp-json\/wp\/v2\/pages\/8740\/revisions"}],"predecessor-version":[{"id":8754,"href":"https:\/\/us.edu.pl\/instytut\/ibbios\/wp-json\/wp\/v2\/pages\/8740\/revisions\/8754"}],"up":[{"embeddable":true,"href":"https:\/\/us.edu.pl\/instytut\/ibbios\/wp-json\/wp\/v2\/pages\/6082"}],"wp:attachment":[{"href":"https:\/\/us.edu.pl\/instytut\/ibbios\/wp-json\/wp\/v2\/media?parent=8740"}],"curies":[{"name":"wp","href":"https:\/\/api.w.org\/{rel}","templated":true}]}}